{"id":6710,"date":"2024-10-19T09:10:00","date_gmt":"2024-10-19T09:10:00","guid":{"rendered":"https:\/\/jinhuaceramic.com\/?post_type=product&#038;p=6710"},"modified":"2024-10-29T02:32:35","modified_gmt":"2024-10-29T02:32:35","slug":"foaming-soap-dispenser-wholesale","status":"publish","type":"product","link":"https:\/\/jinhuaceramic.com\/pt\/product\/foaming-soap-dispenser-wholesale\/","title":{"rendered":"Distribuidor de sab\u00e3o de espuma de cer\u00e2mica chique por atacado, frascos de sab\u00e3o a granel"},"content":{"rendered":"<div class=\"wp-block-columns is-layout-flex wp-container-core-columns-is-layout-9d6595d7 wp-block-columns-is-layout-flex\">\n<div class=\"wp-block-column is-layout-flow wp-block-column-is-layout-flow\">\n<h3 class=\"wp-block-heading\">Dispensador de sab\u00e3o de espuma Premium Carater\u00edsticas por atacado:<\/h3>\n\n\n\n<ul class=\"wp-block-list\">\n<li><strong>Design \u00fanico do rosto: <\/strong>O design deste distribuidor de sab\u00e3o espumante por atacado \u00e9 muito \u00fanico, integrando as carater\u00edsticas faciais do corpo humano na garrafa, que tem um forte senso de arte e personalidade. A bomba dourada no distribuidor de sab\u00e3o d\u00e1 um toque final, que n\u00e3o s\u00f3 melhora a textura do produto, mas tamb\u00e9m aumenta a sensa\u00e7\u00e3o geral de luxo.<\/li>\n\n\n\n<li><strong>V\u00e1rias cores:<\/strong> Estas garrafas de sab\u00e3o a granel por atacado oferecem uma variedade de op\u00e7\u00f5es de cores, incluindo cinza, rosa, branco e preto, para atender \u00e0s necessidades est\u00e9ticas de diferentes pessoas. Como fabricante, tamb\u00e9m podemos personalizar outras cores de acordo com as necessidades do cliente.<\/li>\n\n\n\n<li><strong>Material duradouro:<\/strong> Este distribuidor de sab\u00e3o de espuma de cer\u00e2mica por atacado \u00e9 feito de cer\u00e2mica de alta qualidade. O material cer\u00e2mico tem uma textura delicada, dando \u00e0s pessoas uma sensa\u00e7\u00e3o de alta qualidade. Ao mesmo tempo, a cer\u00e2mica tem boa resist\u00eancia \u00e0 corros\u00e3o, n\u00e3o \u00e9 f\u00e1cil de criar bact\u00e9rias, e pode manter-se limpa e higi\u00e9nica por muito tempo.<\/li>\n\n\n\n<li><strong>Forte car\u00e1cter pr\u00e1tico:<\/strong> Estas garrafas de sab\u00e3o a granel em cer\u00e2mica n\u00e3o s\u00e3o apenas decorativas, mas tamb\u00e9m muito pr\u00e1ticas. A bomba bem concebida permite dispensar facilmente o sab\u00e3o l\u00edquido e cria uma espuma rica. Ao mesmo tempo, o corpo da garrafa tem uma capacidade moderada e pode satisfazer as necessidades de utiliza\u00e7\u00e3o di\u00e1ria.<\/li>\n<\/ul>\n<\/div>\n\n\n\n<div class=\"wp-block-column is-layout-flow wp-block-column-is-layout-flow\">\n<figure class=\"wp-block-image size-full\"><img fetchpriority=\"high\" decoding=\"async\" width=\"800\" height=\"800\" src=\"https:\/\/jinhuaceramic.com\/wp-content\/uploads\/2024\/10\/Custom-Face-Shape-Foaming-Soap-Dispenser-Bathroom-Ceramic-Soap-Bottle-Wholesale-2.webp\" alt=\"Distribuidor de sab\u00e3o de espuma de cer\u00e2mica chique por atacado, frascos de sab\u00e3o a granel-1\" class=\"wp-image-6711\" srcset=\"https:\/\/jinhuaceramic.com\/wp-content\/uploads\/2024\/10\/Custom-Face-Shape-Foaming-Soap-Dispenser-Bathroom-Ceramic-Soap-Bottle-Wholesale-2.webp 800w, https:\/\/jinhuaceramic.com\/wp-content\/uploads\/2024\/10\/Custom-Face-Shape-Foaming-Soap-Dispenser-Bathroom-Ceramic-Soap-Bottle-Wholesale-2-300x300.webp 300w, https:\/\/jinhuaceramic.com\/wp-content\/uploads\/2024\/10\/Custom-Face-Shape-Foaming-Soap-Dispenser-Bathroom-Ceramic-Soap-Bottle-Wholesale-2-150x150.webp 150w, https:\/\/jinhuaceramic.com\/wp-content\/uploads\/2024\/10\/Custom-Face-Shape-Foaming-Soap-Dispenser-Bathroom-Ceramic-Soap-Bottle-Wholesale-2-768x768.webp 768w, https:\/\/jinhuaceramic.com\/wp-content\/uploads\/2024\/10\/Custom-Face-Shape-Foaming-Soap-Dispenser-Bathroom-Ceramic-Soap-Bottle-Wholesale-2-12x12.webp 12w, https:\/\/jinhuaceramic.com\/wp-content\/uploads\/2024\/10\/Custom-Face-Shape-Foaming-Soap-Dispenser-Bathroom-Ceramic-Soap-Bottle-Wholesale-2-285x285.webp 285w, https:\/\/jinhuaceramic.com\/wp-content\/uploads\/2024\/10\/Custom-Face-Shape-Foaming-Soap-Dispenser-Bathroom-Ceramic-Soap-Bottle-Wholesale-2-270x270.webp 270w, https:\/\/jinhuaceramic.com\/wp-content\/uploads\/2024\/10\/Custom-Face-Shape-Foaming-Soap-Dispenser-Bathroom-Ceramic-Soap-Bottle-Wholesale-2-540x540.webp 540w, https:\/\/jinhuaceramic.com\/wp-content\/uploads\/2024\/10\/Custom-Face-Shape-Foaming-Soap-Dispenser-Bathroom-Ceramic-Soap-Bottle-Wholesale-2-660x660.webp 660w\" sizes=\"(max-width: 800px) 100vw, 800px\" \/><\/figure>\n<\/div>\n<\/div>","protected":false},"excerpt":{"rendered":"<p>Bem-vindo \u00e0 compra de garrafas de sab\u00e3o a granel. A singularidade deste distribuidor de sab\u00e3o de espuma de cer\u00e2mica por atacado reside na integra\u00e7\u00e3o de elementos abstratos, como rostos humanos, no design, que \u00e9 novo e art\u00edstico, tornando o distribuidor de sab\u00e3o comum v\u00edvido e interessante. Esta garrafa de sab\u00e3o de cer\u00e2mica n\u00e3o \u00e9 apenas altamente ornamental, mas tamb\u00e9m muito pr\u00e1tica. \u00c9 uma boa escolha para melhorar o gosto da sua casa.<\/p>","protected":false},"featured_media":6712,"comment_status":"closed","ping_status":"closed","template":"","meta":{"_acf_changed":false},"product_brand":[],"product_cat":[51],"product_tag":[74],"class_list":{"0":"post-6710","1":"product","2":"type-product","3":"status-publish","4":"has-post-thumbnail","6":"product_cat-bathroom-accessories-wholesale","7":"product_tag-ceramic-bath-accessories-wholesale","9":"first","10":"instock","11":"shipping-taxable","12":"product-type-simple"},"acf":[],"_links":{"self":[{"href":"https:\/\/jinhuaceramic.com\/pt\/wp-json\/wp\/v2\/product\/6710","targetHints":{"allow":["GET"]}}],"collection":[{"href":"https:\/\/jinhuaceramic.com\/pt\/wp-json\/wp\/v2\/product"}],"about":[{"href":"https:\/\/jinhuaceramic.com\/pt\/wp-json\/wp\/v2\/types\/product"}],"replies":[{"embeddable":true,"href":"https:\/\/jinhuaceramic.com\/pt\/wp-json\/wp\/v2\/comments?post=6710"}],"version-history":[{"count":0,"href":"https:\/\/jinhuaceramic.com\/pt\/wp-json\/wp\/v2\/product\/6710\/revisions"}],"wp:featuredmedia":[{"embeddable":true,"href":"https:\/\/jinhuaceramic.com\/pt\/wp-json\/wp\/v2\/media\/6712"}],"wp:attachment":[{"href":"https:\/\/jinhuaceramic.com\/pt\/wp-json\/wp\/v2\/media?parent=6710"}],"wp:term":[{"taxonomy":"product_brand","embeddable":true,"href":"https:\/\/jinhuaceramic.com\/pt\/wp-json\/wp\/v2\/product_brand?post=6710"},{"taxonomy":"product_cat","embeddable":true,"href":"https:\/\/jinhuaceramic.com\/pt\/wp-json\/wp\/v2\/product_cat?post=6710"},{"taxonomy":"product_tag","embeddable":true,"href":"https:\/\/jinhuaceramic.com\/pt\/wp-json\/wp\/v2\/product_tag?post=6710"}],"curies":[{"name":"wp","href":"https:\/\/api.w.org\/{rel}","templated":true}]}}