{"id":6722,"date":"2024-10-23T06:46:04","date_gmt":"2024-10-23T06:46:04","guid":{"rendered":"https:\/\/jinhuaceramic.com\/?post_type=product&#038;p=6722"},"modified":"2024-10-29T02:31:59","modified_gmt":"2024-10-29T02:31:59","slug":"candle-making-containers-wholesale","status":"publish","type":"product","link":"https:\/\/jinhuaceramic.com\/pt\/product\/candle-making-containers-wholesale\/","title":{"rendered":"Recipientes para fazer velas por atacado, frascos vazios para velas a granel"},"content":{"rendered":"<div class=\"wp-block-columns is-layout-flex wp-container-core-columns-is-layout-9d6595d7 wp-block-columns-is-layout-flex\">\n<div class=\"wp-block-column is-layout-flow wp-block-column-is-layout-flow\">\n<h3 class=\"wp-block-heading\">Recipientes de fabrico de velas Premium Carater\u00edsticas por atacado:<\/h3>\n\n\n\n<ul class=\"wp-block-list\">\n<li><strong>Design minimalista:<\/strong> Estes recipientes de cer\u00e2mica para fabrico de velas por atacado t\u00eam uma forma cil\u00edndrica, minimalista e elegante, com um design de fonte simples, o estilo geral \u00e9 muito vers\u00e1til e pode ser facilmente integrado em v\u00e1rios ambientes dom\u00e9sticos. Este design de forma cl\u00e1ssica pode muito bem real\u00e7ar a chama da vela e criar uma atmosfera pac\u00edfica e harmoniosa.<\/li>\n\n\n\n<li><strong>Impress\u00e3o personalizada:<\/strong> Os lados destes frascos de velas vazios s\u00e3o impressos com palavras como \"LOVE YOUR LIFE ENJOY\" (Ama a tua vida, desfruta), e o desenho do tipo de letra \u00e9 simples e elegante, coerente com o estilo geral. Estas palavras n\u00e3o s\u00f3 indicam a capacidade da vela, como tamb\u00e9m t\u00eam um efeito decorativo, transmitindo uma atitude otimista em rela\u00e7\u00e3o \u00e0 vida.<\/li>\n\n\n\n<li><strong>Cores vers\u00e1teis: <\/strong>Estes recipientes de cer\u00e2mica para fabrico de velas por atacado oferecem uma variedade de op\u00e7\u00f5es de cores, desde cores claras suaves a cores escuras saturadas, para satisfazer as prefer\u00eancias de diferentes pessoas e as necessidades de correspond\u00eancia de estilos de casa.<\/li>\n\n\n\n<li><strong>Material de qualidade superior: <\/strong>Esses potes de vela vazios por atacado s\u00e3o feitos de material cer\u00e2mico de alta qualidade, com boa resist\u00eancia a altas temperaturas e podem conter velas acesas com seguran\u00e7a. O material cer\u00e2mico \u00e9 um material natural e ecol\u00f3gico que pode ser reutilizado para reduzir a polui\u00e7\u00e3o ambiental.<\/li>\n<\/ul>\n<\/div>\n\n\n\n<div class=\"wp-block-column is-layout-flow wp-block-column-is-layout-flow\">\n<figure class=\"wp-block-image size-full\"><img fetchpriority=\"high\" decoding=\"async\" width=\"800\" height=\"800\" src=\"https:\/\/jinhuaceramic.com\/wp-content\/uploads\/2024\/10\/Wholesale-Custom-Ceramic-Candle-Jar-Empty-Candle-Container-Bulk-5.webp\" alt=\"Recipientes para fabrico de velas por atacado, frascos de velas vazios a granel-2\" class=\"wp-image-6726\" srcset=\"https:\/\/jinhuaceramic.com\/wp-content\/uploads\/2024\/10\/Wholesale-Custom-Ceramic-Candle-Jar-Empty-Candle-Container-Bulk-5.webp 800w, https:\/\/jinhuaceramic.com\/wp-content\/uploads\/2024\/10\/Wholesale-Custom-Ceramic-Candle-Jar-Empty-Candle-Container-Bulk-5-300x300.webp 300w, https:\/\/jinhuaceramic.com\/wp-content\/uploads\/2024\/10\/Wholesale-Custom-Ceramic-Candle-Jar-Empty-Candle-Container-Bulk-5-150x150.webp 150w, https:\/\/jinhuaceramic.com\/wp-content\/uploads\/2024\/10\/Wholesale-Custom-Ceramic-Candle-Jar-Empty-Candle-Container-Bulk-5-768x768.webp 768w, https:\/\/jinhuaceramic.com\/wp-content\/uploads\/2024\/10\/Wholesale-Custom-Ceramic-Candle-Jar-Empty-Candle-Container-Bulk-5-12x12.webp 12w, https:\/\/jinhuaceramic.com\/wp-content\/uploads\/2024\/10\/Wholesale-Custom-Ceramic-Candle-Jar-Empty-Candle-Container-Bulk-5-285x285.webp 285w, https:\/\/jinhuaceramic.com\/wp-content\/uploads\/2024\/10\/Wholesale-Custom-Ceramic-Candle-Jar-Empty-Candle-Container-Bulk-5-270x270.webp 270w, https:\/\/jinhuaceramic.com\/wp-content\/uploads\/2024\/10\/Wholesale-Custom-Ceramic-Candle-Jar-Empty-Candle-Container-Bulk-5-540x540.webp 540w, https:\/\/jinhuaceramic.com\/wp-content\/uploads\/2024\/10\/Wholesale-Custom-Ceramic-Candle-Jar-Empty-Candle-Container-Bulk-5-660x660.webp 660w\" sizes=\"(max-width: 800px) 100vw, 800px\" \/><\/figure>\n<\/div>\n<\/div>","protected":false},"excerpt":{"rendered":"<p>Bem-vindo ao comprar frascos de velas vazios a granel. O design desses recipientes de fabrica\u00e7\u00e3o de velas por atacado reflete totalmente o estilo simples e elegante. Seja pelo material, cor, forma ou design do texto, ele proporciona \u00e0s pessoas uma sensa\u00e7\u00e3o confort\u00e1vel e relaxante. Estes frascos de velas s\u00e3o muito adequados para casas modernas e podem adicionar uma sensa\u00e7\u00e3o calorosa e confort\u00e1vel ao espa\u00e7o dom\u00e9stico.<\/p>","protected":false},"featured_media":6725,"comment_status":"closed","ping_status":"closed","template":"","meta":{"_acf_changed":false},"product_brand":[],"product_cat":[52],"product_tag":[66],"class_list":{"0":"post-6722","1":"product","2":"type-product","3":"status-publish","4":"has-post-thumbnail","6":"product_cat-wholesale-candle-containers","7":"product_tag-candle-jars-wholesale","9":"first","10":"instock","11":"shipping-taxable","12":"product-type-simple"},"acf":[],"_links":{"self":[{"href":"https:\/\/jinhuaceramic.com\/pt\/wp-json\/wp\/v2\/product\/6722","targetHints":{"allow":["GET"]}}],"collection":[{"href":"https:\/\/jinhuaceramic.com\/pt\/wp-json\/wp\/v2\/product"}],"about":[{"href":"https:\/\/jinhuaceramic.com\/pt\/wp-json\/wp\/v2\/types\/product"}],"replies":[{"embeddable":true,"href":"https:\/\/jinhuaceramic.com\/pt\/wp-json\/wp\/v2\/comments?post=6722"}],"version-history":[{"count":0,"href":"https:\/\/jinhuaceramic.com\/pt\/wp-json\/wp\/v2\/product\/6722\/revisions"}],"wp:featuredmedia":[{"embeddable":true,"href":"https:\/\/jinhuaceramic.com\/pt\/wp-json\/wp\/v2\/media\/6725"}],"wp:attachment":[{"href":"https:\/\/jinhuaceramic.com\/pt\/wp-json\/wp\/v2\/media?parent=6722"}],"wp:term":[{"taxonomy":"product_brand","embeddable":true,"href":"https:\/\/jinhuaceramic.com\/pt\/wp-json\/wp\/v2\/product_brand?post=6722"},{"taxonomy":"product_cat","embeddable":true,"href":"https:\/\/jinhuaceramic.com\/pt\/wp-json\/wp\/v2\/product_cat?post=6722"},{"taxonomy":"product_tag","embeddable":true,"href":"https:\/\/jinhuaceramic.com\/pt\/wp-json\/wp\/v2\/product_tag?post=6722"}],"curies":[{"name":"wp","href":"https:\/\/api.w.org\/{rel}","templated":true}]}}