{"id":6740,"date":"2024-10-23T06:39:05","date_gmt":"2024-10-23T06:39:05","guid":{"rendered":"https:\/\/jinhuaceramic.com\/?post_type=product&#038;p=6740"},"modified":"2024-10-29T02:32:25","modified_gmt":"2024-10-29T02:32:25","slug":"soap-dishes-bulk","status":"publish","type":"product","link":"https:\/\/jinhuaceramic.com\/pt\/product\/soap-dishes-bulk\/","title":{"rendered":"Pratos de sab\u00e3o de cer\u00e2mica de camada dupla a granel, melhor suporte de sab\u00e3o em barra por atacado"},"content":{"rendered":"<div class=\"wp-block-columns is-layout-flex wp-container-core-columns-is-layout-9d6595d7 wp-block-columns-is-layout-flex\">\n<div class=\"wp-block-column is-layout-flow wp-block-column-is-layout-flow\">\n<h3 class=\"wp-block-heading\">Premium Soap Dishes Bulk\u00a0Features:<\/h3>\n\n\n\n<ul class=\"wp-block-list\">\n<li><strong>Double-Layer Design:<\/strong> These ceramic soap dishes bulk feature a two-layer design, which can hold different types of soaps or other small items, such as jewelry, at the same time, saving space in your bathroom. In addition to the double-layer soap dish, there is also a traditional single-layer soap dish, and customers can flexibly choose according to their needs.<\/li>\n\n\n\n<li><strong>Panda Shape:<\/strong> These double-layer ceramic soap dishes wholesale are designed in the shape of cute pandas, which are very pleasing and add a fun touch to the bathroom.<\/li>\n\n\n\n<li><strong>Material de alta qualidade:<\/strong> These ceramic soap dishes bulk are made of a ceramic dish and a stainless steel stand. The ceramic soap dish is durable, has a smooth surface, is not easy to hide dirt, and is easy to clean. The stainless steel stand can firmly support the ceramic soap dish to prevent it from sliding, and has strong corrosion resistance, is not easy to rust, and has a long service life.<\/li>\n\n\n\n<li><strong>Boa drenagem:<\/strong> These bathroom ceramic soap dishes wholesale have raised edges and 3 ridges in the middle, which can effectively prevent the soap from sliding off. The ceramic soap dish is placed on a stainless steel stand at an inclined angle and is designed with special drainage holes to quickly drain the moisture from the soap, keep the soap dry, and extend the service life of the soap.<\/li>\n<\/ul>\n<\/div>\n\n\n\n<div class=\"wp-block-column is-layout-flow wp-block-column-is-layout-flow\">\n<figure class=\"wp-block-image size-full\"><img fetchpriority=\"high\" decoding=\"async\" width=\"800\" height=\"800\" src=\"https:\/\/jinhuaceramic.com\/wp-content\/uploads\/2024\/10\/Wholesale-Double-Layer-Ceramic-Soap-Dish-Soap-Holder-Bathroom-Accessories-Supplies-7.webp\" alt=\"Double-Layer\u00a0Ceramic Soap Dishes Bulk, Bar Soap Holder Wholesale-1\" class=\"wp-image-6737\" srcset=\"https:\/\/jinhuaceramic.com\/wp-content\/uploads\/2024\/10\/Wholesale-Double-Layer-Ceramic-Soap-Dish-Soap-Holder-Bathroom-Accessories-Supplies-7.webp 800w, https:\/\/jinhuaceramic.com\/wp-content\/uploads\/2024\/10\/Wholesale-Double-Layer-Ceramic-Soap-Dish-Soap-Holder-Bathroom-Accessories-Supplies-7-300x300.webp 300w, https:\/\/jinhuaceramic.com\/wp-content\/uploads\/2024\/10\/Wholesale-Double-Layer-Ceramic-Soap-Dish-Soap-Holder-Bathroom-Accessories-Supplies-7-150x150.webp 150w, https:\/\/jinhuaceramic.com\/wp-content\/uploads\/2024\/10\/Wholesale-Double-Layer-Ceramic-Soap-Dish-Soap-Holder-Bathroom-Accessories-Supplies-7-768x768.webp 768w, https:\/\/jinhuaceramic.com\/wp-content\/uploads\/2024\/10\/Wholesale-Double-Layer-Ceramic-Soap-Dish-Soap-Holder-Bathroom-Accessories-Supplies-7-12x12.webp 12w, https:\/\/jinhuaceramic.com\/wp-content\/uploads\/2024\/10\/Wholesale-Double-Layer-Ceramic-Soap-Dish-Soap-Holder-Bathroom-Accessories-Supplies-7-285x285.webp 285w, https:\/\/jinhuaceramic.com\/wp-content\/uploads\/2024\/10\/Wholesale-Double-Layer-Ceramic-Soap-Dish-Soap-Holder-Bathroom-Accessories-Supplies-7-270x270.webp 270w, https:\/\/jinhuaceramic.com\/wp-content\/uploads\/2024\/10\/Wholesale-Double-Layer-Ceramic-Soap-Dish-Soap-Holder-Bathroom-Accessories-Supplies-7-540x540.webp 540w, https:\/\/jinhuaceramic.com\/wp-content\/uploads\/2024\/10\/Wholesale-Double-Layer-Ceramic-Soap-Dish-Soap-Holder-Bathroom-Accessories-Supplies-7-660x660.webp 660w\" sizes=\"(max-width: 800px) 100vw, 800px\" \/><\/figure>\n<\/div>\n<\/div>","protected":false},"excerpt":{"rendered":"<p>Welcome to purchase bar soap holder wholesale. These ceramic soap dishes bulk stand out in the market with their practical double-layer design, good drainage function, high-quality materials and cute shapes. Combining aesthetics and practicality, these ceramic soap dishes have become a must-have in the bathroom.<\/p>","protected":false},"featured_media":6732,"comment_status":"closed","ping_status":"closed","template":"","meta":{"_acf_changed":false},"product_brand":[],"product_cat":[51],"product_tag":[72],"class_list":{"0":"post-6740","1":"product","2":"type-product","3":"status-publish","4":"has-post-thumbnail","6":"product_cat-bathroom-accessories-wholesale","7":"product_tag-wholesale-soap-dishes","9":"first","10":"instock","11":"shipping-taxable","12":"product-type-simple"},"acf":[],"_links":{"self":[{"href":"https:\/\/jinhuaceramic.com\/pt\/wp-json\/wp\/v2\/product\/6740","targetHints":{"allow":["GET"]}}],"collection":[{"href":"https:\/\/jinhuaceramic.com\/pt\/wp-json\/wp\/v2\/product"}],"about":[{"href":"https:\/\/jinhuaceramic.com\/pt\/wp-json\/wp\/v2\/types\/product"}],"replies":[{"embeddable":true,"href":"https:\/\/jinhuaceramic.com\/pt\/wp-json\/wp\/v2\/comments?post=6740"}],"version-history":[{"count":0,"href":"https:\/\/jinhuaceramic.com\/pt\/wp-json\/wp\/v2\/product\/6740\/revisions"}],"wp:featuredmedia":[{"embeddable":true,"href":"https:\/\/jinhuaceramic.com\/pt\/wp-json\/wp\/v2\/media\/6732"}],"wp:attachment":[{"href":"https:\/\/jinhuaceramic.com\/pt\/wp-json\/wp\/v2\/media?parent=6740"}],"wp:term":[{"taxonomy":"product_brand","embeddable":true,"href":"https:\/\/jinhuaceramic.com\/pt\/wp-json\/wp\/v2\/product_brand?post=6740"},{"taxonomy":"product_cat","embeddable":true,"href":"https:\/\/jinhuaceramic.com\/pt\/wp-json\/wp\/v2\/product_cat?post=6740"},{"taxonomy":"product_tag","embeddable":true,"href":"https:\/\/jinhuaceramic.com\/pt\/wp-json\/wp\/v2\/product_tag?post=6740"}],"curies":[{"name":"wp","href":"https:\/\/api.w.org\/{rel}","templated":true}]}}