{"id":6770,"date":"2024-10-24T09:35:36","date_gmt":"2024-10-24T09:35:36","guid":{"rendered":"https:\/\/jinhuaceramic.com\/?post_type=product&#038;p=6770"},"modified":"2024-10-24T09:36:03","modified_gmt":"2024-10-24T09:36:03","slug":"ceramic-candle-containers-wholesale","status":"publish","type":"product","link":"https:\/\/jinhuaceramic.com\/pt\/product\/ceramic-candle-containers-wholesale\/","title":{"rendered":"Recipientes de vela de cer\u00e2mica por atacado, frascos de vela vazios a granel"},"content":{"rendered":"<div class=\"wp-block-columns is-layout-flex wp-container-core-columns-is-layout-9d6595d7 wp-block-columns-is-layout-flex\">\n<div class=\"wp-block-column is-layout-flow wp-block-column-is-layout-flow\">\n<h3 class=\"wp-block-heading\">Recipientes para velas de cer\u00e2mica Premium Carater\u00edsticas por atacado:<\/h3>\n\n\n\n<ul class=\"wp-block-list\">\n<li><strong>Formas geom\u00e9tricas irregulares:<\/strong> Ao contr\u00e1rio dos tradicionais frascos cil\u00edndricos para velas, estes dois recipientes para velas em cer\u00e2mica para venda por grosso apresentam formas geom\u00e9tricas irregulares. Um \u00e9 quadrado com bordos ligeiramente curvos e o outro tem a forma de uma flor de cinco p\u00e9talas com linhas suaves e variadas. Este design irregular quebra o estere\u00f3tipo dos frascos de velas tradicionais e acrescenta divers\u00e3o e sentido de design.<\/li>\n\n\n\n<li><strong>Branco mate Cor:<\/strong> Estes frascos de velas vazios s\u00e3o apresentados em branco mate puro, o que lhes confere um toque simples e puro. Esta combina\u00e7\u00e3o de cores \u00e9 muito vers\u00e1til e pode ser facilmente integrada numa variedade de estilos de casa. Al\u00e9m disso, os frascos para velas em cer\u00e2mica mate t\u00eam um toque mais texturado do que os frascos para velas brilhantes.<\/li>\n\n\n\n<li><strong>Material cer\u00e2mico de qualidade superior:<\/strong> Estes recipientes para velas de cer\u00e2mica exclusivos s\u00e3o feitos de argila cer\u00e2mica de alta qualidade para uma resist\u00eancia ao calor e durabilidade excepcionais. Isto garante que os frascos podem suportar o calor da chama de uma vela sem rachar ou partir, proporcionando um recipiente seguro e protegido para as suas velas.<\/li>\n\n\n\n<li><strong>Reutiliz\u00e1vel e amigo do ambiente:<\/strong> Uma vez terminada a vela, estes frascos de vela vazios \u00fanicos podem continuar a ser exibidos como artigos decorativos na sua casa. A natureza reutiliz\u00e1vel destes frascos promove a sustentabilidade. Ao reutilizar os frascos, os res\u00edduos s\u00e3o reduzidos, tornando-os numa escolha ecol\u00f3gica para consumidores conscientes.<\/li>\n<\/ul>\n<\/div>\n\n\n\n<div class=\"wp-block-column is-layout-flow wp-block-column-is-layout-flow\">\n<figure class=\"wp-block-image size-full\"><img fetchpriority=\"high\" decoding=\"async\" width=\"736\" height=\"736\" src=\"https:\/\/jinhuaceramic.com\/wp-content\/uploads\/2024\/10\/Custom-Unique-White-Ceramic-Candle-Jar-Empty-Ceramic-Vessel-Wholesale-3.webp\" alt=\"Recipientes de vela de cer\u00e2mica por atacado, frascos de vela vazios a granel-2\" class=\"wp-image-6762\" srcset=\"https:\/\/jinhuaceramic.com\/wp-content\/uploads\/2024\/10\/Custom-Unique-White-Ceramic-Candle-Jar-Empty-Ceramic-Vessel-Wholesale-3.webp 736w, https:\/\/jinhuaceramic.com\/wp-content\/uploads\/2024\/10\/Custom-Unique-White-Ceramic-Candle-Jar-Empty-Ceramic-Vessel-Wholesale-3-300x300.webp 300w, https:\/\/jinhuaceramic.com\/wp-content\/uploads\/2024\/10\/Custom-Unique-White-Ceramic-Candle-Jar-Empty-Ceramic-Vessel-Wholesale-3-150x150.webp 150w, https:\/\/jinhuaceramic.com\/wp-content\/uploads\/2024\/10\/Custom-Unique-White-Ceramic-Candle-Jar-Empty-Ceramic-Vessel-Wholesale-3-12x12.webp 12w, https:\/\/jinhuaceramic.com\/wp-content\/uploads\/2024\/10\/Custom-Unique-White-Ceramic-Candle-Jar-Empty-Ceramic-Vessel-Wholesale-3-285x285.webp 285w, https:\/\/jinhuaceramic.com\/wp-content\/uploads\/2024\/10\/Custom-Unique-White-Ceramic-Candle-Jar-Empty-Ceramic-Vessel-Wholesale-3-270x270.webp 270w, https:\/\/jinhuaceramic.com\/wp-content\/uploads\/2024\/10\/Custom-Unique-White-Ceramic-Candle-Jar-Empty-Ceramic-Vessel-Wholesale-3-540x540.webp 540w, https:\/\/jinhuaceramic.com\/wp-content\/uploads\/2024\/10\/Custom-Unique-White-Ceramic-Candle-Jar-Empty-Ceramic-Vessel-Wholesale-3-660x660.webp 660w\" sizes=\"(max-width: 736px) 100vw, 736px\" \/><\/figure>\n<\/div>\n<\/div>","protected":false},"excerpt":{"rendered":"<p>Bem-vindo ao comprar frascos de vela vazios a granel. Os nossos recipientes para velas de cer\u00e2mica por atacado s\u00e3o muito bem-vindos. Com as vantagens de formas geom\u00e9tricas irregulares, branco puro, materiais de alta qualidade e reutiliza\u00e7\u00e3o, esses potes de vela de cer\u00e2mica por atacado fornecem uma escolha de produto ideal para fabricantes e comerciantes de velas, trazendo mais possibilidades de decora\u00e7\u00e3o em v\u00e1rias ocasi\u00f5es.<\/p>","protected":false},"featured_media":6761,"comment_status":"closed","ping_status":"closed","template":"","meta":{"_acf_changed":false},"product_brand":[],"product_cat":[52],"product_tag":[66],"class_list":{"0":"post-6770","1":"product","2":"type-product","3":"status-publish","4":"has-post-thumbnail","6":"product_cat-wholesale-candle-containers","7":"product_tag-candle-jars-wholesale","9":"first","10":"instock","11":"shipping-taxable","12":"product-type-simple"},"acf":[],"_links":{"self":[{"href":"https:\/\/jinhuaceramic.com\/pt\/wp-json\/wp\/v2\/product\/6770","targetHints":{"allow":["GET"]}}],"collection":[{"href":"https:\/\/jinhuaceramic.com\/pt\/wp-json\/wp\/v2\/product"}],"about":[{"href":"https:\/\/jinhuaceramic.com\/pt\/wp-json\/wp\/v2\/types\/product"}],"replies":[{"embeddable":true,"href":"https:\/\/jinhuaceramic.com\/pt\/wp-json\/wp\/v2\/comments?post=6770"}],"version-history":[{"count":0,"href":"https:\/\/jinhuaceramic.com\/pt\/wp-json\/wp\/v2\/product\/6770\/revisions"}],"wp:featuredmedia":[{"embeddable":true,"href":"https:\/\/jinhuaceramic.com\/pt\/wp-json\/wp\/v2\/media\/6761"}],"wp:attachment":[{"href":"https:\/\/jinhuaceramic.com\/pt\/wp-json\/wp\/v2\/media?parent=6770"}],"wp:term":[{"taxonomy":"product_brand","embeddable":true,"href":"https:\/\/jinhuaceramic.com\/pt\/wp-json\/wp\/v2\/product_brand?post=6770"},{"taxonomy":"product_cat","embeddable":true,"href":"https:\/\/jinhuaceramic.com\/pt\/wp-json\/wp\/v2\/product_cat?post=6770"},{"taxonomy":"product_tag","embeddable":true,"href":"https:\/\/jinhuaceramic.com\/pt\/wp-json\/wp\/v2\/product_tag?post=6770"}],"curies":[{"name":"wp","href":"https:\/\/api.w.org\/{rel}","templated":true}]}}