{"id":6776,"date":"2024-10-24T10:15:16","date_gmt":"2024-10-24T10:15:16","guid":{"rendered":"https:\/\/jinhuaceramic.com\/?post_type=product&#038;p=6776"},"modified":"2024-10-29T02:32:51","modified_gmt":"2024-10-29T02:32:51","slug":"luxury-candle-jars-wholesale","status":"publish","type":"product","link":"https:\/\/jinhuaceramic.com\/pt\/product\/luxury-candle-jars-wholesale\/","title":{"rendered":"Frascos de vela de luxo por atacado, recipientes de vela exclusivos a granel"},"content":{"rendered":"<div class=\"wp-block-columns is-layout-flex wp-container-core-columns-is-layout-9d6595d7 wp-block-columns-is-layout-flex\">\n<div class=\"wp-block-column is-layout-flow wp-block-column-is-layout-flow\">\n<h3 class=\"wp-block-heading\">Frascos de velas de luxo por atacado:<\/h3>\n\n\n\n<ul class=\"wp-block-list\">\n<li><strong>Design exclusivo de bolha:<\/strong> Estes frascos de velas de luxo por atacado s\u00e3o cil\u00edndricos, mas a superf\u00edcie \u00e9 coberta por sali\u00eancias redondas do mesmo tamanho, como pequenas bolhas, quebrando o design suave dos frascos de velas tradicionais e parecendo muito animados e bonitos. Este tipo de design n\u00e3o s\u00f3 atrai o olhar, como tamb\u00e9m acrescenta uma sensa\u00e7\u00e3o de divers\u00e3o \u00e0 casa.<\/li>\n\n\n\n<li><strong>Cor pastel: <\/strong>A cor destes recipientes para velas \u00fanicos em cer\u00e2mica \u00e9 o amarelo claro, que \u00e9 uma cor mais suave, dando \u00e0s pessoas uma sensa\u00e7\u00e3o de calor e conforto. A cor de baixa satura\u00e7\u00e3o \u00e9 mais vers\u00e1til em qualquer estilo de casa.<\/li>\n\n\n\n<li><strong>Material cer\u00e2mico de alta qualidade:<\/strong> Estes frascos de velas de luxo por atacado s\u00e3o feitos de material cer\u00e2mico dur\u00e1vel de alta qualidade, que pode suportar altas temperaturas e n\u00e3o \u00e9 f\u00e1cil de quebrar, garantindo uma utiliza\u00e7\u00e3o fi\u00e1vel e a longo prazo. A superf\u00edcie lisa da cer\u00e2mica n\u00e3o s\u00f3 tem um aspeto elegante, como tamb\u00e9m \u00e9 f\u00e1cil de limpar e manter.<\/li>\n\n\n\n<li><strong>Versatilidade:<\/strong> Para al\u00e9m de serem utilizados como frascos para velas, estes recipientes para velas \u00fanicos em cer\u00e2mica a granel tamb\u00e9m podem ser colocados em casa como decora\u00e7\u00e3o depois de as velas se apagarem. Os frascos de cer\u00e2mica podem ser utilizados para colocar pequenos objectos, como j\u00f3ias e chaves, ou como pequenos vasos de flores, porta-canetas, etc., que s\u00e3o muito pr\u00e1ticos.<\/li>\n<\/ul>\n<\/div>\n\n\n\n<div class=\"wp-block-column is-layout-flow wp-block-column-is-layout-flow\">\n<figure class=\"wp-block-image size-full\"><img fetchpriority=\"high\" decoding=\"async\" width=\"900\" height=\"900\" src=\"https:\/\/jinhuaceramic.com\/wp-content\/uploads\/2024\/10\/Bulk-Ceramic-Unique-Candle-Jar-Wholesale-Empty-Candle-Vessel-Custom-5.webp\" alt=\"Frascos de vela de luxo por atacado, recipientes de vela exclusivos a granel-1\" class=\"wp-image-6780\" srcset=\"https:\/\/jinhuaceramic.com\/wp-content\/uploads\/2024\/10\/Bulk-Ceramic-Unique-Candle-Jar-Wholesale-Empty-Candle-Vessel-Custom-5.webp 900w, https:\/\/jinhuaceramic.com\/wp-content\/uploads\/2024\/10\/Bulk-Ceramic-Unique-Candle-Jar-Wholesale-Empty-Candle-Vessel-Custom-5-300x300.webp 300w, https:\/\/jinhuaceramic.com\/wp-content\/uploads\/2024\/10\/Bulk-Ceramic-Unique-Candle-Jar-Wholesale-Empty-Candle-Vessel-Custom-5-150x150.webp 150w, https:\/\/jinhuaceramic.com\/wp-content\/uploads\/2024\/10\/Bulk-Ceramic-Unique-Candle-Jar-Wholesale-Empty-Candle-Vessel-Custom-5-768x768.webp 768w, https:\/\/jinhuaceramic.com\/wp-content\/uploads\/2024\/10\/Bulk-Ceramic-Unique-Candle-Jar-Wholesale-Empty-Candle-Vessel-Custom-5-12x12.webp 12w, https:\/\/jinhuaceramic.com\/wp-content\/uploads\/2024\/10\/Bulk-Ceramic-Unique-Candle-Jar-Wholesale-Empty-Candle-Vessel-Custom-5-285x285.webp 285w, https:\/\/jinhuaceramic.com\/wp-content\/uploads\/2024\/10\/Bulk-Ceramic-Unique-Candle-Jar-Wholesale-Empty-Candle-Vessel-Custom-5-270x270.webp 270w, https:\/\/jinhuaceramic.com\/wp-content\/uploads\/2024\/10\/Bulk-Ceramic-Unique-Candle-Jar-Wholesale-Empty-Candle-Vessel-Custom-5-540x540.webp 540w, https:\/\/jinhuaceramic.com\/wp-content\/uploads\/2024\/10\/Bulk-Ceramic-Unique-Candle-Jar-Wholesale-Empty-Candle-Vessel-Custom-5-660x660.webp 660w\" sizes=\"(max-width: 900px) 100vw, 900px\" \/><\/figure>\n<\/div>\n<\/div>","protected":false},"excerpt":{"rendered":"<p>Bem-vindo ao comprar recipientes de velas exclusivos a granel. O design dos nossos frascos de velas de luxo por atacado \u00e9 muito simples e elegante, mas interessante. A forma arredondada da bolha e a cor amarela clara e suave d\u00e3o \u00e0s pessoas uma sensa\u00e7\u00e3o calorosa e confort\u00e1vel. \u00c9 muito adequado para quartos, salas de estar e outros espa\u00e7os para melhorar a atmosfera acolhedora da casa. O material cer\u00e2mico torna-o n\u00e3o s\u00f3 bonito, mas tamb\u00e9m dur\u00e1vel e pr\u00e1tico.<\/p>","protected":false},"featured_media":6782,"comment_status":"closed","ping_status":"closed","template":"","meta":{"_acf_changed":false},"product_brand":[],"product_cat":[52],"product_tag":[66],"class_list":{"0":"post-6776","1":"product","2":"type-product","3":"status-publish","4":"has-post-thumbnail","6":"product_cat-wholesale-candle-containers","7":"product_tag-candle-jars-wholesale","9":"first","10":"instock","11":"shipping-taxable","12":"product-type-simple"},"acf":[],"_links":{"self":[{"href":"https:\/\/jinhuaceramic.com\/pt\/wp-json\/wp\/v2\/product\/6776","targetHints":{"allow":["GET"]}}],"collection":[{"href":"https:\/\/jinhuaceramic.com\/pt\/wp-json\/wp\/v2\/product"}],"about":[{"href":"https:\/\/jinhuaceramic.com\/pt\/wp-json\/wp\/v2\/types\/product"}],"replies":[{"embeddable":true,"href":"https:\/\/jinhuaceramic.com\/pt\/wp-json\/wp\/v2\/comments?post=6776"}],"version-history":[{"count":0,"href":"https:\/\/jinhuaceramic.com\/pt\/wp-json\/wp\/v2\/product\/6776\/revisions"}],"wp:featuredmedia":[{"embeddable":true,"href":"https:\/\/jinhuaceramic.com\/pt\/wp-json\/wp\/v2\/media\/6782"}],"wp:attachment":[{"href":"https:\/\/jinhuaceramic.com\/pt\/wp-json\/wp\/v2\/media?parent=6776"}],"wp:term":[{"taxonomy":"product_brand","embeddable":true,"href":"https:\/\/jinhuaceramic.com\/pt\/wp-json\/wp\/v2\/product_brand?post=6776"},{"taxonomy":"product_cat","embeddable":true,"href":"https:\/\/jinhuaceramic.com\/pt\/wp-json\/wp\/v2\/product_cat?post=6776"},{"taxonomy":"product_tag","embeddable":true,"href":"https:\/\/jinhuaceramic.com\/pt\/wp-json\/wp\/v2\/product_tag?post=6776"}],"curies":[{"name":"wp","href":"https:\/\/api.w.org\/{rel}","templated":true}]}}