{"id":6792,"date":"2024-10-26T06:47:54","date_gmt":"2024-10-26T06:47:54","guid":{"rendered":"https:\/\/jinhuaceramic.com\/?post_type=product&#038;p=6792"},"modified":"2025-03-10T09:18:34","modified_gmt":"2025-03-10T09:18:34","slug":"kitchen-bakeware-wholesale","status":"publish","type":"product","link":"https:\/\/jinhuaceramic.com\/pt\/product\/kitchen-bakeware-wholesale\/","title":{"rendered":"Forno de cozinha por atacado, fornecedor de panelas de cer\u00e2mica"},"content":{"rendered":"<div class=\"wp-block-columns is-layout-flex wp-container-core-columns-is-layout-9d6595d7 wp-block-columns-is-layout-flex\">\n<div class=\"wp-block-column is-layout-flow wp-block-column-is-layout-flow\">\n<h3 class=\"wp-block-heading\">Premium Kitchen Bakeware Wholesale Carater\u00edsticas:<\/h3>\n\n\n\n<ul class=\"wp-block-list\">\n<li><strong>Design elegante: <\/strong>Esta s\u00e9rie de utens\u00edlios de cozinha em cer\u00e2mica para venda por grosso tem um design simples e elegante. O branco puro confere um aspeto limpo e refrescante, muito adequado aos estilos de casa modernos. A parede exterior da assadeira \u00e9 desenhada com riscas verticais, bonitas e pr\u00e1ticas.<\/li>\n\n\n\n<li><strong>Forma retangular: <\/strong>Estas formas de cer\u00e2mica para assar por atacado t\u00eam a forma de um ret\u00e2ngulo. Ao contr\u00e1rio da assadeira redonda ou oval normal, um ret\u00e2ngulo pode fazer pleno uso do espa\u00e7o do forno e conter mais alimentos. Al\u00e9m disso, os cantos da assadeira retangular s\u00e3o muito mais f\u00e1ceis de aquecer; portanto, os alimentos ser\u00e3o aquecidos uniformemente.<\/li>\n\n\n\n<li><strong>Pegas c\u00f3modas:<\/strong> Os nossos utens\u00edlios de cozinha rectangulares para venda por grosso cont\u00eam pegas duplas em ambos os lados para um manuseamento e desloca\u00e7\u00e3o convenientes. As pegas s\u00e3o concebidas de forma a que a ader\u00eancia seja confort\u00e1vel e n\u00e3o queime.<\/li>\n\n\n\n<li><strong>Material cer\u00e2mico de qualidade superior: <\/strong>Os nossos tabuleiros de cer\u00e2mica para cozer por atacado s\u00e3o feitos de material cer\u00e2mico de primeira qualidade. Esta qualidade superior permite a cozedura a alta temperatura nos fornos. Em compara\u00e7\u00e3o com os materiais met\u00e1licos, a condu\u00e7\u00e3o t\u00e9rmica \u00e9 relativamente mais lenta para manter um certo grau de comida durante bastante tempo.<\/li>\n<\/ul>\n<\/div>\n\n\n\n<div class=\"wp-block-column is-layout-flow wp-block-column-is-layout-flow\">\n<figure class=\"wp-block-image size-full\"><img fetchpriority=\"high\" decoding=\"async\" width=\"1500\" height=\"1497\" src=\"https:\/\/jinhuaceramic.com\/wp-content\/uploads\/2024\/10\/Custom-Rectangular-Ceramic-Baking-Dish-Professional-Bakeware-Supplies-5.webp\" alt=\"Forno de cozinha por atacado, panelas de cer\u00e2mica Fornecedor-1\" class=\"wp-image-6796\" srcset=\"https:\/\/jinhuaceramic.com\/wp-content\/uploads\/2024\/10\/Custom-Rectangular-Ceramic-Baking-Dish-Professional-Bakeware-Supplies-5.webp 1500w, https:\/\/jinhuaceramic.com\/wp-content\/uploads\/2024\/10\/Custom-Rectangular-Ceramic-Baking-Dish-Professional-Bakeware-Supplies-5-300x300.webp 300w, https:\/\/jinhuaceramic.com\/wp-content\/uploads\/2024\/10\/Custom-Rectangular-Ceramic-Baking-Dish-Professional-Bakeware-Supplies-5-150x150.webp 150w, https:\/\/jinhuaceramic.com\/wp-content\/uploads\/2024\/10\/Custom-Rectangular-Ceramic-Baking-Dish-Professional-Bakeware-Supplies-5-768x766.webp 768w, https:\/\/jinhuaceramic.com\/wp-content\/uploads\/2024\/10\/Custom-Rectangular-Ceramic-Baking-Dish-Professional-Bakeware-Supplies-5-12x12.webp 12w, https:\/\/jinhuaceramic.com\/wp-content\/uploads\/2024\/10\/Custom-Rectangular-Ceramic-Baking-Dish-Professional-Bakeware-Supplies-5-285x284.webp 285w, https:\/\/jinhuaceramic.com\/wp-content\/uploads\/2024\/10\/Custom-Rectangular-Ceramic-Baking-Dish-Professional-Bakeware-Supplies-5-270x270.webp 270w, https:\/\/jinhuaceramic.com\/wp-content\/uploads\/2024\/10\/Custom-Rectangular-Ceramic-Baking-Dish-Professional-Bakeware-Supplies-5-540x540.webp 540w, https:\/\/jinhuaceramic.com\/wp-content\/uploads\/2024\/10\/Custom-Rectangular-Ceramic-Baking-Dish-Professional-Bakeware-Supplies-5-660x660.webp 660w\" sizes=\"(max-width: 1500px) 100vw, 1500px\" \/><\/figure>\n<\/div>\n<\/div>\n\n\n\n<p><\/p>","protected":false},"excerpt":{"rendered":"<p>Bem-vindo a encomendar as nossas formas de cer\u00e2mica por grosso. Os nossos utens\u00edlios de cozinha por atacado s\u00e3o esteticamente concebidos para serem funcionais: com riscas verticais, forma retangular, pegas pr\u00e1ticas, material cer\u00e2mico resistente ao calor, esmalte liso e v\u00e1rias cores.<\/p>","protected":false},"featured_media":6797,"comment_status":"closed","ping_status":"closed","template":"","meta":{"_acf_changed":false},"product_brand":[],"product_cat":[53],"product_tag":[71],"class_list":{"0":"post-6792","1":"product","2":"type-product","3":"status-publish","4":"has-post-thumbnail","6":"product_cat-bakeware-in-bulk","7":"product_tag-wholesale-baking-pans","9":"first","10":"instock","11":"shipping-taxable","12":"product-type-simple"},"acf":[],"_links":{"self":[{"href":"https:\/\/jinhuaceramic.com\/pt\/wp-json\/wp\/v2\/product\/6792","targetHints":{"allow":["GET"]}}],"collection":[{"href":"https:\/\/jinhuaceramic.com\/pt\/wp-json\/wp\/v2\/product"}],"about":[{"href":"https:\/\/jinhuaceramic.com\/pt\/wp-json\/wp\/v2\/types\/product"}],"replies":[{"embeddable":true,"href":"https:\/\/jinhuaceramic.com\/pt\/wp-json\/wp\/v2\/comments?post=6792"}],"version-history":[{"count":0,"href":"https:\/\/jinhuaceramic.com\/pt\/wp-json\/wp\/v2\/product\/6792\/revisions"}],"wp:featuredmedia":[{"embeddable":true,"href":"https:\/\/jinhuaceramic.com\/pt\/wp-json\/wp\/v2\/media\/6797"}],"wp:attachment":[{"href":"https:\/\/jinhuaceramic.com\/pt\/wp-json\/wp\/v2\/media?parent=6792"}],"wp:term":[{"taxonomy":"product_brand","embeddable":true,"href":"https:\/\/jinhuaceramic.com\/pt\/wp-json\/wp\/v2\/product_brand?post=6792"},{"taxonomy":"product_cat","embeddable":true,"href":"https:\/\/jinhuaceramic.com\/pt\/wp-json\/wp\/v2\/product_cat?post=6792"},{"taxonomy":"product_tag","embeddable":true,"href":"https:\/\/jinhuaceramic.com\/pt\/wp-json\/wp\/v2\/product_tag?post=6792"}],"curies":[{"name":"wp","href":"https:\/\/api.w.org\/{rel}","templated":true}]}}