{"id":6805,"date":"2024-10-29T03:13:26","date_gmt":"2024-10-29T03:13:26","guid":{"rendered":"https:\/\/jinhuaceramic.com\/?post_type=product&#038;p=6805"},"modified":"2025-03-10T08:51:41","modified_gmt":"2025-03-10T08:51:41","slug":"bakeware-wholesale","status":"publish","type":"product","link":"https:\/\/jinhuaceramic.com\/pt\/product\/bakeware-wholesale\/","title":{"rendered":"Panelas de cer\u00e2mica por atacado, panelas de cozimento a granel com tampas"},"content":{"rendered":"<div class=\"wp-block-columns is-layout-flex wp-container-core-columns-is-layout-9d6595d7 wp-block-columns-is-layout-flex\">\n<div class=\"wp-block-column is-layout-flow wp-block-column-is-layout-flow\">\n<h3 class=\"wp-block-heading\">Bakeware de cer\u00e2mica premium Carater\u00edsticas por atacado:<\/h3>\n\n\n\n<ul class=\"wp-block-list\">\n<li><strong>Design de apar\u00eancia \u00fanica: <\/strong>Estes utens\u00edlios de cer\u00e2mica para assar por atacado apresentam a cl\u00e1ssica combina\u00e7\u00e3o de cores azul e branco, dando \u00e0s pessoas uma sensa\u00e7\u00e3o de frescura e eleg\u00e2ncia. A superf\u00edcie da assadeira \u00e9 coberta com esmalte irregular, que \u00e9 produzido pelo processo cer\u00e2mico especial de \"Mudan\u00e7a imprevis\u00edvel do forno\", formando varia\u00e7\u00e3o acidental do esmalte, camadas ricas, \u00fanicas e bonitas.<\/li>\n\n\n\n<li><strong>Material de alta qualidade: <\/strong>Estas formas com tampa s\u00e3o feitas de cer\u00e2mica de alta qualidade cozida a alta temperatura, t\u00eam boa resist\u00eancia a altas temperaturas e podem ser utilizadas com seguran\u00e7a em fornos, micro-ondas, m\u00e1quinas de lavar lou\u00e7a e frigor\u00edficos. Ao mesmo tempo, a cer\u00e2mica tem uma condu\u00e7\u00e3o de calor uniforme, que pode aquecer os alimentos uniformemente e evitar a situa\u00e7\u00e3o de queimar no exterior e cozinhar no interior.<\/li>\n\n\n\n<li><strong>Pega e tampa antiderrapantes: <\/strong>Estes utens\u00edlios de cer\u00e2mica para cozer por atacado t\u00eam pegas antiderrapantes em ambos os lados para uma f\u00e1cil ader\u00eancia e remo\u00e7\u00e3o segura, mesmo quando o tabuleiro est\u00e1 quente. A tampa a condizer utiliza a mesma cor e material que o prato e tem uma pega quadrada na tampa para facilitar a abertura e o fecho. A tampa ajusta-se firmemente ao tabuleiro, retendo eficazmente a humidade para manter os alimentos frescos e quentes.<\/li>\n\n\n\n<li><strong>F\u00e1cil de limpar: <\/strong>Estes tabuleiros para assar a granel t\u00eam uma superf\u00edcie de cer\u00e2mica lisa que n\u00e3o adere facilmente aos alimentos e s\u00e3o muito f\u00e1ceis de limpar, quer \u00e0 m\u00e3o quer na m\u00e1quina de lavar lou\u00e7a.<\/li>\n<\/ul>\n<\/div>\n\n\n\n<div class=\"wp-block-column is-layout-flow wp-block-column-is-layout-flow\">\n<figure class=\"wp-block-image size-full\"><img fetchpriority=\"high\" decoding=\"async\" width=\"1500\" height=\"1500\" src=\"https:\/\/jinhuaceramic.com\/wp-content\/uploads\/2024\/10\/Wholesale-Ceramic-Baking-Dish-With-Lid-Custom-Bakeware-Supplies-3.webp\" alt=\"Panelas de cer\u00e2mica por atacado, panelas de cozimento a granel com tampas-1\" class=\"wp-image-6807\" srcset=\"https:\/\/jinhuaceramic.com\/wp-content\/uploads\/2024\/10\/Wholesale-Ceramic-Baking-Dish-With-Lid-Custom-Bakeware-Supplies-3.webp 1500w, https:\/\/jinhuaceramic.com\/wp-content\/uploads\/2024\/10\/Wholesale-Ceramic-Baking-Dish-With-Lid-Custom-Bakeware-Supplies-3-300x300.webp 300w, https:\/\/jinhuaceramic.com\/wp-content\/uploads\/2024\/10\/Wholesale-Ceramic-Baking-Dish-With-Lid-Custom-Bakeware-Supplies-3-150x150.webp 150w, https:\/\/jinhuaceramic.com\/wp-content\/uploads\/2024\/10\/Wholesale-Ceramic-Baking-Dish-With-Lid-Custom-Bakeware-Supplies-3-768x768.webp 768w, https:\/\/jinhuaceramic.com\/wp-content\/uploads\/2024\/10\/Wholesale-Ceramic-Baking-Dish-With-Lid-Custom-Bakeware-Supplies-3-12x12.webp 12w, https:\/\/jinhuaceramic.com\/wp-content\/uploads\/2024\/10\/Wholesale-Ceramic-Baking-Dish-With-Lid-Custom-Bakeware-Supplies-3-285x285.webp 285w, https:\/\/jinhuaceramic.com\/wp-content\/uploads\/2024\/10\/Wholesale-Ceramic-Baking-Dish-With-Lid-Custom-Bakeware-Supplies-3-270x270.webp 270w, https:\/\/jinhuaceramic.com\/wp-content\/uploads\/2024\/10\/Wholesale-Ceramic-Baking-Dish-With-Lid-Custom-Bakeware-Supplies-3-540x540.webp 540w, https:\/\/jinhuaceramic.com\/wp-content\/uploads\/2024\/10\/Wholesale-Ceramic-Baking-Dish-With-Lid-Custom-Bakeware-Supplies-3-660x660.webp 660w\" sizes=\"(max-width: 1500px) 100vw, 1500px\" \/><\/figure>\n<\/div>\n<\/div>","protected":false},"excerpt":{"rendered":"<p>Bem-vindo \u00e0 compra de panelas para cozer a granel. Concebidas para cozinhas profissionais e para cozedura dom\u00e9stica, estas formas de cer\u00e2mica para pastelaria por grosso v\u00eam com uma tampa para f\u00e1cil armazenamento e conserva\u00e7\u00e3o. O material cer\u00e2mico resistente proporciona uma condu\u00e7\u00e3o uniforme do calor, garantindo que os alimentos s\u00e3o cozinhados uniformemente e t\u00eam um sabor \u00f3timo.<\/p>","protected":false},"featured_media":6808,"comment_status":"closed","ping_status":"closed","template":"","meta":{"_acf_changed":false},"product_brand":[],"product_cat":[53],"product_tag":[71],"class_list":{"0":"post-6805","1":"product","2":"type-product","3":"status-publish","4":"has-post-thumbnail","6":"product_cat-bakeware-in-bulk","7":"product_tag-wholesale-baking-pans","9":"first","10":"instock","11":"shipping-taxable","12":"product-type-simple"},"acf":[],"_links":{"self":[{"href":"https:\/\/jinhuaceramic.com\/pt\/wp-json\/wp\/v2\/product\/6805","targetHints":{"allow":["GET"]}}],"collection":[{"href":"https:\/\/jinhuaceramic.com\/pt\/wp-json\/wp\/v2\/product"}],"about":[{"href":"https:\/\/jinhuaceramic.com\/pt\/wp-json\/wp\/v2\/types\/product"}],"replies":[{"embeddable":true,"href":"https:\/\/jinhuaceramic.com\/pt\/wp-json\/wp\/v2\/comments?post=6805"}],"version-history":[{"count":0,"href":"https:\/\/jinhuaceramic.com\/pt\/wp-json\/wp\/v2\/product\/6805\/revisions"}],"wp:featuredmedia":[{"embeddable":true,"href":"https:\/\/jinhuaceramic.com\/pt\/wp-json\/wp\/v2\/media\/6808"}],"wp:attachment":[{"href":"https:\/\/jinhuaceramic.com\/pt\/wp-json\/wp\/v2\/media?parent=6805"}],"wp:term":[{"taxonomy":"product_brand","embeddable":true,"href":"https:\/\/jinhuaceramic.com\/pt\/wp-json\/wp\/v2\/product_brand?post=6805"},{"taxonomy":"product_cat","embeddable":true,"href":"https:\/\/jinhuaceramic.com\/pt\/wp-json\/wp\/v2\/product_cat?post=6805"},{"taxonomy":"product_tag","embeddable":true,"href":"https:\/\/jinhuaceramic.com\/pt\/wp-json\/wp\/v2\/product_tag?post=6805"}],"curies":[{"name":"wp","href":"https:\/\/api.w.org\/{rel}","templated":true}]}}