{"id":6821,"date":"2024-10-31T07:00:57","date_gmt":"2024-10-31T07:00:57","guid":{"rendered":"https:\/\/jinhuaceramic.com\/?post_type=product&#038;p=6821"},"modified":"2024-10-31T07:01:00","modified_gmt":"2024-10-31T07:01:00","slug":"wholesale-bathroom-sets","status":"publish","type":"product","link":"https:\/\/jinhuaceramic.com\/pt\/product\/wholesale-bathroom-sets\/","title":{"rendered":"Conjuntos de casa de banho iridescentes por atacado, acess\u00f3rios de banho em cer\u00e2mica a granel"},"content":{"rendered":"<div class=\"wp-block-columns is-layout-flex wp-container-core-columns-is-layout-9d6595d7 wp-block-columns-is-layout-flex\">\n<div class=\"wp-block-column is-layout-flow wp-block-column-is-layout-flow\">\n<h3 class=\"wp-block-heading\">Conjuntos de casa de banho Premium Wholesale Carater\u00edsticas:<\/h3>\n\n\n\n<ul class=\"wp-block-list\">\n<li><strong>Design elegante:<\/strong> A superf\u00edcie destes conjuntos de casa de banho em cer\u00e2mica por atacado apresenta uma cor iridescente \u00fanica com um brilho tipo p\u00e9rola. Quando iluminada pela luz, emite uma aur\u00e9ola suave e encantadora, conferindo uma atmosfera rom\u00e2ntica \u00e0 casa de banho. A forma do frasco de sabonete foi concebida como um seixo irregular, o que quebra a forma regular dos artigos de casa de banho tradicionais e acrescenta interesse.<\/li>\n\n\n\n<li><strong>Material de qualidade superior:<\/strong> Estes acess\u00f3rios de banho a granel s\u00e3o feitos de materiais cer\u00e2micos de alta qualidade, que t\u00eam uma forte resist\u00eancia ao desgaste e \u00e0 corros\u00e3o. N\u00e3o s\u00e3o f\u00e1ceis de desgastar na utiliza\u00e7\u00e3o di\u00e1ria e t\u00eam uma longa vida \u00fatil. A superf\u00edcie do material cer\u00e2mico \u00e9 lisa e n\u00e3o \u00e9 f\u00e1cil esconder a sujidade. A limpeza di\u00e1ria s\u00f3 precisa de ser feita com um pano h\u00famido, o que \u00e9 muito pr\u00e1tico.<\/li>\n\n\n\n<li><strong>Conjunto completo:<\/strong> Estes conjuntos de casa de banho por atacado em cer\u00e2mica iridescente cont\u00eam um dispensador de sab\u00e3o, uma saboneteira com ralo antiderrapante, um suporte para escovas de dentes, um copo para elixir bucal e um tabuleiro. Cada acess\u00f3rio \u00e9 bem concebido e tem a sua fun\u00e7\u00e3o pr\u00e1tica para manter os artigos de casa de banho organizados.<\/li>\n\n\n\n<li><strong>Venda por grosso e personaliza\u00e7\u00e3o:<\/strong> A nossa f\u00e1brica oferece descontos em encomendas a granel para satisfazer as necessidades dos comerciantes que procuram comprar conjuntos de casa de banho em cer\u00e2mica em grandes quantidades. Al\u00e9m disso, fornecemos servi\u00e7os de personaliza\u00e7\u00e3o, permitindo que os clientes personalizem cores, tamanhos, padr\u00f5es, etc. para criar acess\u00f3rios de banho a granel exclusivos adequados para hot\u00e9is, apartamentos ou resid\u00eancias de luxo.<\/li>\n<\/ul>\n<\/div>\n\n\n\n<div class=\"wp-block-column is-layout-flow wp-block-column-is-layout-flow\">\n<figure class=\"wp-block-image size-full\"><img fetchpriority=\"high\" decoding=\"async\" width=\"681\" height=\"681\" src=\"https:\/\/jinhuaceramic.com\/wp-content\/uploads\/2024\/10\/Custom-Made-Iridescent-Bathroom-Accessories-Set-Ceramic-Bath-Supplies.webp\" alt=\"Conjuntos de casa de banho por atacado iridescentes, acess\u00f3rios de banho em cer\u00e2mica a granel-1\" class=\"wp-image-6825\" srcset=\"https:\/\/jinhuaceramic.com\/wp-content\/uploads\/2024\/10\/Custom-Made-Iridescent-Bathroom-Accessories-Set-Ceramic-Bath-Supplies.webp 681w, https:\/\/jinhuaceramic.com\/wp-content\/uploads\/2024\/10\/Custom-Made-Iridescent-Bathroom-Accessories-Set-Ceramic-Bath-Supplies-300x300.webp 300w, https:\/\/jinhuaceramic.com\/wp-content\/uploads\/2024\/10\/Custom-Made-Iridescent-Bathroom-Accessories-Set-Ceramic-Bath-Supplies-150x150.webp 150w, https:\/\/jinhuaceramic.com\/wp-content\/uploads\/2024\/10\/Custom-Made-Iridescent-Bathroom-Accessories-Set-Ceramic-Bath-Supplies-12x12.webp 12w, https:\/\/jinhuaceramic.com\/wp-content\/uploads\/2024\/10\/Custom-Made-Iridescent-Bathroom-Accessories-Set-Ceramic-Bath-Supplies-285x285.webp 285w, https:\/\/jinhuaceramic.com\/wp-content\/uploads\/2024\/10\/Custom-Made-Iridescent-Bathroom-Accessories-Set-Ceramic-Bath-Supplies-270x270.webp 270w, https:\/\/jinhuaceramic.com\/wp-content\/uploads\/2024\/10\/Custom-Made-Iridescent-Bathroom-Accessories-Set-Ceramic-Bath-Supplies-540x540.webp 540w, https:\/\/jinhuaceramic.com\/wp-content\/uploads\/2024\/10\/Custom-Made-Iridescent-Bathroom-Accessories-Set-Ceramic-Bath-Supplies-660x660.webp 660w\" sizes=\"(max-width: 681px) 100vw, 681px\" \/><\/figure>\n<\/div>\n<\/div>","protected":false},"excerpt":{"rendered":"<p>Bem-vindo \u00e0 compra de acess\u00f3rios de banho a granel. Estes conjuntos de casa de banho em cer\u00e2mica podem ser facilmente integrados em qualquer estilo de decora\u00e7\u00e3o de casa de banho. Combinando beleza, praticidade e prote\u00e7\u00e3o ambiental, estes conjuntos de casa de banho em cer\u00e2mica s\u00e3o a escolha perfeita para melhorar a qualidade da sua casa de banho.<\/p>","protected":false},"featured_media":6825,"comment_status":"closed","ping_status":"closed","template":"","meta":{"_acf_changed":false},"product_brand":[],"product_cat":[51],"product_tag":[74],"class_list":{"0":"post-6821","1":"product","2":"type-product","3":"status-publish","4":"has-post-thumbnail","6":"product_cat-bathroom-accessories-wholesale","7":"product_tag-ceramic-bath-accessories-wholesale","9":"first","10":"instock","11":"shipping-taxable","12":"product-type-simple"},"acf":[],"_links":{"self":[{"href":"https:\/\/jinhuaceramic.com\/pt\/wp-json\/wp\/v2\/product\/6821","targetHints":{"allow":["GET"]}}],"collection":[{"href":"https:\/\/jinhuaceramic.com\/pt\/wp-json\/wp\/v2\/product"}],"about":[{"href":"https:\/\/jinhuaceramic.com\/pt\/wp-json\/wp\/v2\/types\/product"}],"replies":[{"embeddable":true,"href":"https:\/\/jinhuaceramic.com\/pt\/wp-json\/wp\/v2\/comments?post=6821"}],"version-history":[{"count":0,"href":"https:\/\/jinhuaceramic.com\/pt\/wp-json\/wp\/v2\/product\/6821\/revisions"}],"wp:featuredmedia":[{"embeddable":true,"href":"https:\/\/jinhuaceramic.com\/pt\/wp-json\/wp\/v2\/media\/6825"}],"wp:attachment":[{"href":"https:\/\/jinhuaceramic.com\/pt\/wp-json\/wp\/v2\/media?parent=6821"}],"wp:term":[{"taxonomy":"product_brand","embeddable":true,"href":"https:\/\/jinhuaceramic.com\/pt\/wp-json\/wp\/v2\/product_brand?post=6821"},{"taxonomy":"product_cat","embeddable":true,"href":"https:\/\/jinhuaceramic.com\/pt\/wp-json\/wp\/v2\/product_cat?post=6821"},{"taxonomy":"product_tag","embeddable":true,"href":"https:\/\/jinhuaceramic.com\/pt\/wp-json\/wp\/v2\/product_tag?post=6821"}],"curies":[{"name":"wp","href":"https:\/\/api.w.org\/{rel}","templated":true}]}}