{"id":6843,"date":"2024-11-02T06:23:41","date_gmt":"2024-11-02T06:23:41","guid":{"rendered":"https:\/\/jinhuaceramic.com\/?post_type=product&#038;p=6843"},"modified":"2024-11-02T06:23:43","modified_gmt":"2024-11-02T06:23:43","slug":"wholesale-bath-accessories","status":"publish","type":"product","link":"https:\/\/jinhuaceramic.com\/pt\/product\/wholesale-bath-accessories\/","title":{"rendered":"Acess\u00f3rios de banho por atacado em cer\u00e2mica branca, conjunto de casa de banho minimalista a granel"},"content":{"rendered":"<div class=\"wp-block-columns is-layout-flex wp-container-core-columns-is-layout-9d6595d7 wp-block-columns-is-layout-flex\">\n<div class=\"wp-block-column is-layout-flow wp-block-column-is-layout-flow\">\n<h3 class=\"wp-block-heading\">Acess\u00f3rios de banho Premium Wholesale Carater\u00edsticas:<\/h3>\n\n\n\n<ul class=\"wp-block-list\">\n<li><strong>Design moderno:<\/strong> Estes acess\u00f3rios de banho em cer\u00e2mica para venda por grosso t\u00eam linhas suaves e formas simples, que se adequam a casas de banho modernas de estilo minimalista. Ao mesmo tempo, existem linhas douradas na parte lateral de cada acess\u00f3rio como ornamento, o que aumenta o requinte do produto e faz com que todo o espa\u00e7o da casa de banho pare\u00e7a mais sofisticado.<\/li>\n\n\n\n<li><strong>Material cer\u00e2mico de alta qualidade: <\/strong>Estes conjuntos de casa de banho a granel s\u00e3o feitos de materiais cer\u00e2micos de alta qualidade. Em compara\u00e7\u00e3o com os conjuntos de casa de banho de pl\u00e1stico, os conjuntos de casa de banho de cer\u00e2mica t\u00eam melhor textura, s\u00e3o resistentes ao desgaste e dur\u00e1veis, e t\u00eam uma longa vida \u00fatil.<\/li>\n\n\n\n<li><strong>Conjunto completo:<\/strong> Estes conjuntos de acess\u00f3rios de banho por atacado incluem um suporte para escova de dentes, 2 copos para elixir bucal, um dispensador de sab\u00e3o e uma saboneteira para satisfazer as suas necessidades di\u00e1rias de lavagem. O suporte para escova de dentes adopta um design dividido, a saboneteira adopta um design antiderrapante e o dispensador de sab\u00e3o pressiona suavemente. Cada acess\u00f3rio \u00e9 cuidadosamente concebido para garantir uma boa experi\u00eancia de utiliza\u00e7\u00e3o para os clientes.<\/li>\n\n\n\n<li><strong>F\u00e1cil de manter:<\/strong> Estes conjuntos de casa de banho em cer\u00e2mica t\u00eam boas propriedades \u00e0 prova de \u00e1gua e de humidade e podem permanecer secos mesmo num ambiente h\u00famido de casa de banho, n\u00e3o sendo f\u00e1ceis de moldar. A superf\u00edcie da cer\u00e2mica \u00e9 lisa e delicada, e as manchas n\u00e3o s\u00e3o f\u00e1ceis de aderir. Basta limpar suavemente com um pano h\u00famido para restaurar o brilho.<\/li>\n<\/ul>\n<\/div>\n\n\n\n<div class=\"wp-block-column is-layout-flow wp-block-column-is-layout-flow\">\n<figure class=\"wp-block-image size-full\"><img fetchpriority=\"high\" decoding=\"async\" width=\"1024\" height=\"1024\" src=\"https:\/\/jinhuaceramic.com\/wp-content\/uploads\/2024\/11\/Minimalist-Custom-Ceramic-Bathroom-Set-Hotel-Accessories-Wholesale.webp\" alt=\"Acess\u00f3rios de banho por atacado em cer\u00e2mica branca, conjunto de casa de banho minimalista Bulk-1\" class=\"wp-image-6848\" srcset=\"https:\/\/jinhuaceramic.com\/wp-content\/uploads\/2024\/11\/Minimalist-Custom-Ceramic-Bathroom-Set-Hotel-Accessories-Wholesale.webp 1024w, https:\/\/jinhuaceramic.com\/wp-content\/uploads\/2024\/11\/Minimalist-Custom-Ceramic-Bathroom-Set-Hotel-Accessories-Wholesale-300x300.webp 300w, https:\/\/jinhuaceramic.com\/wp-content\/uploads\/2024\/11\/Minimalist-Custom-Ceramic-Bathroom-Set-Hotel-Accessories-Wholesale-150x150.webp 150w, https:\/\/jinhuaceramic.com\/wp-content\/uploads\/2024\/11\/Minimalist-Custom-Ceramic-Bathroom-Set-Hotel-Accessories-Wholesale-768x768.webp 768w, https:\/\/jinhuaceramic.com\/wp-content\/uploads\/2024\/11\/Minimalist-Custom-Ceramic-Bathroom-Set-Hotel-Accessories-Wholesale-12x12.webp 12w, https:\/\/jinhuaceramic.com\/wp-content\/uploads\/2024\/11\/Minimalist-Custom-Ceramic-Bathroom-Set-Hotel-Accessories-Wholesale-285x285.webp 285w, https:\/\/jinhuaceramic.com\/wp-content\/uploads\/2024\/11\/Minimalist-Custom-Ceramic-Bathroom-Set-Hotel-Accessories-Wholesale-270x270.webp 270w, https:\/\/jinhuaceramic.com\/wp-content\/uploads\/2024\/11\/Minimalist-Custom-Ceramic-Bathroom-Set-Hotel-Accessories-Wholesale-540x540.webp 540w, https:\/\/jinhuaceramic.com\/wp-content\/uploads\/2024\/11\/Minimalist-Custom-Ceramic-Bathroom-Set-Hotel-Accessories-Wholesale-660x660.webp 660w\" sizes=\"(max-width: 1024px) 100vw, 1024px\" \/><\/figure>\n<\/div>\n<\/div>\n\n\n\n<p><\/p>","protected":false},"excerpt":{"rendered":"<p>Bem-vindo \u00e0 compra de conjuntos de casa de banho a granel. O design exclusivo destes acess\u00f3rios de banho por atacado \u00e9 uma combina\u00e7\u00e3o perfeita de estilo minimalista moderno e detalhes requintados, que s\u00e3o funcionais e decorativos. \u00c9 um produto de casa de banho muito elegante que pode dar um toque de sofistica\u00e7\u00e3o e eleg\u00e2ncia \u00e0 casa de banho.<\/p>","protected":false},"featured_media":6847,"comment_status":"closed","ping_status":"closed","template":"","meta":{"_acf_changed":false},"product_brand":[],"product_cat":[51],"product_tag":[74],"class_list":{"0":"post-6843","1":"product","2":"type-product","3":"status-publish","4":"has-post-thumbnail","6":"product_cat-bathroom-accessories-wholesale","7":"product_tag-ceramic-bath-accessories-wholesale","9":"first","10":"instock","11":"shipping-taxable","12":"product-type-simple"},"acf":[],"_links":{"self":[{"href":"https:\/\/jinhuaceramic.com\/pt\/wp-json\/wp\/v2\/product\/6843","targetHints":{"allow":["GET"]}}],"collection":[{"href":"https:\/\/jinhuaceramic.com\/pt\/wp-json\/wp\/v2\/product"}],"about":[{"href":"https:\/\/jinhuaceramic.com\/pt\/wp-json\/wp\/v2\/types\/product"}],"replies":[{"embeddable":true,"href":"https:\/\/jinhuaceramic.com\/pt\/wp-json\/wp\/v2\/comments?post=6843"}],"version-history":[{"count":0,"href":"https:\/\/jinhuaceramic.com\/pt\/wp-json\/wp\/v2\/product\/6843\/revisions"}],"wp:featuredmedia":[{"embeddable":true,"href":"https:\/\/jinhuaceramic.com\/pt\/wp-json\/wp\/v2\/media\/6847"}],"wp:attachment":[{"href":"https:\/\/jinhuaceramic.com\/pt\/wp-json\/wp\/v2\/media?parent=6843"}],"wp:term":[{"taxonomy":"product_brand","embeddable":true,"href":"https:\/\/jinhuaceramic.com\/pt\/wp-json\/wp\/v2\/product_brand?post=6843"},{"taxonomy":"product_cat","embeddable":true,"href":"https:\/\/jinhuaceramic.com\/pt\/wp-json\/wp\/v2\/product_cat?post=6843"},{"taxonomy":"product_tag","embeddable":true,"href":"https:\/\/jinhuaceramic.com\/pt\/wp-json\/wp\/v2\/product_tag?post=6843"}],"curies":[{"name":"wp","href":"https:\/\/api.w.org\/{rel}","templated":true}]}}