{"id":6855,"date":"2024-11-05T02:12:41","date_gmt":"2024-11-05T02:12:41","guid":{"rendered":"https:\/\/jinhuaceramic.com\/?post_type=product&#038;p=6855"},"modified":"2024-11-05T03:26:47","modified_gmt":"2024-11-05T03:26:47","slug":"bulk-soap-dish","status":"publish","type":"product","link":"https:\/\/jinhuaceramic.com\/pt\/product\/bulk-soap-dish\/","title":{"rendered":"Saboneteiras a granel em forma de concha, Acess\u00f3rios de casa de banho em cer\u00e2mica"},"content":{"rendered":"<div class=\"wp-block-columns is-layout-flex wp-container-core-columns-is-layout-9d6595d7 wp-block-columns-is-layout-flex\">\n<div class=\"wp-block-column is-layout-flow wp-block-column-is-layout-flow\">\n<h3 class=\"wp-block-heading\">Saboneteira Premium a granel Carater\u00edsticas:<\/h3>\n\n\n\n<ul class=\"wp-block-list\">\n<li><strong>Design \u00fanico: <\/strong>Esta saboneteira de cer\u00e2mica em forma de concha foi concebida com um contorno naturalmente suave, muito semelhante ao de uma concha verdadeira. Este design n\u00e3o s\u00f3 \u00e9 bonito como tamb\u00e9m \u00e9 rom\u00e2ntico do oceano. O design interior da saboneteira apresenta a textura natural da concha, que contribui para a textura do produto e mant\u00e9m o sabonete no seu lugar para evitar que escorregue.<\/li>\n\n\n\n<li><strong>Qualidade do material: <\/strong>Trata-se de saboneteiras de cer\u00e2mica por atacado com material cer\u00e2mico em forma de concha de alta qualidade, resistente a altas temperaturas e \u00e0 corros\u00e3o, muito f\u00e1cil de limpar e dur\u00e1vel para uma longa vida \u00fatil.<\/li>\n\n\n\n<li><strong>Processo de galvanoplastia:<\/strong> Esta saboneteira de cer\u00e2mica a granel aplica uma camada de pel\u00edcula met\u00e1lica na superf\u00edcie da cer\u00e2mica, o que melhorou muito a beleza destas saboneteiras. H\u00e1 um efeito iridescente no sabonete de cor rosa e branco, a cor muda quando a luz muda, e \u00e9 muito poderoso de uma forma visual.<\/li>\n\n\n\n<li><strong>Pr\u00e1tico: <\/strong>As saboneteiras de cer\u00e2mica por grosso s\u00e3o concebidas com orif\u00edcios no fundo. Este tipo de design pode drenar a humidade do sabonete de forma eficaz, tornando-o seco, reduzindo o crescimento de bact\u00e9rias e aumentando a sua vida \u00fatil. Pode colocar n\u00e3o s\u00f3 sabonetes neste tipo de saboneteiras de cer\u00e2mica, mas tamb\u00e9m pode us\u00e1-las para colocar pequenos artigos como j\u00f3ias, muito pr\u00e1tico.<\/li>\n<\/ul>\n<\/div>\n\n\n\n<div class=\"wp-block-column is-layout-flow wp-block-column-is-layout-flow\">\n<figure class=\"wp-block-image size-full\"><img fetchpriority=\"high\" decoding=\"async\" width=\"750\" height=\"750\" src=\"https:\/\/jinhuaceramic.com\/wp-content\/uploads\/2024\/11\/Wholesale-Shell-Shaped-Ceramic-Soap-Dish-Bathroom-Accessories-Supplier-2.webp\" alt=\"Saboneteiras a granel em forma de concha, Acess\u00f3rios de casa de banho em cer\u00e2mica-1\" class=\"wp-image-6856\" srcset=\"https:\/\/jinhuaceramic.com\/wp-content\/uploads\/2024\/11\/Wholesale-Shell-Shaped-Ceramic-Soap-Dish-Bathroom-Accessories-Supplier-2.webp 750w, https:\/\/jinhuaceramic.com\/wp-content\/uploads\/2024\/11\/Wholesale-Shell-Shaped-Ceramic-Soap-Dish-Bathroom-Accessories-Supplier-2-300x300.webp 300w, https:\/\/jinhuaceramic.com\/wp-content\/uploads\/2024\/11\/Wholesale-Shell-Shaped-Ceramic-Soap-Dish-Bathroom-Accessories-Supplier-2-150x150.webp 150w, https:\/\/jinhuaceramic.com\/wp-content\/uploads\/2024\/11\/Wholesale-Shell-Shaped-Ceramic-Soap-Dish-Bathroom-Accessories-Supplier-2-12x12.webp 12w, https:\/\/jinhuaceramic.com\/wp-content\/uploads\/2024\/11\/Wholesale-Shell-Shaped-Ceramic-Soap-Dish-Bathroom-Accessories-Supplier-2-285x285.webp 285w, https:\/\/jinhuaceramic.com\/wp-content\/uploads\/2024\/11\/Wholesale-Shell-Shaped-Ceramic-Soap-Dish-Bathroom-Accessories-Supplier-2-270x270.webp 270w, https:\/\/jinhuaceramic.com\/wp-content\/uploads\/2024\/11\/Wholesale-Shell-Shaped-Ceramic-Soap-Dish-Bathroom-Accessories-Supplier-2-540x540.webp 540w, https:\/\/jinhuaceramic.com\/wp-content\/uploads\/2024\/11\/Wholesale-Shell-Shaped-Ceramic-Soap-Dish-Bathroom-Accessories-Supplier-2-660x660.webp 660w\" sizes=\"(max-width: 750px) 100vw, 750px\" \/><\/figure>\n<\/div>\n<\/div>","protected":false},"excerpt":{"rendered":"<p>Bem-vindo ao comprar saboneteiras de cer\u00e2mica por atacado. O design desta saboneteira a granel combina perfeitamente natureza e arte, o que n\u00e3o \u00e9 apenas pr\u00e1tico, mas tamb\u00e9m tem alto valor ornamental. A sua forma \u00fanica de concha, a mudan\u00e7a de cores iridescentes, a estrutura cer\u00e2mica est\u00e1vel e a super praticidade fazem dela um item de casa de banho muito atraente.<\/p>","protected":false},"featured_media":6861,"comment_status":"closed","ping_status":"closed","template":"","meta":{"_acf_changed":false},"product_brand":[],"product_cat":[51],"product_tag":[72],"class_list":{"0":"post-6855","1":"product","2":"type-product","3":"status-publish","4":"has-post-thumbnail","6":"product_cat-bathroom-accessories-wholesale","7":"product_tag-wholesale-soap-dishes","9":"first","10":"instock","11":"shipping-taxable","12":"product-type-simple"},"acf":[],"_links":{"self":[{"href":"https:\/\/jinhuaceramic.com\/pt\/wp-json\/wp\/v2\/product\/6855","targetHints":{"allow":["GET"]}}],"collection":[{"href":"https:\/\/jinhuaceramic.com\/pt\/wp-json\/wp\/v2\/product"}],"about":[{"href":"https:\/\/jinhuaceramic.com\/pt\/wp-json\/wp\/v2\/types\/product"}],"replies":[{"embeddable":true,"href":"https:\/\/jinhuaceramic.com\/pt\/wp-json\/wp\/v2\/comments?post=6855"}],"version-history":[{"count":0,"href":"https:\/\/jinhuaceramic.com\/pt\/wp-json\/wp\/v2\/product\/6855\/revisions"}],"wp:featuredmedia":[{"embeddable":true,"href":"https:\/\/jinhuaceramic.com\/pt\/wp-json\/wp\/v2\/media\/6861"}],"wp:attachment":[{"href":"https:\/\/jinhuaceramic.com\/pt\/wp-json\/wp\/v2\/media?parent=6855"}],"wp:term":[{"taxonomy":"product_brand","embeddable":true,"href":"https:\/\/jinhuaceramic.com\/pt\/wp-json\/wp\/v2\/product_brand?post=6855"},{"taxonomy":"product_cat","embeddable":true,"href":"https:\/\/jinhuaceramic.com\/pt\/wp-json\/wp\/v2\/product_cat?post=6855"},{"taxonomy":"product_tag","embeddable":true,"href":"https:\/\/jinhuaceramic.com\/pt\/wp-json\/wp\/v2\/product_tag?post=6855"}],"curies":[{"name":"wp","href":"https:\/\/api.w.org\/{rel}","templated":true}]}}