{"id":6907,"date":"2024-11-05T08:30:23","date_gmt":"2024-11-05T08:30:23","guid":{"rendered":"https:\/\/jinhuaceramic.com\/?post_type=product&#038;p=6907"},"modified":"2024-11-05T08:30:45","modified_gmt":"2024-11-05T08:30:45","slug":"bathtub-soap-dish-bulk","status":"publish","type":"product","link":"https:\/\/jinhuaceramic.com\/pt\/product\/bathtub-soap-dish-bulk\/","title":{"rendered":"Saboneteira de Banheira Bonita a Granel, Saboneteiras de Cer\u00e2mica por Atacado"},"content":{"rendered":"<div class=\"wp-block-columns is-layout-flex wp-container-core-columns-is-layout-9d6595d7 wp-block-columns-is-layout-flex\">\n<div class=\"wp-block-column is-layout-flow wp-block-column-is-layout-flow\">\n<h3 class=\"wp-block-heading\">Saboneteira para banheira Premium Carater\u00edsticas a granel:<\/h3>\n\n\n\n<ul class=\"wp-block-list\">\n<li><strong>Forma \u00fanica da banheira:<\/strong> Ao contr\u00e1rio das tradicionais saboneteiras quadradas ou ovais, estas saboneteiras de cer\u00e2mica para banheiras foram concebidas com a forma criativa de uma pequena banheira, o que \u00e9 muito giro. A forma da banheira pode suportar o sabonete e dar um toque de divers\u00e3o \u00e0 casa de banho.<\/li>\n\n\n\n<li><strong>V\u00e1rias cores e padr\u00e3o de m\u00e1rmore:<\/strong> Estas saboneteiras de cer\u00e2mica por atacado est\u00e3o dispon\u00edveis em v\u00e1rias cores, como azul, rosa, preto e branco. As suas tonalidades ricas adaptam-se a v\u00e1rios estilos de decora\u00e7\u00e3o de casa de banho, tornando o espa\u00e7o de banho muito mais vivo. A superf\u00edcie da saboneteira \u00e9 transformada em textura de m\u00e1rmore com linhas douradas e \u00e9 de alta qualidade com um toque retro.<\/li>\n\n\n\n<li><strong>Material de qualidade superior:<\/strong> A nossa saboneteira para banheira a granel \u00e9 feita de material de primeira qualidade - cer\u00e2mica. Em compara\u00e7\u00e3o com as caixas de sab\u00e3o de pl\u00e1stico, as saboneteiras de cer\u00e2mica s\u00e3o duras e n\u00e3o se desgastam rapidamente, com esmalte liso, que \u00e9 f\u00e1cil de limpar e n\u00e3o cria bact\u00e9rias. Neste sentido, a utiliza\u00e7\u00e3o de saboneteiras de cer\u00e2mica ser\u00e1 mais ecol\u00f3gica e saud\u00e1vel.<\/li>\n\n\n\n<li><strong>Pr\u00e1tico: <\/strong>Estas saboneteiras de cer\u00e2mica para casa de banho por atacado s\u00e3o pequenas em tamanho; com isto em mente, estes artigos n\u00e3o ocupariam muito espa\u00e7o e seriam perfeitos para colocar num lavat\u00f3rio. O fundo desta saboneteira tem 3 orif\u00edcios de drenagem para drenar rapidamente a \u00e1gua do sab\u00e3o e mant\u00ea-lo seco durante uma utiliza\u00e7\u00e3o prolongada.<\/li>\n<\/ul>\n<\/div>\n\n\n\n<div class=\"wp-block-column is-layout-flow wp-block-column-is-layout-flow\">\n<figure class=\"wp-block-image size-full\"><img fetchpriority=\"high\" decoding=\"async\" width=\"2000\" height=\"2000\" src=\"https:\/\/jinhuaceramic.com\/wp-content\/uploads\/2024\/11\/Wholesale-Ceramic-Bathtub-Soap-Dish-Bulk-Bathroom-Accessories-Supplies-2.webp\" alt=\"Saboneteira de Banheira Bonita a Granel, Saboneteiras de Cer\u00e2mica por Atacado-1\" class=\"wp-image-6909\" srcset=\"https:\/\/jinhuaceramic.com\/wp-content\/uploads\/2024\/11\/Wholesale-Ceramic-Bathtub-Soap-Dish-Bulk-Bathroom-Accessories-Supplies-2.webp 2000w, https:\/\/jinhuaceramic.com\/wp-content\/uploads\/2024\/11\/Wholesale-Ceramic-Bathtub-Soap-Dish-Bulk-Bathroom-Accessories-Supplies-2-300x300.webp 300w, https:\/\/jinhuaceramic.com\/wp-content\/uploads\/2024\/11\/Wholesale-Ceramic-Bathtub-Soap-Dish-Bulk-Bathroom-Accessories-Supplies-2-150x150.webp 150w, https:\/\/jinhuaceramic.com\/wp-content\/uploads\/2024\/11\/Wholesale-Ceramic-Bathtub-Soap-Dish-Bulk-Bathroom-Accessories-Supplies-2-768x768.webp 768w, https:\/\/jinhuaceramic.com\/wp-content\/uploads\/2024\/11\/Wholesale-Ceramic-Bathtub-Soap-Dish-Bulk-Bathroom-Accessories-Supplies-2-12x12.webp 12w, https:\/\/jinhuaceramic.com\/wp-content\/uploads\/2024\/11\/Wholesale-Ceramic-Bathtub-Soap-Dish-Bulk-Bathroom-Accessories-Supplies-2-285x285.webp 285w, https:\/\/jinhuaceramic.com\/wp-content\/uploads\/2024\/11\/Wholesale-Ceramic-Bathtub-Soap-Dish-Bulk-Bathroom-Accessories-Supplies-2-1600x1600.webp 1600w, https:\/\/jinhuaceramic.com\/wp-content\/uploads\/2024\/11\/Wholesale-Ceramic-Bathtub-Soap-Dish-Bulk-Bathroom-Accessories-Supplies-2-270x270.webp 270w, https:\/\/jinhuaceramic.com\/wp-content\/uploads\/2024\/11\/Wholesale-Ceramic-Bathtub-Soap-Dish-Bulk-Bathroom-Accessories-Supplies-2-540x540.webp 540w, https:\/\/jinhuaceramic.com\/wp-content\/uploads\/2024\/11\/Wholesale-Ceramic-Bathtub-Soap-Dish-Bulk-Bathroom-Accessories-Supplies-2-660x660.webp 660w\" sizes=\"(max-width: 2000px) 100vw, 2000px\" \/><\/figure>\n<\/div>\n<\/div>","protected":false},"excerpt":{"rendered":"<p>Bem-vindo \u00e0 compra de saboneteiras por atacado. O design desta saboneteira para banheira a granel \u00e9 especial, transformando as saboneteiras di\u00e1rias na imagem de uma mini banheira de forma v\u00edvida e interessante. Estas saboneteiras de cer\u00e2mica combinam perfeitamente praticidade e decora\u00e7\u00e3o para satisfazer as exig\u00eancias do uso di\u00e1rio e acrescentar divers\u00e3o e arte na casa de banho.<\/p>","protected":false},"featured_media":6915,"comment_status":"closed","ping_status":"closed","template":"","meta":{"_acf_changed":false},"product_brand":[],"product_cat":[51],"product_tag":[72],"class_list":{"0":"post-6907","1":"product","2":"type-product","3":"status-publish","4":"has-post-thumbnail","6":"product_cat-bathroom-accessories-wholesale","7":"product_tag-wholesale-soap-dishes","9":"first","10":"instock","11":"shipping-taxable","12":"product-type-simple"},"acf":[],"_links":{"self":[{"href":"https:\/\/jinhuaceramic.com\/pt\/wp-json\/wp\/v2\/product\/6907","targetHints":{"allow":["GET"]}}],"collection":[{"href":"https:\/\/jinhuaceramic.com\/pt\/wp-json\/wp\/v2\/product"}],"about":[{"href":"https:\/\/jinhuaceramic.com\/pt\/wp-json\/wp\/v2\/types\/product"}],"replies":[{"embeddable":true,"href":"https:\/\/jinhuaceramic.com\/pt\/wp-json\/wp\/v2\/comments?post=6907"}],"version-history":[{"count":0,"href":"https:\/\/jinhuaceramic.com\/pt\/wp-json\/wp\/v2\/product\/6907\/revisions"}],"wp:featuredmedia":[{"embeddable":true,"href":"https:\/\/jinhuaceramic.com\/pt\/wp-json\/wp\/v2\/media\/6915"}],"wp:attachment":[{"href":"https:\/\/jinhuaceramic.com\/pt\/wp-json\/wp\/v2\/media?parent=6907"}],"wp:term":[{"taxonomy":"product_brand","embeddable":true,"href":"https:\/\/jinhuaceramic.com\/pt\/wp-json\/wp\/v2\/product_brand?post=6907"},{"taxonomy":"product_cat","embeddable":true,"href":"https:\/\/jinhuaceramic.com\/pt\/wp-json\/wp\/v2\/product_cat?post=6907"},{"taxonomy":"product_tag","embeddable":true,"href":"https:\/\/jinhuaceramic.com\/pt\/wp-json\/wp\/v2\/product_tag?post=6907"}],"curies":[{"name":"wp","href":"https:\/\/api.w.org\/{rel}","templated":true}]}}