{"id":6939,"date":"2024-11-06T10:28:42","date_gmt":"2024-11-06T10:28:42","guid":{"rendered":"https:\/\/jinhuaceramic.com\/?post_type=product&#038;p=6939"},"modified":"2025-03-11T08:00:27","modified_gmt":"2025-03-11T08:00:27","slug":"casserole-wholesale","status":"publish","type":"product","link":"https:\/\/jinhuaceramic.com\/pt\/product\/casserole-wholesale\/","title":{"rendered":"Ca\u00e7arola de cer\u00e2mica vermelha retro com tampa"},"content":{"rendered":"<div class=\"wp-block-columns is-layout-flex wp-container-core-columns-is-layout-9d6595d7 wp-block-columns-is-layout-flex\">\n<div class=\"wp-block-column is-layout-flow wp-block-column-is-layout-flow\">\n<h3 class=\"wp-block-heading\">Ca\u00e7arola Premium Carater\u00edsticas por atacado:<\/h3>\n\n\n\n<ul class=\"wp-block-list\">\n<li><strong>Design elegante: <\/strong>Em compara\u00e7\u00e3o com outras ca\u00e7arolas do mercado, esta ca\u00e7arola de qualidade superior \u00e9 pequena e bonita. Tem uma estrutura simples com um esquema de cores vermelho e branco elegante que se encaixa na cozinha moderna. A cor exterior da ca\u00e7arola \u00e9 graduada de vermelho para preto - um toque art\u00edstico adicionado ao produto.<\/li>\n\n\n\n<li><strong>Material cer\u00e2mico de boa qualidade: <\/strong>Seguro para micro-ondas e forno, esta assadeira de cer\u00e2mica por atacado tem boa condutividade t\u00e9rmica, que pode distribuir o calor uniformemente para aquecer os alimentos e n\u00e3o se queima facilmente. O material cer\u00e2mico n\u00e3o t\u00f3xico e inodoro, em contacto seguro com os alimentos, n\u00e3o liberta quaisquer subst\u00e2ncias nocivas durante a utiliza\u00e7\u00e3o.<\/li>\n\n\n\n<li><strong>Funcionalidade: <\/strong>Esta ca\u00e7arola por atacado pode ser utilizada para todos os tipos de pratos, adequada para uma \u00fanica pessoa ou uma fam\u00edlia pequena. A tampa pode bloquear bem a fragr\u00e2ncia e a humidade dos alimentos e manter o sabor original. Tamb\u00e9m pode ser colocada diretamente na mesa para servir como utens\u00edlio de mesa.<\/li>\n\n\n\n<li><strong>F\u00e1cil de limpar: <\/strong>Devido \u00e0 sua superf\u00edcie lisa e vidrada, n\u00e3o permite que os restos de comida fiquem colados nos pratos de cer\u00e2mica com tampa. Por isso, s\u00e3o muito f\u00e1ceis de limpar. <\/li>\n<\/ul>\n<\/div>\n\n\n\n<div class=\"wp-block-column is-layout-flow wp-block-column-is-layout-flow\">\n<figure class=\"wp-block-image size-full\"><img fetchpriority=\"high\" decoding=\"async\" width=\"1024\" height=\"1024\" src=\"https:\/\/jinhuaceramic.com\/wp-content\/uploads\/2024\/11\/Custom-Ceramic-Mini-Casserole-Dish-With-Lid-For-Baking-Wholesale-4.webp\" alt=\"Ca\u00e7arola de cer\u00e2mica vermelha retro com tampa-1\" class=\"wp-image-6942\" srcset=\"https:\/\/jinhuaceramic.com\/wp-content\/uploads\/2024\/11\/Custom-Ceramic-Mini-Casserole-Dish-With-Lid-For-Baking-Wholesale-4.webp 1024w, https:\/\/jinhuaceramic.com\/wp-content\/uploads\/2024\/11\/Custom-Ceramic-Mini-Casserole-Dish-With-Lid-For-Baking-Wholesale-4-300x300.webp 300w, https:\/\/jinhuaceramic.com\/wp-content\/uploads\/2024\/11\/Custom-Ceramic-Mini-Casserole-Dish-With-Lid-For-Baking-Wholesale-4-150x150.webp 150w, https:\/\/jinhuaceramic.com\/wp-content\/uploads\/2024\/11\/Custom-Ceramic-Mini-Casserole-Dish-With-Lid-For-Baking-Wholesale-4-768x768.webp 768w, https:\/\/jinhuaceramic.com\/wp-content\/uploads\/2024\/11\/Custom-Ceramic-Mini-Casserole-Dish-With-Lid-For-Baking-Wholesale-4-12x12.webp 12w, https:\/\/jinhuaceramic.com\/wp-content\/uploads\/2024\/11\/Custom-Ceramic-Mini-Casserole-Dish-With-Lid-For-Baking-Wholesale-4-285x285.webp 285w, https:\/\/jinhuaceramic.com\/wp-content\/uploads\/2024\/11\/Custom-Ceramic-Mini-Casserole-Dish-With-Lid-For-Baking-Wholesale-4-270x270.webp 270w, https:\/\/jinhuaceramic.com\/wp-content\/uploads\/2024\/11\/Custom-Ceramic-Mini-Casserole-Dish-With-Lid-For-Baking-Wholesale-4-540x540.webp 540w, https:\/\/jinhuaceramic.com\/wp-content\/uploads\/2024\/11\/Custom-Ceramic-Mini-Casserole-Dish-With-Lid-For-Baking-Wholesale-4-660x660.webp 660w\" sizes=\"(max-width: 1024px) 100vw, 1024px\" \/><\/figure>\n<\/div>\n<\/div>","protected":false},"excerpt":{"rendered":"<p>Bem-vindo ao comprar pratos de cer\u00e2mica para assar a granel. Esta ca\u00e7arola vermelha por atacado tem muitas qualidades superiores: design elegante, material cer\u00e2mico de alta qualidade, tampa pr\u00e1tica, capacidade pr\u00e1tica e limpeza f\u00e1cil. Tudo isto faz delas a sua melhor escolha para cozer e servir na cozinha. De um modo geral, os clientes adoram esta ca\u00e7arola est\u00e9tica e pr\u00e1tica com tampa.<\/p>","protected":false},"featured_media":6943,"comment_status":"closed","ping_status":"closed","template":"","meta":{"_acf_changed":false},"product_brand":[],"product_cat":[53],"product_tag":[71],"class_list":{"0":"post-6939","1":"product","2":"type-product","3":"status-publish","4":"has-post-thumbnail","6":"product_cat-bakeware-in-bulk","7":"product_tag-wholesale-baking-pans","9":"first","10":"instock","11":"shipping-taxable","12":"product-type-simple"},"acf":[],"_links":{"self":[{"href":"https:\/\/jinhuaceramic.com\/pt\/wp-json\/wp\/v2\/product\/6939","targetHints":{"allow":["GET"]}}],"collection":[{"href":"https:\/\/jinhuaceramic.com\/pt\/wp-json\/wp\/v2\/product"}],"about":[{"href":"https:\/\/jinhuaceramic.com\/pt\/wp-json\/wp\/v2\/types\/product"}],"replies":[{"embeddable":true,"href":"https:\/\/jinhuaceramic.com\/pt\/wp-json\/wp\/v2\/comments?post=6939"}],"version-history":[{"count":0,"href":"https:\/\/jinhuaceramic.com\/pt\/wp-json\/wp\/v2\/product\/6939\/revisions"}],"wp:featuredmedia":[{"embeddable":true,"href":"https:\/\/jinhuaceramic.com\/pt\/wp-json\/wp\/v2\/media\/6943"}],"wp:attachment":[{"href":"https:\/\/jinhuaceramic.com\/pt\/wp-json\/wp\/v2\/media?parent=6939"}],"wp:term":[{"taxonomy":"product_brand","embeddable":true,"href":"https:\/\/jinhuaceramic.com\/pt\/wp-json\/wp\/v2\/product_brand?post=6939"},{"taxonomy":"product_cat","embeddable":true,"href":"https:\/\/jinhuaceramic.com\/pt\/wp-json\/wp\/v2\/product_cat?post=6939"},{"taxonomy":"product_tag","embeddable":true,"href":"https:\/\/jinhuaceramic.com\/pt\/wp-json\/wp\/v2\/product_tag?post=6939"}],"curies":[{"name":"wp","href":"https:\/\/api.w.org\/{rel}","templated":true}]}}