{"id":6989,"date":"2024-11-08T01:48:24","date_gmt":"2024-11-08T01:48:24","guid":{"rendered":"https:\/\/jinhuaceramic.com\/?post_type=product&#038;p=6989"},"modified":"2025-03-10T09:12:21","modified_gmt":"2025-03-10T09:12:21","slug":"baking-pans-wholesale","status":"publish","type":"product","link":"https:\/\/jinhuaceramic.com\/pt\/product\/baking-pans-wholesale\/","title":{"rendered":"Formas de tamanho personalizado por atacado, panelas comerciais a granel"},"content":{"rendered":"<div class=\"wp-block-columns is-layout-flex wp-container-core-columns-is-layout-9d6595d7 wp-block-columns-is-layout-flex\">\n<div class=\"wp-block-column is-layout-flow wp-block-column-is-layout-flow\">\n<h3 class=\"wp-block-heading\">Formas de cozimento premium Carater\u00edsticas por atacado:<\/h3>\n\n\n\n<ul class=\"wp-block-list\">\n<li><strong>Design de moda: <\/strong>Estes tabuleiros de cer\u00e2mica cont\u00eam um design contrastante em vermelho e branco. O vermelho e o branco cl\u00e1ssicos d\u00e3o cor \u00e0 sua cozinha. A combina\u00e7\u00e3o de cores apresenta beleza, sendo assim facilmente reconhec\u00edvel de imediato.<\/li>\n\n\n\n<li><strong>Material de alta qualidade: <\/strong>Estas formas de tamanho personalizado empilh\u00e1veis s\u00e3o feitas de cer\u00e2mica de alta qualidade cozida a alta temperatura. A forte condutividade t\u00e9rmica pode aquecer uniformemente os alimentos e evitar que fiquem queimados por fora e crus por dentro, tornando a comida mais deliciosa. \u00c9 dif\u00edcil riscar o esmalte dos tabuleiros e a sua vida \u00fatil \u00e9 longa, o que os torna duradouros na cozinha.<\/li>\n\n\n\n<li><strong>Design empilh\u00e1vel: <\/strong>Cada um destes tabuleiros de cer\u00e2mica por atacado inclui 2 tabuleiros pequenos e 1 tabuleiro grande. S\u00e3o empilh\u00e1veis, com as 2 assadeiras pequenas a caberem na assadeira grande, proporcionando o espa\u00e7o necess\u00e1rio no arm\u00e1rio quando as assadeiras n\u00e3o est\u00e3o a ser utilizadas.<\/li>\n\n\n\n<li><strong>Forte car\u00e1cter pr\u00e1tico: <\/strong>Este conjunto de assadeiras por atacado inclui assadeiras de diferentes tamanhos, de modo a satisfazer diferentes necessidades de cozedura. E a pega desta assadeira \u00e9 relativamente simples, mas muito pr\u00e1tica, que est\u00e1 razoavelmente posicionada para ser f\u00e1cil de pegar e mover. Al\u00e9m disso, estas assadeiras de cer\u00e2mica s\u00e3o finamente esmaltadas para passar pelo processo de esmaltagem suave e s\u00e3o f\u00e1ceis de limpar.<\/li>\n<\/ul>\n<\/div>\n\n\n\n<div class=\"wp-block-column is-layout-flow wp-block-column-is-layout-flow\">\n<figure class=\"wp-block-image size-full\"><img fetchpriority=\"high\" decoding=\"async\" width=\"1024\" height=\"1024\" src=\"https:\/\/jinhuaceramic.com\/wp-content\/uploads\/2024\/11\/Customized-Ceramic-Stackable-Baking-Dish-Set-Commercial-Bakeware-Supplies-3.webp\" alt=\"Formas de tamanho personalizado por atacado, panelas comerciais a granel-1\" class=\"wp-image-6993\" srcset=\"https:\/\/jinhuaceramic.com\/wp-content\/uploads\/2024\/11\/Customized-Ceramic-Stackable-Baking-Dish-Set-Commercial-Bakeware-Supplies-3.webp 1024w, https:\/\/jinhuaceramic.com\/wp-content\/uploads\/2024\/11\/Customized-Ceramic-Stackable-Baking-Dish-Set-Commercial-Bakeware-Supplies-3-300x300.webp 300w, https:\/\/jinhuaceramic.com\/wp-content\/uploads\/2024\/11\/Customized-Ceramic-Stackable-Baking-Dish-Set-Commercial-Bakeware-Supplies-3-150x150.webp 150w, https:\/\/jinhuaceramic.com\/wp-content\/uploads\/2024\/11\/Customized-Ceramic-Stackable-Baking-Dish-Set-Commercial-Bakeware-Supplies-3-768x768.webp 768w, https:\/\/jinhuaceramic.com\/wp-content\/uploads\/2024\/11\/Customized-Ceramic-Stackable-Baking-Dish-Set-Commercial-Bakeware-Supplies-3-12x12.webp 12w, https:\/\/jinhuaceramic.com\/wp-content\/uploads\/2024\/11\/Customized-Ceramic-Stackable-Baking-Dish-Set-Commercial-Bakeware-Supplies-3-285x285.webp 285w, https:\/\/jinhuaceramic.com\/wp-content\/uploads\/2024\/11\/Customized-Ceramic-Stackable-Baking-Dish-Set-Commercial-Bakeware-Supplies-3-270x270.webp 270w, https:\/\/jinhuaceramic.com\/wp-content\/uploads\/2024\/11\/Customized-Ceramic-Stackable-Baking-Dish-Set-Commercial-Bakeware-Supplies-3-540x540.webp 540w, https:\/\/jinhuaceramic.com\/wp-content\/uploads\/2024\/11\/Customized-Ceramic-Stackable-Baking-Dish-Set-Commercial-Bakeware-Supplies-3-660x660.webp 660w\" sizes=\"(max-width: 1024px) 100vw, 1024px\" \/><\/figure>\n<\/div>\n<\/div>\n\n\n\n<p><\/p>","protected":false},"excerpt":{"rendered":"<p>Bem-vindo ao comprar panelas de cer\u00e2mica por atacado. Este conjunto de assadeiras de tamanho personalizado tem cor contrastante vermelha e branca, design empilh\u00e1vel, material cer\u00e2mico dur\u00e1vel e design pr\u00e1tico de al\u00e7a. Se quiser obter uma assadeira de alta qualidade, bonita, pr\u00e1tica e dur\u00e1vel, este conjunto de assadeiras de cer\u00e2mica \u00e9 certamente a melhor escolha.<\/p>","protected":false},"featured_media":6992,"comment_status":"closed","ping_status":"closed","template":"","meta":{"_acf_changed":false},"product_brand":[],"product_cat":[53],"product_tag":[71],"class_list":{"0":"post-6989","1":"product","2":"type-product","3":"status-publish","4":"has-post-thumbnail","6":"product_cat-bakeware-in-bulk","7":"product_tag-wholesale-baking-pans","9":"first","10":"instock","11":"shipping-taxable","12":"product-type-simple"},"acf":[],"_links":{"self":[{"href":"https:\/\/jinhuaceramic.com\/pt\/wp-json\/wp\/v2\/product\/6989","targetHints":{"allow":["GET"]}}],"collection":[{"href":"https:\/\/jinhuaceramic.com\/pt\/wp-json\/wp\/v2\/product"}],"about":[{"href":"https:\/\/jinhuaceramic.com\/pt\/wp-json\/wp\/v2\/types\/product"}],"replies":[{"embeddable":true,"href":"https:\/\/jinhuaceramic.com\/pt\/wp-json\/wp\/v2\/comments?post=6989"}],"version-history":[{"count":0,"href":"https:\/\/jinhuaceramic.com\/pt\/wp-json\/wp\/v2\/product\/6989\/revisions"}],"wp:featuredmedia":[{"embeddable":true,"href":"https:\/\/jinhuaceramic.com\/pt\/wp-json\/wp\/v2\/media\/6992"}],"wp:attachment":[{"href":"https:\/\/jinhuaceramic.com\/pt\/wp-json\/wp\/v2\/media?parent=6989"}],"wp:term":[{"taxonomy":"product_brand","embeddable":true,"href":"https:\/\/jinhuaceramic.com\/pt\/wp-json\/wp\/v2\/product_brand?post=6989"},{"taxonomy":"product_cat","embeddable":true,"href":"https:\/\/jinhuaceramic.com\/pt\/wp-json\/wp\/v2\/product_cat?post=6989"},{"taxonomy":"product_tag","embeddable":true,"href":"https:\/\/jinhuaceramic.com\/pt\/wp-json\/wp\/v2\/product_tag?post=6989"}],"curies":[{"name":"wp","href":"https:\/\/api.w.org\/{rel}","templated":true}]}}