{"id":7043,"date":"2024-11-09T09:09:02","date_gmt":"2024-11-09T09:09:02","guid":{"rendered":"https:\/\/jinhuaceramic.com\/?post_type=product&#038;p=7043"},"modified":"2024-11-09T09:09:04","modified_gmt":"2024-11-09T09:09:04","slug":"bulk-bath-accessories","status":"publish","type":"product","link":"https:\/\/jinhuaceramic.com\/pt\/product\/bulk-bath-accessories\/","title":{"rendered":"Acess\u00f3rios de banho modernos a granel, Conjunto de casa de banho em cer\u00e2mica por atacado"},"content":{"rendered":"<div class=\"wp-block-columns is-layout-flex wp-container-core-columns-is-layout-9d6595d7 wp-block-columns-is-layout-flex\">\n<div class=\"wp-block-column is-layout-flow wp-block-column-is-layout-flow\">\n<h3 class=\"wp-block-heading\">Acess\u00f3rios de banho Premium a granel Carater\u00edsticas:<\/h3>\n\n\n\n<ul class=\"wp-block-list\">\n<li><strong>Design elegante: <\/strong>Estes acess\u00f3rios de banho em cer\u00e2mica a granel apresentam um design branco puro e um aspeto aerodin\u00e2mico, dando \u00e0s pessoas uma sensa\u00e7\u00e3o de limpeza e frescura, e podem ser bem integrados no ambiente da casa de banho. O design exclusivo da textura escovada na superf\u00edcie aumenta a textura do produto e tem tamb\u00e9m um efeito anti-derrapante.<\/li>\n\n\n\n<li><strong>Material de qualidade superior: <\/strong>Estes modernos conjuntos de casa de banho por atacado s\u00e3o de qualidade superior e s\u00e3o feitos de material cer\u00e2mico de alta qualidade, resistente a altas temperaturas, \u00e0 corros\u00e3o e f\u00e1cil de limpar. Assim, s\u00e3o muito adequados para ambientes de casa de banho. Os materiais cer\u00e2micos n\u00e3o cont\u00eam chumbo ou alum\u00ednio e s\u00e3o inofensivos para a sa\u00fade humana.<\/li>\n\n\n\n<li><strong>Conjunto completo: <\/strong>Estes acess\u00f3rios de banho a granel incluem frascos de sab\u00e3o, suportes para escovas de dentes, copos para elixir bucal, saboneteiras e tabuleiros que satisfazem todas as necessidades de arruma\u00e7\u00e3o e lavagem da casa de banho. Cada acess\u00f3rio foi concebido de uma forma razo\u00e1vel e f\u00e1cil de utilizar; em especial, o tabuleiro pode conter outros acess\u00f3rios para arrumar a casa de banho.<\/li>\n\n\n\n<li><strong>Venda por grosso e personaliza\u00e7\u00e3o: <\/strong>Nossa f\u00e1brica oferece desconto para uma ordem a granel para atender a exig\u00eancia dos comerciantes que querem comprar conjuntos de banheiro por atacado a granel. Al\u00e9m disso, podemos fornecer servi\u00e7os de personaliza\u00e7\u00e3o personalizados, que incluem a personaliza\u00e7\u00e3o de log\u00f3tipos, cores, tamanhos, padr\u00f5es, etc., para desenvolver um kit \u00fanico de acess\u00f3rios de casa de banho.<\/li>\n<\/ul>\n<\/div>\n\n\n\n<div class=\"wp-block-column is-layout-flow wp-block-column-is-layout-flow\">\n<figure class=\"wp-block-image size-full\"><img fetchpriority=\"high\" decoding=\"async\" width=\"1085\" height=\"1085\" src=\"https:\/\/jinhuaceramic.com\/wp-content\/uploads\/2024\/11\/Modern-Custom-Ceramic-Bathroom-Set-Hotel-Accessories-Supplies-5.webp\" alt=\"Acess\u00f3rios de casa de banho modernos a granel, conjunto de casa de banho em cer\u00e2mica por atacado-1\" class=\"wp-image-7047\" srcset=\"https:\/\/jinhuaceramic.com\/wp-content\/uploads\/2024\/11\/Modern-Custom-Ceramic-Bathroom-Set-Hotel-Accessories-Supplies-5.webp 1085w, https:\/\/jinhuaceramic.com\/wp-content\/uploads\/2024\/11\/Modern-Custom-Ceramic-Bathroom-Set-Hotel-Accessories-Supplies-5-300x300.webp 300w, https:\/\/jinhuaceramic.com\/wp-content\/uploads\/2024\/11\/Modern-Custom-Ceramic-Bathroom-Set-Hotel-Accessories-Supplies-5-150x150.webp 150w, https:\/\/jinhuaceramic.com\/wp-content\/uploads\/2024\/11\/Modern-Custom-Ceramic-Bathroom-Set-Hotel-Accessories-Supplies-5-768x768.webp 768w, https:\/\/jinhuaceramic.com\/wp-content\/uploads\/2024\/11\/Modern-Custom-Ceramic-Bathroom-Set-Hotel-Accessories-Supplies-5-12x12.webp 12w, https:\/\/jinhuaceramic.com\/wp-content\/uploads\/2024\/11\/Modern-Custom-Ceramic-Bathroom-Set-Hotel-Accessories-Supplies-5-285x285.webp 285w, https:\/\/jinhuaceramic.com\/wp-content\/uploads\/2024\/11\/Modern-Custom-Ceramic-Bathroom-Set-Hotel-Accessories-Supplies-5-270x270.webp 270w, https:\/\/jinhuaceramic.com\/wp-content\/uploads\/2024\/11\/Modern-Custom-Ceramic-Bathroom-Set-Hotel-Accessories-Supplies-5-540x540.webp 540w, https:\/\/jinhuaceramic.com\/wp-content\/uploads\/2024\/11\/Modern-Custom-Ceramic-Bathroom-Set-Hotel-Accessories-Supplies-5-660x660.webp 660w\" sizes=\"(max-width: 1085px) 100vw, 1085px\" \/><\/figure>\n<\/div>\n<\/div>","protected":false},"excerpt":{"rendered":"<p>Compre conjuntos de casa de banho por atacado da f\u00e1brica. Estes modernos acess\u00f3rios de banho a granel t\u00eam um design delicado, vers\u00e1til e duradouro. S\u00e3o adequados para a arruma\u00e7\u00e3o e lavagem da casa de banho. O conjunto de banheiro n\u00e3o \u00e9 apenas conveniente, mas tamb\u00e9m torna o banheiro mais limpo e bonito, o que \u00e9 muito adequado para pessoas que buscam uma qualidade de vida.<\/p>","protected":false},"featured_media":7048,"comment_status":"closed","ping_status":"closed","template":"","meta":{"_acf_changed":false},"product_brand":[],"product_cat":[51],"product_tag":[],"class_list":{"0":"post-7043","1":"product","2":"type-product","3":"status-publish","4":"has-post-thumbnail","6":"product_cat-bathroom-accessories-wholesale","8":"first","9":"instock","10":"shipping-taxable","11":"product-type-simple"},"acf":[],"_links":{"self":[{"href":"https:\/\/jinhuaceramic.com\/pt\/wp-json\/wp\/v2\/product\/7043","targetHints":{"allow":["GET"]}}],"collection":[{"href":"https:\/\/jinhuaceramic.com\/pt\/wp-json\/wp\/v2\/product"}],"about":[{"href":"https:\/\/jinhuaceramic.com\/pt\/wp-json\/wp\/v2\/types\/product"}],"replies":[{"embeddable":true,"href":"https:\/\/jinhuaceramic.com\/pt\/wp-json\/wp\/v2\/comments?post=7043"}],"version-history":[{"count":0,"href":"https:\/\/jinhuaceramic.com\/pt\/wp-json\/wp\/v2\/product\/7043\/revisions"}],"wp:featuredmedia":[{"embeddable":true,"href":"https:\/\/jinhuaceramic.com\/pt\/wp-json\/wp\/v2\/media\/7048"}],"wp:attachment":[{"href":"https:\/\/jinhuaceramic.com\/pt\/wp-json\/wp\/v2\/media?parent=7043"}],"wp:term":[{"taxonomy":"product_brand","embeddable":true,"href":"https:\/\/jinhuaceramic.com\/pt\/wp-json\/wp\/v2\/product_brand?post=7043"},{"taxonomy":"product_cat","embeddable":true,"href":"https:\/\/jinhuaceramic.com\/pt\/wp-json\/wp\/v2\/product_cat?post=7043"},{"taxonomy":"product_tag","embeddable":true,"href":"https:\/\/jinhuaceramic.com\/pt\/wp-json\/wp\/v2\/product_tag?post=7043"}],"curies":[{"name":"wp","href":"https:\/\/api.w.org\/{rel}","templated":true}]}}