{"id":7058,"date":"2024-11-14T02:17:04","date_gmt":"2024-11-14T02:17:04","guid":{"rendered":"https:\/\/jinhuaceramic.com\/?post_type=product&#038;p=7058"},"modified":"2025-03-11T07:55:39","modified_gmt":"2025-03-11T07:55:39","slug":"pie-pans-bulk","status":"publish","type":"product","link":"https:\/\/jinhuaceramic.com\/pt\/product\/pie-pans-bulk\/","title":{"rendered":"Formas de torta redondas de cer\u00e2mica a granel, Formas de cozimento de bolo por atacado"},"content":{"rendered":"<div class=\"wp-block-columns is-layout-flex wp-container-core-columns-is-layout-9d6595d7 wp-block-columns-is-layout-flex\">\n<div class=\"wp-block-column is-layout-flow wp-block-column-is-layout-flow\">\n<h3 class=\"wp-block-heading\">Formas para tartes Premium Carater\u00edsticas a granel:<\/h3>\n\n\n\n<ul class=\"wp-block-list\">\n<li><strong>Design elegante:<\/strong> Estas formas de tarte em cer\u00e2mica t\u00eam um rebordo ondulado que aumenta a est\u00e9tica da forma de tarte, tornando-a mais estratificada ao colocar os alimentos. O design texturizado no exterior real\u00e7a ainda mais o aspeto sofisticado da forma para tartes. A cer\u00e2mica branca utilizada como material de fabrico da forma para tartes \u00e9 mais limpa e mais cuidada. O design n\u00e3o s\u00f3 \u00e9 adequado para uso dom\u00e9stico, como tamb\u00e9m \u00e9 altamente adequado para aplica\u00e7\u00e3o em locais comerciais, como restaurantes ou caf\u00e9s, para dar um toque extra de classe \u00e0 comida.<\/li>\n\n\n\n<li><strong>Material cer\u00e2mico de alta qualidade: <\/strong>Estas formas redondas para bolos por atacado t\u00eam uma resist\u00eancia super elevada \u00e0 temperatura. N\u00e3o se deformam ou racham facilmente sob a cozedura a alta temperatura. Entretanto, a condu\u00e7\u00e3o de calor da cer\u00e2mica \u00e9 uniforme, pode uniformizar a temperatura dos alimentos para evitar a sobre-cozedura e a cozedura incompleta.<\/li>\n\n\n\n<li><strong>Tamanho perfeito:<\/strong> Estas formas redondas de cer\u00e2mica para tartes a granel, cada uma com 10 polegadas de di\u00e2metro e 7 polegadas de profundidade, t\u00eam um tamanho muito bom que satisfar\u00e1 todas as suas necessidades de cozedura. A capacidade de 1,5 litros \u00e9 perfeita para fazer tartes de tamanho m\u00e9dio ou qualquer outra iguaria cozinhada.<\/li>\n\n\n\n<li><strong>Antiaderente e f\u00e1cil de limpar: <\/strong>As formas para bolos de cer\u00e2mica de alta qualidade t\u00eam superf\u00edcies lisas e n\u00e3o s\u00e3o f\u00e1ceis de colar. Assim, ap\u00f3s a cozedura, os alimentos podem ser facilmente desmoldados. Al\u00e9m disso, a superf\u00edcie de cer\u00e2mica n\u00e3o absorve \u00f3leo nem deixa manchas dif\u00edceis. Por isso, \u00e9 f\u00e1cil de limpar, \u00e0 m\u00e3o ou na m\u00e1quina de lavar lou\u00e7a.<\/li>\n<\/ul>\n<\/div>\n\n\n\n<div class=\"wp-block-column is-layout-flow wp-block-column-is-layout-flow\">\n<figure class=\"wp-block-image size-full\"><img fetchpriority=\"high\" decoding=\"async\" width=\"1000\" height=\"1000\" src=\"https:\/\/jinhuaceramic.com\/wp-content\/uploads\/2024\/11\/Wholesale-Ceramic-Pie-Pan-Round-Baking-Dish-Custom-Bakeware-Supplies-2.webp\" alt=\"Formas de torta de cer\u00e2mica redondas a granel, Formas de cozimento de bolo por atacado-1\" class=\"wp-image-7059\" srcset=\"https:\/\/jinhuaceramic.com\/wp-content\/uploads\/2024\/11\/Wholesale-Ceramic-Pie-Pan-Round-Baking-Dish-Custom-Bakeware-Supplies-2.webp 1000w, https:\/\/jinhuaceramic.com\/wp-content\/uploads\/2024\/11\/Wholesale-Ceramic-Pie-Pan-Round-Baking-Dish-Custom-Bakeware-Supplies-2-300x300.webp 300w, https:\/\/jinhuaceramic.com\/wp-content\/uploads\/2024\/11\/Wholesale-Ceramic-Pie-Pan-Round-Baking-Dish-Custom-Bakeware-Supplies-2-150x150.webp 150w, https:\/\/jinhuaceramic.com\/wp-content\/uploads\/2024\/11\/Wholesale-Ceramic-Pie-Pan-Round-Baking-Dish-Custom-Bakeware-Supplies-2-768x768.webp 768w, https:\/\/jinhuaceramic.com\/wp-content\/uploads\/2024\/11\/Wholesale-Ceramic-Pie-Pan-Round-Baking-Dish-Custom-Bakeware-Supplies-2-12x12.webp 12w, https:\/\/jinhuaceramic.com\/wp-content\/uploads\/2024\/11\/Wholesale-Ceramic-Pie-Pan-Round-Baking-Dish-Custom-Bakeware-Supplies-2-285x285.webp 285w, https:\/\/jinhuaceramic.com\/wp-content\/uploads\/2024\/11\/Wholesale-Ceramic-Pie-Pan-Round-Baking-Dish-Custom-Bakeware-Supplies-2-270x270.webp 270w, https:\/\/jinhuaceramic.com\/wp-content\/uploads\/2024\/11\/Wholesale-Ceramic-Pie-Pan-Round-Baking-Dish-Custom-Bakeware-Supplies-2-540x540.webp 540w, https:\/\/jinhuaceramic.com\/wp-content\/uploads\/2024\/11\/Wholesale-Ceramic-Pie-Pan-Round-Baking-Dish-Custom-Bakeware-Supplies-2-660x660.webp 660w\" sizes=\"(max-width: 1000px) 100vw, 1000px\" \/><\/figure>\n<\/div>\n<\/div>","protected":false},"excerpt":{"rendered":"<p>Bem-vindo \u00e0 compra de formas de cer\u00e2mica para tartes a granel. Estas formas para bolos por atacado s\u00e3o utens\u00edlios de cozinha muito pr\u00e1ticos. As vantagens incluem resist\u00eancia a altas temperaturas, antiaderente, seguran\u00e7a e sa\u00fade, e boa apar\u00eancia. Esta forma para tartes combina perfeitamente a praticidade com a boa apar\u00eancia que n\u00e3o s\u00f3 trar\u00e1 mais divers\u00e3o \u00e0 cozedura, mas tamb\u00e9m adicionar\u00e1 uma aura de eleg\u00e2ncia \u00e0 cozinha.<\/p>","protected":false},"featured_media":7060,"comment_status":"closed","ping_status":"closed","template":"","meta":{"_acf_changed":false},"product_brand":[],"product_cat":[53],"product_tag":[70],"class_list":{"0":"post-7058","1":"product","2":"type-product","3":"status-publish","4":"has-post-thumbnail","6":"product_cat-bakeware-in-bulk","7":"product_tag-custom-pie-pans","9":"first","10":"instock","11":"shipping-taxable","12":"product-type-simple"},"acf":[],"_links":{"self":[{"href":"https:\/\/jinhuaceramic.com\/pt\/wp-json\/wp\/v2\/product\/7058","targetHints":{"allow":["GET"]}}],"collection":[{"href":"https:\/\/jinhuaceramic.com\/pt\/wp-json\/wp\/v2\/product"}],"about":[{"href":"https:\/\/jinhuaceramic.com\/pt\/wp-json\/wp\/v2\/types\/product"}],"replies":[{"embeddable":true,"href":"https:\/\/jinhuaceramic.com\/pt\/wp-json\/wp\/v2\/comments?post=7058"}],"version-history":[{"count":0,"href":"https:\/\/jinhuaceramic.com\/pt\/wp-json\/wp\/v2\/product\/7058\/revisions"}],"wp:featuredmedia":[{"embeddable":true,"href":"https:\/\/jinhuaceramic.com\/pt\/wp-json\/wp\/v2\/media\/7060"}],"wp:attachment":[{"href":"https:\/\/jinhuaceramic.com\/pt\/wp-json\/wp\/v2\/media?parent=7058"}],"wp:term":[{"taxonomy":"product_brand","embeddable":true,"href":"https:\/\/jinhuaceramic.com\/pt\/wp-json\/wp\/v2\/product_brand?post=7058"},{"taxonomy":"product_cat","embeddable":true,"href":"https:\/\/jinhuaceramic.com\/pt\/wp-json\/wp\/v2\/product_cat?post=7058"},{"taxonomy":"product_tag","embeddable":true,"href":"https:\/\/jinhuaceramic.com\/pt\/wp-json\/wp\/v2\/product_tag?post=7058"}],"curies":[{"name":"wp","href":"https:\/\/api.w.org\/{rel}","templated":true}]}}