{"id":7067,"date":"2024-11-14T03:06:07","date_gmt":"2024-11-14T03:06:07","guid":{"rendered":"https:\/\/jinhuaceramic.com\/?post_type=product&#038;p=7067"},"modified":"2024-11-14T03:06:09","modified_gmt":"2024-11-14T03:06:09","slug":"wholesale-bath-sets","status":"publish","type":"product","link":"https:\/\/jinhuaceramic.com\/pt\/product\/wholesale-bath-sets\/","title":{"rendered":"Conjuntos de banho em cer\u00e2mica, 4 pe\u00e7as Acess\u00f3rios de casa de banho a granel"},"content":{"rendered":"<div class=\"wp-block-columns is-layout-flex wp-container-core-columns-is-layout-9d6595d7 wp-block-columns-is-layout-flex\">\n<div class=\"wp-block-column is-layout-flow wp-block-column-is-layout-flow\">\n<h3 class=\"wp-block-heading\">Premium Wholesale Bath Sets\u00a0Features:<\/h3>\n\n\n\n<ul class=\"wp-block-list\">\n<li><strong>Design elegante: <\/strong>These ceramic wholesale bath sets are mainly composed of two colors, the lower part is warm light brown, this color gives people a natural and rustic feeling, and the upper part is fresh and bright white. The two colors are harmoniously matched, giving people a simple and stylish feeling, which is very suitable for creating a warm bathroom atmosphere. Meanwhile, it also gives a luxurious touch to the golden soap dispenser pump in this set.<\/li>\n\n\n\n<li><strong>Material de alta qualidade: <\/strong>High-quality raw material with natural texture and luster is used to make all these bulk bathroom accessories. Compared to the cheap plastic bathroom sets, bathroom sets made of ceramic are durable and difficult to scratch, have a smooth surface that&#8217;s easy to clean, thus keeping the bathroom tidy and hygienic; more environment-friendly, healthier.<\/li>\n\n\n\n<li><strong>Totalmente funcional: <\/strong>These wholesale bath sets are equipped with commonly used bathroom accessories, such as toothbrush cups, soap dispensers, and soap dishes that can satisfy washing every day and keep the bathroom tidy.<\/li>\n\n\n\n<li><strong>Personalization Options: <\/strong>As a manufacturer, we provide personalized customization for bulk bathroom accessories. Customers can choose customizations concerning color, size, and pattern according to their preference and obtain unique ceramic bathroom accessories sets suitable for hotels or other commercial places.<\/li>\n<\/ul>\n<\/div>\n\n\n\n<div class=\"wp-block-column is-layout-flow wp-block-column-is-layout-flow\">\n<figure class=\"wp-block-image size-full\"><img fetchpriority=\"high\" decoding=\"async\" width=\"1453\" height=\"1428\" src=\"https:\/\/jinhuaceramic.com\/wp-content\/uploads\/2024\/11\/Wholesale-Custom-4-Piece-Bathroom-Sets-Ceramic-Hotel-Accessories-Supplies.webp\" alt=\"Ceramic Wholesale Bath Sets, 4-Piece Bulk Bathroom Accessories-1\" class=\"wp-image-7071\" srcset=\"https:\/\/jinhuaceramic.com\/wp-content\/uploads\/2024\/11\/Wholesale-Custom-4-Piece-Bathroom-Sets-Ceramic-Hotel-Accessories-Supplies.webp 1453w, https:\/\/jinhuaceramic.com\/wp-content\/uploads\/2024\/11\/Wholesale-Custom-4-Piece-Bathroom-Sets-Ceramic-Hotel-Accessories-Supplies-300x295.webp 300w, https:\/\/jinhuaceramic.com\/wp-content\/uploads\/2024\/11\/Wholesale-Custom-4-Piece-Bathroom-Sets-Ceramic-Hotel-Accessories-Supplies-768x755.webp 768w, https:\/\/jinhuaceramic.com\/wp-content\/uploads\/2024\/11\/Wholesale-Custom-4-Piece-Bathroom-Sets-Ceramic-Hotel-Accessories-Supplies-12x12.webp 12w, https:\/\/jinhuaceramic.com\/wp-content\/uploads\/2024\/11\/Wholesale-Custom-4-Piece-Bathroom-Sets-Ceramic-Hotel-Accessories-Supplies-285x280.webp 285w, https:\/\/jinhuaceramic.com\/wp-content\/uploads\/2024\/11\/Wholesale-Custom-4-Piece-Bathroom-Sets-Ceramic-Hotel-Accessories-Supplies-660x649.webp 660w, https:\/\/jinhuaceramic.com\/wp-content\/uploads\/2024\/11\/Wholesale-Custom-4-Piece-Bathroom-Sets-Ceramic-Hotel-Accessories-Supplies-150x147.webp 150w\" sizes=\"(max-width: 1453px) 100vw, 1453px\" \/><\/figure>\n<\/div>\n<\/div>","protected":false},"excerpt":{"rendered":"<p>Welcome to purchase bulk bathroom accessories. These ceramic wholesale bath sets have won great popularity among the market due to their stylish design, high-quality ceramic material, and completeness in functions. A perfect combination of aesthetic and practical functions, wholesale ceramic bathroom set can enhance the overall grade of the bathroom, making it look more upscale and tasteful.<\/p>","protected":false},"featured_media":7068,"comment_status":"closed","ping_status":"closed","template":"","meta":{"_acf_changed":false},"product_brand":[],"product_cat":[51],"product_tag":[74],"class_list":{"0":"post-7067","1":"product","2":"type-product","3":"status-publish","4":"has-post-thumbnail","6":"product_cat-bathroom-accessories-wholesale","7":"product_tag-ceramic-bath-accessories-wholesale","9":"first","10":"instock","11":"shipping-taxable","12":"product-type-simple"},"acf":[],"_links":{"self":[{"href":"https:\/\/jinhuaceramic.com\/pt\/wp-json\/wp\/v2\/product\/7067","targetHints":{"allow":["GET"]}}],"collection":[{"href":"https:\/\/jinhuaceramic.com\/pt\/wp-json\/wp\/v2\/product"}],"about":[{"href":"https:\/\/jinhuaceramic.com\/pt\/wp-json\/wp\/v2\/types\/product"}],"replies":[{"embeddable":true,"href":"https:\/\/jinhuaceramic.com\/pt\/wp-json\/wp\/v2\/comments?post=7067"}],"version-history":[{"count":0,"href":"https:\/\/jinhuaceramic.com\/pt\/wp-json\/wp\/v2\/product\/7067\/revisions"}],"wp:featuredmedia":[{"embeddable":true,"href":"https:\/\/jinhuaceramic.com\/pt\/wp-json\/wp\/v2\/media\/7068"}],"wp:attachment":[{"href":"https:\/\/jinhuaceramic.com\/pt\/wp-json\/wp\/v2\/media?parent=7067"}],"wp:term":[{"taxonomy":"product_brand","embeddable":true,"href":"https:\/\/jinhuaceramic.com\/pt\/wp-json\/wp\/v2\/product_brand?post=7067"},{"taxonomy":"product_cat","embeddable":true,"href":"https:\/\/jinhuaceramic.com\/pt\/wp-json\/wp\/v2\/product_cat?post=7067"},{"taxonomy":"product_tag","embeddable":true,"href":"https:\/\/jinhuaceramic.com\/pt\/wp-json\/wp\/v2\/product_tag?post=7067"}],"curies":[{"name":"wp","href":"https:\/\/api.w.org\/{rel}","templated":true}]}}