{"id":7075,"date":"2024-11-14T02:55:22","date_gmt":"2024-11-14T02:55:22","guid":{"rendered":"https:\/\/jinhuaceramic.com\/?post_type=product&#038;p=7075"},"modified":"2025-03-10T08:57:14","modified_gmt":"2025-03-10T08:57:14","slug":"creme-brulee-ramekins-bulk","status":"publish","type":"product","link":"https:\/\/jinhuaceramic.com\/pt\/product\/creme-brulee-ramekins-bulk\/","title":{"rendered":"Ramequins de cer\u00e2mica para creme brulee a granel, Ramequins para restaurantes"},"content":{"rendered":"<div class=\"wp-block-columns is-layout-flex wp-container-core-columns-is-layout-9d6595d7 wp-block-columns-is-layout-flex\">\n<div class=\"wp-block-column is-layout-flow wp-block-column-is-layout-flow\">\n<h3 class=\"wp-block-heading\">Ramequins Premium Creme Brulee Carater\u00edsticas a granel:<\/h3>\n\n\n\n<ul class=\"wp-block-list\">\n<li><strong>Design elegante: <\/strong>A face exterior dos ramequins para creme brulee em cer\u00e2mica a granel tem um desenho de riscas, vertical e de estilo cl\u00e1ssico. Torna-os mais bonitos, ao mesmo tempo que aumenta a fric\u00e7\u00e3o para que possam ser convenientemente agarrados. S\u00e9rie de cores suaves, incluindo, mas n\u00e3o se limitando a, azul celeste, verde menta, roxo, rosa, etc. Podem ser utilizadas n\u00e3o s\u00f3 na pastelaria, mas tamb\u00e9m na decora\u00e7\u00e3o da mesa de jantar para melhorar as experi\u00eancias gastron\u00f3micas.<\/li>\n\n\n\n<li><strong>Material cer\u00e2mico de qualidade superior: <\/strong>Os nossos ramequins para restaurante com tampa s\u00e3o feitos de cer\u00e2mica de alta qualidade cozida a alta temperatura, que \u00e9 resistente ao calor, dur\u00e1vel, n\u00e3o t\u00f3xica e inofensiva, segura para o contacto com os alimentos. A superf\u00edcie lisa da cer\u00e2mica n\u00e3o adere aos alimentos e \u00e9 f\u00e1cil de limpar.<\/li>\n\n\n\n<li><strong>Versatilidade: <\/strong>Os nossos ramequins de cer\u00e2mica para creme brulee a granel com tampa podem ser usados para cozer muitos tipos de sobremesas como creme brulee, souffl\u00e9, cheesecake, etc., e tamb\u00e9m podem ser usados como ta\u00e7as de gelado, ta\u00e7as de creme ou molhos de imers\u00e3o.<\/li>\n\n\n\n<li><strong>Tampa pr\u00e1tica: <\/strong>Estes ramequins para restaurantes v\u00eam com tampas apertadas que podem efetivamente impedir que o sabor dos alimentos saia e podem tamb\u00e9m refrigerar ou aquecer os alimentos.<\/li>\n<\/ul>\n<\/div>\n\n\n\n<div class=\"wp-block-column is-layout-flow wp-block-column-is-layout-flow\">\n<figure class=\"wp-block-image size-full\"><img fetchpriority=\"high\" decoding=\"async\" width=\"800\" height=\"800\" src=\"https:\/\/jinhuaceramic.com\/wp-content\/uploads\/2024\/11\/Bulk-Ceramic-Creme-Brulee-Ramekin-With-Lid-Wholesale-Souffle-Baking-Cup-6.webp\" alt=\"Ramequins de cer\u00e2mica para creme brulee a granel, Ramequins para restaurantes-1\" class=\"wp-image-7080\" srcset=\"https:\/\/jinhuaceramic.com\/wp-content\/uploads\/2024\/11\/Bulk-Ceramic-Creme-Brulee-Ramekin-With-Lid-Wholesale-Souffle-Baking-Cup-6.webp 800w, https:\/\/jinhuaceramic.com\/wp-content\/uploads\/2024\/11\/Bulk-Ceramic-Creme-Brulee-Ramekin-With-Lid-Wholesale-Souffle-Baking-Cup-6-300x300.webp 300w, https:\/\/jinhuaceramic.com\/wp-content\/uploads\/2024\/11\/Bulk-Ceramic-Creme-Brulee-Ramekin-With-Lid-Wholesale-Souffle-Baking-Cup-6-150x150.webp 150w, https:\/\/jinhuaceramic.com\/wp-content\/uploads\/2024\/11\/Bulk-Ceramic-Creme-Brulee-Ramekin-With-Lid-Wholesale-Souffle-Baking-Cup-6-768x768.webp 768w, https:\/\/jinhuaceramic.com\/wp-content\/uploads\/2024\/11\/Bulk-Ceramic-Creme-Brulee-Ramekin-With-Lid-Wholesale-Souffle-Baking-Cup-6-12x12.webp 12w, https:\/\/jinhuaceramic.com\/wp-content\/uploads\/2024\/11\/Bulk-Ceramic-Creme-Brulee-Ramekin-With-Lid-Wholesale-Souffle-Baking-Cup-6-285x285.webp 285w, https:\/\/jinhuaceramic.com\/wp-content\/uploads\/2024\/11\/Bulk-Ceramic-Creme-Brulee-Ramekin-With-Lid-Wholesale-Souffle-Baking-Cup-6-270x270.webp 270w, https:\/\/jinhuaceramic.com\/wp-content\/uploads\/2024\/11\/Bulk-Ceramic-Creme-Brulee-Ramekin-With-Lid-Wholesale-Souffle-Baking-Cup-6-540x540.webp 540w, https:\/\/jinhuaceramic.com\/wp-content\/uploads\/2024\/11\/Bulk-Ceramic-Creme-Brulee-Ramekin-With-Lid-Wholesale-Souffle-Baking-Cup-6-660x660.webp 660w\" sizes=\"(max-width: 800px) 100vw, 800px\" \/><\/figure>\n<\/div>\n<\/div>","protected":false},"excerpt":{"rendered":"<p>Bem-vindo \u00e0 compra de ramequins para restaurantes por grosso. Estes ramequins de cer\u00e2mica para creme brulee a granel com tampas ocupam o primeiro lugar no mercado devido \u00e0s v\u00e1rias cores, ao aspeto elegante, ao material dur\u00e1vel da cer\u00e2mica e \u00e0 versatilidade. Estes ramequins n\u00e3o s\u00e3o apenas pr\u00e1ticos, mas tamb\u00e9m bonitos, tornando-se assim uma ferramenta indispens\u00e1vel na cozedura dentro de uma cozinha.<\/p>","protected":false},"featured_media":7078,"comment_status":"closed","ping_status":"closed","template":"","meta":{"_acf_changed":false},"product_brand":[],"product_cat":[53],"product_tag":[69],"class_list":{"0":"post-7075","1":"product","2":"type-product","3":"status-publish","4":"has-post-thumbnail","6":"product_cat-bakeware-in-bulk","7":"product_tag-bulk-ramekins","9":"first","10":"instock","11":"shipping-taxable","12":"product-type-simple"},"acf":[],"_links":{"self":[{"href":"https:\/\/jinhuaceramic.com\/pt\/wp-json\/wp\/v2\/product\/7075","targetHints":{"allow":["GET"]}}],"collection":[{"href":"https:\/\/jinhuaceramic.com\/pt\/wp-json\/wp\/v2\/product"}],"about":[{"href":"https:\/\/jinhuaceramic.com\/pt\/wp-json\/wp\/v2\/types\/product"}],"replies":[{"embeddable":true,"href":"https:\/\/jinhuaceramic.com\/pt\/wp-json\/wp\/v2\/comments?post=7075"}],"version-history":[{"count":0,"href":"https:\/\/jinhuaceramic.com\/pt\/wp-json\/wp\/v2\/product\/7075\/revisions"}],"wp:featuredmedia":[{"embeddable":true,"href":"https:\/\/jinhuaceramic.com\/pt\/wp-json\/wp\/v2\/media\/7078"}],"wp:attachment":[{"href":"https:\/\/jinhuaceramic.com\/pt\/wp-json\/wp\/v2\/media?parent=7075"}],"wp:term":[{"taxonomy":"product_brand","embeddable":true,"href":"https:\/\/jinhuaceramic.com\/pt\/wp-json\/wp\/v2\/product_brand?post=7075"},{"taxonomy":"product_cat","embeddable":true,"href":"https:\/\/jinhuaceramic.com\/pt\/wp-json\/wp\/v2\/product_cat?post=7075"},{"taxonomy":"product_tag","embeddable":true,"href":"https:\/\/jinhuaceramic.com\/pt\/wp-json\/wp\/v2\/product_tag?post=7075"}],"curies":[{"name":"wp","href":"https:\/\/api.w.org\/{rel}","templated":true}]}}