{"id":7100,"date":"2024-11-15T07:35:42","date_gmt":"2024-11-15T07:35:42","guid":{"rendered":"https:\/\/jinhuaceramic.com\/?post_type=product&#038;p=7100"},"modified":"2024-11-15T07:35:44","modified_gmt":"2024-11-15T07:35:44","slug":"wholesale-candle-holders","status":"publish","type":"product","link":"https:\/\/jinhuaceramic.com\/pt\/product\/wholesale-candle-holders\/","title":{"rendered":"Porta-velas por atacado, porta-velas chiques a granel"},"content":{"rendered":"<div class=\"wp-block-columns is-layout-flex wp-container-core-columns-is-layout-9d6595d7 wp-block-columns-is-layout-flex\">\n<div class=\"wp-block-column is-layout-flow wp-block-column-is-layout-flow\">\n<h3 class=\"wp-block-heading\">Casti\u00e7ais Premium por atacado Carater\u00edsticas:<\/h3>\n\n\n\n<ul class=\"wp-block-list\">\n<li><strong>V\u00e1rias formas: <\/strong>Estes casti\u00e7ais por grosso est\u00e3o dispon\u00edveis em diferentes formas. Por exemplo, h\u00e1 casti\u00e7ais em forma de anel com pegas, e alguns deles t\u00eam bordos ondulados em forma de disco simples. Devido \u00e0 diversidade no seu melhor, podem satisfazer os requisitos est\u00e9ticos de diferentes pessoas e s\u00e3o adequados a diferentes estilos de casa.<\/li>\n\n\n\n<li><strong>Estilo minimalista: <\/strong>As formas destes casti\u00e7ais a granel s\u00e3o relativamente simples e n\u00e3o s\u00e3o demasiado decorativas, dando assim uma sensa\u00e7\u00e3o de limpeza e arruma\u00e7\u00e3o \u00e0s pessoas. Este tipo de estilo de design minimalista \u00e9 muito adequado para um estilo de casa moderno e simples. Todos os casti\u00e7ais por atacado t\u00eam uma cor creme uniforme, que \u00e9 suave e capaz de criar uma atmosfera quente e acolhedora.<\/li>\n\n\n\n<li><strong>Materiais de alta qualidade:<\/strong> Estes casti\u00e7ais por atacado s\u00e3o feitos de material cer\u00e2mico de alta qualidade, textura natural e brilho; s\u00e3o suaves ao toque. Entretanto, tem um bom desempenho de resist\u00eancia a altas temperaturas e \u00e9 f\u00e1cil de limpar.<\/li>\n\n\n\n<li><strong>Forte car\u00e1cter pr\u00e1tico: <\/strong>O design da pega destes casti\u00e7ais a granel foi concebido para ser muito f\u00e1cil de utilizar, f\u00e1cil de mover e colocar. O casti\u00e7al em forma de disco pode segurar a vela de forma est\u00e1vel sem cair. O tamanho dos casti\u00e7ais \u00e9 relativamente pequeno e n\u00e3o ocupa muito espa\u00e7o; por conseguinte, podem ser colocados em qualquer tamanho de secret\u00e1ria.<\/li>\n<\/ul>\n<\/div>\n\n\n\n<div class=\"wp-block-column is-layout-flow wp-block-column-is-layout-flow\">\n<figure class=\"wp-block-image size-full\"><img fetchpriority=\"high\" decoding=\"async\" width=\"800\" height=\"800\" src=\"https:\/\/jinhuaceramic.com\/wp-content\/uploads\/2024\/11\/Various-Custom-Candle-Holders-Wholesale-Ceramic-Candlesticks-In-Bulk-6.webp\" alt=\"Porta-velas por atacado, porta-velas chiques a granel-1\" class=\"wp-image-7105\" srcset=\"https:\/\/jinhuaceramic.com\/wp-content\/uploads\/2024\/11\/Various-Custom-Candle-Holders-Wholesale-Ceramic-Candlesticks-In-Bulk-6.webp 800w, https:\/\/jinhuaceramic.com\/wp-content\/uploads\/2024\/11\/Various-Custom-Candle-Holders-Wholesale-Ceramic-Candlesticks-In-Bulk-6-300x300.webp 300w, https:\/\/jinhuaceramic.com\/wp-content\/uploads\/2024\/11\/Various-Custom-Candle-Holders-Wholesale-Ceramic-Candlesticks-In-Bulk-6-150x150.webp 150w, https:\/\/jinhuaceramic.com\/wp-content\/uploads\/2024\/11\/Various-Custom-Candle-Holders-Wholesale-Ceramic-Candlesticks-In-Bulk-6-768x768.webp 768w, https:\/\/jinhuaceramic.com\/wp-content\/uploads\/2024\/11\/Various-Custom-Candle-Holders-Wholesale-Ceramic-Candlesticks-In-Bulk-6-12x12.webp 12w, https:\/\/jinhuaceramic.com\/wp-content\/uploads\/2024\/11\/Various-Custom-Candle-Holders-Wholesale-Ceramic-Candlesticks-In-Bulk-6-285x285.webp 285w, https:\/\/jinhuaceramic.com\/wp-content\/uploads\/2024\/11\/Various-Custom-Candle-Holders-Wholesale-Ceramic-Candlesticks-In-Bulk-6-270x270.webp 270w, https:\/\/jinhuaceramic.com\/wp-content\/uploads\/2024\/11\/Various-Custom-Candle-Holders-Wholesale-Ceramic-Candlesticks-In-Bulk-6-540x540.webp 540w, https:\/\/jinhuaceramic.com\/wp-content\/uploads\/2024\/11\/Various-Custom-Candle-Holders-Wholesale-Ceramic-Candlesticks-In-Bulk-6-660x660.webp 660w\" sizes=\"(max-width: 800px) 100vw, 800px\" \/><\/figure>\n<\/div>\n<\/div>","protected":false},"excerpt":{"rendered":"<p>Bem-vindo ao comprar casti\u00e7ais a granel. Estes casti\u00e7ais por atacado v\u00eam numa variedade de formas, estilo simples, com alta qualidade de material cer\u00e2mico e funcionalidade. O design do casti\u00e7al combina de forma inteligente a est\u00e9tica com o car\u00e1cter pr\u00e1tico. Podem ser utilizados como decora\u00e7\u00e3o de casa e satisfazer as necessidades reais de coloca\u00e7\u00e3o de velas perfumadas.<\/p>","protected":false},"featured_media":7106,"comment_status":"closed","ping_status":"closed","template":"","meta":{"_acf_changed":false},"product_brand":[],"product_cat":[52],"product_tag":[68],"class_list":{"0":"post-7100","1":"product","2":"type-product","3":"status-publish","4":"has-post-thumbnail","6":"product_cat-wholesale-candle-containers","7":"product_tag-ceramic-candlesticks-bulk","9":"first","10":"instock","11":"shipping-taxable","12":"product-type-simple"},"acf":[],"_links":{"self":[{"href":"https:\/\/jinhuaceramic.com\/pt\/wp-json\/wp\/v2\/product\/7100","targetHints":{"allow":["GET"]}}],"collection":[{"href":"https:\/\/jinhuaceramic.com\/pt\/wp-json\/wp\/v2\/product"}],"about":[{"href":"https:\/\/jinhuaceramic.com\/pt\/wp-json\/wp\/v2\/types\/product"}],"replies":[{"embeddable":true,"href":"https:\/\/jinhuaceramic.com\/pt\/wp-json\/wp\/v2\/comments?post=7100"}],"version-history":[{"count":0,"href":"https:\/\/jinhuaceramic.com\/pt\/wp-json\/wp\/v2\/product\/7100\/revisions"}],"wp:featuredmedia":[{"embeddable":true,"href":"https:\/\/jinhuaceramic.com\/pt\/wp-json\/wp\/v2\/media\/7106"}],"wp:attachment":[{"href":"https:\/\/jinhuaceramic.com\/pt\/wp-json\/wp\/v2\/media?parent=7100"}],"wp:term":[{"taxonomy":"product_brand","embeddable":true,"href":"https:\/\/jinhuaceramic.com\/pt\/wp-json\/wp\/v2\/product_brand?post=7100"},{"taxonomy":"product_cat","embeddable":true,"href":"https:\/\/jinhuaceramic.com\/pt\/wp-json\/wp\/v2\/product_cat?post=7100"},{"taxonomy":"product_tag","embeddable":true,"href":"https:\/\/jinhuaceramic.com\/pt\/wp-json\/wp\/v2\/product_tag?post=7100"}],"curies":[{"name":"wp","href":"https:\/\/api.w.org\/{rel}","templated":true}]}}