{"id":7120,"date":"2024-11-16T01:38:12","date_gmt":"2024-11-16T01:38:12","guid":{"rendered":"https:\/\/jinhuaceramic.com\/?post_type=product&#038;p=7120"},"modified":"2024-11-16T01:38:14","modified_gmt":"2024-11-16T01:38:14","slug":"soap-dishes-wholesale","status":"publish","type":"product","link":"https:\/\/jinhuaceramic.com\/pt\/product\/soap-dishes-wholesale\/","title":{"rendered":"Saboneteiras de cer\u00e2mica com folha de l\u00f3tus por atacado, saboneteiras de banheira a granel"},"content":{"rendered":"<div class=\"wp-block-columns is-layout-flex wp-container-core-columns-is-layout-9d6595d7 wp-block-columns-is-layout-flex\">\n<div class=\"wp-block-column is-layout-flow wp-block-column-is-layout-flow\">\n<h3 class=\"wp-block-heading\">Pratos de sab\u00e3o Premium por atacado Carater\u00edsticas:<\/h3>\n\n\n\n<ul class=\"wp-block-list\">\n<li><strong>Forma de folha de l\u00f3tus:<\/strong> A forma de uma folha de l\u00f3tus \u00e9 utilizada como inspira\u00e7\u00e3o de design para estas saboneteiras por atacado. Com linhas claras nas folhas, tem bordas onduladas, o que torna o design muito realista. Tornaria a saboneteira mais viva e interessante, acrescentando-lhe frescura quando esta natureza \u00e9 integrada. Os rebordos da saboneteira s\u00e3o dourados, o que aumenta o requinte da saboneteira, conferindo um toque de luxo ao produto e dando-lhe um aspeto de classe alta.<\/li>\n\n\n\n<li><strong>V\u00e1rias cores: <\/strong>Estas saboneteiras de cer\u00e2mica para banheiras est\u00e3o dispon\u00edveis em v\u00e1rias cores suaves como o verde, o rosa, o azul, etc., e em luxuosas cores prateadas e douradas. Estas cores n\u00e3o s\u00f3 d\u00e3o um toque de cor viva \u00e0 casa de banho, como tamb\u00e9m criam uma atmosfera de calor e aconchego.<\/li>\n\n\n\n<li><strong>Material cer\u00e2mico de alta qualidade: <\/strong>Estas saboneteiras por atacado s\u00e3o fabricadas em material cer\u00e2mico resistente a altas temperaturas, \u00e0 corros\u00e3o e facilmente lav\u00e1vel. Muito adequadas para serem utilizadas no ambiente da casa de banho. A saboneteira de cer\u00e2mica \u00e9 um tipo de produto ecol\u00f3gico e reutiliz\u00e1vel, que pode reduzir a utiliza\u00e7\u00e3o de produtos de pl\u00e1stico.<\/li>\n\n\n\n<li><strong>Fun\u00e7\u00e3o de drenagem: <\/strong>Estas saboneteiras de banheira em folha de l\u00f3tus t\u00eam orif\u00edcios de drenagem especiais que drenam eficazmente a humidade do sab\u00e3o para que este n\u00e3o fique mole, o que prolonga a sua vida \u00fatil.<\/li>\n<\/ul>\n<\/div>\n\n\n\n<div class=\"wp-block-column is-layout-flow wp-block-column-is-layout-flow\">\n<figure class=\"wp-block-image size-full\"><img fetchpriority=\"high\" decoding=\"async\" width=\"1001\" height=\"1001\" src=\"https:\/\/jinhuaceramic.com\/wp-content\/uploads\/2024\/11\/Bulk-Ceramic-Lotus-Leaf-Soap-Dishes-Wholesale-Bathroom-Accessories-Supplies_\u7ed3\u679c.webp\" alt=\"Saboneteiras de cer\u00e2mica com folha de l\u00f3tus por atacado, saboneteiras de banheira a granel-1\" class=\"wp-image-7128\" srcset=\"https:\/\/jinhuaceramic.com\/wp-content\/uploads\/2024\/11\/Bulk-Ceramic-Lotus-Leaf-Soap-Dishes-Wholesale-Bathroom-Accessories-Supplies_\u7ed3\u679c.webp 1001w, https:\/\/jinhuaceramic.com\/wp-content\/uploads\/2024\/11\/Bulk-Ceramic-Lotus-Leaf-Soap-Dishes-Wholesale-Bathroom-Accessories-Supplies_\u7ed3\u679c-300x300.webp 300w, https:\/\/jinhuaceramic.com\/wp-content\/uploads\/2024\/11\/Bulk-Ceramic-Lotus-Leaf-Soap-Dishes-Wholesale-Bathroom-Accessories-Supplies_\u7ed3\u679c-150x150.webp 150w, https:\/\/jinhuaceramic.com\/wp-content\/uploads\/2024\/11\/Bulk-Ceramic-Lotus-Leaf-Soap-Dishes-Wholesale-Bathroom-Accessories-Supplies_\u7ed3\u679c-768x768.webp 768w, https:\/\/jinhuaceramic.com\/wp-content\/uploads\/2024\/11\/Bulk-Ceramic-Lotus-Leaf-Soap-Dishes-Wholesale-Bathroom-Accessories-Supplies_\u7ed3\u679c-12x12.webp 12w, https:\/\/jinhuaceramic.com\/wp-content\/uploads\/2024\/11\/Bulk-Ceramic-Lotus-Leaf-Soap-Dishes-Wholesale-Bathroom-Accessories-Supplies_\u7ed3\u679c-285x285.webp 285w, https:\/\/jinhuaceramic.com\/wp-content\/uploads\/2024\/11\/Bulk-Ceramic-Lotus-Leaf-Soap-Dishes-Wholesale-Bathroom-Accessories-Supplies_\u7ed3\u679c-270x270.webp 270w, https:\/\/jinhuaceramic.com\/wp-content\/uploads\/2024\/11\/Bulk-Ceramic-Lotus-Leaf-Soap-Dishes-Wholesale-Bathroom-Accessories-Supplies_\u7ed3\u679c-540x540.webp 540w, https:\/\/jinhuaceramic.com\/wp-content\/uploads\/2024\/11\/Bulk-Ceramic-Lotus-Leaf-Soap-Dishes-Wholesale-Bathroom-Accessories-Supplies_\u7ed3\u679c-660x660.webp 660w\" sizes=\"(max-width: 1001px) 100vw, 1001px\" \/><\/figure>\n<\/div>\n<\/div>","protected":false},"excerpt":{"rendered":"<p>Bem-vindo \u00e0 compra de saboneteiras para banheira a granel. Estas saboneteiras de folha de l\u00f3tus por atacado s\u00e3o pr\u00e1ticas e bonitas, pelo que s\u00e3o um dos artigos essenciais na casa de banho. Eles n\u00e3o s\u00f3 podem colocar sab\u00e3o para mant\u00ea-los secos, mas tamb\u00e9m podem decorar o banheiro e torn\u00e1-lo quente e aconchegante.<\/p>","protected":false},"featured_media":7126,"comment_status":"closed","ping_status":"closed","template":"","meta":{"_acf_changed":false},"product_brand":[],"product_cat":[51],"product_tag":[72],"class_list":{"0":"post-7120","1":"product","2":"type-product","3":"status-publish","4":"has-post-thumbnail","6":"product_cat-bathroom-accessories-wholesale","7":"product_tag-wholesale-soap-dishes","9":"first","10":"instock","11":"shipping-taxable","12":"product-type-simple"},"acf":[],"_links":{"self":[{"href":"https:\/\/jinhuaceramic.com\/pt\/wp-json\/wp\/v2\/product\/7120","targetHints":{"allow":["GET"]}}],"collection":[{"href":"https:\/\/jinhuaceramic.com\/pt\/wp-json\/wp\/v2\/product"}],"about":[{"href":"https:\/\/jinhuaceramic.com\/pt\/wp-json\/wp\/v2\/types\/product"}],"replies":[{"embeddable":true,"href":"https:\/\/jinhuaceramic.com\/pt\/wp-json\/wp\/v2\/comments?post=7120"}],"version-history":[{"count":0,"href":"https:\/\/jinhuaceramic.com\/pt\/wp-json\/wp\/v2\/product\/7120\/revisions"}],"wp:featuredmedia":[{"embeddable":true,"href":"https:\/\/jinhuaceramic.com\/pt\/wp-json\/wp\/v2\/media\/7126"}],"wp:attachment":[{"href":"https:\/\/jinhuaceramic.com\/pt\/wp-json\/wp\/v2\/media?parent=7120"}],"wp:term":[{"taxonomy":"product_brand","embeddable":true,"href":"https:\/\/jinhuaceramic.com\/pt\/wp-json\/wp\/v2\/product_brand?post=7120"},{"taxonomy":"product_cat","embeddable":true,"href":"https:\/\/jinhuaceramic.com\/pt\/wp-json\/wp\/v2\/product_cat?post=7120"},{"taxonomy":"product_tag","embeddable":true,"href":"https:\/\/jinhuaceramic.com\/pt\/wp-json\/wp\/v2\/product_tag?post=7120"}],"curies":[{"name":"wp","href":"https:\/\/api.w.org\/{rel}","templated":true}]}}