{"id":7137,"date":"2024-11-21T02:21:09","date_gmt":"2024-11-21T02:21:09","guid":{"rendered":"https:\/\/jinhuaceramic.com\/?post_type=product&#038;p=7137"},"modified":"2025-03-11T07:59:15","modified_gmt":"2025-03-11T07:59:15","slug":"professional-bakeware-supplies","status":"publish","type":"product","link":"https:\/\/jinhuaceramic.com\/pt\/product\/professional-bakeware-supplies\/","title":{"rendered":"Material profissional para pastelaria, pastelaria de cer\u00e2mica por grosso"},"content":{"rendered":"<div class=\"wp-block-columns is-layout-flex wp-container-core-columns-is-layout-9d6595d7 wp-block-columns-is-layout-flex\">\n<div class=\"wp-block-column is-layout-flow wp-block-column-is-layout-flow\">\n<h3 class=\"wp-block-heading\">Material para pastelaria profissional de qualidade superior Carater\u00edsticas:<\/h3>\n\n\n\n<ul class=\"wp-block-list\">\n<li><strong>Design minimalista:<\/strong> Estes artigos profissionais de cer\u00e2mica para pastelaria por atacado s\u00e3o concebidos num estilo minimalista com um aspeto branco puro, simples mas elegante. Combinam com qualquer tipo de cozinha e tornam as cores dos alimentos mais apresent\u00e1veis. Existem dois sulcos horizontais no exterior da assadeira, que acrescentam algumas texturas \u00e0 assadeira e aumentam a ader\u00eancia.<\/li>\n\n\n\n<li><strong>Material cer\u00e2mico de qualidade superior: <\/strong>Estes pratos de cer\u00e2mica para assar por atacado s\u00e3o \u00f3ptimos na transfer\u00eancia de calor e na manuten\u00e7\u00e3o do calor no interior, o que pode fazer com que os alimentos aque\u00e7am uniformemente e mantenham uma temperatura elevada durante bastante tempo. Al\u00e9m disso, o material cer\u00e2mico adapta-se muito bem \u00e0 cozedura, pois \u00e9 resistente a \u00e1cidos, \u00e1lcalis e altas temperaturas.<\/li>\n\n\n\n<li><strong>V\u00e1rios tamanhos: <\/strong>Estes artigos profissionais de cer\u00e2mica para pastelaria est\u00e3o dispon\u00edveis por grosso, cada um contendo 3 pratos de pastelaria de diferentes tamanhos para satisfazer v\u00e1rias necessidades de pastelaria. Podem ser utilizados para cozer tartes, bolos, p\u00e3o, etc., bem como para prepara\u00e7\u00f5es como frango assado, legumes assados e lasanha.<\/li>\n\n\n\n<li><strong>Pega pr\u00e1tica e empilh\u00e1vel: <\/strong>Estes pratos de cer\u00e2mica para assar por atacado s\u00e3o fornecidos com duas m\u00e3os para uma transfer\u00eancia conveniente do forno para a mesa. Quando n\u00e3o est\u00e3o a ser utilizados, os tr\u00eas tamanhos empilham-se facilmente para poupar espa\u00e7o valioso no arm\u00e1rio.<\/li>\n<\/ul>\n<\/div>\n\n\n\n<div class=\"wp-block-column is-layout-flow wp-block-column-is-layout-flow\">\n<figure class=\"wp-block-image size-full\"><img fetchpriority=\"high\" decoding=\"async\" width=\"744\" height=\"744\" src=\"https:\/\/jinhuaceramic.com\/wp-content\/uploads\/2024\/11\/Wholesale-Custom-Ceramic-Baking-Dish-Set-Professional-Bakeware-Supplies-2_\u7ed3\u679c.webp\" alt=\"Atacado-Custom-Ceramic-Baking-Dish-Set-Professional-Bakeware-Supplies\" class=\"wp-image-7138\" srcset=\"https:\/\/jinhuaceramic.com\/wp-content\/uploads\/2024\/11\/Wholesale-Custom-Ceramic-Baking-Dish-Set-Professional-Bakeware-Supplies-2_\u7ed3\u679c.webp 744w, https:\/\/jinhuaceramic.com\/wp-content\/uploads\/2024\/11\/Wholesale-Custom-Ceramic-Baking-Dish-Set-Professional-Bakeware-Supplies-2_\u7ed3\u679c-300x300.webp 300w, https:\/\/jinhuaceramic.com\/wp-content\/uploads\/2024\/11\/Wholesale-Custom-Ceramic-Baking-Dish-Set-Professional-Bakeware-Supplies-2_\u7ed3\u679c-150x150.webp 150w, https:\/\/jinhuaceramic.com\/wp-content\/uploads\/2024\/11\/Wholesale-Custom-Ceramic-Baking-Dish-Set-Professional-Bakeware-Supplies-2_\u7ed3\u679c-12x12.webp 12w, https:\/\/jinhuaceramic.com\/wp-content\/uploads\/2024\/11\/Wholesale-Custom-Ceramic-Baking-Dish-Set-Professional-Bakeware-Supplies-2_\u7ed3\u679c-285x285.webp 285w, https:\/\/jinhuaceramic.com\/wp-content\/uploads\/2024\/11\/Wholesale-Custom-Ceramic-Baking-Dish-Set-Professional-Bakeware-Supplies-2_\u7ed3\u679c-270x270.webp 270w, https:\/\/jinhuaceramic.com\/wp-content\/uploads\/2024\/11\/Wholesale-Custom-Ceramic-Baking-Dish-Set-Professional-Bakeware-Supplies-2_\u7ed3\u679c-540x540.webp 540w, https:\/\/jinhuaceramic.com\/wp-content\/uploads\/2024\/11\/Wholesale-Custom-Ceramic-Baking-Dish-Set-Professional-Bakeware-Supplies-2_\u7ed3\u679c-660x660.webp 660w\" sizes=\"(max-width: 744px) 100vw, 744px\" \/><\/figure>\n<\/div>\n<\/div>","protected":false},"excerpt":{"rendered":"<p>Bem-vindo ao comprar material profissional para pastelaria. Estas placas de cer\u00e2mica para pastelaria por grosso t\u00eam v\u00e1rias vantagens: design minimalista e elegante, material de cer\u00e2mica dur\u00e1vel, pegas pr\u00e1ticas, design empilh\u00e1vel, versatilidade, etc. A est\u00e9tica combina-se com o car\u00e1cter pr\u00e1tico, tornando os conjuntos de pastelaria uma ferramenta de pastelaria indispens\u00e1vel na cozinha.<\/p>","protected":false},"featured_media":7141,"comment_status":"closed","ping_status":"closed","template":"","meta":{"_acf_changed":false},"product_brand":[],"product_cat":[53],"product_tag":[],"class_list":{"0":"post-7137","1":"product","2":"type-product","3":"status-publish","4":"has-post-thumbnail","6":"product_cat-bakeware-in-bulk","8":"first","9":"instock","10":"shipping-taxable","11":"product-type-simple"},"acf":[],"_links":{"self":[{"href":"https:\/\/jinhuaceramic.com\/pt\/wp-json\/wp\/v2\/product\/7137","targetHints":{"allow":["GET"]}}],"collection":[{"href":"https:\/\/jinhuaceramic.com\/pt\/wp-json\/wp\/v2\/product"}],"about":[{"href":"https:\/\/jinhuaceramic.com\/pt\/wp-json\/wp\/v2\/types\/product"}],"replies":[{"embeddable":true,"href":"https:\/\/jinhuaceramic.com\/pt\/wp-json\/wp\/v2\/comments?post=7137"}],"version-history":[{"count":0,"href":"https:\/\/jinhuaceramic.com\/pt\/wp-json\/wp\/v2\/product\/7137\/revisions"}],"wp:featuredmedia":[{"embeddable":true,"href":"https:\/\/jinhuaceramic.com\/pt\/wp-json\/wp\/v2\/media\/7141"}],"wp:attachment":[{"href":"https:\/\/jinhuaceramic.com\/pt\/wp-json\/wp\/v2\/media?parent=7137"}],"wp:term":[{"taxonomy":"product_brand","embeddable":true,"href":"https:\/\/jinhuaceramic.com\/pt\/wp-json\/wp\/v2\/product_brand?post=7137"},{"taxonomy":"product_cat","embeddable":true,"href":"https:\/\/jinhuaceramic.com\/pt\/wp-json\/wp\/v2\/product_cat?post=7137"},{"taxonomy":"product_tag","embeddable":true,"href":"https:\/\/jinhuaceramic.com\/pt\/wp-json\/wp\/v2\/product_tag?post=7137"}],"curies":[{"name":"wp","href":"https:\/\/api.w.org\/{rel}","templated":true}]}}