{"id":7148,"date":"2024-11-21T02:30:36","date_gmt":"2024-11-21T02:30:36","guid":{"rendered":"https:\/\/jinhuaceramic.com\/?post_type=product&#038;p=7148"},"modified":"2025-03-10T09:13:35","modified_gmt":"2025-03-10T09:13:35","slug":"customized-bakeware","status":"publish","type":"product","link":"https:\/\/jinhuaceramic.com\/pt\/product\/customized-bakeware\/","title":{"rendered":"Bakeware personalizado, pratos de cer\u00e2mica antiaderente para assar por atacado"},"content":{"rendered":"<div class=\"wp-block-columns is-layout-flex wp-container-core-columns-is-layout-9d6595d7 wp-block-columns-is-layout-flex\">\n<div class=\"wp-block-column is-layout-flow wp-block-column-is-layout-flow\">\n<h3 class=\"wp-block-heading\">Bakeware personalizado Premium Carater\u00edsticas:<\/h3>\n\n\n\n<ul class=\"wp-block-list\">\n<li><strong>Design elegante: <\/strong>O design delicado \u00e9 feito de uma fina decora\u00e7\u00e3o em relevo na superf\u00edcie da assadeira personalizada, que real\u00e7a n\u00e3o s\u00f3 a beleza da assadeira, mas tamb\u00e9m o seu valor art\u00edstico. Estes padr\u00f5es em relevo s\u00e3o decorados com padr\u00f5es tradicionais de plantas que conferem \u00e0s assadeiras personalidade e um sabor especial.<\/li>\n\n\n\n<li><strong>Material cer\u00e2mico de alta qualidade: <\/strong>Estes conjuntos de assadeiras personalizadas s\u00e3o feitos de cer\u00e2mica castanha escura, que pode conduzir o calor uniformemente para garantir uma cozedura uniforme. Al\u00e9m disso, o material cer\u00e2mico \u00e9 altamente dur\u00e1vel e resistente \u00e0 corros\u00e3o, melhorando a vida \u00fatil dos pratos de cozedura.<\/li>\n\n\n\n<li><strong>V\u00e1rios tamanhos: <\/strong>Esta assadeira de cer\u00e2mica por atacado tem tr\u00eas tamanhos, de grande a pequeno, para que possa aproveitar as necessidades de diferentes produtos de pastelaria, quer seja para uma grande reuni\u00e3o familiar ou apenas para uma pequena escala de refei\u00e7\u00f5es. Quando n\u00e3o est\u00e3o a ser utilizadas, as assadeiras podem ser empilhadas para poupar espa\u00e7o no arm\u00e1rio.<\/li>\n\n\n\n<li><strong>Venda por grosso e personaliza\u00e7\u00e3o:<\/strong> Como fabricante, oferecemos servi\u00e7os por atacado e personalizados para assadeiras de cer\u00e2mica. As compras por atacado de assadeiras de cer\u00e2mica por atacado podem reduzir muito o custo de aquisi\u00e7\u00e3o, mantendo o fornecimento do produto est\u00e1vel e ininterrupto. Os servi\u00e7os personalizados atendem \u00e0s necessidades personalizadas dos clientes em tamanho, padr\u00e3o, estilo, etc., tornando os bakeware mais adequados \u00e0 sua imagem de marca e estrat\u00e9gia de marketing.<\/li>\n<\/ul>\n<\/div>\n\n\n\n<div class=\"wp-block-column is-layout-flow wp-block-column-is-layout-flow\">\n<figure class=\"wp-block-image size-full\"><img fetchpriority=\"high\" decoding=\"async\" width=\"1024\" height=\"1024\" src=\"https:\/\/jinhuaceramic.com\/wp-content\/uploads\/2024\/11\/Kitchen-Custom-Non-Stick-Bakeware-Set-Ceramic-Baking-Dishes-Wholesale_\u7ed3\u679c.webp\" alt=\"Assadeiras personalizadas, pratos de cer\u00e2mica antiaderente para assar por atacado-1\" class=\"wp-image-7153\" srcset=\"https:\/\/jinhuaceramic.com\/wp-content\/uploads\/2024\/11\/Kitchen-Custom-Non-Stick-Bakeware-Set-Ceramic-Baking-Dishes-Wholesale_\u7ed3\u679c.webp 1024w, https:\/\/jinhuaceramic.com\/wp-content\/uploads\/2024\/11\/Kitchen-Custom-Non-Stick-Bakeware-Set-Ceramic-Baking-Dishes-Wholesale_\u7ed3\u679c-300x300.webp 300w, https:\/\/jinhuaceramic.com\/wp-content\/uploads\/2024\/11\/Kitchen-Custom-Non-Stick-Bakeware-Set-Ceramic-Baking-Dishes-Wholesale_\u7ed3\u679c-150x150.webp 150w, https:\/\/jinhuaceramic.com\/wp-content\/uploads\/2024\/11\/Kitchen-Custom-Non-Stick-Bakeware-Set-Ceramic-Baking-Dishes-Wholesale_\u7ed3\u679c-768x768.webp 768w, https:\/\/jinhuaceramic.com\/wp-content\/uploads\/2024\/11\/Kitchen-Custom-Non-Stick-Bakeware-Set-Ceramic-Baking-Dishes-Wholesale_\u7ed3\u679c-12x12.webp 12w, https:\/\/jinhuaceramic.com\/wp-content\/uploads\/2024\/11\/Kitchen-Custom-Non-Stick-Bakeware-Set-Ceramic-Baking-Dishes-Wholesale_\u7ed3\u679c-285x285.webp 285w, https:\/\/jinhuaceramic.com\/wp-content\/uploads\/2024\/11\/Kitchen-Custom-Non-Stick-Bakeware-Set-Ceramic-Baking-Dishes-Wholesale_\u7ed3\u679c-270x270.webp 270w, https:\/\/jinhuaceramic.com\/wp-content\/uploads\/2024\/11\/Kitchen-Custom-Non-Stick-Bakeware-Set-Ceramic-Baking-Dishes-Wholesale_\u7ed3\u679c-540x540.webp 540w, https:\/\/jinhuaceramic.com\/wp-content\/uploads\/2024\/11\/Kitchen-Custom-Non-Stick-Bakeware-Set-Ceramic-Baking-Dishes-Wholesale_\u7ed3\u679c-660x660.webp 660w\" sizes=\"(max-width: 1024px) 100vw, 1024px\" \/><\/figure>\n<\/div>\n<\/div>","protected":false},"excerpt":{"rendered":"<p>Bem-vindo \u00e0 compra de assadeiras personalizadas. Nosso atacado de assadeira de cer\u00e2mica tem uma variedade de op\u00e7\u00f5es de tamanho, material cer\u00e2mico de alta qualidade, design elegante e as vantagens de combinar atacado e personaliza\u00e7\u00e3o, trazendo grande comodidade e beleza para assar e servir. Bem-vindo ao inqu\u00e9rito\uff01<\/p>","protected":false},"featured_media":7149,"comment_status":"closed","ping_status":"closed","template":"","meta":{"_acf_changed":false},"product_brand":[],"product_cat":[53],"product_tag":[],"class_list":{"0":"post-7148","1":"product","2":"type-product","3":"status-publish","4":"has-post-thumbnail","6":"product_cat-bakeware-in-bulk","8":"first","9":"instock","10":"shipping-taxable","11":"product-type-simple"},"acf":[],"_links":{"self":[{"href":"https:\/\/jinhuaceramic.com\/pt\/wp-json\/wp\/v2\/product\/7148","targetHints":{"allow":["GET"]}}],"collection":[{"href":"https:\/\/jinhuaceramic.com\/pt\/wp-json\/wp\/v2\/product"}],"about":[{"href":"https:\/\/jinhuaceramic.com\/pt\/wp-json\/wp\/v2\/types\/product"}],"replies":[{"embeddable":true,"href":"https:\/\/jinhuaceramic.com\/pt\/wp-json\/wp\/v2\/comments?post=7148"}],"version-history":[{"count":0,"href":"https:\/\/jinhuaceramic.com\/pt\/wp-json\/wp\/v2\/product\/7148\/revisions"}],"wp:featuredmedia":[{"embeddable":true,"href":"https:\/\/jinhuaceramic.com\/pt\/wp-json\/wp\/v2\/media\/7149"}],"wp:attachment":[{"href":"https:\/\/jinhuaceramic.com\/pt\/wp-json\/wp\/v2\/media?parent=7148"}],"wp:term":[{"taxonomy":"product_brand","embeddable":true,"href":"https:\/\/jinhuaceramic.com\/pt\/wp-json\/wp\/v2\/product_brand?post=7148"},{"taxonomy":"product_cat","embeddable":true,"href":"https:\/\/jinhuaceramic.com\/pt\/wp-json\/wp\/v2\/product_cat?post=7148"},{"taxonomy":"product_tag","embeddable":true,"href":"https:\/\/jinhuaceramic.com\/pt\/wp-json\/wp\/v2\/product_tag?post=7148"}],"curies":[{"name":"wp","href":"https:\/\/api.w.org\/{rel}","templated":true}]}}