{"id":7162,"date":"2024-11-21T02:38:56","date_gmt":"2024-11-21T02:38:56","guid":{"rendered":"https:\/\/jinhuaceramic.com\/?post_type=product&#038;p=7162"},"modified":"2024-11-21T02:39:06","modified_gmt":"2024-11-21T02:39:06","slug":"bulk-hand-soap-dispenser","status":"publish","type":"product","link":"https:\/\/jinhuaceramic.com\/pt\/product\/bulk-hand-soap-dispenser\/","title":{"rendered":"Distribuidor de sab\u00e3o a granel em forma de concha, frascos de sab\u00e3o de cer\u00e2mica por atacado"},"content":{"rendered":"<div class=\"wp-block-columns is-layout-flex wp-container-core-columns-is-layout-9d6595d7 wp-block-columns-is-layout-flex\">\n<div class=\"wp-block-column is-layout-flow wp-block-column-is-layout-flow\">\n<h3 class=\"wp-block-heading\">Premium Bulk Hand Soap Dispenser\u00a0Features:<\/h3>\n\n\n\n<ul class=\"wp-block-list\">\n<li><strong>Innovative Shape: <\/strong>These bulk hand soap dispensers feature creative shell shapes, meticulously imitating the texture and curves of shells, introducing marine elements into the bathroom, creating a relaxing and pleasant atmosphere, and adding natural beauty to the bathroom.<\/li>\n\n\n\n<li><strong>Cores suaves: <\/strong>These ceramic wholesale soap dispensers are available in pink and white, both of which are common shell colors. These soft tones give people a warm and comfortable feeling, which is very suitable for bathroom environments. The gold and silver pump heads add the luxurious sense to the soap dispensers, which make the product more layered.<\/li>\n\n\n\n<li><strong>Material cer\u00e2mico de alta qualidade:<\/strong> Fired at high temperature, these bulk hand soap dispensers are made of high-quality ceramic material, sturdy and durable, waterproof and anti-corrosion, the surface is smooth and delicate, easy to clean and keep the bathroom hygienic.<\/li>\n\n\n\n<li><strong>Praticidade: <\/strong>These wholesale soap dispensers can be put in the kitchen or bathroom for dispensing liquids such as hand soaps, lotions, shampoos, or shower gels, convenient to use and keeping the sink clean. The pump head is of a simple design, smooth to press, and very smooth to use.<\/li>\n<\/ul>\n<\/div>\n\n\n\n<div class=\"wp-block-column is-layout-flow wp-block-column-is-layout-flow\">\n<figure class=\"wp-block-image size-full\"><img fetchpriority=\"high\" decoding=\"async\" width=\"800\" height=\"800\" src=\"https:\/\/jinhuaceramic.com\/wp-content\/uploads\/2024\/11\/Custom-Shell-Shaped-Hand-Soap-Dispenser-Ceramic-Bathroom-Accessories-Wholesale_\u7ed3\u679c.webp\" alt=\"Shell Shaped Bulk Hand Soap Dispenser, Ceramic Soap Bottles Wholesale-1\" class=\"wp-image-7167\" srcset=\"https:\/\/jinhuaceramic.com\/wp-content\/uploads\/2024\/11\/Custom-Shell-Shaped-Hand-Soap-Dispenser-Ceramic-Bathroom-Accessories-Wholesale_\u7ed3\u679c.webp 800w, https:\/\/jinhuaceramic.com\/wp-content\/uploads\/2024\/11\/Custom-Shell-Shaped-Hand-Soap-Dispenser-Ceramic-Bathroom-Accessories-Wholesale_\u7ed3\u679c-300x300.webp 300w, https:\/\/jinhuaceramic.com\/wp-content\/uploads\/2024\/11\/Custom-Shell-Shaped-Hand-Soap-Dispenser-Ceramic-Bathroom-Accessories-Wholesale_\u7ed3\u679c-150x150.webp 150w, https:\/\/jinhuaceramic.com\/wp-content\/uploads\/2024\/11\/Custom-Shell-Shaped-Hand-Soap-Dispenser-Ceramic-Bathroom-Accessories-Wholesale_\u7ed3\u679c-768x768.webp 768w, https:\/\/jinhuaceramic.com\/wp-content\/uploads\/2024\/11\/Custom-Shell-Shaped-Hand-Soap-Dispenser-Ceramic-Bathroom-Accessories-Wholesale_\u7ed3\u679c-12x12.webp 12w, https:\/\/jinhuaceramic.com\/wp-content\/uploads\/2024\/11\/Custom-Shell-Shaped-Hand-Soap-Dispenser-Ceramic-Bathroom-Accessories-Wholesale_\u7ed3\u679c-285x285.webp 285w, https:\/\/jinhuaceramic.com\/wp-content\/uploads\/2024\/11\/Custom-Shell-Shaped-Hand-Soap-Dispenser-Ceramic-Bathroom-Accessories-Wholesale_\u7ed3\u679c-270x270.webp 270w, https:\/\/jinhuaceramic.com\/wp-content\/uploads\/2024\/11\/Custom-Shell-Shaped-Hand-Soap-Dispenser-Ceramic-Bathroom-Accessories-Wholesale_\u7ed3\u679c-540x540.webp 540w, https:\/\/jinhuaceramic.com\/wp-content\/uploads\/2024\/11\/Custom-Shell-Shaped-Hand-Soap-Dispenser-Ceramic-Bathroom-Accessories-Wholesale_\u7ed3\u679c-660x660.webp 660w\" sizes=\"(max-width: 800px) 100vw, 800px\" \/><\/figure>\n<\/div>\n<\/div>","protected":false},"excerpt":{"rendered":"<p>Welcome to purchase wholesale soap dispensers. These bulk hand soap dispensers cleverly combine the natural beauty of the shells with the fashionable elements of modern home furnishing, producing a bathroom product that is practical as well as beautiful. This design not only enhances the beauty of the bathroom but also can bring a pleasant visual and tactile experience to the user.<\/p>","protected":false},"featured_media":7167,"comment_status":"closed","ping_status":"closed","template":"","meta":{"_acf_changed":false},"product_brand":[],"product_cat":[51],"product_tag":[],"class_list":{"0":"post-7162","1":"product","2":"type-product","3":"status-publish","4":"has-post-thumbnail","6":"product_cat-bathroom-accessories-wholesale","8":"first","9":"instock","10":"shipping-taxable","11":"product-type-simple"},"acf":[],"_links":{"self":[{"href":"https:\/\/jinhuaceramic.com\/pt\/wp-json\/wp\/v2\/product\/7162","targetHints":{"allow":["GET"]}}],"collection":[{"href":"https:\/\/jinhuaceramic.com\/pt\/wp-json\/wp\/v2\/product"}],"about":[{"href":"https:\/\/jinhuaceramic.com\/pt\/wp-json\/wp\/v2\/types\/product"}],"replies":[{"embeddable":true,"href":"https:\/\/jinhuaceramic.com\/pt\/wp-json\/wp\/v2\/comments?post=7162"}],"version-history":[{"count":0,"href":"https:\/\/jinhuaceramic.com\/pt\/wp-json\/wp\/v2\/product\/7162\/revisions"}],"wp:featuredmedia":[{"embeddable":true,"href":"https:\/\/jinhuaceramic.com\/pt\/wp-json\/wp\/v2\/media\/7167"}],"wp:attachment":[{"href":"https:\/\/jinhuaceramic.com\/pt\/wp-json\/wp\/v2\/media?parent=7162"}],"wp:term":[{"taxonomy":"product_brand","embeddable":true,"href":"https:\/\/jinhuaceramic.com\/pt\/wp-json\/wp\/v2\/product_brand?post=7162"},{"taxonomy":"product_cat","embeddable":true,"href":"https:\/\/jinhuaceramic.com\/pt\/wp-json\/wp\/v2\/product_cat?post=7162"},{"taxonomy":"product_tag","embeddable":true,"href":"https:\/\/jinhuaceramic.com\/pt\/wp-json\/wp\/v2\/product_tag?post=7162"}],"curies":[{"name":"wp","href":"https:\/\/api.w.org\/{rel}","templated":true}]}}