{"id":7180,"date":"2024-11-23T02:09:32","date_gmt":"2024-11-23T02:09:32","guid":{"rendered":"https:\/\/jinhuaceramic.com\/?post_type=product&#038;p=7180"},"modified":"2025-03-11T08:19:40","modified_gmt":"2025-03-11T08:19:40","slug":"ceramic-ramekins-bulk","status":"publish","type":"product","link":"https:\/\/jinhuaceramic.com\/pt\/product\/ceramic-ramekins-bulk\/","title":{"rendered":"Ramequins de cer\u00e2mica branca a granel, Prato pequeno para assar por atacado"},"content":{"rendered":"<div class=\"wp-block-columns is-layout-flex wp-container-core-columns-is-layout-9d6595d7 wp-block-columns-is-layout-flex\">\n<div class=\"wp-block-column is-layout-flow wp-block-column-is-layout-flow\">\n<h3 class=\"wp-block-heading\">Ramequins de cer\u00e2mica premium Carater\u00edsticas a granel:<\/h3>\n\n\n\n<ul class=\"wp-block-list\">\n<li><strong>Padr\u00e3o em relevo: <\/strong>A superf\u00edcie destes ramequins de cer\u00e2mica a granel \u00e9 concebida com padr\u00f5es em relevo, acrescentando uma textura retro e elegante. Estes tornam os pratos de cozinha comuns muito mais requintados e bonitos. Este padr\u00e3o n\u00e3o s\u00f3 enriquece o prazer visual, como tamb\u00e9m real\u00e7a o car\u00e1cter art\u00edstico da assadeira.<\/li>\n\n\n\n<li><strong>Material cer\u00e2mico duradouro: <\/strong>A pequena assadeira por atacado \u00e9 feita de mat\u00e9rias-primas cer\u00e2micas de alta qualidade. Queimada a altas temperaturas, isto aumenta a durabilidade para cozedura a alta temperatura. As assadeiras de cer\u00e2mica t\u00eam a propriedade de manter a temperatura e bloquear a humidade dos alimentos para que tenham um sabor delicioso.<\/li>\n\n\n\n<li><strong>Tamanho mini: <\/strong>Ao contr\u00e1rio das grandes assadeiras habituais, estes ramequins de cer\u00e2mica a granel t\u00eam um tamanho reduzido, com uma capacidade de 305 ml, o que \u00e9 adequado para fazer por\u00e7\u00f5es individuais ou pequenas por\u00e7\u00f5es de alimentos, como arroz cozido, feij\u00e3o cozido, pequenas sobremesas, etc.<\/li>\n\n\n\n<li><strong>Praticidade: <\/strong>O design retangular, o design da pega e o design de empilhamento contribuem para o car\u00e1cter pr\u00e1tico da assadeira. Estas pequenas assadeiras por atacado podem ser utilizadas em muitos tipos de m\u00e9todos de cozedura, tais como fornos, micro-ondas, grelhadores, etc., e a gama de produ\u00e7\u00e3o \u00e9 bastante extensa.<\/li>\n<\/ul>\n<\/div>\n\n\n\n<div class=\"wp-block-column is-layout-flow wp-block-column-is-layout-flow\">\n<figure class=\"wp-block-image size-full\"><img fetchpriority=\"high\" decoding=\"async\" width=\"1024\" height=\"1024\" src=\"https:\/\/jinhuaceramic.com\/wp-content\/uploads\/2024\/11\/Wholesale-Mini-Custom-Baking-Dish-Ceramic-Bakeware-Supplies-6_\u7ed3\u679c.webp\" alt=\"Ramequins de cer\u00e2mica branca a granel, atacado de pequenos pratos para assar-5\" class=\"wp-image-7185\" srcset=\"https:\/\/jinhuaceramic.com\/wp-content\/uploads\/2024\/11\/Wholesale-Mini-Custom-Baking-Dish-Ceramic-Bakeware-Supplies-6_\u7ed3\u679c.webp 1024w, https:\/\/jinhuaceramic.com\/wp-content\/uploads\/2024\/11\/Wholesale-Mini-Custom-Baking-Dish-Ceramic-Bakeware-Supplies-6_\u7ed3\u679c-300x300.webp 300w, https:\/\/jinhuaceramic.com\/wp-content\/uploads\/2024\/11\/Wholesale-Mini-Custom-Baking-Dish-Ceramic-Bakeware-Supplies-6_\u7ed3\u679c-150x150.webp 150w, https:\/\/jinhuaceramic.com\/wp-content\/uploads\/2024\/11\/Wholesale-Mini-Custom-Baking-Dish-Ceramic-Bakeware-Supplies-6_\u7ed3\u679c-768x768.webp 768w, https:\/\/jinhuaceramic.com\/wp-content\/uploads\/2024\/11\/Wholesale-Mini-Custom-Baking-Dish-Ceramic-Bakeware-Supplies-6_\u7ed3\u679c-12x12.webp 12w, https:\/\/jinhuaceramic.com\/wp-content\/uploads\/2024\/11\/Wholesale-Mini-Custom-Baking-Dish-Ceramic-Bakeware-Supplies-6_\u7ed3\u679c-285x285.webp 285w, https:\/\/jinhuaceramic.com\/wp-content\/uploads\/2024\/11\/Wholesale-Mini-Custom-Baking-Dish-Ceramic-Bakeware-Supplies-6_\u7ed3\u679c-270x270.webp 270w, https:\/\/jinhuaceramic.com\/wp-content\/uploads\/2024\/11\/Wholesale-Mini-Custom-Baking-Dish-Ceramic-Bakeware-Supplies-6_\u7ed3\u679c-540x540.webp 540w, https:\/\/jinhuaceramic.com\/wp-content\/uploads\/2024\/11\/Wholesale-Mini-Custom-Baking-Dish-Ceramic-Bakeware-Supplies-6_\u7ed3\u679c-660x660.webp 660w\" sizes=\"(max-width: 1024px) 100vw, 1024px\" \/><\/figure>\n<\/div>\n<\/div>","protected":false},"excerpt":{"rendered":"<p>Bem-vindo ao comprar ramequins de cer\u00e2mica a granel. O design destes pequenos pratos de cozinha por atacado combina perfeitamente est\u00e9tica e praticidade, n\u00e3o apenas para atender \u00e0s necessidades di\u00e1rias de cozimento, mas tamb\u00e9m para melhorar a qualidade das refei\u00e7\u00f5es. Quer sejam gratinados, sobremesas ou mesmo apenas servi\u00e7o, este conjunto de mini-pratos de pastelaria pode mostrar o seu encanto \u00fanico.<\/p>","protected":false},"featured_media":7182,"comment_status":"closed","ping_status":"closed","template":"","meta":{"_acf_changed":false},"product_brand":[],"product_cat":[53],"product_tag":[69,71],"class_list":{"0":"post-7180","1":"product","2":"type-product","3":"status-publish","4":"has-post-thumbnail","6":"product_cat-bakeware-in-bulk","7":"product_tag-bulk-ramekins","8":"product_tag-wholesale-baking-pans","10":"first","11":"instock","12":"shipping-taxable","13":"product-type-simple"},"acf":[],"_links":{"self":[{"href":"https:\/\/jinhuaceramic.com\/pt\/wp-json\/wp\/v2\/product\/7180","targetHints":{"allow":["GET"]}}],"collection":[{"href":"https:\/\/jinhuaceramic.com\/pt\/wp-json\/wp\/v2\/product"}],"about":[{"href":"https:\/\/jinhuaceramic.com\/pt\/wp-json\/wp\/v2\/types\/product"}],"replies":[{"embeddable":true,"href":"https:\/\/jinhuaceramic.com\/pt\/wp-json\/wp\/v2\/comments?post=7180"}],"version-history":[{"count":0,"href":"https:\/\/jinhuaceramic.com\/pt\/wp-json\/wp\/v2\/product\/7180\/revisions"}],"wp:featuredmedia":[{"embeddable":true,"href":"https:\/\/jinhuaceramic.com\/pt\/wp-json\/wp\/v2\/media\/7182"}],"wp:attachment":[{"href":"https:\/\/jinhuaceramic.com\/pt\/wp-json\/wp\/v2\/media?parent=7180"}],"wp:term":[{"taxonomy":"product_brand","embeddable":true,"href":"https:\/\/jinhuaceramic.com\/pt\/wp-json\/wp\/v2\/product_brand?post=7180"},{"taxonomy":"product_cat","embeddable":true,"href":"https:\/\/jinhuaceramic.com\/pt\/wp-json\/wp\/v2\/product_cat?post=7180"},{"taxonomy":"product_tag","embeddable":true,"href":"https:\/\/jinhuaceramic.com\/pt\/wp-json\/wp\/v2\/product_tag?post=7180"}],"curies":[{"name":"wp","href":"https:\/\/api.w.org\/{rel}","templated":true}]}}