{"id":7190,"date":"2024-11-23T02:21:34","date_gmt":"2024-11-23T02:21:34","guid":{"rendered":"https:\/\/jinhuaceramic.com\/?post_type=product&#038;p=7190"},"modified":"2025-03-11T08:03:11","modified_gmt":"2025-03-11T08:03:11","slug":"ceramic-ramekins-wholesale","status":"publish","type":"product","link":"https:\/\/jinhuaceramic.com\/pt\/product\/ceramic-ramekins-wholesale\/","title":{"rendered":"Pequenos Ramequins de Cer\u00e2mica por atacado, Ramequins de Creme Brulee a granel com borda recortada"},"content":{"rendered":"<div class=\"wp-block-columns is-layout-flex wp-container-core-columns-is-layout-9d6595d7 wp-block-columns-is-layout-flex\">\n<div class=\"wp-block-column is-layout-flow wp-block-column-is-layout-flow\">\n<h3 class=\"wp-block-heading\">Ramequins de cer\u00e2mica premium Carater\u00edsticas por atacado:<\/h3>\n\n\n\n<ul class=\"wp-block-list\">\n<li><strong>Borda recortada: <\/strong>Ao contr\u00e1rio dos comuns ramequins arredondados, estes ramequins de cer\u00e2mica para venda por grosso utilizam um design de bordo recortado. Este desenho aumenta n\u00e3o s\u00f3 o sentido tridimensional e a beleza da ta\u00e7a, como tamb\u00e9m torna mais estaladi\u00e7as as bordas dos alimentos cozinhados.<\/li>\n\n\n\n<li><strong>Cores suaves:<\/strong> Estes ramequins de creme brulee est\u00e3o dispon\u00edveis em branco e azul, uma combina\u00e7\u00e3o cl\u00e1ssica que d\u00e1 um toque fresco e limpo e se torna um destaque na mesa de jantar. Como uma f\u00e1brica de cer\u00e2mica para pastelaria, tamb\u00e9m podemos personalizar as cores para os clientes.<\/li>\n\n\n\n<li><strong>Material cer\u00e2mico de qualidade superior: <\/strong>Estes ramequins de cer\u00e2mica por atacado s\u00e3o cozinhados a altas temperaturas, n\u00e3o cont\u00eam chumbo, s\u00e3o seguros e saud\u00e1veis. A boa condutividade t\u00e9rmica e a preserva\u00e7\u00e3o do material cer\u00e2mico podem fazer com que os alimentos aque\u00e7am uniformemente e mantenham bem a temperatura dos alimentos.<\/li>\n\n\n\n<li>Versatilidade: Exceto para a confe\u00e7\u00e3o de sobremesas, tais como creme brulee, souffl\u00e9, cheesecake, etc., estes ramequins de cer\u00e2mica para creme brulee a granel podem servir para fazer mousse, pudim, salada, etc., e tamb\u00e9m podem ser utilizados como ta\u00e7a de gelado e prato de molho.<\/li>\n<\/ul>\n<\/div>\n\n\n\n<div class=\"wp-block-column is-layout-flow wp-block-column-is-layout-flow\">\n<figure class=\"wp-block-image size-full\"><img fetchpriority=\"high\" decoding=\"async\" width=\"800\" height=\"800\" src=\"https:\/\/jinhuaceramic.com\/wp-content\/uploads\/2024\/11\/Creme-Brulee-Ramekin-With-Scalloped-Edge-Wholesale-Ceramic-Souffle-Cups-4_\u7ed3\u679c.webp\" alt=\"Ramequins de cer\u00e2mica min\u00fasculos por atacado, Ramequins de creme brulee a granel com borda recortada-1\" class=\"wp-image-7193\" srcset=\"https:\/\/jinhuaceramic.com\/wp-content\/uploads\/2024\/11\/Creme-Brulee-Ramekin-With-Scalloped-Edge-Wholesale-Ceramic-Souffle-Cups-4_\u7ed3\u679c.webp 800w, https:\/\/jinhuaceramic.com\/wp-content\/uploads\/2024\/11\/Creme-Brulee-Ramekin-With-Scalloped-Edge-Wholesale-Ceramic-Souffle-Cups-4_\u7ed3\u679c-300x300.webp 300w, https:\/\/jinhuaceramic.com\/wp-content\/uploads\/2024\/11\/Creme-Brulee-Ramekin-With-Scalloped-Edge-Wholesale-Ceramic-Souffle-Cups-4_\u7ed3\u679c-150x150.webp 150w, https:\/\/jinhuaceramic.com\/wp-content\/uploads\/2024\/11\/Creme-Brulee-Ramekin-With-Scalloped-Edge-Wholesale-Ceramic-Souffle-Cups-4_\u7ed3\u679c-768x768.webp 768w, https:\/\/jinhuaceramic.com\/wp-content\/uploads\/2024\/11\/Creme-Brulee-Ramekin-With-Scalloped-Edge-Wholesale-Ceramic-Souffle-Cups-4_\u7ed3\u679c-12x12.webp 12w, https:\/\/jinhuaceramic.com\/wp-content\/uploads\/2024\/11\/Creme-Brulee-Ramekin-With-Scalloped-Edge-Wholesale-Ceramic-Souffle-Cups-4_\u7ed3\u679c-285x285.webp 285w, https:\/\/jinhuaceramic.com\/wp-content\/uploads\/2024\/11\/Creme-Brulee-Ramekin-With-Scalloped-Edge-Wholesale-Ceramic-Souffle-Cups-4_\u7ed3\u679c-270x270.webp 270w, https:\/\/jinhuaceramic.com\/wp-content\/uploads\/2024\/11\/Creme-Brulee-Ramekin-With-Scalloped-Edge-Wholesale-Ceramic-Souffle-Cups-4_\u7ed3\u679c-540x540.webp 540w, https:\/\/jinhuaceramic.com\/wp-content\/uploads\/2024\/11\/Creme-Brulee-Ramekin-With-Scalloped-Edge-Wholesale-Ceramic-Souffle-Cups-4_\u7ed3\u679c-660x660.webp 660w\" sizes=\"(max-width: 800px) 100vw, 800px\" \/><\/figure>\n<\/div>\n<\/div>","protected":false},"excerpt":{"rendered":"<p>Bem-vindo ao comprar ramequins de cer\u00e2mica por atacado. O design destes ramequins de creme brulee a granel com borda recortada combina perfeitamente praticidade e est\u00e9tica, o que poderia n\u00e3o apenas atender \u00e0s necessidades di\u00e1rias de cozimento, mas tamb\u00e9m elevar a qualidade do jantar. N\u00e3o importa se \u00e9 uma reuni\u00e3o de fam\u00edlia ou um prazer privado, \u00e9 uma boa escolha.<\/p>","protected":false},"featured_media":7198,"comment_status":"closed","ping_status":"closed","template":"","meta":{"_acf_changed":false},"product_brand":[],"product_cat":[53],"product_tag":[69],"class_list":{"0":"post-7190","1":"product","2":"type-product","3":"status-publish","4":"has-post-thumbnail","6":"product_cat-bakeware-in-bulk","7":"product_tag-bulk-ramekins","9":"first","10":"instock","11":"shipping-taxable","12":"product-type-simple"},"acf":[],"_links":{"self":[{"href":"https:\/\/jinhuaceramic.com\/pt\/wp-json\/wp\/v2\/product\/7190","targetHints":{"allow":["GET"]}}],"collection":[{"href":"https:\/\/jinhuaceramic.com\/pt\/wp-json\/wp\/v2\/product"}],"about":[{"href":"https:\/\/jinhuaceramic.com\/pt\/wp-json\/wp\/v2\/types\/product"}],"replies":[{"embeddable":true,"href":"https:\/\/jinhuaceramic.com\/pt\/wp-json\/wp\/v2\/comments?post=7190"}],"version-history":[{"count":0,"href":"https:\/\/jinhuaceramic.com\/pt\/wp-json\/wp\/v2\/product\/7190\/revisions"}],"wp:featuredmedia":[{"embeddable":true,"href":"https:\/\/jinhuaceramic.com\/pt\/wp-json\/wp\/v2\/media\/7198"}],"wp:attachment":[{"href":"https:\/\/jinhuaceramic.com\/pt\/wp-json\/wp\/v2\/media?parent=7190"}],"wp:term":[{"taxonomy":"product_brand","embeddable":true,"href":"https:\/\/jinhuaceramic.com\/pt\/wp-json\/wp\/v2\/product_brand?post=7190"},{"taxonomy":"product_cat","embeddable":true,"href":"https:\/\/jinhuaceramic.com\/pt\/wp-json\/wp\/v2\/product_cat?post=7190"},{"taxonomy":"product_tag","embeddable":true,"href":"https:\/\/jinhuaceramic.com\/pt\/wp-json\/wp\/v2\/product_tag?post=7190"}],"curies":[{"name":"wp","href":"https:\/\/api.w.org\/{rel}","templated":true}]}}