{"id":7208,"date":"2024-11-25T08:53:39","date_gmt":"2024-11-25T08:53:39","guid":{"rendered":"https:\/\/jinhuaceramic.com\/?post_type=product&#038;p=7208"},"modified":"2024-11-25T08:53:41","modified_gmt":"2024-11-25T08:53:41","slug":"bulk-liquid-soap-dispenser","status":"publish","type":"product","link":"https:\/\/jinhuaceramic.com\/pt\/product\/bulk-liquid-soap-dispenser\/","title":{"rendered":"Distribuidor de sab\u00e3o l\u00edquido a granel, frasco distribuidor de espuma de cer\u00e2mica por atacado"},"content":{"rendered":"<div class=\"wp-block-columns is-layout-flex wp-container-core-columns-is-layout-9d6595d7 wp-block-columns-is-layout-flex\">\n<div class=\"wp-block-column is-layout-flow wp-block-column-is-layout-flow\">\n<h3 class=\"wp-block-heading\">Dispensador de sab\u00e3o l\u00edquido a granel Premium Carater\u00edsticas:<\/h3>\n\n\n\n<ul class=\"wp-block-list\">\n<li><strong>Design moderno: <\/strong>A forma total destes dispensadores de sab\u00e3o l\u00edquido a granel \u00e9 simples, suave, com linhas suaves e sem decora\u00e7\u00e3o excessiva. Entretanto, a cabe\u00e7a da bomba dourada d\u00e1 um toque de luxo a este dispensador de sab\u00e3o. Podem adaptar-se bem a diferentes estilos de casa e contribuir para a beleza geral da casa de banho ou da sanita.<\/li>\n\n\n\n<li><strong>V\u00e1rias cores: <\/strong>Cores diversificadas: Esta garrafa dispensadora de espuma de cer\u00e2mica por atacado cont\u00e9m v\u00e1rias cores como verde, cinza, branco e preto para atender \u00e0s prefer\u00eancias e estilos de diferentes pessoas e casas. Como fabricante, tamb\u00e9m podemos personalizar outras cores ou adicionar logotipos de marca de acordo com os requisitos do cliente.<\/li>\n\n\n\n<li><strong>Material cer\u00e2mico de alta qualidade: <\/strong>Estes modernos dispensadores de sab\u00e3o l\u00edquido a granel s\u00e3o fornecidos com cer\u00e2mica de alta qualidade, resistente, f\u00e1cil de limpar e bem vedada para evitar eficazmente a fuga de sab\u00e3o.<\/li>\n\n\n\n<li><strong>Praticidade: <\/strong>Esta garrafa dispensadora de espuma de cer\u00e2mica por atacado com cabe\u00e7a de bomba rotativa de 360 graus, e \u00e9 suave para pressionar com sa\u00edda de l\u00edquido est\u00e1vel que torna f\u00e1cil de usar. O dispensador de sabonete para as m\u00e3os pode ser usado n\u00e3o apenas para dispensar sabonete para as m\u00e3os, mas tamb\u00e9m para conter gel de banho, shampoo, lo\u00e7\u00e3o, etc. Al\u00e9m disso, os dispensadores de sabonete em cer\u00e2mica s\u00e3o f\u00e1ceis de limpar e podem ser reutilizados, o que \u00e9 muito pr\u00e1tico de utilizar.<\/li>\n<\/ul>\n<\/div>\n\n\n\n<div class=\"wp-block-column is-layout-flow wp-block-column-is-layout-flow\">\n<figure class=\"wp-block-image size-full\"><img fetchpriority=\"high\" decoding=\"async\" width=\"1000\" height=\"1000\" src=\"https:\/\/jinhuaceramic.com\/wp-content\/uploads\/2024\/11\/Bulk-Modern-Custom-Liquid-Soap-Dispenser-Ceramic-Soap-Bottle-For-Bathroom-2_\u7ed3\u679c.webp\" alt=\"Distribuidor de sab\u00e3o l\u00edquido a granel, frasco distribuidor de espuma de cer\u00e2mica por atacado-1\" class=\"wp-image-7209\" srcset=\"https:\/\/jinhuaceramic.com\/wp-content\/uploads\/2024\/11\/Bulk-Modern-Custom-Liquid-Soap-Dispenser-Ceramic-Soap-Bottle-For-Bathroom-2_\u7ed3\u679c.webp 1000w, https:\/\/jinhuaceramic.com\/wp-content\/uploads\/2024\/11\/Bulk-Modern-Custom-Liquid-Soap-Dispenser-Ceramic-Soap-Bottle-For-Bathroom-2_\u7ed3\u679c-300x300.webp 300w, https:\/\/jinhuaceramic.com\/wp-content\/uploads\/2024\/11\/Bulk-Modern-Custom-Liquid-Soap-Dispenser-Ceramic-Soap-Bottle-For-Bathroom-2_\u7ed3\u679c-150x150.webp 150w, https:\/\/jinhuaceramic.com\/wp-content\/uploads\/2024\/11\/Bulk-Modern-Custom-Liquid-Soap-Dispenser-Ceramic-Soap-Bottle-For-Bathroom-2_\u7ed3\u679c-768x768.webp 768w, https:\/\/jinhuaceramic.com\/wp-content\/uploads\/2024\/11\/Bulk-Modern-Custom-Liquid-Soap-Dispenser-Ceramic-Soap-Bottle-For-Bathroom-2_\u7ed3\u679c-12x12.webp 12w, https:\/\/jinhuaceramic.com\/wp-content\/uploads\/2024\/11\/Bulk-Modern-Custom-Liquid-Soap-Dispenser-Ceramic-Soap-Bottle-For-Bathroom-2_\u7ed3\u679c-285x285.webp 285w, https:\/\/jinhuaceramic.com\/wp-content\/uploads\/2024\/11\/Bulk-Modern-Custom-Liquid-Soap-Dispenser-Ceramic-Soap-Bottle-For-Bathroom-2_\u7ed3\u679c-270x270.webp 270w, https:\/\/jinhuaceramic.com\/wp-content\/uploads\/2024\/11\/Bulk-Modern-Custom-Liquid-Soap-Dispenser-Ceramic-Soap-Bottle-For-Bathroom-2_\u7ed3\u679c-540x540.webp 540w, https:\/\/jinhuaceramic.com\/wp-content\/uploads\/2024\/11\/Bulk-Modern-Custom-Liquid-Soap-Dispenser-Ceramic-Soap-Bottle-For-Bathroom-2_\u7ed3\u679c-660x660.webp 660w\" sizes=\"(max-width: 1000px) 100vw, 1000px\" \/><\/figure>\n<\/div>\n<\/div>","protected":false},"excerpt":{"rendered":"<p>Bem-vindo \u00e0 compra de garrafa dispensadora de espuma por atacado. Estes dispensadores de sab\u00e3o l\u00edquido a granel s\u00e3o populares no mercado por suas v\u00e1rias cores, apar\u00eancia requintada, material dur\u00e1vel e fun\u00e7\u00e3o pr\u00e1tica. Al\u00e9m das fun\u00e7\u00f5es b\u00e1sicas dos dispensadores de sab\u00e3o, esses produtos tamb\u00e9m t\u00eam efeito decorativo, que pode ser usado como decora\u00e7\u00e3o em casas de banho ou banheiros para elevar o estilo do espa\u00e7o.<\/p>","protected":false},"featured_media":7215,"comment_status":"closed","ping_status":"closed","template":"","meta":{"_acf_changed":false},"product_brand":[],"product_cat":[51],"product_tag":[73],"class_list":{"0":"post-7208","1":"product","2":"type-product","3":"status-publish","4":"has-post-thumbnail","6":"product_cat-bathroom-accessories-wholesale","7":"product_tag-custom-soap-dispensers","9":"first","10":"instock","11":"shipping-taxable","12":"product-type-simple"},"acf":[],"_links":{"self":[{"href":"https:\/\/jinhuaceramic.com\/pt\/wp-json\/wp\/v2\/product\/7208","targetHints":{"allow":["GET"]}}],"collection":[{"href":"https:\/\/jinhuaceramic.com\/pt\/wp-json\/wp\/v2\/product"}],"about":[{"href":"https:\/\/jinhuaceramic.com\/pt\/wp-json\/wp\/v2\/types\/product"}],"replies":[{"embeddable":true,"href":"https:\/\/jinhuaceramic.com\/pt\/wp-json\/wp\/v2\/comments?post=7208"}],"version-history":[{"count":0,"href":"https:\/\/jinhuaceramic.com\/pt\/wp-json\/wp\/v2\/product\/7208\/revisions"}],"wp:featuredmedia":[{"embeddable":true,"href":"https:\/\/jinhuaceramic.com\/pt\/wp-json\/wp\/v2\/media\/7215"}],"wp:attachment":[{"href":"https:\/\/jinhuaceramic.com\/pt\/wp-json\/wp\/v2\/media?parent=7208"}],"wp:term":[{"taxonomy":"product_brand","embeddable":true,"href":"https:\/\/jinhuaceramic.com\/pt\/wp-json\/wp\/v2\/product_brand?post=7208"},{"taxonomy":"product_cat","embeddable":true,"href":"https:\/\/jinhuaceramic.com\/pt\/wp-json\/wp\/v2\/product_cat?post=7208"},{"taxonomy":"product_tag","embeddable":true,"href":"https:\/\/jinhuaceramic.com\/pt\/wp-json\/wp\/v2\/product_tag?post=7208"}],"curies":[{"name":"wp","href":"https:\/\/api.w.org\/{rel}","templated":true}]}}