{"id":7238,"date":"2024-11-27T10:31:38","date_gmt":"2024-11-27T10:31:38","guid":{"rendered":"https:\/\/jinhuaceramic.com\/?post_type=product&#038;p=7238"},"modified":"2025-03-11T07:50:32","modified_gmt":"2025-03-11T07:50:32","slug":"custom-size-baking-pans","status":"publish","type":"product","link":"https:\/\/jinhuaceramic.com\/pt\/product\/custom-size-baking-pans\/","title":{"rendered":"Assadeiras antiaderentes de tamanho personalizado, Ramequins de cer\u00e2mica por atacado"},"content":{"rendered":"<div class=\"wp-block-columns is-layout-flex wp-container-core-columns-is-layout-9d6595d7 wp-block-columns-is-layout-flex\">\n<div class=\"wp-block-column is-layout-flow wp-block-column-is-layout-flow\">\n<h3 class=\"wp-block-heading\">Premium Custom Size Baking Pans\u00a0Features:<\/h3>\n\n\n\n<ul class=\"wp-block-list\">\n<li><strong>Design elegante: <\/strong>These ceramic custom size baking pans are rectangular with slightly curved edges and smooth lines. The glaze is covered with tiny spots of varying sizes and evenly spaced, which makes the baking pans look more natural, as if they were handmade ceramic. There is a circle of brown lines around the edge of the baking pan, which adds layering and beauty to the baking pan.<\/li>\n\n\n\n<li><strong>V\u00e1rias cores:<\/strong> These ceramic ramekins wholesale come in soft, appealing colors such as dark green, pink, light pink, yellow, among many others that add hue to the kitchen and spice to mealtimes.<\/li>\n\n\n\n<li><strong>Material de alta qualidade: <\/strong>Fired in high temperature with high-quality ceramic clay, hard, and durable, neither easy to deform nor break, our wholesale custom size baking pans are available. The glaze is smooth and non-stick; the baking pan is very easy to clean.<\/li>\n\n\n\n<li><strong>Versatilidade: <\/strong>These ceramic ramekins wholesale are oven, microwave and freezer safe,, making them so versatile. Available in large and small sizes, these custom baking pans are great for baking recipes both large and small, depending on how many you&#8217;re serving.<\/li>\n<\/ul>\n<\/div>\n\n\n\n<div class=\"wp-block-column is-layout-flow wp-block-column-is-layout-flow\">\n<figure class=\"wp-block-image size-full\"><img fetchpriority=\"high\" decoding=\"async\" width=\"800\" height=\"800\" src=\"https:\/\/jinhuaceramic.com\/wp-content\/uploads\/2024\/11\/Nonstick-Ceramic-Custom-Baking-Pan-Wholesale-Baking-Dish-Bakeware-Supplies-6_\u7ed3\u679c.webp\" alt=\"Nonstick Custom Size Baking Pans, Ceramic Ramekins Wholesale-6\" class=\"wp-image-7243\" srcset=\"https:\/\/jinhuaceramic.com\/wp-content\/uploads\/2024\/11\/Nonstick-Ceramic-Custom-Baking-Pan-Wholesale-Baking-Dish-Bakeware-Supplies-6_\u7ed3\u679c.webp 800w, https:\/\/jinhuaceramic.com\/wp-content\/uploads\/2024\/11\/Nonstick-Ceramic-Custom-Baking-Pan-Wholesale-Baking-Dish-Bakeware-Supplies-6_\u7ed3\u679c-300x300.webp 300w, https:\/\/jinhuaceramic.com\/wp-content\/uploads\/2024\/11\/Nonstick-Ceramic-Custom-Baking-Pan-Wholesale-Baking-Dish-Bakeware-Supplies-6_\u7ed3\u679c-150x150.webp 150w, https:\/\/jinhuaceramic.com\/wp-content\/uploads\/2024\/11\/Nonstick-Ceramic-Custom-Baking-Pan-Wholesale-Baking-Dish-Bakeware-Supplies-6_\u7ed3\u679c-768x768.webp 768w, https:\/\/jinhuaceramic.com\/wp-content\/uploads\/2024\/11\/Nonstick-Ceramic-Custom-Baking-Pan-Wholesale-Baking-Dish-Bakeware-Supplies-6_\u7ed3\u679c-12x12.webp 12w, https:\/\/jinhuaceramic.com\/wp-content\/uploads\/2024\/11\/Nonstick-Ceramic-Custom-Baking-Pan-Wholesale-Baking-Dish-Bakeware-Supplies-6_\u7ed3\u679c-285x285.webp 285w, https:\/\/jinhuaceramic.com\/wp-content\/uploads\/2024\/11\/Nonstick-Ceramic-Custom-Baking-Pan-Wholesale-Baking-Dish-Bakeware-Supplies-6_\u7ed3\u679c-270x270.webp 270w, https:\/\/jinhuaceramic.com\/wp-content\/uploads\/2024\/11\/Nonstick-Ceramic-Custom-Baking-Pan-Wholesale-Baking-Dish-Bakeware-Supplies-6_\u7ed3\u679c-540x540.webp 540w, https:\/\/jinhuaceramic.com\/wp-content\/uploads\/2024\/11\/Nonstick-Ceramic-Custom-Baking-Pan-Wholesale-Baking-Dish-Bakeware-Supplies-6_\u7ed3\u679c-660x660.webp 660w\" sizes=\"(max-width: 800px) 100vw, 800px\" \/><\/figure>\n<\/div>\n<\/div>","protected":false},"excerpt":{"rendered":"<p>Bem-vindo \u00e0 compra de formas de tamanho personalizado. Estes ramequins de cer\u00e2mica por atacado t\u00eam as vantagens de v\u00e1rias cores, design elegante, estrutura cer\u00e2mica dur\u00e1vel, versatilidade, etc. Combinando est\u00e9tica e praticidade, estas assadeiras de cer\u00e2mica personalizadas s\u00e3o itens essenciais de cozinha e s\u00e3o muito adequadas para uso dom\u00e9stico ou em restaurantes.<\/p>","protected":false},"featured_media":7240,"comment_status":"closed","ping_status":"closed","template":"","meta":{"_acf_changed":false},"product_brand":[],"product_cat":[53],"product_tag":[69,71],"class_list":{"0":"post-7238","1":"product","2":"type-product","3":"status-publish","4":"has-post-thumbnail","6":"product_cat-bakeware-in-bulk","7":"product_tag-bulk-ramekins","8":"product_tag-wholesale-baking-pans","10":"first","11":"instock","12":"shipping-taxable","13":"product-type-simple"},"acf":[],"_links":{"self":[{"href":"https:\/\/jinhuaceramic.com\/pt\/wp-json\/wp\/v2\/product\/7238","targetHints":{"allow":["GET"]}}],"collection":[{"href":"https:\/\/jinhuaceramic.com\/pt\/wp-json\/wp\/v2\/product"}],"about":[{"href":"https:\/\/jinhuaceramic.com\/pt\/wp-json\/wp\/v2\/types\/product"}],"replies":[{"embeddable":true,"href":"https:\/\/jinhuaceramic.com\/pt\/wp-json\/wp\/v2\/comments?post=7238"}],"version-history":[{"count":0,"href":"https:\/\/jinhuaceramic.com\/pt\/wp-json\/wp\/v2\/product\/7238\/revisions"}],"wp:featuredmedia":[{"embeddable":true,"href":"https:\/\/jinhuaceramic.com\/pt\/wp-json\/wp\/v2\/media\/7240"}],"wp:attachment":[{"href":"https:\/\/jinhuaceramic.com\/pt\/wp-json\/wp\/v2\/media?parent=7238"}],"wp:term":[{"taxonomy":"product_brand","embeddable":true,"href":"https:\/\/jinhuaceramic.com\/pt\/wp-json\/wp\/v2\/product_brand?post=7238"},{"taxonomy":"product_cat","embeddable":true,"href":"https:\/\/jinhuaceramic.com\/pt\/wp-json\/wp\/v2\/product_cat?post=7238"},{"taxonomy":"product_tag","embeddable":true,"href":"https:\/\/jinhuaceramic.com\/pt\/wp-json\/wp\/v2\/product_tag?post=7238"}],"curies":[{"name":"wp","href":"https:\/\/api.w.org\/{rel}","templated":true}]}}