{"id":7288,"date":"2024-11-28T08:20:31","date_gmt":"2024-11-28T08:20:31","guid":{"rendered":"https:\/\/jinhuaceramic.com\/?post_type=product&#038;p=7288"},"modified":"2024-11-28T08:20:53","modified_gmt":"2024-11-28T08:20:53","slug":"wholesale-soap-dispenser-bottles","status":"publish","type":"product","link":"https:\/\/jinhuaceramic.com\/pt\/product\/wholesale-soap-dispenser-bottles\/","title":{"rendered":"Frascos dispensadores de sab\u00e3o por atacado em cer\u00e2mica com suporte para esponja"},"content":{"rendered":"<div class=\"wp-block-columns is-layout-flex wp-container-core-columns-is-layout-9d6595d7 wp-block-columns-is-layout-flex\">\n<div class=\"wp-block-column is-layout-flow wp-block-column-is-layout-flow\">\n<h3 class=\"wp-block-heading\">Frascos dispensadores de sab\u00e3o por atacado Premium Carater\u00edsticas:<\/h3>\n\n\n\n<ul class=\"wp-block-list\">\n<li><strong>Design dois-em-um: <\/strong>Estes frascos dispensadores de sab\u00e3o por atacado combinam criativamente a fun\u00e7\u00e3o de dispensador de sab\u00e3o com o suporte de esponja, pelo que utilizam plenamente o espa\u00e7o ao lado dos lavat\u00f3rios, reduzindo a desordem nas bancadas. Isto mant\u00e9m a sua cozinha e casa de banho com um aspeto limpo. Al\u00e9m disso, o porta-esponjas n\u00e3o s\u00f3 pode colocar esponjas, mas tamb\u00e9m outras escovas pequenas ou sab\u00e3o s\u00f3lido.<\/li>\n\n\n\n<li><strong>Cores vers\u00e1teis:<\/strong> A cor destes dispensadores de sopa a granel \u00e9 moderna, simples e est\u00e1 dispon\u00edvel em duas cores vers\u00e1teis: branco e preto. Estas cores podem ser bem integradas em v\u00e1rios estilos de decora\u00e7\u00e3o de casa, real\u00e7ando a beleza do espa\u00e7o.<\/li>\n\n\n\n<li><strong>Material cer\u00e2mico de alta qualidade:<\/strong> O material cer\u00e2mico de alta qualidade \u00e9 utilizado para fazer os nossos frascos dispensadores de sab\u00e3o por atacado com suportes de esponja. \u00c9 dur\u00e1vel e reutiliz\u00e1vel, com uma superf\u00edcie lisa para uma limpeza f\u00e1cil, apenas com um pano h\u00famido.<\/li>\n\n\n\n<li><strong>Funcional e pr\u00e1tico: <\/strong>Os nossos dispensadores de sopa a granel podem ser enchidos com sabonetes l\u00edquidos, como l\u00edquido para lavar lou\u00e7a, sabonete para as m\u00e3os e gel de banho, e podem ser utilizados tanto na casa de banho como na cozinha. Coloque uma garrafa de detergente l\u00edquido para a loi\u00e7a e uma esponja no interior enquanto lava a loi\u00e7a para uma f\u00e1cil acessibilidade e conveni\u00eancia durante todo o processo de lavagem. A press\u00e3o \u00e9 suave e a sa\u00edda para a distribui\u00e7\u00e3o do l\u00edquido \u00e9 est\u00e1vel. Ao mesmo tempo, s\u00e3o garantidas doses exactas de l\u00edquido de lavagem da loi\u00e7a para evitar desperd\u00edcios - um design muito pr\u00e1tico.<\/li>\n<\/ul>\n<\/div>\n\n\n\n<div class=\"wp-block-column is-layout-flow wp-block-column-is-layout-flow\">\n<figure class=\"wp-block-image size-full\"><img fetchpriority=\"high\" decoding=\"async\" width=\"760\" height=\"760\" src=\"https:\/\/jinhuaceramic.com\/wp-content\/uploads\/2024\/11\/Bulk-Custom-Ceramic-Soap-Dispenser-With-Sponge-Holder-For-Bathroom-Kitchen-7_\u7ed3\u679c.webp\" alt=\"Frascos dispensadores de sab\u00e3o por atacado em cer\u00e2mica com suporte para esponja-1\" class=\"wp-image-7294\" srcset=\"https:\/\/jinhuaceramic.com\/wp-content\/uploads\/2024\/11\/Bulk-Custom-Ceramic-Soap-Dispenser-With-Sponge-Holder-For-Bathroom-Kitchen-7_\u7ed3\u679c.webp 760w, https:\/\/jinhuaceramic.com\/wp-content\/uploads\/2024\/11\/Bulk-Custom-Ceramic-Soap-Dispenser-With-Sponge-Holder-For-Bathroom-Kitchen-7_\u7ed3\u679c-300x300.webp 300w, https:\/\/jinhuaceramic.com\/wp-content\/uploads\/2024\/11\/Bulk-Custom-Ceramic-Soap-Dispenser-With-Sponge-Holder-For-Bathroom-Kitchen-7_\u7ed3\u679c-150x150.webp 150w, https:\/\/jinhuaceramic.com\/wp-content\/uploads\/2024\/11\/Bulk-Custom-Ceramic-Soap-Dispenser-With-Sponge-Holder-For-Bathroom-Kitchen-7_\u7ed3\u679c-12x12.webp 12w, https:\/\/jinhuaceramic.com\/wp-content\/uploads\/2024\/11\/Bulk-Custom-Ceramic-Soap-Dispenser-With-Sponge-Holder-For-Bathroom-Kitchen-7_\u7ed3\u679c-285x285.webp 285w, https:\/\/jinhuaceramic.com\/wp-content\/uploads\/2024\/11\/Bulk-Custom-Ceramic-Soap-Dispenser-With-Sponge-Holder-For-Bathroom-Kitchen-7_\u7ed3\u679c-270x270.webp 270w, https:\/\/jinhuaceramic.com\/wp-content\/uploads\/2024\/11\/Bulk-Custom-Ceramic-Soap-Dispenser-With-Sponge-Holder-For-Bathroom-Kitchen-7_\u7ed3\u679c-540x540.webp 540w, https:\/\/jinhuaceramic.com\/wp-content\/uploads\/2024\/11\/Bulk-Custom-Ceramic-Soap-Dispenser-With-Sponge-Holder-For-Bathroom-Kitchen-7_\u7ed3\u679c-660x660.webp 660w\" sizes=\"(max-width: 760px) 100vw, 760px\" \/><\/figure>\n<\/div>\n<\/div>","protected":false},"excerpt":{"rendered":"<p>Bem-vindo \u00e0 compra de dispensadores de sopa a granel. Estas garrafas de dispensador de sab\u00e3o por atacado s\u00e3o dispensadores de sab\u00e3o e suportes de esponja em um, muito pr\u00e1tico. Ao mesmo tempo, v\u00e1rias cores e design moderno fazem dele uma \u00f3tima decora\u00e7\u00e3o para casa. Se voc\u00ea est\u00e1 procurando por dispensadores de sab\u00e3o bonitos e pr\u00e1ticos, este produto deve ser sua melhor escolha.<\/p>","protected":false},"featured_media":7291,"comment_status":"closed","ping_status":"closed","template":"","meta":{"_acf_changed":false},"product_brand":[],"product_cat":[51],"product_tag":[73],"class_list":{"0":"post-7288","1":"product","2":"type-product","3":"status-publish","4":"has-post-thumbnail","6":"product_cat-bathroom-accessories-wholesale","7":"product_tag-custom-soap-dispensers","9":"first","10":"instock","11":"shipping-taxable","12":"product-type-simple"},"acf":[],"_links":{"self":[{"href":"https:\/\/jinhuaceramic.com\/pt\/wp-json\/wp\/v2\/product\/7288","targetHints":{"allow":["GET"]}}],"collection":[{"href":"https:\/\/jinhuaceramic.com\/pt\/wp-json\/wp\/v2\/product"}],"about":[{"href":"https:\/\/jinhuaceramic.com\/pt\/wp-json\/wp\/v2\/types\/product"}],"replies":[{"embeddable":true,"href":"https:\/\/jinhuaceramic.com\/pt\/wp-json\/wp\/v2\/comments?post=7288"}],"version-history":[{"count":0,"href":"https:\/\/jinhuaceramic.com\/pt\/wp-json\/wp\/v2\/product\/7288\/revisions"}],"wp:featuredmedia":[{"embeddable":true,"href":"https:\/\/jinhuaceramic.com\/pt\/wp-json\/wp\/v2\/media\/7291"}],"wp:attachment":[{"href":"https:\/\/jinhuaceramic.com\/pt\/wp-json\/wp\/v2\/media?parent=7288"}],"wp:term":[{"taxonomy":"product_brand","embeddable":true,"href":"https:\/\/jinhuaceramic.com\/pt\/wp-json\/wp\/v2\/product_brand?post=7288"},{"taxonomy":"product_cat","embeddable":true,"href":"https:\/\/jinhuaceramic.com\/pt\/wp-json\/wp\/v2\/product_cat?post=7288"},{"taxonomy":"product_tag","embeddable":true,"href":"https:\/\/jinhuaceramic.com\/pt\/wp-json\/wp\/v2\/product_tag?post=7288"}],"curies":[{"name":"wp","href":"https:\/\/api.w.org\/{rel}","templated":true}]}}