{"id":7311,"date":"2024-11-29T09:35:21","date_gmt":"2024-11-29T09:35:21","guid":{"rendered":"https:\/\/jinhuaceramic.com\/?post_type=product&#038;p=7311"},"modified":"2025-01-16T06:24:09","modified_gmt":"2025-01-16T06:24:09","slug":"wholesale-dinnerware","status":"publish","type":"product","link":"https:\/\/jinhuaceramic.com\/pt\/product\/wholesale-dinnerware\/","title":{"rendered":"Servi\u00e7o de jantar por grosso, pratos e ta\u00e7as de cer\u00e2mica para restaura\u00e7\u00e3o a granel"},"content":{"rendered":"<div class=\"wp-block-columns is-layout-flex wp-container-core-columns-is-layout-9d6595d7 wp-block-columns-is-layout-flex\">\n<div class=\"wp-block-column is-layout-flow wp-block-column-is-layout-flow\">\n<h3 class=\"wp-block-heading\">Servi\u00e7o de jantar Premium Wholesale Carater\u00edsticas:<\/h3>\n\n\n\n<ul class=\"wp-block-list\">\n<li><strong>Design elegante:<\/strong> Estes pratos e ta\u00e7as de cer\u00e2mica a granel t\u00eam uma forma arredondada e s\u00e3o de cor branca suave, mostrando um estilo simples. H\u00e1 riscas verticais nos lados dos utens\u00edlios de mesa, que s\u00e3o de cor castanha clara, acrescentando um encanto natural e r\u00fastico. Este design harmoniza na perfei\u00e7\u00e3o a modernidade com a beleza natural, real\u00e7ando ainda mais a beleza dos utens\u00edlios de mesa.<\/li>\n\n\n\n<li><strong>Material cer\u00e2mico de alta qualidade: <\/strong>O facto de serem cozidos a altas temperaturas torna-os resistentes e podem resistir a quebras, mas s\u00e3o f\u00e1ceis de limpar devido \u00e0 sua superf\u00edcie lisa. Esta lou\u00e7a de qualidade superior pode ser facilmente utilizada em micro-ondas, fornos, frigor\u00edficos e m\u00e1quinas de lavar lou\u00e7a.<\/li>\n\n\n\n<li><strong>Versatilidade: <\/strong>O nosso conjunto de pratos e tigelas de cer\u00e2mica \u00e9 composto por uma tigela e dois tamanhos de pratos que se adequam a v\u00e1rios fins de refei\u00e7\u00e3o. O prato grande pode ser utilizado para os pratos principais, o pequeno para os acompanhamentos e a tigela para a sopa ou o arroz.<\/li>\n\n\n\n<li><strong>Personaliza\u00e7\u00e3o personalizada: <\/strong>Oferecemos servi\u00e7os personalizados para lou\u00e7a de jantar por atacado em v\u00e1rias cores, formas e padr\u00f5es com base nas necessidades dos nossos clientes, criando assim produtos de lou\u00e7a de mesa \u00fanicos para si.<\/li>\n<\/ul>\n<\/div>\n\n\n\n<div class=\"wp-block-column is-layout-flow wp-block-column-is-layout-flow\">\n<figure class=\"wp-block-image size-full\"><img fetchpriority=\"high\" decoding=\"async\" width=\"1000\" height=\"1500\" src=\"https:\/\/jinhuaceramic.com\/wp-content\/uploads\/2024\/11\/Wholesale-Dinnerware-Set-Ceramic-Tableware-Custom-Kitchen-Supplies_\u7ed3\u679c.webp\" alt=\"Servi\u00e7o de jantar por grosso, pratos e ta\u00e7as de cer\u00e2mica para catering A granel-1\" class=\"wp-image-7317\" srcset=\"https:\/\/jinhuaceramic.com\/wp-content\/uploads\/2024\/11\/Wholesale-Dinnerware-Set-Ceramic-Tableware-Custom-Kitchen-Supplies_\u7ed3\u679c.webp 1000w, https:\/\/jinhuaceramic.com\/wp-content\/uploads\/2024\/11\/Wholesale-Dinnerware-Set-Ceramic-Tableware-Custom-Kitchen-Supplies_\u7ed3\u679c-200x300.webp 200w, https:\/\/jinhuaceramic.com\/wp-content\/uploads\/2024\/11\/Wholesale-Dinnerware-Set-Ceramic-Tableware-Custom-Kitchen-Supplies_\u7ed3\u679c-768x1152.webp 768w, https:\/\/jinhuaceramic.com\/wp-content\/uploads\/2024\/11\/Wholesale-Dinnerware-Set-Ceramic-Tableware-Custom-Kitchen-Supplies_\u7ed3\u679c-8x12.webp 8w, https:\/\/jinhuaceramic.com\/wp-content\/uploads\/2024\/11\/Wholesale-Dinnerware-Set-Ceramic-Tableware-Custom-Kitchen-Supplies_\u7ed3\u679c-285x428.webp 285w, https:\/\/jinhuaceramic.com\/wp-content\/uploads\/2024\/11\/Wholesale-Dinnerware-Set-Ceramic-Tableware-Custom-Kitchen-Supplies_\u7ed3\u679c-440x660.webp 440w, https:\/\/jinhuaceramic.com\/wp-content\/uploads\/2024\/11\/Wholesale-Dinnerware-Set-Ceramic-Tableware-Custom-Kitchen-Supplies_\u7ed3\u679c-100x150.webp 100w\" sizes=\"(max-width: 1000px) 100vw, 1000px\" \/><\/figure>\n<\/div>\n<\/div>","protected":false},"excerpt":{"rendered":"<p>Bem-vindo \u00e0 compra de lou\u00e7a de jantar por grosso. Combinados com a praticidade e a est\u00e9tica nas refei\u00e7\u00f5es di\u00e1rias, estes pratos e tigelas de cer\u00e2mica aumentam n\u00e3o s\u00f3 a necessidade di\u00e1ria de jantar, mas tamb\u00e9m a sensa\u00e7\u00e3o de ritual de jantar com o seu estilo de design. O estilo de design desta lou\u00e7a de mesa \u00e9 muito adequado para pessoas que buscam simplicidade, moda e vida de alta qualidade.<\/p>","protected":false},"featured_media":7313,"comment_status":"closed","ping_status":"closed","template":"","meta":{"_acf_changed":false},"product_brand":[],"product_cat":[54,83],"product_tag":[78,76],"class_list":{"0":"post-7311","1":"product","2":"type-product","3":"status-publish","4":"has-post-thumbnail","6":"product_cat-tableware-wholesale","7":"product_cat-wholesale-dinnerware-sets","8":"product_tag-bulk-ceramic-bowls","9":"product_tag-dinner-plates-bulk","11":"first","12":"instock","13":"shipping-taxable","14":"product-type-simple"},"acf":[],"_links":{"self":[{"href":"https:\/\/jinhuaceramic.com\/pt\/wp-json\/wp\/v2\/product\/7311","targetHints":{"allow":["GET"]}}],"collection":[{"href":"https:\/\/jinhuaceramic.com\/pt\/wp-json\/wp\/v2\/product"}],"about":[{"href":"https:\/\/jinhuaceramic.com\/pt\/wp-json\/wp\/v2\/types\/product"}],"replies":[{"embeddable":true,"href":"https:\/\/jinhuaceramic.com\/pt\/wp-json\/wp\/v2\/comments?post=7311"}],"version-history":[{"count":0,"href":"https:\/\/jinhuaceramic.com\/pt\/wp-json\/wp\/v2\/product\/7311\/revisions"}],"wp:featuredmedia":[{"embeddable":true,"href":"https:\/\/jinhuaceramic.com\/pt\/wp-json\/wp\/v2\/media\/7313"}],"wp:attachment":[{"href":"https:\/\/jinhuaceramic.com\/pt\/wp-json\/wp\/v2\/media?parent=7311"}],"wp:term":[{"taxonomy":"product_brand","embeddable":true,"href":"https:\/\/jinhuaceramic.com\/pt\/wp-json\/wp\/v2\/product_brand?post=7311"},{"taxonomy":"product_cat","embeddable":true,"href":"https:\/\/jinhuaceramic.com\/pt\/wp-json\/wp\/v2\/product_cat?post=7311"},{"taxonomy":"product_tag","embeddable":true,"href":"https:\/\/jinhuaceramic.com\/pt\/wp-json\/wp\/v2\/product_tag?post=7311"}],"curies":[{"name":"wp","href":"https:\/\/api.w.org\/{rel}","templated":true}]}}