{"id":7324,"date":"2024-12-05T01:59:07","date_gmt":"2024-12-05T01:59:07","guid":{"rendered":"https:\/\/jinhuaceramic.com\/?post_type=product&#038;p=7324"},"modified":"2024-12-05T02:22:56","modified_gmt":"2024-12-05T02:22:56","slug":"ceramic-soap-dish-wholesale","status":"publish","type":"product","link":"https:\/\/jinhuaceramic.com\/pt\/product\/ceramic-soap-dish-wholesale\/","title":{"rendered":"Saboneteira de cer\u00e2mica em forma de concha por atacado, saboneteira de viagem a granel"},"content":{"rendered":"<div class=\"wp-block-columns is-layout-flex wp-container-core-columns-is-layout-9d6595d7 wp-block-columns-is-layout-flex\">\n<div class=\"wp-block-column is-layout-flow wp-block-column-is-layout-flow\">\n<h3 class=\"wp-block-heading\">Saboneteira de cer\u00e2mica premium Carater\u00edsticas por atacado:<\/h3>\n\n\n\n<ul class=\"wp-block-list\">\n<li><strong>Forma criativa:<\/strong> A forma desta saboneteira em cer\u00e2mica imita a forma das conchas. Apresenta uma excelente curvatura e textura para as tornar t\u00e3o realistas, fazendo lembrar o ambiente rom\u00e2ntico da praia. Acrescenta naturalidade \u00e0 casa de banho. Entretanto, h\u00e1 uma decora\u00e7\u00e3o em forma de p\u00e9rola no meio desta saboneteira, em forma de p\u00e9rolas brancas, acrescentando tr\u00eas dimens\u00f5es ao prato e beleza a esta saboneteira.<\/li>\n\n\n\n<li><strong>V\u00e1rias cores suaves: <\/strong>Esta saboneteira de viagem a granel vem em cores de concha comuns como rosa, branco, azul claro, roxo, etc., que d\u00e3o \u00e0s pessoas uma sensa\u00e7\u00e3o calorosa e confort\u00e1vel. Al\u00e9m disso, s\u00e3o muito adequadas para espa\u00e7os privados como as casas de banho.<\/li>\n\n\n\n<li><strong>Material cer\u00e2mico de alta qualidade: <\/strong>Esta saboneteira de cer\u00e2mica \u00e9 vendida por atacado com uma alta classe de material cer\u00e2mico, que pode mant\u00ea-la num estado para manter a alta temperatura e anti-eros\u00e3o sem deforma\u00e7\u00e3o. N\u00e3o \u00e9 t\u00f3xico e n\u00e3o \u00e9 venenoso, sem qualquer dano para os seres humanos.<\/li>\n\n\n\n<li><strong>F\u00e1cil de limpar: <\/strong>O esmalte delicado desta saboneteira de viagem em cer\u00e2mica n\u00e3o acumula sujidade, pelo que a casa de banho pode ser mantida higi\u00e9nica apenas com \u00e1gua limpa.<\/li>\n<\/ul>\n<\/div>\n\n\n\n<div class=\"wp-block-column is-layout-flow wp-block-column-is-layout-flow\">\n<figure class=\"wp-block-image size-full\"><img fetchpriority=\"high\" decoding=\"async\" width=\"800\" height=\"800\" src=\"https:\/\/jinhuaceramic.com\/wp-content\/uploads\/2024\/12\/Wholesale-Shell-Shaped-Soap-Dish-Ceramic-Bathroom-Accessories-Supplies-4_\u7ed3\u679c.webp\" alt=\"Saboneteira de cer\u00e2mica em forma de concha por atacado, saboneteira de viagem a granel-3\" class=\"wp-image-7327\" srcset=\"https:\/\/jinhuaceramic.com\/wp-content\/uploads\/2024\/12\/Wholesale-Shell-Shaped-Soap-Dish-Ceramic-Bathroom-Accessories-Supplies-4_\u7ed3\u679c.webp 800w, https:\/\/jinhuaceramic.com\/wp-content\/uploads\/2024\/12\/Wholesale-Shell-Shaped-Soap-Dish-Ceramic-Bathroom-Accessories-Supplies-4_\u7ed3\u679c-300x300.webp 300w, https:\/\/jinhuaceramic.com\/wp-content\/uploads\/2024\/12\/Wholesale-Shell-Shaped-Soap-Dish-Ceramic-Bathroom-Accessories-Supplies-4_\u7ed3\u679c-150x150.webp 150w, https:\/\/jinhuaceramic.com\/wp-content\/uploads\/2024\/12\/Wholesale-Shell-Shaped-Soap-Dish-Ceramic-Bathroom-Accessories-Supplies-4_\u7ed3\u679c-768x768.webp 768w, https:\/\/jinhuaceramic.com\/wp-content\/uploads\/2024\/12\/Wholesale-Shell-Shaped-Soap-Dish-Ceramic-Bathroom-Accessories-Supplies-4_\u7ed3\u679c-12x12.webp 12w, https:\/\/jinhuaceramic.com\/wp-content\/uploads\/2024\/12\/Wholesale-Shell-Shaped-Soap-Dish-Ceramic-Bathroom-Accessories-Supplies-4_\u7ed3\u679c-285x285.webp 285w, https:\/\/jinhuaceramic.com\/wp-content\/uploads\/2024\/12\/Wholesale-Shell-Shaped-Soap-Dish-Ceramic-Bathroom-Accessories-Supplies-4_\u7ed3\u679c-270x270.webp 270w, https:\/\/jinhuaceramic.com\/wp-content\/uploads\/2024\/12\/Wholesale-Shell-Shaped-Soap-Dish-Ceramic-Bathroom-Accessories-Supplies-4_\u7ed3\u679c-540x540.webp 540w, https:\/\/jinhuaceramic.com\/wp-content\/uploads\/2024\/12\/Wholesale-Shell-Shaped-Soap-Dish-Ceramic-Bathroom-Accessories-Supplies-4_\u7ed3\u679c-660x660.webp 660w\" sizes=\"(max-width: 800px) 100vw, 800px\" \/><\/figure>\n<\/div>\n<\/div>","protected":false},"excerpt":{"rendered":"<p>Bem-vindo \u00e0 compra de saboneteiras de viagem a granel. A nossa saboneteira de cer\u00e2mica em forma de concha \u00e9 pr\u00e1tica e bonita, um pequeno item indispens\u00e1vel na casa de banho. Eles podem n\u00e3o apenas atender \u00e0s necessidades de uso di\u00e1rio, mas tamb\u00e9m melhorar o estilo geral do banheiro e adicionar um toque de prazer \u00e0 hora do banho.<\/p>","protected":false},"featured_media":7325,"comment_status":"closed","ping_status":"closed","template":"","meta":{"_acf_changed":false},"product_brand":[],"product_cat":[51],"product_tag":[72],"class_list":{"0":"post-7324","1":"product","2":"type-product","3":"status-publish","4":"has-post-thumbnail","6":"product_cat-bathroom-accessories-wholesale","7":"product_tag-wholesale-soap-dishes","9":"first","10":"instock","11":"shipping-taxable","12":"product-type-simple"},"acf":[],"_links":{"self":[{"href":"https:\/\/jinhuaceramic.com\/pt\/wp-json\/wp\/v2\/product\/7324","targetHints":{"allow":["GET"]}}],"collection":[{"href":"https:\/\/jinhuaceramic.com\/pt\/wp-json\/wp\/v2\/product"}],"about":[{"href":"https:\/\/jinhuaceramic.com\/pt\/wp-json\/wp\/v2\/types\/product"}],"replies":[{"embeddable":true,"href":"https:\/\/jinhuaceramic.com\/pt\/wp-json\/wp\/v2\/comments?post=7324"}],"version-history":[{"count":0,"href":"https:\/\/jinhuaceramic.com\/pt\/wp-json\/wp\/v2\/product\/7324\/revisions"}],"wp:featuredmedia":[{"embeddable":true,"href":"https:\/\/jinhuaceramic.com\/pt\/wp-json\/wp\/v2\/media\/7325"}],"wp:attachment":[{"href":"https:\/\/jinhuaceramic.com\/pt\/wp-json\/wp\/v2\/media?parent=7324"}],"wp:term":[{"taxonomy":"product_brand","embeddable":true,"href":"https:\/\/jinhuaceramic.com\/pt\/wp-json\/wp\/v2\/product_brand?post=7324"},{"taxonomy":"product_cat","embeddable":true,"href":"https:\/\/jinhuaceramic.com\/pt\/wp-json\/wp\/v2\/product_cat?post=7324"},{"taxonomy":"product_tag","embeddable":true,"href":"https:\/\/jinhuaceramic.com\/pt\/wp-json\/wp\/v2\/product_tag?post=7324"}],"curies":[{"name":"wp","href":"https:\/\/api.w.org\/{rel}","templated":true}]}}