{"id":7338,"date":"2024-12-05T02:08:02","date_gmt":"2024-12-05T02:08:02","guid":{"rendered":"https:\/\/jinhuaceramic.com\/?post_type=product&#038;p=7338"},"modified":"2024-12-05T02:22:41","modified_gmt":"2024-12-05T02:22:41","slug":"designer-bathroom-sets-wholesale","status":"publish","type":"product","link":"https:\/\/jinhuaceramic.com\/pt\/product\/designer-bathroom-sets-wholesale\/","title":{"rendered":"Conjuntos de casa de banho de design de 4 pe\u00e7as por atacado, acess\u00f3rios de banho a granel"},"content":{"rendered":"<div class=\"wp-block-columns is-layout-flex wp-container-core-columns-is-layout-9d6595d7 wp-block-columns-is-layout-flex\">\n<div class=\"wp-block-column is-layout-flow wp-block-column-is-layout-flow\">\n<h3 class=\"wp-block-heading\">Conjuntos de casa de banho de design premium por atacado Carater\u00edsticas:<\/h3>\n\n\n\n<ul class=\"wp-block-list\">\n<li><strong>Desenho a duas cores: <\/strong>Estes conjuntos de casa de banho de design por atacado s\u00e3o feitos de branco e castanho, tendo tanto a brancura da cer\u00e2mica como o calor da madeira, simples e elegantes. Este esquema de cores \u00e9 muito vers\u00e1til e adequado para casas de banho de v\u00e1rios estilos.<\/li>\n\n\n\n<li><strong>Ponto Textura: <\/strong>A textura pontilhada azul destes acess\u00f3rios de banho a granel quebra a monotonia das cores s\u00f3lidas, acrescentando interesse visual e fazendo com que o espa\u00e7o de banho pare\u00e7a mais animado.<\/li>\n\n\n\n<li><strong>Material de alta qualidade: <\/strong>O material utilizado nestes conjuntos de casa de banho de design \u00e9 um material cer\u00e2mico da melhor qualidade. A sua textura fina, a suavidade da sua superf\u00edcie e o conforto do seu toque tornam-no muito confort\u00e1vel durante a utiliza\u00e7\u00e3o. A cer\u00e2mica possui uma boa resist\u00eancia a altas temperaturas, n\u00e3o tem medo da expans\u00e3o e contra\u00e7\u00e3o do calor, n\u00e3o se deforma facilmente e tem uma vida \u00fatil mais longa.<\/li>\n\n\n\n<li><strong>Conjunto completo: <\/strong>Estes acess\u00f3rios de banho em cer\u00e2mica a granel incluem dispensadores de sab\u00e3o, copos para escovas de dentes, copos para elixir bucal e saboneteiras para uma variedade de necessidades di\u00e1rias de lavagem. Um conjunto completo de conjuntos de casa de banho em cer\u00e2mica pode ajud\u00e1-lo a classificar e colocar v\u00e1rios artigos de higiene pessoal e a manter a casa de banho arrumada e organizada.<\/li>\n<\/ul>\n<\/div>\n\n\n\n<div class=\"wp-block-column is-layout-flow wp-block-column-is-layout-flow\">\n<figure class=\"wp-block-image size-full\"><img fetchpriority=\"high\" decoding=\"async\" width=\"1500\" height=\"1500\" src=\"https:\/\/jinhuaceramic.com\/wp-content\/uploads\/2024\/12\/4-Piece-Custom-Ceramic-Bathroom-Accessories-Set-Wholesale-Supplies-2_\u7ed3\u679c.webp\" alt=\"Conjuntos de casa de banho de design de 4 pe\u00e7as por atacado, acess\u00f3rios de banho a granel-1\" class=\"wp-image-7339\" srcset=\"https:\/\/jinhuaceramic.com\/wp-content\/uploads\/2024\/12\/4-Piece-Custom-Ceramic-Bathroom-Accessories-Set-Wholesale-Supplies-2_\u7ed3\u679c.webp 1500w, https:\/\/jinhuaceramic.com\/wp-content\/uploads\/2024\/12\/4-Piece-Custom-Ceramic-Bathroom-Accessories-Set-Wholesale-Supplies-2_\u7ed3\u679c-300x300.webp 300w, https:\/\/jinhuaceramic.com\/wp-content\/uploads\/2024\/12\/4-Piece-Custom-Ceramic-Bathroom-Accessories-Set-Wholesale-Supplies-2_\u7ed3\u679c-150x150.webp 150w, https:\/\/jinhuaceramic.com\/wp-content\/uploads\/2024\/12\/4-Piece-Custom-Ceramic-Bathroom-Accessories-Set-Wholesale-Supplies-2_\u7ed3\u679c-768x768.webp 768w, https:\/\/jinhuaceramic.com\/wp-content\/uploads\/2024\/12\/4-Piece-Custom-Ceramic-Bathroom-Accessories-Set-Wholesale-Supplies-2_\u7ed3\u679c-12x12.webp 12w, https:\/\/jinhuaceramic.com\/wp-content\/uploads\/2024\/12\/4-Piece-Custom-Ceramic-Bathroom-Accessories-Set-Wholesale-Supplies-2_\u7ed3\u679c-285x285.webp 285w, https:\/\/jinhuaceramic.com\/wp-content\/uploads\/2024\/12\/4-Piece-Custom-Ceramic-Bathroom-Accessories-Set-Wholesale-Supplies-2_\u7ed3\u679c-270x270.webp 270w, https:\/\/jinhuaceramic.com\/wp-content\/uploads\/2024\/12\/4-Piece-Custom-Ceramic-Bathroom-Accessories-Set-Wholesale-Supplies-2_\u7ed3\u679c-540x540.webp 540w, https:\/\/jinhuaceramic.com\/wp-content\/uploads\/2024\/12\/4-Piece-Custom-Ceramic-Bathroom-Accessories-Set-Wholesale-Supplies-2_\u7ed3\u679c-660x660.webp 660w\" sizes=\"(max-width: 1500px) 100vw, 1500px\" \/><\/figure>\n<\/div>\n<\/div>\n\n\n\n<p><\/p>","protected":false},"excerpt":{"rendered":"<p>Bem-vindo \u00e0 compra de acess\u00f3rios de banho a granel. Estes conjuntos de casa de banho de design por atacado t\u00eam um design elegante de duas cores e texturas pontilhadas especiais, que podem melhorar eficazmente a apar\u00eancia da casa de banho. Ao mesmo tempo, o material cer\u00e2mico de alta qualidade e a combina\u00e7\u00e3o completa de acess\u00f3rios tornam-no muito pr\u00e1tico e uma boa escolha para melhorar a qualidade de vida.<\/p>","protected":false},"featured_media":7343,"comment_status":"closed","ping_status":"closed","template":"","meta":{"_acf_changed":false},"product_brand":[],"product_cat":[51],"product_tag":[74],"class_list":{"0":"post-7338","1":"product","2":"type-product","3":"status-publish","4":"has-post-thumbnail","6":"product_cat-bathroom-accessories-wholesale","7":"product_tag-ceramic-bath-accessories-wholesale","9":"first","10":"instock","11":"shipping-taxable","12":"product-type-simple"},"acf":[],"_links":{"self":[{"href":"https:\/\/jinhuaceramic.com\/pt\/wp-json\/wp\/v2\/product\/7338","targetHints":{"allow":["GET"]}}],"collection":[{"href":"https:\/\/jinhuaceramic.com\/pt\/wp-json\/wp\/v2\/product"}],"about":[{"href":"https:\/\/jinhuaceramic.com\/pt\/wp-json\/wp\/v2\/types\/product"}],"replies":[{"embeddable":true,"href":"https:\/\/jinhuaceramic.com\/pt\/wp-json\/wp\/v2\/comments?post=7338"}],"version-history":[{"count":0,"href":"https:\/\/jinhuaceramic.com\/pt\/wp-json\/wp\/v2\/product\/7338\/revisions"}],"wp:featuredmedia":[{"embeddable":true,"href":"https:\/\/jinhuaceramic.com\/pt\/wp-json\/wp\/v2\/media\/7343"}],"wp:attachment":[{"href":"https:\/\/jinhuaceramic.com\/pt\/wp-json\/wp\/v2\/media?parent=7338"}],"wp:term":[{"taxonomy":"product_brand","embeddable":true,"href":"https:\/\/jinhuaceramic.com\/pt\/wp-json\/wp\/v2\/product_brand?post=7338"},{"taxonomy":"product_cat","embeddable":true,"href":"https:\/\/jinhuaceramic.com\/pt\/wp-json\/wp\/v2\/product_cat?post=7338"},{"taxonomy":"product_tag","embeddable":true,"href":"https:\/\/jinhuaceramic.com\/pt\/wp-json\/wp\/v2\/product_tag?post=7338"}],"curies":[{"name":"wp","href":"https:\/\/api.w.org\/{rel}","templated":true}]}}