{"id":7356,"date":"2024-12-06T08:33:59","date_gmt":"2024-12-06T08:33:59","guid":{"rendered":"https:\/\/jinhuaceramic.com\/?post_type=product&#038;p=7356"},"modified":"2025-03-10T08:55:04","modified_gmt":"2025-03-10T08:55:04","slug":"ceramic-baking-pans-wholesale","status":"publish","type":"product","link":"https:\/\/jinhuaceramic.com\/pt\/product\/ceramic-baking-pans-wholesale\/","title":{"rendered":"Assadeiras de cer\u00e2mica por atacado, Ramequins brancos para assar a granel"},"content":{"rendered":"<div class=\"wp-block-columns is-layout-flex wp-container-core-columns-is-layout-9d6595d7 wp-block-columns-is-layout-flex\">\n<div class=\"wp-block-column is-layout-flow wp-block-column-is-layout-flow\">\n<h3 class=\"wp-block-heading\">Panelas de cer\u00e2mica premium Carater\u00edsticas por atacado:<\/h3>\n\n\n\n<ul class=\"wp-block-list\">\n<li><strong>Design elegante: <\/strong>Estas assadeiras de cer\u00e2mica por atacado em branco puro, com linhas e texturas verticais \u00e0s riscas, apresentam um toque simples e elegante para acrescentar sabor.<\/li>\n\n\n\n<li><strong>Material de alta qualidade: <\/strong>Estes ramequins brancos para cozer a granel s\u00e3o feitos de cer\u00e2mica de alta qualidade cozida a alta temperatura, resistindo a altas temperaturas e podendo ser utilizados com diferentes formas de cozedura, como fornos ou micro-ondas.<\/li>\n\n\n\n<li><strong>Versatilidade: <\/strong>As grandes formas rectangulares de cer\u00e2mica t\u00eam uma capacidade de 135 on\u00e7as, perfeitas para fazer grandes por\u00e7\u00f5es de comida, como lasanha, frango assado, etc. Estes pequenos ramequins t\u00eam uma capacidade de 4 on\u00e7as e s\u00e3o adequados para fazer sobremesas como creme brulee, souffl\u00e9, pequenos bolos, ou para guardar molhos, etc.<\/li>\n\n\n\n<li><strong>Tampa funcional: <\/strong>Estes ramequins brancos para cozer a granel s\u00e3o fornecidos com tampas que impedem eficazmente que os alimentos percam humidade, mantendo-os frescos. E h\u00e1 um orif\u00edcio em cada tampa para ventila\u00e7\u00e3o, o que \u00e9 muito conveniente. Os ramequins com tampa podem ser utilizados para refrigerar ou congelar alimentos para facilitar a sua conserva\u00e7\u00e3o.<\/li>\n<\/ul>\n<\/div>\n\n\n\n<div class=\"wp-block-column is-layout-flow wp-block-column-is-layout-flow\">\n<figure class=\"wp-block-image size-full\"><img fetchpriority=\"high\" decoding=\"async\" width=\"717\" height=\"717\" src=\"https:\/\/jinhuaceramic.com\/wp-content\/uploads\/2024\/12\/White-Custom-Baking-Dish-Ramekin-Set-Ceramic-Bakeware-Wholesale.webp\" alt=\"Assadeiras de cer\u00e2mica por atacado, Ramequins de cozimento brancos Bulk-1\" class=\"wp-image-7363\" srcset=\"https:\/\/jinhuaceramic.com\/wp-content\/uploads\/2024\/12\/White-Custom-Baking-Dish-Ramekin-Set-Ceramic-Bakeware-Wholesale.webp 717w, https:\/\/jinhuaceramic.com\/wp-content\/uploads\/2024\/12\/White-Custom-Baking-Dish-Ramekin-Set-Ceramic-Bakeware-Wholesale-300x300.webp 300w, https:\/\/jinhuaceramic.com\/wp-content\/uploads\/2024\/12\/White-Custom-Baking-Dish-Ramekin-Set-Ceramic-Bakeware-Wholesale-150x150.webp 150w, https:\/\/jinhuaceramic.com\/wp-content\/uploads\/2024\/12\/White-Custom-Baking-Dish-Ramekin-Set-Ceramic-Bakeware-Wholesale-12x12.webp 12w, https:\/\/jinhuaceramic.com\/wp-content\/uploads\/2024\/12\/White-Custom-Baking-Dish-Ramekin-Set-Ceramic-Bakeware-Wholesale-285x285.webp 285w, https:\/\/jinhuaceramic.com\/wp-content\/uploads\/2024\/12\/White-Custom-Baking-Dish-Ramekin-Set-Ceramic-Bakeware-Wholesale-270x270.webp 270w, https:\/\/jinhuaceramic.com\/wp-content\/uploads\/2024\/12\/White-Custom-Baking-Dish-Ramekin-Set-Ceramic-Bakeware-Wholesale-540x540.webp 540w, https:\/\/jinhuaceramic.com\/wp-content\/uploads\/2024\/12\/White-Custom-Baking-Dish-Ramekin-Set-Ceramic-Bakeware-Wholesale-660x660.webp 660w\" sizes=\"(max-width: 717px) 100vw, 717px\" \/><\/figure>\n<\/div>\n<\/div>","protected":false},"excerpt":{"rendered":"<p>Bem-vindo \u00e0 compra de ramequins a granel. Estas formas de cer\u00e2mica para cozer por grosso s\u00e3o concebidas com apelo est\u00e9tico, funcionalidade e versatilidade, sendo muito recomendadas na cozinha. A utiliza\u00e7\u00e3o de ramequins pode ser alargada n\u00e3o s\u00f3 \u00e0 cozedura, mas tamb\u00e9m ao servi\u00e7o de pratos, acrescentando valor durante o jantar.<\/p>","protected":false},"featured_media":7360,"comment_status":"closed","ping_status":"closed","template":"","meta":{"_acf_changed":false},"product_brand":[],"product_cat":[53],"product_tag":[71],"class_list":{"0":"post-7356","1":"product","2":"type-product","3":"status-publish","4":"has-post-thumbnail","6":"product_cat-bakeware-in-bulk","7":"product_tag-wholesale-baking-pans","9":"first","10":"instock","11":"shipping-taxable","12":"product-type-simple"},"acf":[],"_links":{"self":[{"href":"https:\/\/jinhuaceramic.com\/pt\/wp-json\/wp\/v2\/product\/7356","targetHints":{"allow":["GET"]}}],"collection":[{"href":"https:\/\/jinhuaceramic.com\/pt\/wp-json\/wp\/v2\/product"}],"about":[{"href":"https:\/\/jinhuaceramic.com\/pt\/wp-json\/wp\/v2\/types\/product"}],"replies":[{"embeddable":true,"href":"https:\/\/jinhuaceramic.com\/pt\/wp-json\/wp\/v2\/comments?post=7356"}],"version-history":[{"count":0,"href":"https:\/\/jinhuaceramic.com\/pt\/wp-json\/wp\/v2\/product\/7356\/revisions"}],"wp:featuredmedia":[{"embeddable":true,"href":"https:\/\/jinhuaceramic.com\/pt\/wp-json\/wp\/v2\/media\/7360"}],"wp:attachment":[{"href":"https:\/\/jinhuaceramic.com\/pt\/wp-json\/wp\/v2\/media?parent=7356"}],"wp:term":[{"taxonomy":"product_brand","embeddable":true,"href":"https:\/\/jinhuaceramic.com\/pt\/wp-json\/wp\/v2\/product_brand?post=7356"},{"taxonomy":"product_cat","embeddable":true,"href":"https:\/\/jinhuaceramic.com\/pt\/wp-json\/wp\/v2\/product_cat?post=7356"},{"taxonomy":"product_tag","embeddable":true,"href":"https:\/\/jinhuaceramic.com\/pt\/wp-json\/wp\/v2\/product_tag?post=7356"}],"curies":[{"name":"wp","href":"https:\/\/api.w.org\/{rel}","templated":true}]}}