{"id":7370,"date":"2024-12-07T08:48:04","date_gmt":"2024-12-07T08:48:04","guid":{"rendered":"https:\/\/jinhuaceramic.com\/?post_type=product&#038;p=7370"},"modified":"2025-03-11T07:51:38","modified_gmt":"2025-03-11T07:51:38","slug":"customized-baking-dish","status":"publish","type":"product","link":"https:\/\/jinhuaceramic.com\/pt\/product\/customized-baking-dish\/","title":{"rendered":"Assadeira antiaderente personalizada por atacado, assadeira de cer\u00e2mica para cozinha"},"content":{"rendered":"<div class=\"wp-block-columns is-layout-flex wp-container-core-columns-is-layout-9d6595d7 wp-block-columns-is-layout-flex\">\n<div class=\"wp-block-column is-layout-flow wp-block-column-is-layout-flow\">\n<h3 class=\"wp-block-heading\">Caracter\u00edsticas da assadeira personalizada premium:<\/h3>\n\n\n\n<ul class=\"wp-block-list\">\n<li><strong>Design elegante: <\/strong>O design destes conjuntos de tabuleiros de cozedura personalizados \u00e9 simples, mas elegante, com o branco como cor principal e os lados e interiores decorados com folhas verdes e padr\u00f5es de flores brancas. A combina\u00e7\u00e3o de cores \u00e9 fresca e natural, fazendo com que as pessoas se sintam muito confort\u00e1veis.<\/li>\n\n\n\n<li><strong>Material de alta qualidade: <\/strong>Estas travessas de cer\u00e2mica para cozinhar foram fabricadas para resistir a altas temperaturas, suportando assim temperaturas ainda mais elevadas no forno sem se deformarem ou racharem. Isto torna-as seguras para serem utilizadas tanto em fornos como em micro-ondas. Al\u00e9m disso, o esmalte \u00e9 liso, facilitando a limpeza.<\/li>\n\n\n\n<li><strong>Versatilidade: <\/strong>Os dois tamanhos com capacidades diferentes permitem que estes conjuntos de tabuleiros de cozedura personalizados sejam utilizados em v\u00e1rias receitas. Estes tabuleiros podem ser utilizados para servir refei\u00e7\u00f5es como lasanha, frango assado e p\u00e3o, em vez de apenas cozinhar, conferindo um grande apelo \u00e0 mesa de jantar.<\/li>\n\n\n\n<li><strong>Um \u00f3timo presente: <\/strong>As nossas travessas de cer\u00e2mica para cozinhar, vendidas por grosso, t\u00eam um design elegante e transmitem uma certa classe, tornando-as muito adequadas como presentes de casamento ou de inaugura\u00e7\u00e3o de casa para familiares e amigos. Elas podem transmitir as inten\u00e7\u00f5es de quem as oferece e, ao mesmo tempo, adicionar beleza \u00e0 vida de quem as recebe.<\/li>\n<\/ul>\n<\/div>\n\n\n\n<div class=\"wp-block-column is-layout-flow wp-block-column-is-layout-flow\">\n<figure class=\"wp-block-image size-full\"><img fetchpriority=\"high\" decoding=\"async\" width=\"1024\" height=\"1024\" src=\"https:\/\/jinhuaceramic.com\/wp-content\/uploads\/2024\/12\/Nonstick-Custom-Baking-Dish-Set-Wholesale-Kitchen-Ceramic-Bakeware-3.webp\" alt=\"Assadeira antiaderente personalizada por atacado, assadeira de cer\u00e2mica para cozinha-1\" class=\"wp-image-7372\" srcset=\"https:\/\/jinhuaceramic.com\/wp-content\/uploads\/2024\/12\/Nonstick-Custom-Baking-Dish-Set-Wholesale-Kitchen-Ceramic-Bakeware-3.webp 1024w, https:\/\/jinhuaceramic.com\/wp-content\/uploads\/2024\/12\/Nonstick-Custom-Baking-Dish-Set-Wholesale-Kitchen-Ceramic-Bakeware-3-300x300.webp 300w, https:\/\/jinhuaceramic.com\/wp-content\/uploads\/2024\/12\/Nonstick-Custom-Baking-Dish-Set-Wholesale-Kitchen-Ceramic-Bakeware-3-150x150.webp 150w, https:\/\/jinhuaceramic.com\/wp-content\/uploads\/2024\/12\/Nonstick-Custom-Baking-Dish-Set-Wholesale-Kitchen-Ceramic-Bakeware-3-768x768.webp 768w, https:\/\/jinhuaceramic.com\/wp-content\/uploads\/2024\/12\/Nonstick-Custom-Baking-Dish-Set-Wholesale-Kitchen-Ceramic-Bakeware-3-12x12.webp 12w, https:\/\/jinhuaceramic.com\/wp-content\/uploads\/2024\/12\/Nonstick-Custom-Baking-Dish-Set-Wholesale-Kitchen-Ceramic-Bakeware-3-285x285.webp 285w, https:\/\/jinhuaceramic.com\/wp-content\/uploads\/2024\/12\/Nonstick-Custom-Baking-Dish-Set-Wholesale-Kitchen-Ceramic-Bakeware-3-270x270.webp 270w, https:\/\/jinhuaceramic.com\/wp-content\/uploads\/2024\/12\/Nonstick-Custom-Baking-Dish-Set-Wholesale-Kitchen-Ceramic-Bakeware-3-540x540.webp 540w, https:\/\/jinhuaceramic.com\/wp-content\/uploads\/2024\/12\/Nonstick-Custom-Baking-Dish-Set-Wholesale-Kitchen-Ceramic-Bakeware-3-660x660.webp 660w\" sizes=\"(max-width: 1024px) 100vw, 1024px\" \/><\/figure>\n<\/div>\n<\/div>\n\n\n\n<p><\/p>","protected":false},"excerpt":{"rendered":"<p>Bem-vindo \u00e0 compra por grosso de utens\u00edlios de cozinha para panifica\u00e7\u00e3o. Estes conjuntos de tabuleiros de cer\u00e2mica personalizados s\u00e3o populares devido ao seu design elegante, material cer\u00e2mico de alta qualidade e v\u00e1rios tamanhos. Ao mesmo tempo, os tabuleiros est\u00e3o equipados com pegas para facilitar o manuseamento e o transporte, o que aumenta a conveni\u00eancia de utiliza\u00e7\u00e3o e \u00e9 muito adequado para o uso dom\u00e9stico di\u00e1rio.<\/p>","protected":false},"featured_media":7375,"comment_status":"closed","ping_status":"closed","template":"","meta":{"_acf_changed":false},"product_brand":[],"product_cat":[53],"product_tag":[71],"class_list":{"0":"post-7370","1":"product","2":"type-product","3":"status-publish","4":"has-post-thumbnail","6":"product_cat-bakeware-in-bulk","7":"product_tag-wholesale-baking-pans","9":"first","10":"instock","11":"shipping-taxable","12":"product-type-simple"},"acf":[],"_links":{"self":[{"href":"https:\/\/jinhuaceramic.com\/pt\/wp-json\/wp\/v2\/product\/7370","targetHints":{"allow":["GET"]}}],"collection":[{"href":"https:\/\/jinhuaceramic.com\/pt\/wp-json\/wp\/v2\/product"}],"about":[{"href":"https:\/\/jinhuaceramic.com\/pt\/wp-json\/wp\/v2\/types\/product"}],"replies":[{"embeddable":true,"href":"https:\/\/jinhuaceramic.com\/pt\/wp-json\/wp\/v2\/comments?post=7370"}],"version-history":[{"count":0,"href":"https:\/\/jinhuaceramic.com\/pt\/wp-json\/wp\/v2\/product\/7370\/revisions"}],"wp:featuredmedia":[{"embeddable":true,"href":"https:\/\/jinhuaceramic.com\/pt\/wp-json\/wp\/v2\/media\/7375"}],"wp:attachment":[{"href":"https:\/\/jinhuaceramic.com\/pt\/wp-json\/wp\/v2\/media?parent=7370"}],"wp:term":[{"taxonomy":"product_brand","embeddable":true,"href":"https:\/\/jinhuaceramic.com\/pt\/wp-json\/wp\/v2\/product_brand?post=7370"},{"taxonomy":"product_cat","embeddable":true,"href":"https:\/\/jinhuaceramic.com\/pt\/wp-json\/wp\/v2\/product_cat?post=7370"},{"taxonomy":"product_tag","embeddable":true,"href":"https:\/\/jinhuaceramic.com\/pt\/wp-json\/wp\/v2\/product_tag?post=7370"}],"curies":[{"name":"wp","href":"https:\/\/api.w.org\/{rel}","templated":true}]}}