{"id":7381,"date":"2024-12-11T08:55:52","date_gmt":"2024-12-11T08:55:52","guid":{"rendered":"https:\/\/jinhuaceramic.com\/?post_type=product&#038;p=7381"},"modified":"2025-03-10T09:16:36","modified_gmt":"2025-03-10T09:16:36","slug":"pie-pans-wholesale","status":"publish","type":"product","link":"https:\/\/jinhuaceramic.com\/pt\/product\/pie-pans-wholesale\/","title":{"rendered":"Formas de torta de cer\u00e2mica dur\u00e1veis por atacado, pratos redondos para assar a granel"},"content":{"rendered":"<div class=\"wp-block-columns is-layout-flex wp-container-core-columns-is-layout-9d6595d7 wp-block-columns-is-layout-flex\">\n<div class=\"wp-block-column is-layout-flow wp-block-column-is-layout-flow\">\n<h3 class=\"wp-block-heading\">Caracter\u00edsticas das formas para tartes premium por grosso:<\/h3>\n\n\n\n<ul class=\"wp-block-list\">\n<li><strong>Design elegante: <\/strong>Estas formas de cer\u00e2mica para tartes a granel s\u00e3o concebidas com eleg\u00e2ncia, e a cor azul escura profunda transmite uma sensa\u00e7\u00e3o de calma e atmosfera. O padr\u00e3o geom\u00e9trico branco na lateral da forma n\u00e3o s\u00f3 \u00e9 bonito, como tamb\u00e9m altamente decorativo, podendo adicionar uma atmosfera art\u00edstica \u00e0 mesa de jantar.<\/li>\n\n\n\n<li><strong>Material cer\u00e2mico de qualidade superior: <\/strong>Estas formas para assar personalizadas de alta qualidade oferecem grande dureza e resist\u00eancia ao desgaste, evitando riscos e abras\u00e3o com o uso di\u00e1rio, ao mesmo tempo que aumentam a vida \u00fatil. As formas para assar suportam altas temperaturas e n\u00e3o se deformam nem racham facilmente.<\/li>\n\n\n\n<li><strong>Praticidade: <\/strong>Estas formas de cer\u00e2mica para tartes por grosso podem adaptar-se a v\u00e1rias necessidades culin\u00e1rias, tais como assar, cozinhar a vapor, aquecer, etc. S\u00e3o seguras para usar no forno, micro-ondas, vaporizador, frigor\u00edfico e m\u00e1quina de lavar lou\u00e7a.<\/li>\n\n\n\n<li><strong>F\u00e1cil de limpar:<\/strong> Estas travessas de cer\u00e2mica personalizadas t\u00eam bordas lisas e um esmalte uniforme, o que facilita a remo\u00e7\u00e3o de gordura e res\u00edduos alimentares. A cer\u00e2mica n\u00e3o absorve odores facilmente, por isso, ap\u00f3s a limpeza, \u00e9 mais f\u00e1cil recuperar o brilho e o sabor originais.<\/li>\n<\/ul>\n<\/div>\n\n\n\n<div class=\"wp-block-column is-layout-flow wp-block-column-is-layout-flow\">\n<figure class=\"wp-block-image size-full\"><img fetchpriority=\"high\" decoding=\"async\" width=\"640\" height=\"640\" src=\"https:\/\/jinhuaceramic.com\/wp-content\/uploads\/2024\/12\/Custom-Ceramic-Pie-Baking-Pan-Wholesale-Round-Bakeware-Bulk-2.webp\" alt=\"Formas de cer\u00e2mica dur\u00e1veis para tortas por atacado, assadeiras redondas a granel - 5\" class=\"wp-image-7382\" srcset=\"https:\/\/jinhuaceramic.com\/wp-content\/uploads\/2024\/12\/Custom-Ceramic-Pie-Baking-Pan-Wholesale-Round-Bakeware-Bulk-2.webp 640w, https:\/\/jinhuaceramic.com\/wp-content\/uploads\/2024\/12\/Custom-Ceramic-Pie-Baking-Pan-Wholesale-Round-Bakeware-Bulk-2-300x300.webp 300w, https:\/\/jinhuaceramic.com\/wp-content\/uploads\/2024\/12\/Custom-Ceramic-Pie-Baking-Pan-Wholesale-Round-Bakeware-Bulk-2-150x150.webp 150w, https:\/\/jinhuaceramic.com\/wp-content\/uploads\/2024\/12\/Custom-Ceramic-Pie-Baking-Pan-Wholesale-Round-Bakeware-Bulk-2-12x12.webp 12w, https:\/\/jinhuaceramic.com\/wp-content\/uploads\/2024\/12\/Custom-Ceramic-Pie-Baking-Pan-Wholesale-Round-Bakeware-Bulk-2-285x285.webp 285w, https:\/\/jinhuaceramic.com\/wp-content\/uploads\/2024\/12\/Custom-Ceramic-Pie-Baking-Pan-Wholesale-Round-Bakeware-Bulk-2-270x270.webp 270w, https:\/\/jinhuaceramic.com\/wp-content\/uploads\/2024\/12\/Custom-Ceramic-Pie-Baking-Pan-Wholesale-Round-Bakeware-Bulk-2-540x540.webp 540w\" sizes=\"(max-width: 640px) 100vw, 640px\" \/><\/figure>\n<\/div>\n<\/div>","protected":false},"excerpt":{"rendered":"<p>Bem-vindo \u00e0 compra por grosso de formas para tartes em cer\u00e2mica. Estas formas para cozinhar personalizadas com um design elegante, material de alta qualidade, s\u00e3o f\u00e1ceis de limpar e pr\u00e1ticas. De um modo geral, estas formas para cozinhar em cer\u00e2mica podem satisfazer as diferentes necessidades das pessoas na vida moderna em rela\u00e7\u00e3o \u00e0 vida familiar.<\/p>","protected":false},"featured_media":7385,"comment_status":"closed","ping_status":"closed","template":"","meta":{"_acf_changed":false},"product_brand":[],"product_cat":[53],"product_tag":[70],"class_list":{"0":"post-7381","1":"product","2":"type-product","3":"status-publish","4":"has-post-thumbnail","6":"product_cat-bakeware-in-bulk","7":"product_tag-custom-pie-pans","9":"first","10":"instock","11":"shipping-taxable","12":"product-type-simple"},"acf":[],"_links":{"self":[{"href":"https:\/\/jinhuaceramic.com\/pt\/wp-json\/wp\/v2\/product\/7381","targetHints":{"allow":["GET"]}}],"collection":[{"href":"https:\/\/jinhuaceramic.com\/pt\/wp-json\/wp\/v2\/product"}],"about":[{"href":"https:\/\/jinhuaceramic.com\/pt\/wp-json\/wp\/v2\/types\/product"}],"replies":[{"embeddable":true,"href":"https:\/\/jinhuaceramic.com\/pt\/wp-json\/wp\/v2\/comments?post=7381"}],"version-history":[{"count":0,"href":"https:\/\/jinhuaceramic.com\/pt\/wp-json\/wp\/v2\/product\/7381\/revisions"}],"wp:featuredmedia":[{"embeddable":true,"href":"https:\/\/jinhuaceramic.com\/pt\/wp-json\/wp\/v2\/media\/7385"}],"wp:attachment":[{"href":"https:\/\/jinhuaceramic.com\/pt\/wp-json\/wp\/v2\/media?parent=7381"}],"wp:term":[{"taxonomy":"product_brand","embeddable":true,"href":"https:\/\/jinhuaceramic.com\/pt\/wp-json\/wp\/v2\/product_brand?post=7381"},{"taxonomy":"product_cat","embeddable":true,"href":"https:\/\/jinhuaceramic.com\/pt\/wp-json\/wp\/v2\/product_cat?post=7381"},{"taxonomy":"product_tag","embeddable":true,"href":"https:\/\/jinhuaceramic.com\/pt\/wp-json\/wp\/v2\/product_tag?post=7381"}],"curies":[{"name":"wp","href":"https:\/\/api.w.org\/{rel}","templated":true}]}}