{"id":7394,"date":"2024-12-11T08:44:07","date_gmt":"2024-12-11T08:44:07","guid":{"rendered":"https:\/\/jinhuaceramic.com\/?post_type=product&#038;p=7394"},"modified":"2025-06-25T09:09:57","modified_gmt":"2025-06-25T09:09:57","slug":"custom-made-bathroom-accessories","status":"publish","type":"product","link":"https:\/\/jinhuaceramic.com\/pt\/product\/custom-made-bathroom-accessories\/","title":{"rendered":"Acess\u00f3rios de casa de banho azuis escuros feitos \u00e0 medida, conjunto de banho em cer\u00e2mica"},"content":{"rendered":"<div class=\"wp-block-columns is-layout-flex wp-container-core-columns-is-layout-9d6595d7 wp-block-columns-is-layout-flex\">\n<div class=\"wp-block-column is-layout-flow wp-block-column-is-layout-flow\">\n<h3 class=\"wp-block-heading\">Acess\u00f3rios de casa de banho personalizados Premium Carater\u00edsticas:<\/h3>\n\n\n\n<ul class=\"wp-block-list\">\n<li><strong>Design minimalista: <\/strong>As linhas destes acess\u00f3rios de casa de banho feitos \u00e0 medida s\u00e3o suaves e simples, n\u00e3o exageradamente decoradas. Este estilo de design vai ao encontro do estilo de design moderno e minimalista, n\u00e3o s\u00f3 \u00e9 bonito, mas tamb\u00e9m mais f\u00e1cil de combinar com v\u00e1rios estilos de casas de banho.<\/li>\n\n\n\n<li><strong>Uniforme azul escuro: <\/strong>O design dos acess\u00f3rios de casa de banho personalizados por atacado tem muitas vantagens, como a resist\u00eancia a altas temperaturas, a corros\u00e3o e a facilidade de limpeza. Assim, \u00e9 muito adequado para utiliza\u00e7\u00e3o em casas de banho com o seu ambiente h\u00famido e propenso a bact\u00e9rias.<\/li>\n\n\n\n<li><strong>Material cer\u00e2mico de alta qualidade:<\/strong> Estes acess\u00f3rios de casa de banho feitos por medida t\u00eam as vantagens da resist\u00eancia a altas temperaturas e \u00e0 corros\u00e3o, com uma limpeza f\u00e1cil; assim, s\u00e3o bastante adequados para utiliza\u00e7\u00e3o numa casa de banho - um ambiente h\u00famido e propenso a bact\u00e9rias.<\/li>\n\n\n\n<li><strong>Conjunto completo: <\/strong>Cada produto destes acess\u00f3rios de casa de banho personalizados por atacado tem fun\u00e7\u00f5es pr\u00e1ticas: dispensadores de sab\u00e3o, copos para elixir bucal, copos para escovas de dentes, saboneteiras, etc. O dispensador de sabonete l\u00edquido tem uma press\u00e3o suave, o l\u00edquido \u00e9 est\u00e1vel e \u00e9 f\u00e1cil de utilizar. O design antiderrapante da textura da saboneteira foi concebido para ser pr\u00e1tico.<\/li>\n<\/ul>\n<\/div>\n\n\n\n<div class=\"wp-block-column is-layout-flow wp-block-column-is-layout-flow\">\n<figure class=\"wp-block-image size-full\"><img fetchpriority=\"high\" decoding=\"async\" width=\"2000\" height=\"2000\" src=\"https:\/\/jinhuaceramic.com\/wp-content\/uploads\/2024\/12\/Dark-Blue-Custom-Bathroom-Set-Bulk-Ceramic-Bath-Accessories-Wholesale.webp\" alt=\"Acess\u00f3rios de casa de banho azuis escuros feitos \u00e0 medida, Conjunto de banho em cer\u00e2mica-1\" class=\"wp-image-7401\" srcset=\"https:\/\/jinhuaceramic.com\/wp-content\/uploads\/2024\/12\/Dark-Blue-Custom-Bathroom-Set-Bulk-Ceramic-Bath-Accessories-Wholesale.webp 2000w, https:\/\/jinhuaceramic.com\/wp-content\/uploads\/2024\/12\/Dark-Blue-Custom-Bathroom-Set-Bulk-Ceramic-Bath-Accessories-Wholesale-300x300.webp 300w, https:\/\/jinhuaceramic.com\/wp-content\/uploads\/2024\/12\/Dark-Blue-Custom-Bathroom-Set-Bulk-Ceramic-Bath-Accessories-Wholesale-150x150.webp 150w, https:\/\/jinhuaceramic.com\/wp-content\/uploads\/2024\/12\/Dark-Blue-Custom-Bathroom-Set-Bulk-Ceramic-Bath-Accessories-Wholesale-768x768.webp 768w, https:\/\/jinhuaceramic.com\/wp-content\/uploads\/2024\/12\/Dark-Blue-Custom-Bathroom-Set-Bulk-Ceramic-Bath-Accessories-Wholesale-12x12.webp 12w, https:\/\/jinhuaceramic.com\/wp-content\/uploads\/2024\/12\/Dark-Blue-Custom-Bathroom-Set-Bulk-Ceramic-Bath-Accessories-Wholesale-285x285.webp 285w, https:\/\/jinhuaceramic.com\/wp-content\/uploads\/2024\/12\/Dark-Blue-Custom-Bathroom-Set-Bulk-Ceramic-Bath-Accessories-Wholesale-1600x1600.webp 1600w, https:\/\/jinhuaceramic.com\/wp-content\/uploads\/2024\/12\/Dark-Blue-Custom-Bathroom-Set-Bulk-Ceramic-Bath-Accessories-Wholesale-270x270.webp 270w, https:\/\/jinhuaceramic.com\/wp-content\/uploads\/2024\/12\/Dark-Blue-Custom-Bathroom-Set-Bulk-Ceramic-Bath-Accessories-Wholesale-540x540.webp 540w, https:\/\/jinhuaceramic.com\/wp-content\/uploads\/2024\/12\/Dark-Blue-Custom-Bathroom-Set-Bulk-Ceramic-Bath-Accessories-Wholesale-660x660.webp 660w\" sizes=\"(max-width: 2000px) 100vw, 2000px\" \/><\/figure>\n<\/div>\n<\/div>","protected":false},"excerpt":{"rendered":"<p>Bem-vindo ao comprar acess\u00f3rios de casa de banho por atacado. O design destes acess\u00f3rios de casa de banho feitos \u00e0 medida integra perfeitamente a praticidade, beleza e modernidade. Por isso, pode satisfazer plenamente as exig\u00eancias funcionais das pessoas em termos de artigos de casa de banho e melhorar toda a qualidade e beleza da casa de banho. \u00c9 um produto de casa de banho muito recomendado.<\/p>","protected":false},"featured_media":7395,"comment_status":"closed","ping_status":"closed","template":"","meta":{"_acf_changed":false},"product_brand":[],"product_cat":[51],"product_tag":[74],"class_list":{"0":"post-7394","1":"product","2":"type-product","3":"status-publish","4":"has-post-thumbnail","6":"product_cat-bathroom-accessories-wholesale","7":"product_tag-ceramic-bath-accessories-wholesale","9":"first","10":"instock","11":"shipping-taxable","12":"product-type-simple"},"acf":[],"_links":{"self":[{"href":"https:\/\/jinhuaceramic.com\/pt\/wp-json\/wp\/v2\/product\/7394","targetHints":{"allow":["GET"]}}],"collection":[{"href":"https:\/\/jinhuaceramic.com\/pt\/wp-json\/wp\/v2\/product"}],"about":[{"href":"https:\/\/jinhuaceramic.com\/pt\/wp-json\/wp\/v2\/types\/product"}],"replies":[{"embeddable":true,"href":"https:\/\/jinhuaceramic.com\/pt\/wp-json\/wp\/v2\/comments?post=7394"}],"version-history":[{"count":0,"href":"https:\/\/jinhuaceramic.com\/pt\/wp-json\/wp\/v2\/product\/7394\/revisions"}],"wp:featuredmedia":[{"embeddable":true,"href":"https:\/\/jinhuaceramic.com\/pt\/wp-json\/wp\/v2\/media\/7395"}],"wp:attachment":[{"href":"https:\/\/jinhuaceramic.com\/pt\/wp-json\/wp\/v2\/media?parent=7394"}],"wp:term":[{"taxonomy":"product_brand","embeddable":true,"href":"https:\/\/jinhuaceramic.com\/pt\/wp-json\/wp\/v2\/product_brand?post=7394"},{"taxonomy":"product_cat","embeddable":true,"href":"https:\/\/jinhuaceramic.com\/pt\/wp-json\/wp\/v2\/product_cat?post=7394"},{"taxonomy":"product_tag","embeddable":true,"href":"https:\/\/jinhuaceramic.com\/pt\/wp-json\/wp\/v2\/product_tag?post=7394"}],"curies":[{"name":"wp","href":"https:\/\/api.w.org\/{rel}","templated":true}]}}