{"id":7410,"date":"2024-12-14T08:08:56","date_gmt":"2024-12-14T08:08:56","guid":{"rendered":"https:\/\/jinhuaceramic.com\/?post_type=product&#038;p=7410"},"modified":"2025-03-10T08:59:02","modified_gmt":"2025-03-10T08:59:02","slug":"custom-made-baking-pans","status":"publish","type":"product","link":"https:\/\/jinhuaceramic.com\/pt\/product\/custom-made-baking-pans\/","title":{"rendered":"Formas de cer\u00e2mica feitas \u00e0 medida, material para pastelaria comercial"},"content":{"rendered":"<div class=\"wp-block-columns is-layout-flex wp-container-core-columns-is-layout-9d6595d7 wp-block-columns-is-layout-flex\">\n<div class=\"wp-block-column is-layout-flow wp-block-column-is-layout-flow\">\n<h3 class=\"wp-block-heading\">Formas de cozedura personalizadas Premium Carater\u00edsticas:<\/h3>\n\n\n\n<ul class=\"wp-block-list\">\n<li><strong>Combina\u00e7\u00e3o harmoniosa de cores: <\/strong>Estes tabuleiros de cer\u00e2mica feitos \u00e0 medida apresentam um cinzento discreto e elegante, com um rebordo de cobre que acrescenta um contraste impressionante a este esquema de cores harmonioso. Enquadra-se bem num design moderno e minimalista, acrescentando um toque extra de luxo.<\/li>\n\n\n\n<li><strong>Desenho de texturas: <\/strong>Estes pratos de cer\u00e2mica para assar por atacado t\u00eam um design de textura ondulada nas laterais, acrescentando uma sensa\u00e7\u00e3o de camadas e arte aos pratos de assar e tornando-os mais atraentes. Tamb\u00e9m proporciona um melhor efeito anti-derrapante.<\/li>\n\n\n\n<li><strong>Material cer\u00e2mico de alta qualidade: <\/strong>O material para fabricar estes tabuleiros de cer\u00e2mica personalizados \u00e9 de alta qualidade e cozido a altas temperaturas. A cer\u00e2mica \u00e9 uma esp\u00e9cie de natureza, sem qu\u00edmicos; n\u00e3o produz quaisquer subst\u00e2ncias nocivas, mesmo quando a temperatura \u00e9 elevada, pelo que \u00e9 inofensiva para a sa\u00fade humana.<\/li>\n\n\n\n<li><strong>V\u00e1rios tamanhos: <\/strong>Estes pratos de cer\u00e2mica para assar por atacado t\u00eam 3 pratos de diferentes tamanhos para v\u00e1rias necessidades de cozedura e melhoram a efici\u00eancia da cozedura. Os tr\u00eas pratos de cozedura s\u00e3o empilh\u00e1veis para uma f\u00e1cil arruma\u00e7\u00e3o, poupando espa\u00e7o no arm\u00e1rio.<\/li>\n<\/ul>\n<\/div>\n\n\n\n<div class=\"wp-block-column is-layout-flow wp-block-column-is-layout-flow\">\n<figure class=\"wp-block-image size-full\"><img fetchpriority=\"high\" decoding=\"async\" width=\"1000\" height=\"1000\" src=\"https:\/\/jinhuaceramic.com\/wp-content\/uploads\/2024\/12\/Custom-Ceramic-Baking-Dish-Set-Professional-Bakeware-Supplies-5.webp\" alt=\"Formas de cer\u00e2mica feitas \u00e0 medida, material para pastelaria comercial-1\" class=\"wp-image-7414\" srcset=\"https:\/\/jinhuaceramic.com\/wp-content\/uploads\/2024\/12\/Custom-Ceramic-Baking-Dish-Set-Professional-Bakeware-Supplies-5.webp 1000w, https:\/\/jinhuaceramic.com\/wp-content\/uploads\/2024\/12\/Custom-Ceramic-Baking-Dish-Set-Professional-Bakeware-Supplies-5-300x300.webp 300w, https:\/\/jinhuaceramic.com\/wp-content\/uploads\/2024\/12\/Custom-Ceramic-Baking-Dish-Set-Professional-Bakeware-Supplies-5-150x150.webp 150w, https:\/\/jinhuaceramic.com\/wp-content\/uploads\/2024\/12\/Custom-Ceramic-Baking-Dish-Set-Professional-Bakeware-Supplies-5-768x768.webp 768w, https:\/\/jinhuaceramic.com\/wp-content\/uploads\/2024\/12\/Custom-Ceramic-Baking-Dish-Set-Professional-Bakeware-Supplies-5-12x12.webp 12w, https:\/\/jinhuaceramic.com\/wp-content\/uploads\/2024\/12\/Custom-Ceramic-Baking-Dish-Set-Professional-Bakeware-Supplies-5-285x285.webp 285w, https:\/\/jinhuaceramic.com\/wp-content\/uploads\/2024\/12\/Custom-Ceramic-Baking-Dish-Set-Professional-Bakeware-Supplies-5-270x270.webp 270w, https:\/\/jinhuaceramic.com\/wp-content\/uploads\/2024\/12\/Custom-Ceramic-Baking-Dish-Set-Professional-Bakeware-Supplies-5-540x540.webp 540w, https:\/\/jinhuaceramic.com\/wp-content\/uploads\/2024\/12\/Custom-Ceramic-Baking-Dish-Set-Professional-Bakeware-Supplies-5-660x660.webp 660w\" sizes=\"(max-width: 1000px) 100vw, 1000px\" \/><\/figure>\n<\/div>\n<\/div>","protected":false},"excerpt":{"rendered":"<p>Bem-vindo ao comprar pratos de cer\u00e2mica para assar por atacado. Os nossos tabuleiros feitos \u00e0 medida, com decora\u00e7\u00e3o de rebordo \u00fanica e textura ondulada, s\u00e3o uma maravilha que chama a aten\u00e7\u00e3o. Duro e dur\u00e1vel \u00e9 o que descreve estas assadeiras de cer\u00e2mica que combinam ambos os aspectos de beleza e praticidade que podem melhorar n\u00e3o s\u00f3 a sua cozinha, mas tamb\u00e9m dar uma melhor experi\u00eancia de cozimento.<\/p>","protected":false},"featured_media":7416,"comment_status":"closed","ping_status":"closed","template":"","meta":{"_acf_changed":false},"product_brand":[],"product_cat":[53],"product_tag":[71],"class_list":{"0":"post-7410","1":"product","2":"type-product","3":"status-publish","4":"has-post-thumbnail","6":"product_cat-bakeware-in-bulk","7":"product_tag-wholesale-baking-pans","9":"first","10":"instock","11":"shipping-taxable","12":"product-type-simple"},"acf":[],"_links":{"self":[{"href":"https:\/\/jinhuaceramic.com\/pt\/wp-json\/wp\/v2\/product\/7410","targetHints":{"allow":["GET"]}}],"collection":[{"href":"https:\/\/jinhuaceramic.com\/pt\/wp-json\/wp\/v2\/product"}],"about":[{"href":"https:\/\/jinhuaceramic.com\/pt\/wp-json\/wp\/v2\/types\/product"}],"replies":[{"embeddable":true,"href":"https:\/\/jinhuaceramic.com\/pt\/wp-json\/wp\/v2\/comments?post=7410"}],"version-history":[{"count":0,"href":"https:\/\/jinhuaceramic.com\/pt\/wp-json\/wp\/v2\/product\/7410\/revisions"}],"wp:featuredmedia":[{"embeddable":true,"href":"https:\/\/jinhuaceramic.com\/pt\/wp-json\/wp\/v2\/media\/7416"}],"wp:attachment":[{"href":"https:\/\/jinhuaceramic.com\/pt\/wp-json\/wp\/v2\/media?parent=7410"}],"wp:term":[{"taxonomy":"product_brand","embeddable":true,"href":"https:\/\/jinhuaceramic.com\/pt\/wp-json\/wp\/v2\/product_brand?post=7410"},{"taxonomy":"product_cat","embeddable":true,"href":"https:\/\/jinhuaceramic.com\/pt\/wp-json\/wp\/v2\/product_cat?post=7410"},{"taxonomy":"product_tag","embeddable":true,"href":"https:\/\/jinhuaceramic.com\/pt\/wp-json\/wp\/v2\/product_tag?post=7410"}],"curies":[{"name":"wp","href":"https:\/\/api.w.org\/{rel}","templated":true}]}}