{"id":7421,"date":"2024-12-14T08:37:34","date_gmt":"2024-12-14T08:37:34","guid":{"rendered":"https:\/\/jinhuaceramic.com\/?post_type=product&#038;p=7421"},"modified":"2024-12-14T08:37:36","modified_gmt":"2024-12-14T08:37:36","slug":"palo-santo-holder-wholesale","status":"publish","type":"product","link":"https:\/\/jinhuaceramic.com\/pt\/product\/palo-santo-holder-wholesale\/","title":{"rendered":"Porta-incenso de cer\u00e2mica para chamin\u00e9 por atacado, porta-incenso a granel"},"content":{"rendered":"<div class=\"wp-block-columns is-layout-flex wp-container-core-columns-is-layout-9d6595d7 wp-block-columns-is-layout-flex\">\n<div class=\"wp-block-column is-layout-flow wp-block-column-is-layout-flow\">\n<h3 class=\"wp-block-heading\">Suporte de Palo Santo Premium Carater\u00edsticas por atacado:<\/h3>\n\n\n\n<ul class=\"wp-block-list\">\n<li><strong>Forma \u00fanica: <\/strong>A forma deste suporte para palo santo por atacado \u00e9 \u00fanica, com linhas suaves e cantos arredondados. A abertura \u00e9 suficientemente grande para conter uma certa quantidade de palo santos ou molhos de salva. H\u00e1 uma abertura no topo, semelhante a uma chamin\u00e9, e o aroma da madeira a arder difunde-se a partir da abertura para proporcionar uma experi\u00eancia arom\u00e1tica duradoura.<\/li>\n\n\n\n<li><strong>Cor vibrante: <\/strong>Este porta-incenso de cer\u00e2mica utiliza a cor laranja como cor principal, dando calor, brilho, vivacidade e energia cheia de vigor.<\/li>\n\n\n\n<li><strong>Material cer\u00e2mico de alta qualidade: <\/strong>O nosso suporte de palo santo por atacado \u00e9 feito de cer\u00e2mica de primeira qualidade e cozido em condi\u00e7\u00f5es de alta temperatura, o que o torna muito robusto e resistente a altas temperaturas, portanto, sustent\u00e1vel contra uma s\u00e9rie de chamas de longa dura\u00e7\u00e3o.<\/li>\n\n\n\n<li><strong>Versatilidade: <\/strong>Este porta-incenso de cer\u00e2mica a granel tem uma ampla funcionalidade onde a queima de madeira de palo santo tamb\u00e9m pode ser alargada com outros tipos de lenha e at\u00e9 com variedades de especiarias, como um molho de salva, para criar uma atmosfera quente e perfumada.<\/li>\n<\/ul>\n<\/div>\n\n\n\n<div class=\"wp-block-column is-layout-flow wp-block-column-is-layout-flow\">\n<figure class=\"wp-block-image size-full\"><img fetchpriority=\"high\" decoding=\"async\" width=\"1500\" height=\"1500\" src=\"https:\/\/jinhuaceramic.com\/wp-content\/uploads\/2024\/12\/Chimney-Ceramic-Palo-Santo-Incense-Burner-Wholesale-Sage-Bundle-Smudge-Holder-7.webp\" alt=\"Suporte de Palo Santo em cer\u00e2mica para chamin\u00e9 por atacado, suporte de incenso a granel-1\" class=\"wp-image-7427\" srcset=\"https:\/\/jinhuaceramic.com\/wp-content\/uploads\/2024\/12\/Chimney-Ceramic-Palo-Santo-Incense-Burner-Wholesale-Sage-Bundle-Smudge-Holder-7.webp 1500w, https:\/\/jinhuaceramic.com\/wp-content\/uploads\/2024\/12\/Chimney-Ceramic-Palo-Santo-Incense-Burner-Wholesale-Sage-Bundle-Smudge-Holder-7-300x300.webp 300w, https:\/\/jinhuaceramic.com\/wp-content\/uploads\/2024\/12\/Chimney-Ceramic-Palo-Santo-Incense-Burner-Wholesale-Sage-Bundle-Smudge-Holder-7-150x150.webp 150w, https:\/\/jinhuaceramic.com\/wp-content\/uploads\/2024\/12\/Chimney-Ceramic-Palo-Santo-Incense-Burner-Wholesale-Sage-Bundle-Smudge-Holder-7-768x768.webp 768w, https:\/\/jinhuaceramic.com\/wp-content\/uploads\/2024\/12\/Chimney-Ceramic-Palo-Santo-Incense-Burner-Wholesale-Sage-Bundle-Smudge-Holder-7-12x12.webp 12w, https:\/\/jinhuaceramic.com\/wp-content\/uploads\/2024\/12\/Chimney-Ceramic-Palo-Santo-Incense-Burner-Wholesale-Sage-Bundle-Smudge-Holder-7-285x285.webp 285w, https:\/\/jinhuaceramic.com\/wp-content\/uploads\/2024\/12\/Chimney-Ceramic-Palo-Santo-Incense-Burner-Wholesale-Sage-Bundle-Smudge-Holder-7-270x270.webp 270w, https:\/\/jinhuaceramic.com\/wp-content\/uploads\/2024\/12\/Chimney-Ceramic-Palo-Santo-Incense-Burner-Wholesale-Sage-Bundle-Smudge-Holder-7-540x540.webp 540w, https:\/\/jinhuaceramic.com\/wp-content\/uploads\/2024\/12\/Chimney-Ceramic-Palo-Santo-Incense-Burner-Wholesale-Sage-Bundle-Smudge-Holder-7-660x660.webp 660w\" sizes=\"(max-width: 1500px) 100vw, 1500px\" \/><\/figure>\n<\/div>\n<\/div>\n\n\n\n<p><\/p>","protected":false},"excerpt":{"rendered":"<p>Bem-vindo ao comprar o suporte de palo santo por atacado. O nosso suporte para incenso em cer\u00e2mica \u00e9 feito de cer\u00e2mica de alta qualidade, este acess\u00f3rio chique \u00e9 perfeito para queimar incenso, Sage Bundle, Smudge Stick, Palo Santo e espalhar aromas naturais. A sua tonalidade laranja quente e o seu design sofisticado combinam na perfei\u00e7\u00e3o para fazer uma adi\u00e7\u00e3o deslumbrante \u00e0 decora\u00e7\u00e3o da sua casa.<\/p>","protected":false},"featured_media":7426,"comment_status":"closed","ping_status":"closed","template":"","meta":{"_acf_changed":false},"product_brand":[],"product_cat":[52],"product_tag":[],"class_list":{"0":"post-7421","1":"product","2":"type-product","3":"status-publish","4":"has-post-thumbnail","6":"product_cat-wholesale-candle-containers","8":"first","9":"instock","10":"shipping-taxable","11":"product-type-simple"},"acf":[],"_links":{"self":[{"href":"https:\/\/jinhuaceramic.com\/pt\/wp-json\/wp\/v2\/product\/7421","targetHints":{"allow":["GET"]}}],"collection":[{"href":"https:\/\/jinhuaceramic.com\/pt\/wp-json\/wp\/v2\/product"}],"about":[{"href":"https:\/\/jinhuaceramic.com\/pt\/wp-json\/wp\/v2\/types\/product"}],"replies":[{"embeddable":true,"href":"https:\/\/jinhuaceramic.com\/pt\/wp-json\/wp\/v2\/comments?post=7421"}],"version-history":[{"count":0,"href":"https:\/\/jinhuaceramic.com\/pt\/wp-json\/wp\/v2\/product\/7421\/revisions"}],"wp:featuredmedia":[{"embeddable":true,"href":"https:\/\/jinhuaceramic.com\/pt\/wp-json\/wp\/v2\/media\/7426"}],"wp:attachment":[{"href":"https:\/\/jinhuaceramic.com\/pt\/wp-json\/wp\/v2\/media?parent=7421"}],"wp:term":[{"taxonomy":"product_brand","embeddable":true,"href":"https:\/\/jinhuaceramic.com\/pt\/wp-json\/wp\/v2\/product_brand?post=7421"},{"taxonomy":"product_cat","embeddable":true,"href":"https:\/\/jinhuaceramic.com\/pt\/wp-json\/wp\/v2\/product_cat?post=7421"},{"taxonomy":"product_tag","embeddable":true,"href":"https:\/\/jinhuaceramic.com\/pt\/wp-json\/wp\/v2\/product_tag?post=7421"}],"curies":[{"name":"wp","href":"https:\/\/api.w.org\/{rel}","templated":true}]}}