{"id":7431,"date":"2024-12-14T08:19:26","date_gmt":"2024-12-14T08:19:26","guid":{"rendered":"https:\/\/jinhuaceramic.com\/?post_type=product&#038;p=7431"},"modified":"2024-12-19T07:16:05","modified_gmt":"2024-12-19T07:16:05","slug":"wholesale-soap-dispensers","status":"publish","type":"product","link":"https:\/\/jinhuaceramic.com\/pt\/product\/wholesale-soap-dispensers\/","title":{"rendered":"Distribuidores de sab\u00e3o por atacado, suporte de cer\u00e2mica para escova de dentes a granel"},"content":{"rendered":"<div class=\"wp-block-columns is-layout-flex wp-container-core-columns-is-layout-9d6595d7 wp-block-columns-is-layout-flex\">\n<div class=\"wp-block-column is-layout-flow wp-block-column-is-layout-flow\">\n<h3 class=\"wp-block-heading\">Dispensadores de sab\u00e3o por atacado Premium Carater\u00edsticas:<\/h3>\n\n\n\n<ul class=\"wp-block-list\">\n<li><strong>Forma irregular:<\/strong> As formas para estes dispensadores de sab\u00e3o por atacado e copos de suporte de escova de dentes s\u00e3o muito originais. Tanto o dispensador de sab\u00e3o como o copo para escova de dentes adoptam uma forma de onda irregular, como um fio de bolhas, t\u00e3o bonito. O tabuleiro tem uma forma de nuvem, com a linha suave e natural para obter um eco perfeito na forma do distribuidor de sab\u00e3o e do suporte da escova de dentes.<\/li>\n\n\n\n<li><strong>Correspond\u00eancia de cores simples: <\/strong>A cor principal destes conjuntos de vaidade da casa de banho por atacado \u00e9 branca, fresca e fria, enquanto a cabe\u00e7a dourada do distribuidor de sab\u00e3o aumenta a sensa\u00e7\u00e3o de luxo do produto. O esmalte deste conjunto \u00e9 pontilhado com algumas pequenas manchas em um padr\u00e3o irregular, o que aumenta a estratifica\u00e7\u00e3o e a beleza do produto.<\/li>\n\n\n\n<li><strong>Material cer\u00e2mico de alta qualidade: <\/strong>Materiais cer\u00e2micos de alta qualidade s\u00e3o aplicados a estes dispensadores de sab\u00e3o e copos de suporte de escova de dentes para atacado, muito dur\u00e1veis e resistentes ao desgaste e arranh\u00f5es; a vida \u00fatil \u00e9 longa.<\/li>\n\n\n\n<li><strong>Praticidade: <\/strong>Estes conjuntos de casa de banho por atacado incluem um dispensador de sab\u00e3o, um suporte para escova de dentes e um tabuleiro. O dispensador de sab\u00e3o \u00e9 macio, l\u00edquido est\u00e1vel e f\u00e1cil de usar. O tabuleiro \u00e9 pr\u00e1tico, para al\u00e9m de guardar outros acess\u00f3rios de casa de banho; pode ser usado para colocar j\u00f3ias, rel\u00f3gios e muito mais para manter a casa de banho arrumada.<\/li>\n<\/ul>\n<\/div>\n\n\n\n<div class=\"wp-block-column is-layout-flow wp-block-column-is-layout-flow\">\n<figure class=\"wp-block-image size-full\"><img fetchpriority=\"high\" decoding=\"async\" width=\"1600\" height=\"1600\" src=\"https:\/\/jinhuaceramic.com\/wp-content\/uploads\/2024\/12\/Ceramic-Designer-Bathroom-Sets-Wholesale-Bath-Accessories-Supplies-2.webp\" alt=\"Distribuidores de sab\u00e3o por atacado, suporte de cer\u00e2mica para escova de dentes Bulk-1\" class=\"wp-image-7432\" srcset=\"https:\/\/jinhuaceramic.com\/wp-content\/uploads\/2024\/12\/Ceramic-Designer-Bathroom-Sets-Wholesale-Bath-Accessories-Supplies-2.webp 1600w, https:\/\/jinhuaceramic.com\/wp-content\/uploads\/2024\/12\/Ceramic-Designer-Bathroom-Sets-Wholesale-Bath-Accessories-Supplies-2-300x300.webp 300w, https:\/\/jinhuaceramic.com\/wp-content\/uploads\/2024\/12\/Ceramic-Designer-Bathroom-Sets-Wholesale-Bath-Accessories-Supplies-2-150x150.webp 150w, https:\/\/jinhuaceramic.com\/wp-content\/uploads\/2024\/12\/Ceramic-Designer-Bathroom-Sets-Wholesale-Bath-Accessories-Supplies-2-768x768.webp 768w, https:\/\/jinhuaceramic.com\/wp-content\/uploads\/2024\/12\/Ceramic-Designer-Bathroom-Sets-Wholesale-Bath-Accessories-Supplies-2-12x12.webp 12w, https:\/\/jinhuaceramic.com\/wp-content\/uploads\/2024\/12\/Ceramic-Designer-Bathroom-Sets-Wholesale-Bath-Accessories-Supplies-2-285x285.webp 285w, https:\/\/jinhuaceramic.com\/wp-content\/uploads\/2024\/12\/Ceramic-Designer-Bathroom-Sets-Wholesale-Bath-Accessories-Supplies-2-270x270.webp 270w, https:\/\/jinhuaceramic.com\/wp-content\/uploads\/2024\/12\/Ceramic-Designer-Bathroom-Sets-Wholesale-Bath-Accessories-Supplies-2-540x540.webp 540w, https:\/\/jinhuaceramic.com\/wp-content\/uploads\/2024\/12\/Ceramic-Designer-Bathroom-Sets-Wholesale-Bath-Accessories-Supplies-2-660x660.webp 660w\" sizes=\"(max-width: 1600px) 100vw, 1600px\" \/><\/figure>\n<\/div>\n<\/div>","protected":false},"excerpt":{"rendered":"<p>Bem-vindo \u00e0 compra de conjuntos de toucador de casa de banho por atacado. Estes dispensadores de sab\u00e3o por atacado de cer\u00e2mica de designer e copos de suporte de escova de dentes n\u00e3o s\u00e3o apenas pr\u00e1ticos, mas tamb\u00e9m \u00fanicos em forma, elegantes em design e altamente decorativos. O seu design \u00fanico pode dar um toque art\u00edstico \u00e0 sua casa de banho, tornando-a mais acolhedora e confort\u00e1vel.<\/p>","protected":false},"featured_media":7435,"comment_status":"closed","ping_status":"closed","template":"","meta":{"_acf_changed":false},"product_brand":[],"product_cat":[51],"product_tag":[73],"class_list":{"0":"post-7431","1":"product","2":"type-product","3":"status-publish","4":"has-post-thumbnail","6":"product_cat-bathroom-accessories-wholesale","7":"product_tag-custom-soap-dispensers","9":"first","10":"instock","11":"shipping-taxable","12":"product-type-simple"},"acf":[],"_links":{"self":[{"href":"https:\/\/jinhuaceramic.com\/pt\/wp-json\/wp\/v2\/product\/7431","targetHints":{"allow":["GET"]}}],"collection":[{"href":"https:\/\/jinhuaceramic.com\/pt\/wp-json\/wp\/v2\/product"}],"about":[{"href":"https:\/\/jinhuaceramic.com\/pt\/wp-json\/wp\/v2\/types\/product"}],"replies":[{"embeddable":true,"href":"https:\/\/jinhuaceramic.com\/pt\/wp-json\/wp\/v2\/comments?post=7431"}],"version-history":[{"count":0,"href":"https:\/\/jinhuaceramic.com\/pt\/wp-json\/wp\/v2\/product\/7431\/revisions"}],"wp:featuredmedia":[{"embeddable":true,"href":"https:\/\/jinhuaceramic.com\/pt\/wp-json\/wp\/v2\/media\/7435"}],"wp:attachment":[{"href":"https:\/\/jinhuaceramic.com\/pt\/wp-json\/wp\/v2\/media?parent=7431"}],"wp:term":[{"taxonomy":"product_brand","embeddable":true,"href":"https:\/\/jinhuaceramic.com\/pt\/wp-json\/wp\/v2\/product_brand?post=7431"},{"taxonomy":"product_cat","embeddable":true,"href":"https:\/\/jinhuaceramic.com\/pt\/wp-json\/wp\/v2\/product_cat?post=7431"},{"taxonomy":"product_tag","embeddable":true,"href":"https:\/\/jinhuaceramic.com\/pt\/wp-json\/wp\/v2\/product_tag?post=7431"}],"curies":[{"name":"wp","href":"https:\/\/api.w.org\/{rel}","templated":true}]}}