{"id":7459,"date":"2024-12-18T08:20:26","date_gmt":"2024-12-18T08:20:26","guid":{"rendered":"https:\/\/jinhuaceramic.com\/?post_type=product&#038;p=7459"},"modified":"2024-12-19T07:15:37","modified_gmt":"2024-12-19T07:15:37","slug":"candlesticks-in-bulk","status":"publish","type":"product","link":"https:\/\/jinhuaceramic.com\/pt\/product\/candlesticks-in-bulk\/","title":{"rendered":"Casti\u00e7ais de cer\u00e2mica em forma de flor a granel, casti\u00e7ais por atacado"},"content":{"rendered":"<div class=\"wp-block-columns is-layout-flex wp-container-core-columns-is-layout-9d6595d7 wp-block-columns-is-layout-flex\">\n<div class=\"wp-block-column is-layout-flow wp-block-column-is-layout-flow\">\n<h3 class=\"wp-block-heading\">Casti\u00e7ais Premium a granel Carater\u00edsticas:<\/h3>\n\n\n\n<ul class=\"wp-block-list\">\n<li><strong>Forma de flor \u00fanica:<\/strong> Estes casti\u00e7ais de cer\u00e2mica a granel t\u00eam a forma de flores, mas s\u00e3o constitu\u00eddos por v\u00e1rias esferas redondas em forma de p\u00e9talas, sendo o centro da flor utilizado para colocar as velas. Este design d\u00e1 \u00e0s pessoas uma sensa\u00e7\u00e3o moderna, simples e infantil.<\/li>\n\n\n\n<li><strong>V\u00e1rias cores suaves: <\/strong>Estes casti\u00e7ais de cer\u00e2mica em forma de flor utilizam cores suaves, como o branco, o amarelo e o roxo claro. Estas cores s\u00e3o combinadas de forma muito harmoniosa e podem ser facilmente integradas em v\u00e1rios ambientes dom\u00e9sticos, dando \u00e0s pessoas uma sensa\u00e7\u00e3o de calor e conforto.<\/li>\n\n\n\n<li><strong>Material cer\u00e2mico de alta qualidade: <\/strong>Estes casti\u00e7ais de cer\u00e2mica a granel s\u00e3o fabricados em cer\u00e2mica de alta qualidade, com uma grande resist\u00eancia ao calor, garantindo que o suporte nunca ser\u00e1 deformado e danificado devido ao aquecimento das velas quentes colocadas no mesmo.<\/li>\n\n\n\n<li><strong>Praticidade:<\/strong> Estes casti\u00e7ais de cer\u00e2mica por atacado s\u00e3o fabricados com dois tamanhos diferentes, de acordo com o di\u00e2metro da vela. O design permite ao utilizador colocar as velas de uma forma f\u00e1cil e est\u00e1vel; quer seja para ilumina\u00e7\u00e3o, aromaterapia ou decora\u00e7\u00e3o, podem desempenhar um bom papel.<\/li>\n<\/ul>\n<\/div>\n\n\n\n<div class=\"wp-block-column is-layout-flow wp-block-column-is-layout-flow\">\n<figure class=\"wp-block-image size-full\"><img fetchpriority=\"high\" decoding=\"async\" width=\"800\" height=\"800\" src=\"https:\/\/jinhuaceramic.com\/wp-content\/uploads\/2024\/12\/Flower-Shape-Wholesale-Candle-Holders-Ceramic-Candlesticks-In-Bulk-4.webp\" alt=\"Porta-velas em forma de flor, casti\u00e7ais de cer\u00e2mica a granel\" class=\"wp-image-7462\" srcset=\"https:\/\/jinhuaceramic.com\/wp-content\/uploads\/2024\/12\/Flower-Shape-Wholesale-Candle-Holders-Ceramic-Candlesticks-In-Bulk-4.webp 800w, https:\/\/jinhuaceramic.com\/wp-content\/uploads\/2024\/12\/Flower-Shape-Wholesale-Candle-Holders-Ceramic-Candlesticks-In-Bulk-4-300x300.webp 300w, https:\/\/jinhuaceramic.com\/wp-content\/uploads\/2024\/12\/Flower-Shape-Wholesale-Candle-Holders-Ceramic-Candlesticks-In-Bulk-4-150x150.webp 150w, https:\/\/jinhuaceramic.com\/wp-content\/uploads\/2024\/12\/Flower-Shape-Wholesale-Candle-Holders-Ceramic-Candlesticks-In-Bulk-4-768x768.webp 768w, https:\/\/jinhuaceramic.com\/wp-content\/uploads\/2024\/12\/Flower-Shape-Wholesale-Candle-Holders-Ceramic-Candlesticks-In-Bulk-4-12x12.webp 12w, https:\/\/jinhuaceramic.com\/wp-content\/uploads\/2024\/12\/Flower-Shape-Wholesale-Candle-Holders-Ceramic-Candlesticks-In-Bulk-4-285x285.webp 285w, https:\/\/jinhuaceramic.com\/wp-content\/uploads\/2024\/12\/Flower-Shape-Wholesale-Candle-Holders-Ceramic-Candlesticks-In-Bulk-4-270x270.webp 270w, https:\/\/jinhuaceramic.com\/wp-content\/uploads\/2024\/12\/Flower-Shape-Wholesale-Candle-Holders-Ceramic-Candlesticks-In-Bulk-4-540x540.webp 540w, https:\/\/jinhuaceramic.com\/wp-content\/uploads\/2024\/12\/Flower-Shape-Wholesale-Candle-Holders-Ceramic-Candlesticks-In-Bulk-4-660x660.webp 660w\" sizes=\"(max-width: 800px) 100vw, 800px\" \/><\/figure>\n<\/div>\n<\/div>","protected":false},"excerpt":{"rendered":"<p>Bem-vindo ao comprar casti\u00e7ais de cer\u00e2mica a granel. Este suporte de vela em forma de flor por atacado \u00e9 uma parte indispens\u00e1vel da decora\u00e7\u00e3o da casa devido \u00e0 forma \u00fanica, cores suaves e durabilidade. F\u00e1ceis de usar e limpar, eles adicionariam muito calor e interesse ao ambiente da sua casa, al\u00e9m de adicionar um toque agrad\u00e1vel ao gosto e estilo de um lugar inteiro.<\/p>","protected":false},"featured_media":7465,"comment_status":"closed","ping_status":"closed","template":"","meta":{"_acf_changed":false},"product_brand":[],"product_cat":[52],"product_tag":[68],"class_list":{"0":"post-7459","1":"product","2":"type-product","3":"status-publish","4":"has-post-thumbnail","6":"product_cat-wholesale-candle-containers","7":"product_tag-ceramic-candlesticks-bulk","9":"first","10":"instock","11":"shipping-taxable","12":"product-type-simple"},"acf":[],"_links":{"self":[{"href":"https:\/\/jinhuaceramic.com\/pt\/wp-json\/wp\/v2\/product\/7459","targetHints":{"allow":["GET"]}}],"collection":[{"href":"https:\/\/jinhuaceramic.com\/pt\/wp-json\/wp\/v2\/product"}],"about":[{"href":"https:\/\/jinhuaceramic.com\/pt\/wp-json\/wp\/v2\/types\/product"}],"replies":[{"embeddable":true,"href":"https:\/\/jinhuaceramic.com\/pt\/wp-json\/wp\/v2\/comments?post=7459"}],"version-history":[{"count":0,"href":"https:\/\/jinhuaceramic.com\/pt\/wp-json\/wp\/v2\/product\/7459\/revisions"}],"wp:featuredmedia":[{"embeddable":true,"href":"https:\/\/jinhuaceramic.com\/pt\/wp-json\/wp\/v2\/media\/7465"}],"wp:attachment":[{"href":"https:\/\/jinhuaceramic.com\/pt\/wp-json\/wp\/v2\/media?parent=7459"}],"wp:term":[{"taxonomy":"product_brand","embeddable":true,"href":"https:\/\/jinhuaceramic.com\/pt\/wp-json\/wp\/v2\/product_brand?post=7459"},{"taxonomy":"product_cat","embeddable":true,"href":"https:\/\/jinhuaceramic.com\/pt\/wp-json\/wp\/v2\/product_cat?post=7459"},{"taxonomy":"product_tag","embeddable":true,"href":"https:\/\/jinhuaceramic.com\/pt\/wp-json\/wp\/v2\/product_tag?post=7459"}],"curies":[{"name":"wp","href":"https:\/\/api.w.org\/{rel}","templated":true}]}}