{"id":7473,"date":"2024-12-19T07:14:31","date_gmt":"2024-12-19T07:14:31","guid":{"rendered":"https:\/\/jinhuaceramic.com\/?post_type=product&#038;p=7473"},"modified":"2025-03-10T09:24:36","modified_gmt":"2025-03-10T09:24:36","slug":"bulk-bakeware","status":"publish","type":"product","link":"https:\/\/jinhuaceramic.com\/pt\/product\/bulk-bakeware\/","title":{"rendered":"Assadeira antiaderente para bolos a granel, assadeira retangular de cer\u00e2mica"},"content":{"rendered":"<div class=\"wp-block-columns is-layout-flex wp-container-core-columns-is-layout-9d6595d7 wp-block-columns-is-layout-flex\">\n<div class=\"wp-block-column is-layout-flow wp-block-column-is-layout-flow\">\n<h3 class=\"wp-block-heading\">Bakeware Premium a granel Carater\u00edsticas:<\/h3>\n\n\n\n<ul class=\"wp-block-list\">\n<li><strong>Design elegante: <\/strong>A cor principal destes utens\u00edlios de pastelaria a granel \u00e9 o laranja, dando-lhes um toque vivo e brilhante que pode dar um toque de cor \u00e0 cozinha. Os lados dos tabuleiros est\u00e3o decorados com um padr\u00e3o branco constitu\u00eddo por uma s\u00e9rie de linhas e estrelas repetidas. Este estilo de padr\u00e3o tem um toque retro que \u00e9 simultaneamente elegante e cl\u00e1ssico.<\/li>\n\n\n\n<li><strong>Constru\u00e7\u00e3o em cer\u00e2mica dur\u00e1vel: <\/strong>Resistentes a altas temperaturas, estes tabuleiros de cer\u00e2mica de primeira qualidade funcionam com seguran\u00e7a a temperaturas que variam entre 300 e 400 graus Celsius sem causar deforma\u00e7\u00f5es ou emitir mat\u00e9rias vol\u00e1teis nocivas.<\/li>\n\n\n\n<li><strong>Forma retangular e pegas antiderrapantes: <\/strong>Estes recipientes para assar a granel t\u00eam uma forma retangular, muito pr\u00e1tica para assar alimentos compridos ou grandes, como bolos, p\u00e3o, lasanha, carne, etc. Ambos os lados dos tabuleiros t\u00eam pegas para facilitar o manuseamento e podem ser retirados com seguran\u00e7a dos fornos quentes.<\/li>\n\n\n\n<li><strong>Superf\u00edcie antiaderente: <\/strong>A superf\u00edcie destes tabuleiros de cer\u00e2mica \u00e9 t\u00e3o lisa que os alimentos n\u00e3o se colam \u00e0 superf\u00edcie. A limpeza requer apenas detergente, \u00e1gua morna e um pano macio para os limpar ou utilizar uma m\u00e1quina de lavar loi\u00e7a para a limpeza, o que \u00e9 muito conveniente.<\/li>\n<\/ul>\n<\/div>\n\n\n\n<div class=\"wp-block-column is-layout-flow wp-block-column-is-layout-flow\">\n<figure class=\"wp-block-image size-full\"><img fetchpriority=\"high\" decoding=\"async\" width=\"640\" height=\"640\" src=\"https:\/\/jinhuaceramic.com\/wp-content\/uploads\/2024\/12\/Non-Stick-Ceramic-Rectangular-Baking-Dish-Kitchen-Bakeware-Supplies-5.webp\" alt=\"Assadeira antiaderente para bolos a granel, assadeira retangular de cer\u00e2mica - 4\" class=\"wp-image-7477\" srcset=\"https:\/\/jinhuaceramic.com\/wp-content\/uploads\/2024\/12\/Non-Stick-Ceramic-Rectangular-Baking-Dish-Kitchen-Bakeware-Supplies-5.webp 640w, https:\/\/jinhuaceramic.com\/wp-content\/uploads\/2024\/12\/Non-Stick-Ceramic-Rectangular-Baking-Dish-Kitchen-Bakeware-Supplies-5-300x300.webp 300w, https:\/\/jinhuaceramic.com\/wp-content\/uploads\/2024\/12\/Non-Stick-Ceramic-Rectangular-Baking-Dish-Kitchen-Bakeware-Supplies-5-150x150.webp 150w, https:\/\/jinhuaceramic.com\/wp-content\/uploads\/2024\/12\/Non-Stick-Ceramic-Rectangular-Baking-Dish-Kitchen-Bakeware-Supplies-5-12x12.webp 12w, https:\/\/jinhuaceramic.com\/wp-content\/uploads\/2024\/12\/Non-Stick-Ceramic-Rectangular-Baking-Dish-Kitchen-Bakeware-Supplies-5-285x285.webp 285w, https:\/\/jinhuaceramic.com\/wp-content\/uploads\/2024\/12\/Non-Stick-Ceramic-Rectangular-Baking-Dish-Kitchen-Bakeware-Supplies-5-270x270.webp 270w, https:\/\/jinhuaceramic.com\/wp-content\/uploads\/2024\/12\/Non-Stick-Ceramic-Rectangular-Baking-Dish-Kitchen-Bakeware-Supplies-5-540x540.webp 540w\" sizes=\"(max-width: 640px) 100vw, 640px\" \/><\/figure>\n<\/div>\n<\/div>","protected":false},"excerpt":{"rendered":"<p>Bem-vindo ao comprar pratos de cer\u00e2mica para assar por grosso. Estes utens\u00edlios de pastelaria antiaderentes a granel foram concebidos para serem pr\u00e1ticos e esteticamente agrad\u00e1veis. A sua forma retangular \u00e9 adequada para uma variedade de necessidades de cozedura, e a sua cor laranja quente e padr\u00e3o retro fazem deles uma bela adi\u00e7\u00e3o \u00e0 cozinha.<\/p>","protected":false},"featured_media":7474,"comment_status":"closed","ping_status":"closed","template":"","meta":{"_acf_changed":false},"product_brand":[],"product_cat":[53],"product_tag":[71],"class_list":{"0":"post-7473","1":"product","2":"type-product","3":"status-publish","4":"has-post-thumbnail","6":"product_cat-bakeware-in-bulk","7":"product_tag-wholesale-baking-pans","9":"first","10":"instock","11":"shipping-taxable","12":"product-type-simple"},"acf":[],"_links":{"self":[{"href":"https:\/\/jinhuaceramic.com\/pt\/wp-json\/wp\/v2\/product\/7473","targetHints":{"allow":["GET"]}}],"collection":[{"href":"https:\/\/jinhuaceramic.com\/pt\/wp-json\/wp\/v2\/product"}],"about":[{"href":"https:\/\/jinhuaceramic.com\/pt\/wp-json\/wp\/v2\/types\/product"}],"replies":[{"embeddable":true,"href":"https:\/\/jinhuaceramic.com\/pt\/wp-json\/wp\/v2\/comments?post=7473"}],"version-history":[{"count":0,"href":"https:\/\/jinhuaceramic.com\/pt\/wp-json\/wp\/v2\/product\/7473\/revisions"}],"wp:featuredmedia":[{"embeddable":true,"href":"https:\/\/jinhuaceramic.com\/pt\/wp-json\/wp\/v2\/media\/7474"}],"wp:attachment":[{"href":"https:\/\/jinhuaceramic.com\/pt\/wp-json\/wp\/v2\/media?parent=7473"}],"wp:term":[{"taxonomy":"product_brand","embeddable":true,"href":"https:\/\/jinhuaceramic.com\/pt\/wp-json\/wp\/v2\/product_brand?post=7473"},{"taxonomy":"product_cat","embeddable":true,"href":"https:\/\/jinhuaceramic.com\/pt\/wp-json\/wp\/v2\/product_cat?post=7473"},{"taxonomy":"product_tag","embeddable":true,"href":"https:\/\/jinhuaceramic.com\/pt\/wp-json\/wp\/v2\/product_tag?post=7473"}],"curies":[{"name":"wp","href":"https:\/\/api.w.org\/{rel}","templated":true}]}}