{"id":7484,"date":"2024-12-20T02:14:40","date_gmt":"2024-12-20T02:14:40","guid":{"rendered":"https:\/\/jinhuaceramic.com\/?post_type=product&#038;p=7484"},"modified":"2024-12-20T02:15:09","modified_gmt":"2024-12-20T02:15:09","slug":"soap-dispenser-bottles-bulk","status":"publish","type":"product","link":"https:\/\/jinhuaceramic.com\/pt\/product\/soap-dispenser-bottles-bulk\/","title":{"rendered":"Frascos dispensadores de sab\u00e3o de cer\u00e2mica a granel, dispensador de sab\u00e3o l\u00edquido por atacado"},"content":{"rendered":"<div class=\"wp-block-columns is-layout-flex wp-container-core-columns-is-layout-9d6595d7 wp-block-columns-is-layout-flex\">\n<div class=\"wp-block-column is-layout-flow wp-block-column-is-layout-flow\">\n<h3 class=\"wp-block-heading\">Frascos dispensadores de sab\u00e3o Premium a granel Carater\u00edsticas:<\/h3>\n\n\n\n<ul class=\"wp-block-list\">\n<li><strong>Design elegante: <\/strong>A cor branca, as flores vermelhas e as folhas verdes s\u00e3o usadas para decorar estes frascos dispensadores de sab\u00e3o a granel, que parecem muito delicados e elegantes. O padr\u00e3o floral na garrafa \u00e9 de cor suave, formando um forte contraste com a cabe\u00e7a da bomba dourada, o que torna todo o efeito visual harmonioso e bonito.<\/li>\n\n\n\n<li><strong>Material de alta qualidade: <\/strong>Estes dispensadores de sabonete l\u00edquido por atacado s\u00e3o feitos de material cer\u00e2mico de alta qualidade. \u00c9 duro e resistente \u00e0 abras\u00e3o, dificilmente arranhando ou destruindo, mas mant\u00e9m boa apar\u00eancia no uso di\u00e1rio.<\/li>\n\n\n\n<li><strong>Praticidade: <\/strong>A superf\u00edcie a granel destes frascos dispensadores de sab\u00e3o em cer\u00e2mica \u00e9 lisa e n\u00e3o absorve a sujidade. \u00c9 bastante f\u00e1cil de limpar. A capacidade de tamanho m\u00e9dio satisfaz as necessidades di\u00e1rias, reduzindo os problemas causados pela adi\u00e7\u00e3o frequente de sabonetes.<\/li>\n\n\n\n<li><strong>Amigo do ambiente: <\/strong>A reutiliza\u00e7\u00e3o destes artigos por atacado de distribuidores de sab\u00e3o l\u00edquido em cer\u00e2mica reduz a utiliza\u00e7\u00e3o de garrafas de pl\u00e1stico descart\u00e1veis e, por conseguinte, conduz a um efeito ecol\u00f3gico.<\/li>\n<\/ul>\n<\/div>\n\n\n\n<div class=\"wp-block-column is-layout-flow wp-block-column-is-layout-flow\">\n<figure class=\"wp-block-image size-full\"><img fetchpriority=\"high\" decoding=\"async\" width=\"761\" height=\"761\" src=\"https:\/\/jinhuaceramic.com\/wp-content\/uploads\/2024\/12\/Bulk-Custom-Liquid-Soap-Dispenser-Ceramic-Bathroom-Accessories-Supplies-3.webp\" alt=\"Frascos dispensadores de sab\u00e3o de cer\u00e2mica a granel, dispensador de sab\u00e3o l\u00edquido por atacado-1\" class=\"wp-image-7486\" srcset=\"https:\/\/jinhuaceramic.com\/wp-content\/uploads\/2024\/12\/Bulk-Custom-Liquid-Soap-Dispenser-Ceramic-Bathroom-Accessories-Supplies-3.webp 761w, https:\/\/jinhuaceramic.com\/wp-content\/uploads\/2024\/12\/Bulk-Custom-Liquid-Soap-Dispenser-Ceramic-Bathroom-Accessories-Supplies-3-300x300.webp 300w, https:\/\/jinhuaceramic.com\/wp-content\/uploads\/2024\/12\/Bulk-Custom-Liquid-Soap-Dispenser-Ceramic-Bathroom-Accessories-Supplies-3-150x150.webp 150w, https:\/\/jinhuaceramic.com\/wp-content\/uploads\/2024\/12\/Bulk-Custom-Liquid-Soap-Dispenser-Ceramic-Bathroom-Accessories-Supplies-3-12x12.webp 12w, https:\/\/jinhuaceramic.com\/wp-content\/uploads\/2024\/12\/Bulk-Custom-Liquid-Soap-Dispenser-Ceramic-Bathroom-Accessories-Supplies-3-285x285.webp 285w, https:\/\/jinhuaceramic.com\/wp-content\/uploads\/2024\/12\/Bulk-Custom-Liquid-Soap-Dispenser-Ceramic-Bathroom-Accessories-Supplies-3-270x270.webp 270w, https:\/\/jinhuaceramic.com\/wp-content\/uploads\/2024\/12\/Bulk-Custom-Liquid-Soap-Dispenser-Ceramic-Bathroom-Accessories-Supplies-3-540x540.webp 540w, https:\/\/jinhuaceramic.com\/wp-content\/uploads\/2024\/12\/Bulk-Custom-Liquid-Soap-Dispenser-Ceramic-Bathroom-Accessories-Supplies-3-660x660.webp 660w\" sizes=\"(max-width: 761px) 100vw, 761px\" \/><\/figure>\n<\/div>\n<\/div>","protected":false},"excerpt":{"rendered":"<p>Bem-vindo \u00e0 compra de garrafas de sab\u00e3o de cer\u00e2mica a granel. Estes dispensadores de sabonete l\u00edquido por atacado s\u00e3o bonitos e pr\u00e1ticos. Esta beleza requintada \u00e9 feita de cer\u00e2mica com um delicado padr\u00e3o floral na garrafa e bomba de ouro. O material cer\u00e2mico \u00e9 muito duro, n\u00e3o se danifica facilmente, \u00e9 f\u00e1cil de limpar. O volume \u00e9 adequado para o uso di\u00e1rio, por isso nunca pode faltar na casa de banho.<\/p>","protected":false},"featured_media":7487,"comment_status":"closed","ping_status":"closed","template":"","meta":{"_acf_changed":false},"product_brand":[],"product_cat":[51],"product_tag":[73],"class_list":{"0":"post-7484","1":"product","2":"type-product","3":"status-publish","4":"has-post-thumbnail","6":"product_cat-bathroom-accessories-wholesale","7":"product_tag-custom-soap-dispensers","9":"first","10":"instock","11":"shipping-taxable","12":"product-type-simple"},"acf":[],"_links":{"self":[{"href":"https:\/\/jinhuaceramic.com\/pt\/wp-json\/wp\/v2\/product\/7484","targetHints":{"allow":["GET"]}}],"collection":[{"href":"https:\/\/jinhuaceramic.com\/pt\/wp-json\/wp\/v2\/product"}],"about":[{"href":"https:\/\/jinhuaceramic.com\/pt\/wp-json\/wp\/v2\/types\/product"}],"replies":[{"embeddable":true,"href":"https:\/\/jinhuaceramic.com\/pt\/wp-json\/wp\/v2\/comments?post=7484"}],"version-history":[{"count":0,"href":"https:\/\/jinhuaceramic.com\/pt\/wp-json\/wp\/v2\/product\/7484\/revisions"}],"wp:featuredmedia":[{"embeddable":true,"href":"https:\/\/jinhuaceramic.com\/pt\/wp-json\/wp\/v2\/media\/7487"}],"wp:attachment":[{"href":"https:\/\/jinhuaceramic.com\/pt\/wp-json\/wp\/v2\/media?parent=7484"}],"wp:term":[{"taxonomy":"product_brand","embeddable":true,"href":"https:\/\/jinhuaceramic.com\/pt\/wp-json\/wp\/v2\/product_brand?post=7484"},{"taxonomy":"product_cat","embeddable":true,"href":"https:\/\/jinhuaceramic.com\/pt\/wp-json\/wp\/v2\/product_cat?post=7484"},{"taxonomy":"product_tag","embeddable":true,"href":"https:\/\/jinhuaceramic.com\/pt\/wp-json\/wp\/v2\/product_tag?post=7484"}],"curies":[{"name":"wp","href":"https:\/\/api.w.org\/{rel}","templated":true}]}}