{"id":7499,"date":"2024-12-26T10:28:11","date_gmt":"2024-12-26T10:28:11","guid":{"rendered":"https:\/\/jinhuaceramic.com\/?post_type=product&#038;p=7499"},"modified":"2025-01-16T06:24:09","modified_gmt":"2025-01-16T06:24:09","slug":"wholesale-tableware","status":"publish","type":"product","link":"https:\/\/jinhuaceramic.com\/pt\/product\/wholesale-tableware\/","title":{"rendered":"Lou\u00e7a de mesa premium por atacado, fornecedores de lou\u00e7a de cer\u00e2mica a granel"},"content":{"rendered":"<div class=\"wp-block-columns is-layout-flex wp-container-core-columns-is-layout-9d6595d7 wp-block-columns-is-layout-flex\">\n<div class=\"wp-block-column is-layout-flow wp-block-column-is-layout-flow\">\n<h3 class=\"wp-block-heading\">Servi\u00e7o de mesa Premium Wholesale Carater\u00edsticas:<\/h3>\n\n\n\n<ul class=\"wp-block-list\">\n<li><strong>Tecnologia de mudan\u00e7a de forno: <\/strong>Estes utens\u00edlios de mesa por atacado adoptam um tom unificado, verde escuro com bordas pretas, que parece muito elegante e moderno. A superf\u00edcie dos utens\u00edlios de mesa \u00e9 coberta com esmalte irregular, que \u00e9 produzido pelo processo especial de cer\u00e2mica de \"Unpredictable Kiln Change\", formando mudan\u00e7as acidentais de cor do esmalte, camadas ricas, \u00fanicas e bonitas.<\/li>\n\n\n\n<li><strong>Material de alta qualidade: <\/strong>Estas loi\u00e7as de cer\u00e2mica a granel s\u00e3o feitas de material cer\u00e2mico de alta qualidade, resistente a altas temperaturas e bom para transportar v\u00e1rios pratos quentes e sopas sem libertar subst\u00e2ncias t\u00f3xicas nos alimentos. A dureza da superf\u00edcie desta cer\u00e2mica \u00e9 bastante elevada. N\u00e3o \u00e9 f\u00e1cil riscar com uma faca ou um garfo, mantendo assim a beleza desta loi\u00e7a.<\/li>\n\n\n\n<li><strong>Versatilidade: <\/strong>Estes conjuntos de utens\u00edlios de mesa por grosso s\u00e3o compostos por dois pratos de tamanhos diferentes e uma tigela. O prato grande serve para pratos principais, como carnes grelhadas e legumes; o prato m\u00e9dio, para frutas ou acompanhamentos; e a tigela para saladas, sopas, etc.<\/li>\n\n\n\n<li><strong>F\u00e1cil de limpar: <\/strong>Estas loi\u00e7as de cer\u00e2mica a granel t\u00eam uma superf\u00edcie lisa que dificilmente absorve os sabores e corantes dos alimentos. S\u00e3o f\u00e1ceis de limpar e podem ser lavados na m\u00e1quina de lavar lou\u00e7a.<\/li>\n<\/ul>\n<\/div>\n\n\n\n<div class=\"wp-block-column is-layout-flow wp-block-column-is-layout-flow\">\n<figure class=\"wp-block-image size-full\"><img fetchpriority=\"high\" decoding=\"async\" width=\"1500\" height=\"1500\" src=\"https:\/\/jinhuaceramic.com\/wp-content\/uploads\/2024\/12\/Green-Custom-Dinnerware-Set-Deals-Wholesale-Tableware-Dinner-Services-5.webp\" alt=\"Lou\u00e7a de mesa por atacado Premium, Lou\u00e7a de cer\u00e2mica a granel Fornecedores-1\" class=\"wp-image-7503\" srcset=\"https:\/\/jinhuaceramic.com\/wp-content\/uploads\/2024\/12\/Green-Custom-Dinnerware-Set-Deals-Wholesale-Tableware-Dinner-Services-5.webp 1500w, https:\/\/jinhuaceramic.com\/wp-content\/uploads\/2024\/12\/Green-Custom-Dinnerware-Set-Deals-Wholesale-Tableware-Dinner-Services-5-300x300.webp 300w, https:\/\/jinhuaceramic.com\/wp-content\/uploads\/2024\/12\/Green-Custom-Dinnerware-Set-Deals-Wholesale-Tableware-Dinner-Services-5-150x150.webp 150w, https:\/\/jinhuaceramic.com\/wp-content\/uploads\/2024\/12\/Green-Custom-Dinnerware-Set-Deals-Wholesale-Tableware-Dinner-Services-5-768x768.webp 768w, https:\/\/jinhuaceramic.com\/wp-content\/uploads\/2024\/12\/Green-Custom-Dinnerware-Set-Deals-Wholesale-Tableware-Dinner-Services-5-12x12.webp 12w, https:\/\/jinhuaceramic.com\/wp-content\/uploads\/2024\/12\/Green-Custom-Dinnerware-Set-Deals-Wholesale-Tableware-Dinner-Services-5-285x285.webp 285w, https:\/\/jinhuaceramic.com\/wp-content\/uploads\/2024\/12\/Green-Custom-Dinnerware-Set-Deals-Wholesale-Tableware-Dinner-Services-5-270x270.webp 270w, https:\/\/jinhuaceramic.com\/wp-content\/uploads\/2024\/12\/Green-Custom-Dinnerware-Set-Deals-Wholesale-Tableware-Dinner-Services-5-540x540.webp 540w, https:\/\/jinhuaceramic.com\/wp-content\/uploads\/2024\/12\/Green-Custom-Dinnerware-Set-Deals-Wholesale-Tableware-Dinner-Services-5-660x660.webp 660w\" sizes=\"(max-width: 1500px) 100vw, 1500px\" \/><\/figure>\n<\/div>\n<\/div>\n\n\n\n<p><\/p>","protected":false},"excerpt":{"rendered":"<p>Bem-vindo \u00e0 compra de loi\u00e7a de mesa por atacado. O design elegante, o material cer\u00e2mico duradouro, as fun\u00e7\u00f5es pr\u00e1ticas e a facilidade de limpeza fazem destes conjuntos de loi\u00e7a de cer\u00e2mica uma escolha indispens\u00e1vel. Estes conjuntos de lou\u00e7a de cer\u00e2mica s\u00e3o bonitos e pr\u00e1ticos, o que pode efetivamente aumentar o prazer de jantar e fazer de cada refei\u00e7\u00e3o um ritual elegante da vida.<\/p>","protected":false},"featured_media":7506,"comment_status":"closed","ping_status":"closed","template":"","meta":{"_acf_changed":false},"product_brand":[],"product_cat":[54,83],"product_tag":[78,76],"class_list":{"0":"post-7499","1":"product","2":"type-product","3":"status-publish","4":"has-post-thumbnail","6":"product_cat-tableware-wholesale","7":"product_cat-wholesale-dinnerware-sets","8":"product_tag-bulk-ceramic-bowls","9":"product_tag-dinner-plates-bulk","11":"first","12":"instock","13":"shipping-taxable","14":"product-type-simple"},"acf":[],"_links":{"self":[{"href":"https:\/\/jinhuaceramic.com\/pt\/wp-json\/wp\/v2\/product\/7499","targetHints":{"allow":["GET"]}}],"collection":[{"href":"https:\/\/jinhuaceramic.com\/pt\/wp-json\/wp\/v2\/product"}],"about":[{"href":"https:\/\/jinhuaceramic.com\/pt\/wp-json\/wp\/v2\/types\/product"}],"replies":[{"embeddable":true,"href":"https:\/\/jinhuaceramic.com\/pt\/wp-json\/wp\/v2\/comments?post=7499"}],"version-history":[{"count":0,"href":"https:\/\/jinhuaceramic.com\/pt\/wp-json\/wp\/v2\/product\/7499\/revisions"}],"wp:featuredmedia":[{"embeddable":true,"href":"https:\/\/jinhuaceramic.com\/pt\/wp-json\/wp\/v2\/media\/7506"}],"wp:attachment":[{"href":"https:\/\/jinhuaceramic.com\/pt\/wp-json\/wp\/v2\/media?parent=7499"}],"wp:term":[{"taxonomy":"product_brand","embeddable":true,"href":"https:\/\/jinhuaceramic.com\/pt\/wp-json\/wp\/v2\/product_brand?post=7499"},{"taxonomy":"product_cat","embeddable":true,"href":"https:\/\/jinhuaceramic.com\/pt\/wp-json\/wp\/v2\/product_cat?post=7499"},{"taxonomy":"product_tag","embeddable":true,"href":"https:\/\/jinhuaceramic.com\/pt\/wp-json\/wp\/v2\/product_tag?post=7499"}],"curies":[{"name":"wp","href":"https:\/\/api.w.org\/{rel}","templated":true}]}}