{"id":7510,"date":"2024-12-26T10:47:15","date_gmt":"2024-12-26T10:47:15","guid":{"rendered":"https:\/\/jinhuaceramic.com\/?post_type=product&#038;p=7510"},"modified":"2024-12-30T01:39:51","modified_gmt":"2024-12-30T01:39:51","slug":"customized-bathroom-sets","status":"publish","type":"product","link":"https:\/\/jinhuaceramic.com\/pt\/product\/customized-bathroom-sets\/","title":{"rendered":"Conjuntos de casa de banho personalizados, Acess\u00f3rios de casa de banho em cer\u00e2mica por atacado"},"content":{"rendered":"<div class=\"wp-block-columns is-layout-flex wp-container-core-columns-is-layout-9d6595d7 wp-block-columns-is-layout-flex\">\n<div class=\"wp-block-column is-layout-flow wp-block-column-is-layout-flow\">\n<h3 class=\"wp-block-heading\">Conjuntos de casa de banho personalizados Premium Carater\u00edsticas:<\/h3>\n\n\n\n<ul class=\"wp-block-list\">\n<li><strong>Design elegante: <\/strong>Estes conjuntos de casa de banho personalizados s\u00e3o todos de cor preta, simples, elegantes e com um design moderno. Podem ser aplicados a qualquer estilo de decora\u00e7\u00e3o de casa de banho e acrescentam um toque de moda a uma decora\u00e7\u00e3o minimalista, industrial ou moderna.<\/li>\n\n\n\n<li><strong>Material de alta qualidade: <\/strong>Fabricados em cer\u00e2mica de alta qualidade, estes acess\u00f3rios de casa de banho em cer\u00e2mica s\u00e3o resistentes e duradouros. Nem num curto espa\u00e7o de tempo a cer\u00e2mica se danifica nem a cor se desgasta. A sua vida \u00fatil \u00e9 bastante longa. A superf\u00edcie lisa da cer\u00e2mica n\u00e3o \u00e9 facilmente manchada e \u00e9 f\u00e1cil de limpar. Basta passar um pano h\u00famido para a manter limpa.<\/li>\n\n\n\n<li><strong>Forte car\u00e1cter pr\u00e1tico: <\/strong>Estes conjuntos de casa de banho personalizados t\u00eam v\u00e1rios formatos, como frascos com uma cabe\u00e7a de bomba para sabonete para lavar as m\u00e3os ou gel de banho, recipientes com orif\u00edcios para escovas de dentes e alguns com tampas para colocar pequenos objectos como bolas de algod\u00e3o, para satisfazer as necessidades de cada artigo de casa de banho di\u00e1rio.<\/li>\n\n\n\n<li><strong>Amigo do ambiente: <\/strong>Estes acess\u00f3rios de casa de banho em cer\u00e2mica s\u00e3o recicl\u00e1veis e evitam a utiliza\u00e7\u00e3o de garrafas de pl\u00e1stico descart\u00e1veis, o que \u00e9 muito mais amigo do ambiente.<\/li>\n<\/ul>\n<\/div>\n\n\n\n<div class=\"wp-block-column is-layout-flow wp-block-column-is-layout-flow\">\n<figure class=\"wp-block-image size-full\"><img fetchpriority=\"high\" decoding=\"async\" width=\"2000\" height=\"2000\" src=\"https:\/\/jinhuaceramic.com\/wp-content\/uploads\/2024\/12\/Ceramic-Designer-Bathroom-Sets-Wholesale-Bath-Accessories-Suppliers-5-1.webp\" alt=\"Conjuntos de casa de banho personalizados, Acess\u00f3rios de casa de banho em cer\u00e2mica por atacado-4\" class=\"wp-image-7520\" srcset=\"https:\/\/jinhuaceramic.com\/wp-content\/uploads\/2024\/12\/Ceramic-Designer-Bathroom-Sets-Wholesale-Bath-Accessories-Suppliers-5-1.webp 2000w, https:\/\/jinhuaceramic.com\/wp-content\/uploads\/2024\/12\/Ceramic-Designer-Bathroom-Sets-Wholesale-Bath-Accessories-Suppliers-5-1-300x300.webp 300w, https:\/\/jinhuaceramic.com\/wp-content\/uploads\/2024\/12\/Ceramic-Designer-Bathroom-Sets-Wholesale-Bath-Accessories-Suppliers-5-1-150x150.webp 150w, https:\/\/jinhuaceramic.com\/wp-content\/uploads\/2024\/12\/Ceramic-Designer-Bathroom-Sets-Wholesale-Bath-Accessories-Suppliers-5-1-768x768.webp 768w, https:\/\/jinhuaceramic.com\/wp-content\/uploads\/2024\/12\/Ceramic-Designer-Bathroom-Sets-Wholesale-Bath-Accessories-Suppliers-5-1-12x12.webp 12w, https:\/\/jinhuaceramic.com\/wp-content\/uploads\/2024\/12\/Ceramic-Designer-Bathroom-Sets-Wholesale-Bath-Accessories-Suppliers-5-1-285x285.webp 285w, https:\/\/jinhuaceramic.com\/wp-content\/uploads\/2024\/12\/Ceramic-Designer-Bathroom-Sets-Wholesale-Bath-Accessories-Suppliers-5-1-1600x1600.webp 1600w, https:\/\/jinhuaceramic.com\/wp-content\/uploads\/2024\/12\/Ceramic-Designer-Bathroom-Sets-Wholesale-Bath-Accessories-Suppliers-5-1-270x270.webp 270w, https:\/\/jinhuaceramic.com\/wp-content\/uploads\/2024\/12\/Ceramic-Designer-Bathroom-Sets-Wholesale-Bath-Accessories-Suppliers-5-1-540x540.webp 540w, https:\/\/jinhuaceramic.com\/wp-content\/uploads\/2024\/12\/Ceramic-Designer-Bathroom-Sets-Wholesale-Bath-Accessories-Suppliers-5-1-660x660.webp 660w\" sizes=\"(max-width: 2000px) 100vw, 2000px\" \/><\/figure>\n<\/div>\n<\/div>","protected":false},"excerpt":{"rendered":"<p>Bem-vindo \u00e0 compra de conjuntos de casa de banho personalizados. Estes acess\u00f3rios de casa de banho em cer\u00e2mica s\u00e3o simples e elegantes na sua estrutura, e a cor preta pode ser combinada com muitos estilos de casas de banho. Existem diferentes tipos de utiliza\u00e7\u00e3o: dispensador de sab\u00e3o, copo para escova de dentes e frasco para bolas de algod\u00e3o, para satisfazer a procura de lavagens na vida quotidiana. Os materiais de cer\u00e2mica podem garantir a durabilidade, sem problemas de limpeza ou manuten\u00e7\u00e3o.<\/p>","protected":false},"featured_media":7522,"comment_status":"closed","ping_status":"closed","template":"","meta":{"_acf_changed":false},"product_brand":[],"product_cat":[51],"product_tag":[74],"class_list":{"0":"post-7510","1":"product","2":"type-product","3":"status-publish","4":"has-post-thumbnail","6":"product_cat-bathroom-accessories-wholesale","7":"product_tag-ceramic-bath-accessories-wholesale","9":"first","10":"instock","11":"shipping-taxable","12":"product-type-simple"},"acf":[],"_links":{"self":[{"href":"https:\/\/jinhuaceramic.com\/pt\/wp-json\/wp\/v2\/product\/7510","targetHints":{"allow":["GET"]}}],"collection":[{"href":"https:\/\/jinhuaceramic.com\/pt\/wp-json\/wp\/v2\/product"}],"about":[{"href":"https:\/\/jinhuaceramic.com\/pt\/wp-json\/wp\/v2\/types\/product"}],"replies":[{"embeddable":true,"href":"https:\/\/jinhuaceramic.com\/pt\/wp-json\/wp\/v2\/comments?post=7510"}],"version-history":[{"count":0,"href":"https:\/\/jinhuaceramic.com\/pt\/wp-json\/wp\/v2\/product\/7510\/revisions"}],"wp:featuredmedia":[{"embeddable":true,"href":"https:\/\/jinhuaceramic.com\/pt\/wp-json\/wp\/v2\/media\/7522"}],"wp:attachment":[{"href":"https:\/\/jinhuaceramic.com\/pt\/wp-json\/wp\/v2\/media?parent=7510"}],"wp:term":[{"taxonomy":"product_brand","embeddable":true,"href":"https:\/\/jinhuaceramic.com\/pt\/wp-json\/wp\/v2\/product_brand?post=7510"},{"taxonomy":"product_cat","embeddable":true,"href":"https:\/\/jinhuaceramic.com\/pt\/wp-json\/wp\/v2\/product_cat?post=7510"},{"taxonomy":"product_tag","embeddable":true,"href":"https:\/\/jinhuaceramic.com\/pt\/wp-json\/wp\/v2\/product_tag?post=7510"}],"curies":[{"name":"wp","href":"https:\/\/api.w.org\/{rel}","templated":true}]}}