{"id":7527,"date":"2024-12-26T10:38:08","date_gmt":"2024-12-26T10:38:08","guid":{"rendered":"https:\/\/jinhuaceramic.com\/?post_type=product&#038;p=7527"},"modified":"2025-03-10T09:26:09","modified_gmt":"2025-03-10T09:26:09","slug":"ramekins-bulk","status":"publish","type":"product","link":"https:\/\/jinhuaceramic.com\/pt\/product\/ramekins-bulk\/","title":{"rendered":"Ramequins de cer\u00e2mica antiaderente a granel, artigos para pastelaria de cozinha por atacado"},"content":{"rendered":"<div class=\"wp-block-columns is-layout-flex wp-container-core-columns-is-layout-9d6595d7 wp-block-columns-is-layout-flex\">\n<div class=\"wp-block-column is-layout-flow wp-block-column-is-layout-flow\">\n<h3 class=\"wp-block-heading\">Ramequins Premium Carater\u00edsticas a granel:<\/h3>\n\n\n\n<ul class=\"wp-block-list\">\n<li><strong>Design elegante: <\/strong>Estes ramequins de cer\u00e2mica a granel t\u00eam um design elegante, com o corpo principal em branco e o fundo e os bordos em castanho, criando um forte contraste de cores. A superf\u00edcie desta assadeira por atacado tem uma textura delicada que aumenta a sua beleza. N\u00e3o \u00e9 apenas de uso pr\u00e1tico na cozinha, mas tamb\u00e9m pode ser servido diretamente na mesa de jantar, dando um sentido mais ritual \u00e0 nossa refei\u00e7\u00e3o.<\/li>\n\n\n\n<li><strong>Material cer\u00e2mico de qualidade superior:<\/strong> Estes bakeware de cer\u00e2mica por atacado apresentam uma resist\u00eancia a altas temperaturas e t\u00eam uma elevada dureza de superf\u00edcie que \u00e9 resistente a riscos causados por utens\u00edlios de cozinha de metal, pelo que s\u00e3o dur\u00e1veis para uma utiliza\u00e7\u00e3o prolongada.<\/li>\n\n\n\n<li><strong>V\u00e1rios tamanhos: <\/strong>Este conjunto de ramequins de cer\u00e2mica a granel inclui 3 formas de diferentes tamanhos que permitem diferentes necessidades de cozedura. Quer seja para uma grande festa ou para um pequeno lanche, encontrar\u00e1 uma forma adequada para utilizar.<\/li>\n\n\n\n<li><strong>Antiaderente: <\/strong>Estes artigos de cer\u00e2mica para pastelaria por grosso t\u00eam propriedades antiaderentes; por conseguinte, os res\u00edduos de alimentos n\u00e3o se colam facilmente \u00e0 superf\u00edcie do tabuleiro. Isto torna-os muito f\u00e1ceis de limpar. Basta enxagu\u00e1-los com \u00e1gua morna e detergente suave, ou simplesmente coloc\u00e1-los na m\u00e1quina de lavar lou\u00e7a, evitando problemas de limpeza.<\/li>\n<\/ul>\n<\/div>\n\n\n\n<div class=\"wp-block-column is-layout-flow wp-block-column-is-layout-flow\">\n<figure class=\"wp-block-image size-full\"><img fetchpriority=\"high\" decoding=\"async\" width=\"2048\" height=\"2560\" src=\"https:\/\/jinhuaceramic.com\/wp-content\/uploads\/2024\/12\/Non-Stick-Ceramic-Kitchen-Bakeware-Set-Wholesale-Baking-Pan-Supplies-5.webp\" alt=\"Ramequins de cer\u00e2mica antiaderente a granel, artigos para pastelaria de cozinha por grosso-1\" class=\"wp-image-7528\" srcset=\"https:\/\/jinhuaceramic.com\/wp-content\/uploads\/2024\/12\/Non-Stick-Ceramic-Kitchen-Bakeware-Set-Wholesale-Baking-Pan-Supplies-5.webp 2048w, https:\/\/jinhuaceramic.com\/wp-content\/uploads\/2024\/12\/Non-Stick-Ceramic-Kitchen-Bakeware-Set-Wholesale-Baking-Pan-Supplies-5-240x300.webp 240w, https:\/\/jinhuaceramic.com\/wp-content\/uploads\/2024\/12\/Non-Stick-Ceramic-Kitchen-Bakeware-Set-Wholesale-Baking-Pan-Supplies-5-768x960.webp 768w, https:\/\/jinhuaceramic.com\/wp-content\/uploads\/2024\/12\/Non-Stick-Ceramic-Kitchen-Bakeware-Set-Wholesale-Baking-Pan-Supplies-5-10x12.webp 10w, https:\/\/jinhuaceramic.com\/wp-content\/uploads\/2024\/12\/Non-Stick-Ceramic-Kitchen-Bakeware-Set-Wholesale-Baking-Pan-Supplies-5-285x356.webp 285w, https:\/\/jinhuaceramic.com\/wp-content\/uploads\/2024\/12\/Non-Stick-Ceramic-Kitchen-Bakeware-Set-Wholesale-Baking-Pan-Supplies-5-1600x2000.webp 1600w, https:\/\/jinhuaceramic.com\/wp-content\/uploads\/2024\/12\/Non-Stick-Ceramic-Kitchen-Bakeware-Set-Wholesale-Baking-Pan-Supplies-5-528x660.webp 528w, https:\/\/jinhuaceramic.com\/wp-content\/uploads\/2024\/12\/Non-Stick-Ceramic-Kitchen-Bakeware-Set-Wholesale-Baking-Pan-Supplies-5-120x150.webp 120w\" sizes=\"(max-width: 2048px) 100vw, 2048px\" \/><\/figure>\n<\/div>\n<\/div>","protected":false},"excerpt":{"rendered":"<p>Bem-vindo ao comprar ramequins de cer\u00e2mica a granel. Estes utens\u00edlios de cozinha em cer\u00e2mica s\u00e3o simples, elegantes e adaptam-se facilmente a qualquer estilo de cozinha. O material cer\u00e2mico resistente a altas temperaturas resiste \u00e0 corros\u00e3o, n\u00e3o \u00e9 t\u00f3xico, n\u00e3o \u00e9 venenoso e \u00e9 inofensivo. Para um principiante em pastelaria ou um mestre em culin\u00e1ria, este conjunto de utens\u00edlios de pastelaria pode satisfazer v\u00e1rias necessidades de pastelaria e \u00e9 a sua escolha ideal indispens\u00e1vel na cozinha.<\/p>","protected":false},"featured_media":7533,"comment_status":"closed","ping_status":"closed","template":"","meta":{"_acf_changed":false},"product_brand":[],"product_cat":[53],"product_tag":[71],"class_list":{"0":"post-7527","1":"product","2":"type-product","3":"status-publish","4":"has-post-thumbnail","6":"product_cat-bakeware-in-bulk","7":"product_tag-wholesale-baking-pans","9":"first","10":"instock","11":"shipping-taxable","12":"product-type-simple"},"acf":[],"_links":{"self":[{"href":"https:\/\/jinhuaceramic.com\/pt\/wp-json\/wp\/v2\/product\/7527","targetHints":{"allow":["GET"]}}],"collection":[{"href":"https:\/\/jinhuaceramic.com\/pt\/wp-json\/wp\/v2\/product"}],"about":[{"href":"https:\/\/jinhuaceramic.com\/pt\/wp-json\/wp\/v2\/types\/product"}],"replies":[{"embeddable":true,"href":"https:\/\/jinhuaceramic.com\/pt\/wp-json\/wp\/v2\/comments?post=7527"}],"version-history":[{"count":0,"href":"https:\/\/jinhuaceramic.com\/pt\/wp-json\/wp\/v2\/product\/7527\/revisions"}],"wp:featuredmedia":[{"embeddable":true,"href":"https:\/\/jinhuaceramic.com\/pt\/wp-json\/wp\/v2\/media\/7533"}],"wp:attachment":[{"href":"https:\/\/jinhuaceramic.com\/pt\/wp-json\/wp\/v2\/media?parent=7527"}],"wp:term":[{"taxonomy":"product_brand","embeddable":true,"href":"https:\/\/jinhuaceramic.com\/pt\/wp-json\/wp\/v2\/product_brand?post=7527"},{"taxonomy":"product_cat","embeddable":true,"href":"https:\/\/jinhuaceramic.com\/pt\/wp-json\/wp\/v2\/product_cat?post=7527"},{"taxonomy":"product_tag","embeddable":true,"href":"https:\/\/jinhuaceramic.com\/pt\/wp-json\/wp\/v2\/product_tag?post=7527"}],"curies":[{"name":"wp","href":"https:\/\/api.w.org\/{rel}","templated":true}]}}