{"id":7547,"date":"2024-12-28T07:54:34","date_gmt":"2024-12-28T07:54:34","guid":{"rendered":"https:\/\/jinhuaceramic.com\/?post_type=product&#038;p=7547"},"modified":"2024-12-30T01:39:28","modified_gmt":"2024-12-30T01:39:28","slug":"candle-holder-wholesale","status":"publish","type":"product","link":"https:\/\/jinhuaceramic.com\/pt\/product\/candle-holder-wholesale\/","title":{"rendered":"Casti\u00e7al \u00fanico por atacado, casti\u00e7ais de cer\u00e2mica a granel"},"content":{"rendered":"<div class=\"wp-block-columns is-layout-flex wp-container-core-columns-is-layout-9d6595d7 wp-block-columns-is-layout-flex\">\n<div class=\"wp-block-column is-layout-flow wp-block-column-is-layout-flow\">\n<h3 class=\"wp-block-heading\">Suporte de vela Premium Carater\u00edsticas por atacado:<\/h3>\n\n\n\n<ul class=\"wp-block-list\">\n<li><strong>Design giro: <\/strong>Estes casti\u00e7ais de cer\u00e2mica por atacado t\u00eam uma forma irregular, mas com linhas encantadoras. Os casti\u00e7ais pretos correspondem a manchas brancas, enquanto os casti\u00e7ais brancos correspondem a manchas pretas, tal como as manchas das vacas. Este design \u00e9 t\u00e3o giro e \u00fanico que pode ser um destaque na decora\u00e7\u00e3o de interiores.<\/li>\n\n\n\n<li>Alta qualidade<strong>alidade Material cer\u00e2mico: <\/strong>Estes casti\u00e7ais personalizados a granel s\u00e3o feitos de material cer\u00e2mico de alta qualidade que suporta temperaturas elevadas e n\u00e3o se danifica nem emite subst\u00e2ncias nocivas durante a queima das velas, o que os torna muito seguros.<\/li>\n\n\n\n<li><strong>Versatilidade: <\/strong>Estes casti\u00e7ais de cer\u00e2mica por atacado t\u00eam 3 formas diferentes, um \u00fanico orif\u00edcio para uma vela, um orif\u00edcio em forma de \u201cY\u201d para duas velas e um orif\u00edcio m\u00faltiplo para tr\u00eas velas. S\u00e3o muito adequados para criar um ambiente rom\u00e2ntico e acolhedor e podem ser escolhidos de acordo com o n\u00famero de velas.<\/li>\n\n\n\n<li><strong>Boa estabilidade: <\/strong>Estes casti\u00e7ais de cer\u00e2mica a granel t\u00eam um fundo largo para serem mais est\u00e1veis, com vista a reduzir a taxa de viragem das velas.<\/li>\n<\/ul>\n<\/div>\n\n\n\n<div class=\"wp-block-column is-layout-flow wp-block-column-is-layout-flow\">\n<figure class=\"wp-block-image size-full\"><img fetchpriority=\"high\" decoding=\"async\" width=\"800\" height=\"800\" src=\"https:\/\/jinhuaceramic.com\/wp-content\/uploads\/2024\/12\/Various-Wholesale-Candle-Holders-Ceramic-White-Candlesticks-Bulk-4.webp\" alt=\"Diversos-Venda por grosso-Casti\u00e7ais,-Cer\u00e2mica-Branca-Casti\u00e7ais-Bulk\" class=\"wp-image-7550\" srcset=\"https:\/\/jinhuaceramic.com\/wp-content\/uploads\/2024\/12\/Various-Wholesale-Candle-Holders-Ceramic-White-Candlesticks-Bulk-4.webp 800w, https:\/\/jinhuaceramic.com\/wp-content\/uploads\/2024\/12\/Various-Wholesale-Candle-Holders-Ceramic-White-Candlesticks-Bulk-4-300x300.webp 300w, https:\/\/jinhuaceramic.com\/wp-content\/uploads\/2024\/12\/Various-Wholesale-Candle-Holders-Ceramic-White-Candlesticks-Bulk-4-150x150.webp 150w, https:\/\/jinhuaceramic.com\/wp-content\/uploads\/2024\/12\/Various-Wholesale-Candle-Holders-Ceramic-White-Candlesticks-Bulk-4-768x768.webp 768w, https:\/\/jinhuaceramic.com\/wp-content\/uploads\/2024\/12\/Various-Wholesale-Candle-Holders-Ceramic-White-Candlesticks-Bulk-4-12x12.webp 12w, https:\/\/jinhuaceramic.com\/wp-content\/uploads\/2024\/12\/Various-Wholesale-Candle-Holders-Ceramic-White-Candlesticks-Bulk-4-285x285.webp 285w, https:\/\/jinhuaceramic.com\/wp-content\/uploads\/2024\/12\/Various-Wholesale-Candle-Holders-Ceramic-White-Candlesticks-Bulk-4-270x270.webp 270w, https:\/\/jinhuaceramic.com\/wp-content\/uploads\/2024\/12\/Various-Wholesale-Candle-Holders-Ceramic-White-Candlesticks-Bulk-4-540x540.webp 540w, https:\/\/jinhuaceramic.com\/wp-content\/uploads\/2024\/12\/Various-Wholesale-Candle-Holders-Ceramic-White-Candlesticks-Bulk-4-660x660.webp 660w\" sizes=\"(max-width: 800px) 100vw, 800px\" \/><\/figure>\n<\/div>\n<\/div>","protected":false},"excerpt":{"rendered":"<p>Bem-vindo ao comprar casti\u00e7ais de cer\u00e2mica por atacado. Estes casti\u00e7ais a granel de forma irregular s\u00e3o bonitos e \u00fanicos no design, com v\u00e1rias formas e materiais de primeira qualidade. N\u00e3o s\u00f3 s\u00e3o engenhosos no design, mas tamb\u00e9m s\u00e3o excelentes em termos de praticidade e seguran\u00e7a e podem adicionar uma atmosfera calorosa e art\u00edstica ao ambiente dom\u00e9stico.<\/p>","protected":false},"featured_media":7550,"comment_status":"closed","ping_status":"closed","template":"","meta":{"_acf_changed":false},"product_brand":[],"product_cat":[52],"product_tag":[68],"class_list":{"0":"post-7547","1":"product","2":"type-product","3":"status-publish","4":"has-post-thumbnail","6":"product_cat-wholesale-candle-containers","7":"product_tag-ceramic-candlesticks-bulk","9":"first","10":"instock","11":"shipping-taxable","12":"product-type-simple"},"acf":[],"_links":{"self":[{"href":"https:\/\/jinhuaceramic.com\/pt\/wp-json\/wp\/v2\/product\/7547","targetHints":{"allow":["GET"]}}],"collection":[{"href":"https:\/\/jinhuaceramic.com\/pt\/wp-json\/wp\/v2\/product"}],"about":[{"href":"https:\/\/jinhuaceramic.com\/pt\/wp-json\/wp\/v2\/types\/product"}],"replies":[{"embeddable":true,"href":"https:\/\/jinhuaceramic.com\/pt\/wp-json\/wp\/v2\/comments?post=7547"}],"version-history":[{"count":0,"href":"https:\/\/jinhuaceramic.com\/pt\/wp-json\/wp\/v2\/product\/7547\/revisions"}],"wp:featuredmedia":[{"embeddable":true,"href":"https:\/\/jinhuaceramic.com\/pt\/wp-json\/wp\/v2\/media\/7550"}],"wp:attachment":[{"href":"https:\/\/jinhuaceramic.com\/pt\/wp-json\/wp\/v2\/media?parent=7547"}],"wp:term":[{"taxonomy":"product_brand","embeddable":true,"href":"https:\/\/jinhuaceramic.com\/pt\/wp-json\/wp\/v2\/product_brand?post=7547"},{"taxonomy":"product_cat","embeddable":true,"href":"https:\/\/jinhuaceramic.com\/pt\/wp-json\/wp\/v2\/product_cat?post=7547"},{"taxonomy":"product_tag","embeddable":true,"href":"https:\/\/jinhuaceramic.com\/pt\/wp-json\/wp\/v2\/product_tag?post=7547"}],"curies":[{"name":"wp","href":"https:\/\/api.w.org\/{rel}","templated":true}]}}