{"id":7563,"date":"2025-01-02T02:35:23","date_gmt":"2025-01-02T02:35:23","guid":{"rendered":"https:\/\/jinhuaceramic.com\/?post_type=product&#038;p=7563"},"modified":"2025-01-02T02:35:48","modified_gmt":"2025-01-02T02:35:48","slug":"bath-accessories-bulk","status":"publish","type":"product","link":"https:\/\/jinhuaceramic.com\/pt\/product\/bath-accessories-bulk\/","title":{"rendered":"Acess\u00f3rios de banho em cer\u00e2mica a granel, conjuntos de casa de banho personalizados com 5 pe\u00e7as"},"content":{"rendered":"<div class=\"wp-block-columns is-layout-flex wp-container-core-columns-is-layout-9d6595d7 wp-block-columns-is-layout-flex\">\n<div class=\"wp-block-column is-layout-flow wp-block-column-is-layout-flow\">\n<h3 class=\"wp-block-heading\">Acess\u00f3rios de banho Premium Carater\u00edsticas a granel:<\/h3>\n\n\n\n<ul class=\"wp-block-list\">\n<li><strong>Design minimalista unificado: <\/strong>O design destes acess\u00f3rios de banho em cer\u00e2mica \u00e9 unificado, o branco com as riscas verticais simples pode ser bastante simples e elegante e oferecer uma bela perspetiva em qualquer casa de banho. O estilo unificado tamb\u00e9m torna uma casa de banho limpa e bem organizada.<\/li>\n\n\n\n<li><strong>Material cer\u00e2mico de alta qualidade: <\/strong>Estes conjuntos de casa de banho personalizados em cer\u00e2mica de alta qualidade s\u00e3o dur\u00e1veis, a sua superf\u00edcie \u00e9 lisa e f\u00e1cil de limpar. Isto garante que o produto n\u00e3o ser\u00e1 danificado no ambiente h\u00famido da casa de banho durante muito tempo.<\/li>\n\n\n\n<li><strong>Conjunto completo: <\/strong>Estes acess\u00f3rios de banho em cer\u00e2mica a granel incluem recipientes multifuncionais, incluindo copos para escovas de dentes, frascos para cotonetes, saboneteiras para sab\u00e3o e frascos para sabonete l\u00edquido. S\u00e3o totalmente funcionais e podem satisfazer as necessidades de armazenamento dos artigos de casa de banho di\u00e1rios.<\/li>\n\n\n\n<li><strong>Pr\u00e1tico e forte:<\/strong> Equipados com dois dispensadores de sab\u00e3o diferentes, um dispensador de sab\u00e3o em espuma e um dispensador de sab\u00e3o normal, estes conjuntos de casa de banho personalizados podem satisfazer necessidades variadas. O dispensador de sab\u00e3o tem uma boca grande para facilitar o enchimento, a substitui\u00e7\u00e3o e a limpeza, enquanto a cabe\u00e7a da bomba \u00e9 grande e macia para pressionar.<\/li>\n<\/ul>\n<\/div>\n\n\n\n<div class=\"wp-block-column is-layout-flow wp-block-column-is-layout-flow\">\n<figure class=\"wp-block-image size-full\"><img fetchpriority=\"high\" decoding=\"async\" width=\"1600\" height=\"1600\" src=\"https:\/\/jinhuaceramic.com\/wp-content\/uploads\/2024\/12\/5-Piece-Customized-Bathroom-Sets-Wholesale-Bath-And-Body-Accessories-2.webp\" alt=\"Acess\u00f3rios de banho em cer\u00e2mica a granel, conjuntos de casa de banho personalizados com 5 pe\u00e7as-1\" class=\"wp-image-7564\" srcset=\"https:\/\/jinhuaceramic.com\/wp-content\/uploads\/2024\/12\/5-Piece-Customized-Bathroom-Sets-Wholesale-Bath-And-Body-Accessories-2.webp 1600w, https:\/\/jinhuaceramic.com\/wp-content\/uploads\/2024\/12\/5-Piece-Customized-Bathroom-Sets-Wholesale-Bath-And-Body-Accessories-2-300x300.webp 300w, https:\/\/jinhuaceramic.com\/wp-content\/uploads\/2024\/12\/5-Piece-Customized-Bathroom-Sets-Wholesale-Bath-And-Body-Accessories-2-150x150.webp 150w, https:\/\/jinhuaceramic.com\/wp-content\/uploads\/2024\/12\/5-Piece-Customized-Bathroom-Sets-Wholesale-Bath-And-Body-Accessories-2-768x768.webp 768w, https:\/\/jinhuaceramic.com\/wp-content\/uploads\/2024\/12\/5-Piece-Customized-Bathroom-Sets-Wholesale-Bath-And-Body-Accessories-2-12x12.webp 12w, https:\/\/jinhuaceramic.com\/wp-content\/uploads\/2024\/12\/5-Piece-Customized-Bathroom-Sets-Wholesale-Bath-And-Body-Accessories-2-285x285.webp 285w, https:\/\/jinhuaceramic.com\/wp-content\/uploads\/2024\/12\/5-Piece-Customized-Bathroom-Sets-Wholesale-Bath-And-Body-Accessories-2-270x270.webp 270w, https:\/\/jinhuaceramic.com\/wp-content\/uploads\/2024\/12\/5-Piece-Customized-Bathroom-Sets-Wholesale-Bath-And-Body-Accessories-2-540x540.webp 540w, https:\/\/jinhuaceramic.com\/wp-content\/uploads\/2024\/12\/5-Piece-Customized-Bathroom-Sets-Wholesale-Bath-And-Body-Accessories-2-660x660.webp 660w\" sizes=\"(max-width: 1600px) 100vw, 1600px\" \/><\/figure>\n<\/div>\n<\/div>","protected":false},"excerpt":{"rendered":"<p>Bem-vindo aos conjuntos de casa de banho personalizados. Estes acess\u00f3rios de banho em cer\u00e2mica s\u00e3o maioritariamente brancos, com designs simples e bonitos. O estilo do dispensador de sab\u00e3o, do frasco de algod\u00e3o, da saboneteira e do suporte para escova de dentes \u00e9 consistente. Estes conjuntos de casa de banho em cer\u00e2mica por atacado real\u00e7am a durabilidade e a facilidade de limpeza, utilizando inteiramente o espa\u00e7o da casa de banho para real\u00e7ar a limpeza e a beleza.<\/p>","protected":false},"featured_media":7565,"comment_status":"closed","ping_status":"closed","template":"","meta":{"_acf_changed":false},"product_brand":[],"product_cat":[51],"product_tag":[74],"class_list":{"0":"post-7563","1":"product","2":"type-product","3":"status-publish","4":"has-post-thumbnail","6":"product_cat-bathroom-accessories-wholesale","7":"product_tag-ceramic-bath-accessories-wholesale","9":"first","10":"instock","11":"shipping-taxable","12":"product-type-simple"},"acf":[],"_links":{"self":[{"href":"https:\/\/jinhuaceramic.com\/pt\/wp-json\/wp\/v2\/product\/7563","targetHints":{"allow":["GET"]}}],"collection":[{"href":"https:\/\/jinhuaceramic.com\/pt\/wp-json\/wp\/v2\/product"}],"about":[{"href":"https:\/\/jinhuaceramic.com\/pt\/wp-json\/wp\/v2\/types\/product"}],"replies":[{"embeddable":true,"href":"https:\/\/jinhuaceramic.com\/pt\/wp-json\/wp\/v2\/comments?post=7563"}],"version-history":[{"count":0,"href":"https:\/\/jinhuaceramic.com\/pt\/wp-json\/wp\/v2\/product\/7563\/revisions"}],"wp:featuredmedia":[{"embeddable":true,"href":"https:\/\/jinhuaceramic.com\/pt\/wp-json\/wp\/v2\/media\/7565"}],"wp:attachment":[{"href":"https:\/\/jinhuaceramic.com\/pt\/wp-json\/wp\/v2\/media?parent=7563"}],"wp:term":[{"taxonomy":"product_brand","embeddable":true,"href":"https:\/\/jinhuaceramic.com\/pt\/wp-json\/wp\/v2\/product_brand?post=7563"},{"taxonomy":"product_cat","embeddable":true,"href":"https:\/\/jinhuaceramic.com\/pt\/wp-json\/wp\/v2\/product_cat?post=7563"},{"taxonomy":"product_tag","embeddable":true,"href":"https:\/\/jinhuaceramic.com\/pt\/wp-json\/wp\/v2\/product_tag?post=7563"}],"curies":[{"name":"wp","href":"https:\/\/api.w.org\/{rel}","templated":true}]}}