{"id":7576,"date":"2025-01-03T01:29:31","date_gmt":"2025-01-03T01:29:31","guid":{"rendered":"https:\/\/jinhuaceramic.com\/?post_type=product&#038;p=7576"},"modified":"2025-01-03T01:56:12","modified_gmt":"2025-01-03T01:56:12","slug":"candle-vessel-wholesale","status":"publish","type":"product","link":"https:\/\/jinhuaceramic.com\/pt\/product\/candle-vessel-wholesale\/","title":{"rendered":"Vaso de vela em forma de concha por atacado, frascos de vela vazios a granel"},"content":{"rendered":"<div class=\"wp-block-columns is-layout-flex wp-container-core-columns-is-layout-9d6595d7 wp-block-columns-is-layout-flex\">\n<div class=\"wp-block-column is-layout-flow wp-block-column-is-layout-flow\">\n<h3 class=\"wp-block-heading\">Vaso de vela Premium Carater\u00edsticas por atacado:<\/h3>\n\n\n\n<ul class=\"wp-block-list\">\n<li><strong>Forma \u00fanica de concha:<\/strong> Este recipiente para velas imita por atacado a forma de uma concha, incluindo a forma em espiral, a textura da superf\u00edcie e o bordo ondulado da abertura. \u00c9 muito realista. O design do elemento natural aqui representado pode adicionar um sabor oce\u00e2nico \u00e0 decora\u00e7\u00e3o de interiores e trazer uma sensa\u00e7\u00e3o de frescura e tranquilidade.<\/li>\n\n\n\n<li><strong>Material cer\u00e2mico duradouro: <\/strong>Estes frascos para velas vazios em forma de concha s\u00e3o feitos de material cer\u00e2mico de alta qualidade em forma de concha, resistentes ao calor e adequados para guardar velas. Durante a combust\u00e3o, o recipiente de cer\u00e2mica isola-se bem e evita o sobreaquecimento, permitindo assim uma utiliza\u00e7\u00e3o segura.<\/li>\n\n\n\n<li><strong>V\u00e1rias cores:<\/strong> Este vaso para velas por atacado tem duas cores - azul escuro e branco que contrastam com o azul claro. Os tons de branco e azul d\u00e3o uma sensa\u00e7\u00e3o visual pl\u00e1cida e elegante. Assim, qualquer estilo de decora\u00e7\u00e3o de casa pode ser aplicado. Quer se trate de um estilo moderno e minimalista ou de um estilo retro, todos eles podem ser perfeitamente aplicados.<\/li>\n\n\n\n<li><strong>Versatilidade:<\/strong> Para al\u00e9m de serem utilizados como frascos de velas, estes frascos de velas vazios em forma de concha podem ser colocados em casa como decora\u00e7\u00e3o depois de a vela se apagar. Podem ser utilizados para guardar alguns objectos pequenos, como j\u00f3ias e chaves.<\/li>\n<\/ul>\n<\/div>\n\n\n\n<div class=\"wp-block-column is-layout-flow wp-block-column-is-layout-flow\">\n<figure class=\"wp-block-image size-full\"><img fetchpriority=\"high\" decoding=\"async\" width=\"1024\" height=\"1024\" src=\"https:\/\/jinhuaceramic.com\/wp-content\/uploads\/2025\/01\/Conch-Shape-Unique-Candle-Jars-Wholesale-Ceramic-Candle-Containers-6.webp\" alt=\"Vaso de vela em forma de concha por atacado, frascos de vela vazios a granel-1\" class=\"wp-image-7581\" srcset=\"https:\/\/jinhuaceramic.com\/wp-content\/uploads\/2025\/01\/Conch-Shape-Unique-Candle-Jars-Wholesale-Ceramic-Candle-Containers-6.webp 1024w, https:\/\/jinhuaceramic.com\/wp-content\/uploads\/2025\/01\/Conch-Shape-Unique-Candle-Jars-Wholesale-Ceramic-Candle-Containers-6-300x300.webp 300w, https:\/\/jinhuaceramic.com\/wp-content\/uploads\/2025\/01\/Conch-Shape-Unique-Candle-Jars-Wholesale-Ceramic-Candle-Containers-6-150x150.webp 150w, https:\/\/jinhuaceramic.com\/wp-content\/uploads\/2025\/01\/Conch-Shape-Unique-Candle-Jars-Wholesale-Ceramic-Candle-Containers-6-768x768.webp 768w, https:\/\/jinhuaceramic.com\/wp-content\/uploads\/2025\/01\/Conch-Shape-Unique-Candle-Jars-Wholesale-Ceramic-Candle-Containers-6-12x12.webp 12w, https:\/\/jinhuaceramic.com\/wp-content\/uploads\/2025\/01\/Conch-Shape-Unique-Candle-Jars-Wholesale-Ceramic-Candle-Containers-6-285x285.webp 285w, https:\/\/jinhuaceramic.com\/wp-content\/uploads\/2025\/01\/Conch-Shape-Unique-Candle-Jars-Wholesale-Ceramic-Candle-Containers-6-270x270.webp 270w, https:\/\/jinhuaceramic.com\/wp-content\/uploads\/2025\/01\/Conch-Shape-Unique-Candle-Jars-Wholesale-Ceramic-Candle-Containers-6-540x540.webp 540w, https:\/\/jinhuaceramic.com\/wp-content\/uploads\/2025\/01\/Conch-Shape-Unique-Candle-Jars-Wholesale-Ceramic-Candle-Containers-6-660x660.webp 660w\" sizes=\"(max-width: 1024px) 100vw, 1024px\" \/><\/figure>\n<\/div>\n<\/div>","protected":false},"excerpt":{"rendered":"<p>Bem-vindo ao comprar frascos de velas vazios a granel. Este vaso de vela em forma de concha por atacado acrescenta sentimentos oce\u00e2nicos \u00e0 decora\u00e7\u00e3o da casa. \u00c9 feito de cer\u00e2mica, que \u00e9 dur\u00e1vel, seguro e de qualidade superior. A integra\u00e7\u00e3o de beleza e praticidade pode tornar este frasco de vela de cer\u00e2mica por atacado uma escolha fant\u00e1stica para a decora\u00e7\u00e3o da casa.<\/p>","protected":false},"featured_media":7577,"comment_status":"closed","ping_status":"closed","template":"","meta":{"_acf_changed":false},"product_brand":[],"product_cat":[52],"product_tag":[66],"class_list":{"0":"post-7576","1":"product","2":"type-product","3":"status-publish","4":"has-post-thumbnail","6":"product_cat-wholesale-candle-containers","7":"product_tag-candle-jars-wholesale","9":"first","10":"instock","11":"shipping-taxable","12":"product-type-simple"},"acf":[],"_links":{"self":[{"href":"https:\/\/jinhuaceramic.com\/pt\/wp-json\/wp\/v2\/product\/7576","targetHints":{"allow":["GET"]}}],"collection":[{"href":"https:\/\/jinhuaceramic.com\/pt\/wp-json\/wp\/v2\/product"}],"about":[{"href":"https:\/\/jinhuaceramic.com\/pt\/wp-json\/wp\/v2\/types\/product"}],"replies":[{"embeddable":true,"href":"https:\/\/jinhuaceramic.com\/pt\/wp-json\/wp\/v2\/comments?post=7576"}],"version-history":[{"count":0,"href":"https:\/\/jinhuaceramic.com\/pt\/wp-json\/wp\/v2\/product\/7576\/revisions"}],"wp:featuredmedia":[{"embeddable":true,"href":"https:\/\/jinhuaceramic.com\/pt\/wp-json\/wp\/v2\/media\/7577"}],"wp:attachment":[{"href":"https:\/\/jinhuaceramic.com\/pt\/wp-json\/wp\/v2\/media?parent=7576"}],"wp:term":[{"taxonomy":"product_brand","embeddable":true,"href":"https:\/\/jinhuaceramic.com\/pt\/wp-json\/wp\/v2\/product_brand?post=7576"},{"taxonomy":"product_cat","embeddable":true,"href":"https:\/\/jinhuaceramic.com\/pt\/wp-json\/wp\/v2\/product_cat?post=7576"},{"taxonomy":"product_tag","embeddable":true,"href":"https:\/\/jinhuaceramic.com\/pt\/wp-json\/wp\/v2\/product_tag?post=7576"}],"curies":[{"name":"wp","href":"https:\/\/api.w.org\/{rel}","templated":true}]}}