{"id":7587,"date":"2025-01-03T01:55:30","date_gmt":"2025-01-03T01:55:30","guid":{"rendered":"https:\/\/jinhuaceramic.com\/?post_type=product&#038;p=7587"},"modified":"2025-03-10T08:45:16","modified_gmt":"2025-03-10T08:45:16","slug":"custom-baking-pan","status":"publish","type":"product","link":"https:\/\/jinhuaceramic.com\/pt\/product\/custom-baking-pan\/","title":{"rendered":"Assadeira personalizada de 3 pe\u00e7as, pratos de cer\u00e2mica para assar por atacado"},"content":{"rendered":"<div class=\"wp-block-columns is-layout-flex wp-container-core-columns-is-layout-9d6595d7 wp-block-columns-is-layout-flex\">\n<div class=\"wp-block-column is-layout-flow wp-block-column-is-layout-flow\">\n<h3 class=\"wp-block-heading\">Carater\u00edsticas da assadeira personalizada Premium:<\/h3>\n\n\n\n<ul class=\"wp-block-list\">\n<li><strong>Design elegante: <\/strong>Estas formas personalizadas s\u00e3o apresentadas em cores gradientes de azul e preto com uma textura de riscas horizontais. O azul escuro transmite uma atmosfera de calma que se adequa a qualquer estilo de cozinha. Acrescenta uma sensa\u00e7\u00e3o de ritual, uma vez que estas belas assadeiras passam diretamente do forno para a mesa.<\/li>\n\n\n\n<li><strong>Material cer\u00e2mico de alta qualidade: <\/strong>Estes pratos de cer\u00e2mica para assar por atacado s\u00e3o fabricados a partir de material cer\u00e2mico de alta qualidade. \u00c9 altamente condutor de calor e permite um aquecimento uniforme. Entretanto, as assadeiras de cer\u00e2mica t\u00eam boas propriedades de preserva\u00e7\u00e3o do calor e antiaderentes.<\/li>\n\n\n\n<li><strong>V\u00e1rios tamanhos:<\/strong> Estes conjuntos de assadeiras personalizadas v\u00eam em 3 tamanhos para satisfazer diferentes necessidades de cozedura. A assadeira grande pode ser usada para assar frango, lasanha de v\u00e1rias por\u00e7\u00f5es, etc., e a assadeira pequena pode ser usada para assar alimentos em por\u00e7\u00f5es. Al\u00e9m disso, as nossas assadeiras por atacado podem ser colocadas umas dentro das outras, o que pode economizar muito espa\u00e7o de armazenamento na cozinha quando n\u00e3o estiver em uso e \u00e9 conveniente para o armazenamento.<\/li>\n\n\n\n<li><strong>Pegas c\u00f3modas: <\/strong>Estes pratos de cer\u00e2mica para assar por atacado t\u00eam pegas largas em ambos os lados. As pegas largas garantem uma melhor ader\u00eancia ao retirar o tabuleiro do forno, o que evitar\u00e1 escorregar.<\/li>\n<\/ul>\n<\/div>\n\n\n\n<div class=\"wp-block-column is-layout-flow wp-block-column-is-layout-flow\">\n<figure class=\"wp-block-image size-full\"><img fetchpriority=\"high\" decoding=\"async\" width=\"1600\" height=\"1600\" src=\"https:\/\/jinhuaceramic.com\/wp-content\/uploads\/2025\/01\/3-Piece-Ceramic-Custom-Baking-Dish-Set-Professional-Bakeware-Supplies-4.webp\" alt=\"Assadeira personalizada de 3 pe\u00e7as, assadeiras de cer\u00e2mica por atacado-1\" class=\"wp-image-7590\" srcset=\"https:\/\/jinhuaceramic.com\/wp-content\/uploads\/2025\/01\/3-Piece-Ceramic-Custom-Baking-Dish-Set-Professional-Bakeware-Supplies-4.webp 1600w, https:\/\/jinhuaceramic.com\/wp-content\/uploads\/2025\/01\/3-Piece-Ceramic-Custom-Baking-Dish-Set-Professional-Bakeware-Supplies-4-300x300.webp 300w, https:\/\/jinhuaceramic.com\/wp-content\/uploads\/2025\/01\/3-Piece-Ceramic-Custom-Baking-Dish-Set-Professional-Bakeware-Supplies-4-150x150.webp 150w, https:\/\/jinhuaceramic.com\/wp-content\/uploads\/2025\/01\/3-Piece-Ceramic-Custom-Baking-Dish-Set-Professional-Bakeware-Supplies-4-768x768.webp 768w, https:\/\/jinhuaceramic.com\/wp-content\/uploads\/2025\/01\/3-Piece-Ceramic-Custom-Baking-Dish-Set-Professional-Bakeware-Supplies-4-12x12.webp 12w, https:\/\/jinhuaceramic.com\/wp-content\/uploads\/2025\/01\/3-Piece-Ceramic-Custom-Baking-Dish-Set-Professional-Bakeware-Supplies-4-285x285.webp 285w, https:\/\/jinhuaceramic.com\/wp-content\/uploads\/2025\/01\/3-Piece-Ceramic-Custom-Baking-Dish-Set-Professional-Bakeware-Supplies-4-270x270.webp 270w, https:\/\/jinhuaceramic.com\/wp-content\/uploads\/2025\/01\/3-Piece-Ceramic-Custom-Baking-Dish-Set-Professional-Bakeware-Supplies-4-540x540.webp 540w, https:\/\/jinhuaceramic.com\/wp-content\/uploads\/2025\/01\/3-Piece-Ceramic-Custom-Baking-Dish-Set-Professional-Bakeware-Supplies-4-660x660.webp 660w\" sizes=\"(max-width: 1600px) 100vw, 1600px\" \/><\/figure>\n<\/div>\n<\/div>","protected":false},"excerpt":{"rendered":"<p>Bem-vindo \u00e0 encomenda de assadeiras personalizadas. Com o seu design elegante, material cer\u00e2mico dur\u00e1vel, v\u00e1rios tamanhos e pegas convenientes, estas assadeiras de cer\u00e2mica por atacado s\u00e3o um must-have nas cozinhas. Estas assadeiras de cer\u00e2mica personalizadas s\u00e3o funcionais e bonitas, tornando-as perfeitas para uso dom\u00e9stico ou em restaurantes.<\/p>","protected":false},"featured_media":7589,"comment_status":"closed","ping_status":"closed","template":"","meta":{"_acf_changed":false},"product_brand":[],"product_cat":[53],"product_tag":[71],"class_list":{"0":"post-7587","1":"product","2":"type-product","3":"status-publish","4":"has-post-thumbnail","6":"product_cat-bakeware-in-bulk","7":"product_tag-wholesale-baking-pans","9":"first","10":"instock","11":"shipping-taxable","12":"product-type-simple"},"acf":[],"_links":{"self":[{"href":"https:\/\/jinhuaceramic.com\/pt\/wp-json\/wp\/v2\/product\/7587","targetHints":{"allow":["GET"]}}],"collection":[{"href":"https:\/\/jinhuaceramic.com\/pt\/wp-json\/wp\/v2\/product"}],"about":[{"href":"https:\/\/jinhuaceramic.com\/pt\/wp-json\/wp\/v2\/types\/product"}],"replies":[{"embeddable":true,"href":"https:\/\/jinhuaceramic.com\/pt\/wp-json\/wp\/v2\/comments?post=7587"}],"version-history":[{"count":0,"href":"https:\/\/jinhuaceramic.com\/pt\/wp-json\/wp\/v2\/product\/7587\/revisions"}],"wp:featuredmedia":[{"embeddable":true,"href":"https:\/\/jinhuaceramic.com\/pt\/wp-json\/wp\/v2\/media\/7589"}],"wp:attachment":[{"href":"https:\/\/jinhuaceramic.com\/pt\/wp-json\/wp\/v2\/media?parent=7587"}],"wp:term":[{"taxonomy":"product_brand","embeddable":true,"href":"https:\/\/jinhuaceramic.com\/pt\/wp-json\/wp\/v2\/product_brand?post=7587"},{"taxonomy":"product_cat","embeddable":true,"href":"https:\/\/jinhuaceramic.com\/pt\/wp-json\/wp\/v2\/product_cat?post=7587"},{"taxonomy":"product_tag","embeddable":true,"href":"https:\/\/jinhuaceramic.com\/pt\/wp-json\/wp\/v2\/product_tag?post=7587"}],"curies":[{"name":"wp","href":"https:\/\/api.w.org\/{rel}","templated":true}]}}