{"id":7613,"date":"2025-01-09T03:42:49","date_gmt":"2025-01-09T03:42:49","guid":{"rendered":"https:\/\/jinhuaceramic.com\/?post_type=product&#038;p=7613"},"modified":"2025-01-09T03:42:53","modified_gmt":"2025-01-09T03:42:53","slug":"pillar-candle-holders-in-bulk","status":"publish","type":"product","link":"https:\/\/jinhuaceramic.com\/pt\/product\/pillar-candle-holders-in-bulk\/","title":{"rendered":"Casti\u00e7ais de pilar elegantes a granel, casti\u00e7ais altos de cer\u00e2mica por atacado"},"content":{"rendered":"<div class=\"wp-block-columns is-layout-flex wp-container-core-columns-is-layout-9d6595d7 wp-block-columns-is-layout-flex\">\n<div class=\"wp-block-column is-layout-flow wp-block-column-is-layout-flow\">\n<h3 class=\"wp-block-heading\">Casti\u00e7ais de pilar premium a granel Carater\u00edsticas:<\/h3>\n\n\n\n<ul class=\"wp-block-list\">\n<li><strong>Formas geom\u00e9tricas: <\/strong>Estes casti\u00e7ais de pilar em cer\u00e2mica a granel s\u00e3o concebidos em forma de cilindros, cones e poliedros. A mistura destas formas geom\u00e9tricas d\u00e1 um aspeto ordenado e interessante aos casti\u00e7ais.<\/li>\n\n\n\n<li><strong>Design em camadas: <\/strong>Cada um destes casti\u00e7ais altos por atacado tem diferentes tipos de desenhos em camadas. Alguns deles cont\u00eam partes salientes em forma de anel em alguns n\u00fameros, enquanto outros t\u00eam uma estrutura escalonada. Estas camadas tamb\u00e9m aumentam a estabilidade do suporte da vela quando se trata de utiliza\u00e7\u00e3o.<\/li>\n\n\n\n<li><strong>Tom de cor uniforme:<\/strong> Todos os casti\u00e7ais de pilar em cer\u00e2mica a granel s\u00e3o de cor branca, muito harmoniosa, formando um efeito decorativo integral. O branco \u00e9 vers\u00e1til e adequado para v\u00e1rios estilos de decora\u00e7\u00e3o de interiores.<\/li>\n\n\n\n<li><strong>Textura Premium: <\/strong>O material utilizado no fabrico dos nossos casti\u00e7ais altos por atacado \u00e9 a cer\u00e2mica, que tem uma textura quente. Estes casti\u00e7ais mostram uma beleza natural e simples usando os materiais de cer\u00e2mica. Al\u00e9m disso, o material cer\u00e2mico \u00e9 resistente a altas temperaturas e pode segurar velas acesas com seguran\u00e7a.<\/li>\n<\/ul>\n<\/div>\n\n\n\n<div class=\"wp-block-column is-layout-flow wp-block-column-is-layout-flow\">\n<figure class=\"wp-block-image size-full\"><img fetchpriority=\"high\" decoding=\"async\" width=\"800\" height=\"800\" src=\"https:\/\/jinhuaceramic.com\/wp-content\/uploads\/2025\/01\/Various-White-Candle-Stick-Holders-In-Bulk-Tall-Candlesticks-Wholesale-2.webp\" alt=\"Casti\u00e7ais de pilar elegantes a granel, casti\u00e7ais altos de cer\u00e2mica por atacado-1\" class=\"wp-image-7614\" srcset=\"https:\/\/jinhuaceramic.com\/wp-content\/uploads\/2025\/01\/Various-White-Candle-Stick-Holders-In-Bulk-Tall-Candlesticks-Wholesale-2.webp 800w, https:\/\/jinhuaceramic.com\/wp-content\/uploads\/2025\/01\/Various-White-Candle-Stick-Holders-In-Bulk-Tall-Candlesticks-Wholesale-2-300x300.webp 300w, https:\/\/jinhuaceramic.com\/wp-content\/uploads\/2025\/01\/Various-White-Candle-Stick-Holders-In-Bulk-Tall-Candlesticks-Wholesale-2-150x150.webp 150w, https:\/\/jinhuaceramic.com\/wp-content\/uploads\/2025\/01\/Various-White-Candle-Stick-Holders-In-Bulk-Tall-Candlesticks-Wholesale-2-768x768.webp 768w, https:\/\/jinhuaceramic.com\/wp-content\/uploads\/2025\/01\/Various-White-Candle-Stick-Holders-In-Bulk-Tall-Candlesticks-Wholesale-2-12x12.webp 12w, https:\/\/jinhuaceramic.com\/wp-content\/uploads\/2025\/01\/Various-White-Candle-Stick-Holders-In-Bulk-Tall-Candlesticks-Wholesale-2-285x285.webp 285w, https:\/\/jinhuaceramic.com\/wp-content\/uploads\/2025\/01\/Various-White-Candle-Stick-Holders-In-Bulk-Tall-Candlesticks-Wholesale-2-270x270.webp 270w, https:\/\/jinhuaceramic.com\/wp-content\/uploads\/2025\/01\/Various-White-Candle-Stick-Holders-In-Bulk-Tall-Candlesticks-Wholesale-2-540x540.webp 540w, https:\/\/jinhuaceramic.com\/wp-content\/uploads\/2025\/01\/Various-White-Candle-Stick-Holders-In-Bulk-Tall-Candlesticks-Wholesale-2-660x660.webp 660w\" sizes=\"(max-width: 800px) 100vw, 800px\" \/><\/figure>\n<\/div>\n<\/div>","protected":false},"excerpt":{"rendered":"<p>Bem-vindo ao comprar casti\u00e7ais altos por atacado. Esses casti\u00e7ais de pilar a granel mostram um estilo distinto no design, adotando a forma geom\u00e9trica, o design em camadas, o tom de cor unificado e a textura do material cer\u00e2mico; portanto, \u00e9 atraente e pr\u00e1tico para decora\u00e7\u00e3o de interiores e exteriores.<\/p>","protected":false},"featured_media":7620,"comment_status":"closed","ping_status":"closed","template":"","meta":{"_acf_changed":false},"product_brand":[],"product_cat":[52],"product_tag":[68],"class_list":{"0":"post-7613","1":"product","2":"type-product","3":"status-publish","4":"has-post-thumbnail","6":"product_cat-wholesale-candle-containers","7":"product_tag-ceramic-candlesticks-bulk","9":"first","10":"instock","11":"shipping-taxable","12":"product-type-simple"},"acf":[],"_links":{"self":[{"href":"https:\/\/jinhuaceramic.com\/pt\/wp-json\/wp\/v2\/product\/7613","targetHints":{"allow":["GET"]}}],"collection":[{"href":"https:\/\/jinhuaceramic.com\/pt\/wp-json\/wp\/v2\/product"}],"about":[{"href":"https:\/\/jinhuaceramic.com\/pt\/wp-json\/wp\/v2\/types\/product"}],"replies":[{"embeddable":true,"href":"https:\/\/jinhuaceramic.com\/pt\/wp-json\/wp\/v2\/comments?post=7613"}],"version-history":[{"count":0,"href":"https:\/\/jinhuaceramic.com\/pt\/wp-json\/wp\/v2\/product\/7613\/revisions"}],"wp:featuredmedia":[{"embeddable":true,"href":"https:\/\/jinhuaceramic.com\/pt\/wp-json\/wp\/v2\/media\/7620"}],"wp:attachment":[{"href":"https:\/\/jinhuaceramic.com\/pt\/wp-json\/wp\/v2\/media?parent=7613"}],"wp:term":[{"taxonomy":"product_brand","embeddable":true,"href":"https:\/\/jinhuaceramic.com\/pt\/wp-json\/wp\/v2\/product_brand?post=7613"},{"taxonomy":"product_cat","embeddable":true,"href":"https:\/\/jinhuaceramic.com\/pt\/wp-json\/wp\/v2\/product_cat?post=7613"},{"taxonomy":"product_tag","embeddable":true,"href":"https:\/\/jinhuaceramic.com\/pt\/wp-json\/wp\/v2\/product_tag?post=7613"}],"curies":[{"name":"wp","href":"https:\/\/api.w.org\/{rel}","templated":true}]}}