{"id":7623,"date":"2025-01-09T06:29:46","date_gmt":"2025-01-09T06:29:46","guid":{"rendered":"https:\/\/jinhuaceramic.com\/?post_type=product&#038;p=7623"},"modified":"2025-01-09T06:29:55","modified_gmt":"2025-01-09T06:29:55","slug":"ramekins-wholesale","status":"publish","type":"product","link":"https:\/\/jinhuaceramic.com\/pt\/product\/ramekins-wholesale\/","title":{"rendered":"Ramequins quadrados por atacado, pequenas panelas de cer\u00e2mica a granel"},"content":{"rendered":"<div class=\"wp-block-columns is-layout-flex wp-container-core-columns-is-layout-9d6595d7 wp-block-columns-is-layout-flex\">\n<div class=\"wp-block-column is-layout-flow wp-block-column-is-layout-flow\">\n<h3 class=\"wp-block-heading\">Ramequins Premium Carater\u00edsticas por atacado:<\/h3>\n\n\n\n<ul class=\"wp-block-list\">\n<li><strong>Design minimalista: <\/strong>O design minimalista nas laterais destes ramequins de cer\u00e2mica branca para venda por grosso inclui um design de riscas verticais com uma decora\u00e7\u00e3o de linhas pretas nos bordos. Esta linha decorativa \u00e9 simples e apelativa, acrescentando requinte e moda aos pratos de pastelaria, para que os pratos de pastelaria possam ser simples mas detalhados, uma decora\u00e7\u00e3o deslumbrante na cozinha.<\/li>\n\n\n\n<li><strong>Excelente Material cer\u00e2mico: <\/strong>Estes pequenos tabuleiros para cozer por atacado s\u00e3o feitos de cer\u00e2mica de qualidade superior, excelente resist\u00eancia ao calor e podem suportar temperaturas elevadas sem se deformarem ou racharem.<\/li>\n\n\n\n<li><strong>Versatilidade: <\/strong>O volume destes pequenos ramequins quadrados por atacado \u00e9 de 350 ml, que pode ser utilizado para cozer uma \u00fanica por\u00e7\u00e3o de alimentos. Seria bom n\u00e3o s\u00f3 utilizar a forma de cer\u00e2mica para cozer alimentos, mas tamb\u00e9m para guardar muitas iguarias, como saladas e frutas, dando cor e beleza ao prato principal na mesa de jantar.<\/li>\n\n\n\n<li><strong>Pegas c\u00f3modas: <\/strong>As pegas destas pequenas formas de cer\u00e2mica a granel foram concebidas para serem f\u00e1ceis de agarrar, o que permite um melhor controlo quando se retira a forma do forno ou quando se passa para a mesa, evitando que escorregue e reduzindo o risco de queimaduras.<\/li>\n<\/ul>\n<\/div>\n\n\n\n<div class=\"wp-block-column is-layout-flow wp-block-column-is-layout-flow\">\n<figure class=\"wp-block-image size-full\"><img fetchpriority=\"high\" decoding=\"async\" width=\"1600\" height=\"1600\" src=\"https:\/\/jinhuaceramic.com\/wp-content\/uploads\/2025\/01\/Ceramic-Square-Small-Baking-Dish-Custom-Bakeware-Wholesale-8.webp\" alt=\"Ramequins quadrados por atacado, pequenas panelas de cer\u00e2mica a granel-1\" class=\"wp-image-7630\" srcset=\"https:\/\/jinhuaceramic.com\/wp-content\/uploads\/2025\/01\/Ceramic-Square-Small-Baking-Dish-Custom-Bakeware-Wholesale-8.webp 1600w, https:\/\/jinhuaceramic.com\/wp-content\/uploads\/2025\/01\/Ceramic-Square-Small-Baking-Dish-Custom-Bakeware-Wholesale-8-300x300.webp 300w, https:\/\/jinhuaceramic.com\/wp-content\/uploads\/2025\/01\/Ceramic-Square-Small-Baking-Dish-Custom-Bakeware-Wholesale-8-150x150.webp 150w, https:\/\/jinhuaceramic.com\/wp-content\/uploads\/2025\/01\/Ceramic-Square-Small-Baking-Dish-Custom-Bakeware-Wholesale-8-768x768.webp 768w, https:\/\/jinhuaceramic.com\/wp-content\/uploads\/2025\/01\/Ceramic-Square-Small-Baking-Dish-Custom-Bakeware-Wholesale-8-12x12.webp 12w, https:\/\/jinhuaceramic.com\/wp-content\/uploads\/2025\/01\/Ceramic-Square-Small-Baking-Dish-Custom-Bakeware-Wholesale-8-285x285.webp 285w, https:\/\/jinhuaceramic.com\/wp-content\/uploads\/2025\/01\/Ceramic-Square-Small-Baking-Dish-Custom-Bakeware-Wholesale-8-270x270.webp 270w, https:\/\/jinhuaceramic.com\/wp-content\/uploads\/2025\/01\/Ceramic-Square-Small-Baking-Dish-Custom-Bakeware-Wholesale-8-540x540.webp 540w, https:\/\/jinhuaceramic.com\/wp-content\/uploads\/2025\/01\/Ceramic-Square-Small-Baking-Dish-Custom-Bakeware-Wholesale-8-660x660.webp 660w\" sizes=\"(max-width: 1600px) 100vw, 1600px\" \/><\/figure>\n<\/div>\n<\/div>","protected":false},"excerpt":{"rendered":"<p>Bem-vindo ao comprar ramequins de cer\u00e2mica por grosso. Estas pequenas formas quadradas n\u00e3o s\u00f3 t\u00eam um design minimalista e bonito, como tamb\u00e9m t\u00eam v\u00e1rias vantagens: resistentes ao calor, capazes de preservar a temperatura, saud\u00e1veis e amigas do ambiente, vers\u00e1teis e duradouras. Estas vantagens fazem deste tipo de prato um dos utens\u00edlios indispens\u00e1veis na cozinha.<\/p>","protected":false},"featured_media":7627,"comment_status":"closed","ping_status":"closed","template":"","meta":{"_acf_changed":false},"product_brand":[],"product_cat":[53],"product_tag":[69],"class_list":{"0":"post-7623","1":"product","2":"type-product","3":"status-publish","4":"has-post-thumbnail","6":"product_cat-bakeware-in-bulk","7":"product_tag-bulk-ramekins","9":"first","10":"instock","11":"shipping-taxable","12":"product-type-simple"},"acf":[],"_links":{"self":[{"href":"https:\/\/jinhuaceramic.com\/pt\/wp-json\/wp\/v2\/product\/7623","targetHints":{"allow":["GET"]}}],"collection":[{"href":"https:\/\/jinhuaceramic.com\/pt\/wp-json\/wp\/v2\/product"}],"about":[{"href":"https:\/\/jinhuaceramic.com\/pt\/wp-json\/wp\/v2\/types\/product"}],"replies":[{"embeddable":true,"href":"https:\/\/jinhuaceramic.com\/pt\/wp-json\/wp\/v2\/comments?post=7623"}],"version-history":[{"count":0,"href":"https:\/\/jinhuaceramic.com\/pt\/wp-json\/wp\/v2\/product\/7623\/revisions"}],"wp:featuredmedia":[{"embeddable":true,"href":"https:\/\/jinhuaceramic.com\/pt\/wp-json\/wp\/v2\/media\/7627"}],"wp:attachment":[{"href":"https:\/\/jinhuaceramic.com\/pt\/wp-json\/wp\/v2\/media?parent=7623"}],"wp:term":[{"taxonomy":"product_brand","embeddable":true,"href":"https:\/\/jinhuaceramic.com\/pt\/wp-json\/wp\/v2\/product_brand?post=7623"},{"taxonomy":"product_cat","embeddable":true,"href":"https:\/\/jinhuaceramic.com\/pt\/wp-json\/wp\/v2\/product_cat?post=7623"},{"taxonomy":"product_tag","embeddable":true,"href":"https:\/\/jinhuaceramic.com\/pt\/wp-json\/wp\/v2\/product_tag?post=7623"}],"curies":[{"name":"wp","href":"https:\/\/api.w.org\/{rel}","templated":true}]}}