{"id":7672,"date":"2025-01-17T06:49:30","date_gmt":"2025-01-17T06:49:30","guid":{"rendered":"https:\/\/jinhuaceramic.com\/?post_type=product&#038;p=7672"},"modified":"2025-01-17T06:50:11","modified_gmt":"2025-01-17T06:50:11","slug":"wholesale-bathroom-vanity-sets","status":"publish","type":"product","link":"https:\/\/jinhuaceramic.com\/pt\/product\/wholesale-bathroom-vanity-sets\/","title":{"rendered":"Conjuntos de toucador de casa de banho texturizados por atacado, acess\u00f3rios de banho em cer\u00e2mica a granel"},"content":{"rendered":"<div class=\"wp-block-columns is-layout-flex wp-container-core-columns-is-layout-9d6595d7 wp-block-columns-is-layout-flex\">\n<div class=\"wp-block-column is-layout-flow wp-block-column-is-layout-flow\">\n<h3 class=\"wp-block-heading\">Conjuntos de toucador de casa de banho por atacado Premium Carater\u00edsticas:<\/h3>\n\n\n\n<ul class=\"wp-block-list\">\n<li><strong>Forma \u00fanica:<\/strong> Estes conjuntos de toucador de casa de banho de cer\u00e2mica por atacado n\u00e3o t\u00eam formas tradicionais regulares, mas t\u00eam um toque natural e casual. As formas das garrafas de sab\u00e3o, dos suportes para escovas de dentes e das saboneteiras s\u00e3o todas irregulares, com ligeiros altos e baixos, como se fossem formas de rocha formadas naturalmente, dando \u00e0s pessoas um sentido primitivo de beleza.<\/li>\n\n\n\n<li><strong>Textura de escultura requintada:<\/strong> O padr\u00e3o floral destes acess\u00f3rios de banho em cer\u00e2mica a granel \u00e9 delicadamente esculpido e realista. A integra\u00e7\u00e3o destes elementos naturais faz com que os artigos de casa de banho deixem de ser mon\u00f3tonos e passem a ser decorativos, real\u00e7ando o estilo e o gosto de toda a casa de banho.<\/li>\n\n\n\n<li><strong>Material duradouro: <\/strong>Estes conjuntos de toucador de casa de banho por atacado s\u00e3o feitos de cer\u00e2mica dur\u00e1vel, concebidos para resistir ao uso di\u00e1rio e ao ambiente h\u00famido de uma casa de banho, tornando-os menos propensos a danos e mais duradouros.<\/li>\n\n\n\n<li><strong>Conjunto completo: <\/strong>Estes acess\u00f3rios de banho em cer\u00e2mica a granel incluem artigos de casa de banho comuns, como frascos de sabonete para as m\u00e3os, copos para elixir bucal, suportes para escovas de dentes e saboneteiras, que satisfazem necessidades b\u00e1sicas como lavar e colocar artigos de higiene.<\/li>\n<\/ul>\n<\/div>\n\n\n\n<div class=\"wp-block-column is-layout-flow wp-block-column-is-layout-flow\">\n<figure class=\"wp-block-image size-full\"><img fetchpriority=\"high\" decoding=\"async\" width=\"1600\" height=\"1600\" src=\"https:\/\/jinhuaceramic.com\/wp-content\/uploads\/2025\/01\/White-Wholesale-Bathroom-Sets-Custom-Made-Bathroom-Accessories-3.webp\" alt=\"Conjuntos de toucador de casa de banho por atacado com textura, acess\u00f3rios de banho em cer\u00e2mica a granel-1\" class=\"wp-image-7674\" srcset=\"https:\/\/jinhuaceramic.com\/wp-content\/uploads\/2025\/01\/White-Wholesale-Bathroom-Sets-Custom-Made-Bathroom-Accessories-3.webp 1600w, https:\/\/jinhuaceramic.com\/wp-content\/uploads\/2025\/01\/White-Wholesale-Bathroom-Sets-Custom-Made-Bathroom-Accessories-3-300x300.webp 300w, https:\/\/jinhuaceramic.com\/wp-content\/uploads\/2025\/01\/White-Wholesale-Bathroom-Sets-Custom-Made-Bathroom-Accessories-3-150x150.webp 150w, https:\/\/jinhuaceramic.com\/wp-content\/uploads\/2025\/01\/White-Wholesale-Bathroom-Sets-Custom-Made-Bathroom-Accessories-3-768x768.webp 768w, https:\/\/jinhuaceramic.com\/wp-content\/uploads\/2025\/01\/White-Wholesale-Bathroom-Sets-Custom-Made-Bathroom-Accessories-3-12x12.webp 12w, https:\/\/jinhuaceramic.com\/wp-content\/uploads\/2025\/01\/White-Wholesale-Bathroom-Sets-Custom-Made-Bathroom-Accessories-3-285x285.webp 285w, https:\/\/jinhuaceramic.com\/wp-content\/uploads\/2025\/01\/White-Wholesale-Bathroom-Sets-Custom-Made-Bathroom-Accessories-3-270x270.webp 270w, https:\/\/jinhuaceramic.com\/wp-content\/uploads\/2025\/01\/White-Wholesale-Bathroom-Sets-Custom-Made-Bathroom-Accessories-3-540x540.webp 540w, https:\/\/jinhuaceramic.com\/wp-content\/uploads\/2025\/01\/White-Wholesale-Bathroom-Sets-Custom-Made-Bathroom-Accessories-3-660x660.webp 660w\" sizes=\"(max-width: 1600px) 100vw, 1600px\" \/><\/figure>\n<\/div>\n<\/div>\n\n\n\n<p><\/p>","protected":false},"excerpt":{"rendered":"<p>Bem-vindo \u00e0 compra de conjuntos de toucador de casa de banho por atacado. Estes acess\u00f3rios de banho em cer\u00e2mica branca a granel combinam na perfei\u00e7\u00e3o a praticidade e a arte atrav\u00e9s de designs \u00fanicos em materiais, cores, formas, texturas e detalhes, acrescentando um encanto \u00fanico e uma atmosfera acolhedora \u00e0 casa de banho.<\/p>","protected":false},"featured_media":7678,"comment_status":"closed","ping_status":"closed","template":"","meta":{"_acf_changed":false},"product_brand":[],"product_cat":[51],"product_tag":[74],"class_list":{"0":"post-7672","1":"product","2":"type-product","3":"status-publish","4":"has-post-thumbnail","6":"product_cat-bathroom-accessories-wholesale","7":"product_tag-ceramic-bath-accessories-wholesale","9":"first","10":"instock","11":"shipping-taxable","12":"product-type-simple"},"acf":[],"_links":{"self":[{"href":"https:\/\/jinhuaceramic.com\/pt\/wp-json\/wp\/v2\/product\/7672","targetHints":{"allow":["GET"]}}],"collection":[{"href":"https:\/\/jinhuaceramic.com\/pt\/wp-json\/wp\/v2\/product"}],"about":[{"href":"https:\/\/jinhuaceramic.com\/pt\/wp-json\/wp\/v2\/types\/product"}],"replies":[{"embeddable":true,"href":"https:\/\/jinhuaceramic.com\/pt\/wp-json\/wp\/v2\/comments?post=7672"}],"version-history":[{"count":0,"href":"https:\/\/jinhuaceramic.com\/pt\/wp-json\/wp\/v2\/product\/7672\/revisions"}],"wp:featuredmedia":[{"embeddable":true,"href":"https:\/\/jinhuaceramic.com\/pt\/wp-json\/wp\/v2\/media\/7678"}],"wp:attachment":[{"href":"https:\/\/jinhuaceramic.com\/pt\/wp-json\/wp\/v2\/media?parent=7672"}],"wp:term":[{"taxonomy":"product_brand","embeddable":true,"href":"https:\/\/jinhuaceramic.com\/pt\/wp-json\/wp\/v2\/product_brand?post=7672"},{"taxonomy":"product_cat","embeddable":true,"href":"https:\/\/jinhuaceramic.com\/pt\/wp-json\/wp\/v2\/product_cat?post=7672"},{"taxonomy":"product_tag","embeddable":true,"href":"https:\/\/jinhuaceramic.com\/pt\/wp-json\/wp\/v2\/product_tag?post=7672"}],"curies":[{"name":"wp","href":"https:\/\/api.w.org\/{rel}","templated":true}]}}